{"id":2079,"date":"2026-03-09T14:35:37","date_gmt":"2026-03-09T12:35:37","guid":{"rendered":"https:\/\/grufftechnology.eu\/?page_id=2079"},"modified":"2026-03-12T09:29:29","modified_gmt":"2026-03-12T07:29:29","slug":"vilkaar","status":"publish","type":"page","link":"https:\/\/grufftechnology.eu\/da\/vilkaar\/","title":{"rendered":"Vilk\u00e5r"},"content":{"rendered":"\n<h2 class=\"wp-block-heading\">Salgs- og garantibetingelser<\/h2>\n\n\n\n<p>Onlinebutikken grufftechnology.eu (herefter onlinebutikken) ejes af Gruff Technology O\u00dc (registreringsnummer 16620414), beliggende Telliskivi 60, 10412 Tallinn, Estland.<\/p>\n\n\n\n<h3 class=\"wp-block-heading\">Salgsaftalens gyldighed, produkt- og prisinformation<\/h3>\n\n\n\n<p>Disse salgsbetingelser g\u00e6lder ved k\u00f8b af varer fra onlinebutikken. Priserne p\u00e5 produkter, der s\u00e6lges i onlinebutikken, vises ved hvert produkt. Produktinformation pr\u00e6senteres direkte ved produktet i onlinebutikken.<\/p>\n\n\n\n<h3 class=\"wp-block-heading\">Bestilling<\/h3>\n\n\n\n<p>For at bestille varer, tilf\u00f8j de \u00f8nskede produkter til indk\u00f8bskurven. For at fuldf\u00f8re bestillingen, udfyld de p\u00e5kr\u00e6vede felter og v\u00e6lg en passende leveringsmetode. Det samlede bel\u00f8b vises p\u00e5 sk\u00e6rmen og kan betales via banklink eller anden betalingsl\u00f8sning. Alle betalinger behandles i euro.<\/p>\n\n\n\n<p>Betaling behandles gennem Montonio betalingsl\u00f8sninger.<\/p>\n\n\n\n<p>Aftalen tr\u00e6der i kraft ved modtagelse af det betalbare bel\u00f8b p\u00e5 onlinebutikkens bankkonto.<\/p>\n\n\n\n<p>Hvis bestilte varer ikke kan leveres p\u00e5 grund af udsolgt lager eller andre \u00e5rsager, vil k\u00f8beren blive underrettet hurtigst muligt, og det betalte bel\u00f8b (inkl. leveringsomkostninger) vil blive refunderet uden forsinkelse, dog senest 14 dage fra meddelelsen.<\/p>\n\n\n\n<h3 class=\"wp-block-heading\">Levering<\/h3>\n\n\n\n<p>Varer sendes til f\u00f8lgende lande: Estland og Finland. Indenlandske forsendelser i Estland ankommer typisk til k\u00f8berens angivne destination inden for 2\u20133 hverdage fra datoen, hvor salgsaftalen tr\u00e6der i kraft, via Omniva pakkemaskiner. I undtagelsestilf\u00e6lde kan leveringen tage op til 45 kalenderdage.<\/p>\n\n\n\n<h3 class=\"wp-block-heading\">Fortrydelsesret<\/h3>\n\n\n\n<p>Efter modtagelse af bestillingen har k\u00f8beren ret til at fortryde aftalen indg\u00e5et i onlinebutikken inden for 14 dage. Fortrydelsesretten g\u00e6lder ikke, hvis k\u00f8beren er en juridisk person.<\/p>\n\n\n\n<p>For at ud\u00f8ve 14-dages returret m\u00e5 de bestilte varer ikke v\u00e6re brugt p\u00e5 anden m\u00e5de end n\u00f8dvendigt for at verificere varernes art, egenskaber og funktion, p\u00e5 samme m\u00e5de som ville v\u00e6re tilladt ved afpr\u00f8vning i en fysisk butik.<\/p>\n\n\n\n<p>Hvis varerne er brugt til andre form\u00e5l eller viser tegn p\u00e5 brug eller slid, har onlinebutikken ret til at reducere det refunderbare bel\u00f8b i overensstemmelse med varernes v\u00e6rdiforringelse.<\/p>\n\n\n\n<p>For at returnere varerne, indsend en frit formuleret fortrydelseserkl\u00e6ring og send den til <a href=\"mailto:info@grufftechnology.eu\">info@grufftechnology.eu<\/a> senest 14 dage efter modtagelse af varerne.<\/p>\n\n\n\n<p>Returneringsomkostninger b\u00e6res af k\u00f8beren, medmindre \u00e5rsagen til returneringen er, at varerne ikke svarer til bestillingen (f.eks. forkert eller defekt vare).<\/p>\n\n\n\n<p>K\u00f8beren skal returnere varerne inden for 14 dage efter indsendelse af fortrydelseserkl\u00e6ringen eller freml\u00e6gge bevis for overdragelse af varerne til en transport\u00f8r inden for denne periode.<\/p>\n\n\n\n<p>Ved modtagelse af de returnerede varer vil onlinebutikken refundere k\u00f8beren uden forsinkelse, dog senest 14 dage fra modtagelse af fortrydelseserkl\u00e6ringen. Onlinebutikken kan tilbageholde refusionen, indtil varerne er returneret.<\/p>\n\n\n\n<p>Onlinebutikken har ret til at fortryde salgstransaktionen og kr\u00e6ve varerne tilbage fra k\u00f8beren, hvis prisen i onlinebutikken fejlagtigt var sat v\u00e6sentligt under markedsprisen.<\/p>\n\n\n\n<h3 class=\"wp-block-heading\">Ret til at klage<\/h3>\n\n\n\n<p>Onlinebutikken er ansvarlig for manglende overensstemmelse eller defekter i varer solgt til k\u00f8beren, som eksisterede p\u00e5 leveringstidspunktet og viser sig inden for to \u00e5r fra levering. I de f\u00f8rste 12 m\u00e5neder antages det, at defekten eksisterede p\u00e5 leveringstidspunktet.<\/p>\n\n\n\n<p>K\u00f8beren har ret til at kontakte onlinebutikken inden for to m\u00e5neder efter opdagelsen af defekten ved at sende en e-mail til <a href=\"mailto:info@grufftechnology.eu\">info@grufftechnology.eu<\/a> eller ringe +372 53493962.<\/p>\n\n\n\n<p>Onlinebutikken er ikke ansvarlig for defekter, der opst\u00e5r efter overdragelse til k\u00f8beren. Hvis varer har defekter, som onlinebutikken er ansvarlig for, vil onlinebutikken reparere eller udskifte de defekte varer. Hvis reparation eller udskiftning ikke er mulig, vil onlinebutikken refundere alle bel\u00f8b betalt i henhold til salgsaftalen.<\/p>\n\n\n\n<p>Onlinebutikken vil besvare forbrugerklager skriftligt eller i reproducerbar form inden for 15 dage.<\/p>\n\n\n\n<h3 class=\"wp-block-heading\">Behandling af personoplysninger<\/h3>\n\n\n\n<p>Onlinebutikken bruger personoplysninger indtastet af k\u00f8beren (herunder navn, telefonnummer, adresse, e-mailadresse, bankoplysninger) udelukkende til behandling af bestillinger og levering af varer. Onlinebutikken deler personoplysninger med transportvirksomheder med henblik p\u00e5 levering af varer.<\/p>\n\n\n\n<h3 class=\"wp-block-heading\">Produktgaranti og returneringer<\/h3>\n\n\n\n<p>Gruff smart-stikket har en to\u00e5rig producentgaranti fra k\u00f8bsdatoen. I tilf\u00e6lde af produktionsfejl kan du returnere produktet til butikken, hvor det blev k\u00f8bt. For onlinebutiksk\u00f8b, send produktet direkte til Gruff Technology O\u00dc p\u00e5 Telliskivi 60\/1, Tallinn 10412, eller til den n\u00e6rmeste pakkemaskine. Under garantibetingelserne vil vi udskifte produktet eller kompensere k\u00f8bs- og forsendelsespris. S\u00e6lgeren er ikke ansvarlig for skader for\u00e5rsaget af forkert brug eller elektriske systemfejl og vil ikke udskifte produkter beskadiget p\u00e5 grund af forkert brug.<\/p>\n\n\n\n<h3 class=\"wp-block-heading\">Tvistl\u00f8sning<\/h3>\n\n\n\n<p>Hvis k\u00f8beren har klager vedr\u00f8rende onlinebutikken, b\u00f8r de sendes til <a href=\"mailto:info@grufftechnology.eu\">info@grufftechnology.eu<\/a> eller ved at ringe +372 6099005.<\/p>\n\n\n\n<p>Hvis k\u00f8beren og onlinebutikken ikke kan l\u00f8se en tvist ved aftale, kan k\u00f8beren henvende sig til Forbrugerklagen\u00e6vnet. N\u00e6vnet har kompetence til at l\u00f8se tvister, der opst\u00e5r fra aftaler mellem k\u00f8beren og onlinebutikken. Behandling af k\u00f8berens klage er gratis.<\/p>\n\n\n\n<p>K\u00f8beren kan ogs\u00e5 henvende sig til <a href=\"https:\/\/ec.europa.eu\/consumers\/odr\" target=\"_blank\" rel=\"noopener noreferrer\">EU&#8217;s platform for onlinetvistbil\u00e6ggelse<\/a>.<\/p>\n","protected":false},"excerpt":{"rendered":"<p>Salgs- og garantibetingelser Onlinebutikken grufftechnology.eu (herefter onlinebutikken) ejes af Gruff Technology O\u00dc (registreringsnummer 16620414), beliggende Telliskivi 60, 10412 Tallinn, Estland. Salgsaftalens gyldighed, produkt- og prisinformation Disse salgsbetingelser g\u00e6lder ved k\u00f8b af varer fra onlinebutikken. Priserne p\u00e5 produkter, der s\u00e6lges i onlinebutikken, vises ved hvert produkt. Produktinformation pr\u00e6senteres direkte ved produktet i onlinebutikken. Bestilling For at [&hellip;]<\/p>\n","protected":false},"author":4,"featured_media":0,"parent":0,"menu_order":0,"comment_status":"closed","ping_status":"closed","template":"","meta":{"inline_featured_image":false,"footnotes":""},"class_list":["post-2079","page","type-page","status-publish","hentry"],"yoast_head":"<!-- This site is optimized with the Yoast SEO plugin v27.2 - https:\/\/yoast.com\/product\/yoast-seo-wordpress\/ -->\n<title>Vilk\u00e5r - Gruff Technology<\/title>\n<meta name=\"robots\" content=\"index, follow, max-snippet:-1, max-image-preview:large, max-video-preview:-1\" \/>\n<link rel=\"canonical\" href=\"https:\/\/grufftechnology.eu\/da\/vilkaar\/\" \/>\n<meta property=\"og:locale\" content=\"da_DK\" \/>\n<meta property=\"og:type\" content=\"article\" \/>\n<meta property=\"og:title\" content=\"Vilk\u00e5r - Gruff Technology\" \/>\n<meta property=\"og:description\" content=\"Salgs- og garantibetingelser Onlinebutikken grufftechnology.eu (herefter onlinebutikken) ejes af Gruff Technology O\u00dc (registreringsnummer 16620414), beliggende Telliskivi 60, 10412 Tallinn, Estland. Salgsaftalens gyldighed, produkt- og prisinformation Disse salgsbetingelser g\u00e6lder ved k\u00f8b af varer fra onlinebutikken. Priserne p\u00e5 produkter, der s\u00e6lges i onlinebutikken, vises ved hvert produkt. Produktinformation pr\u00e6senteres direkte ved produktet i onlinebutikken. Bestilling For at [&hellip;]\" \/>\n<meta property=\"og:url\" content=\"https:\/\/grufftechnology.eu\/da\/vilkaar\/\" \/>\n<meta property=\"og:site_name\" content=\"Gruff Technology\" \/>\n<meta property=\"article:publisher\" content=\"https:\/\/www.facebook.com\/Grufftechnology\" \/>\n<meta property=\"article:modified_time\" content=\"2026-03-12T07:29:29+00:00\" \/>\n<meta name=\"twitter:card\" content=\"summary_large_image\" \/>\n<meta name=\"twitter:label1\" content=\"Estimeret l\u00e6setid\" \/>\n\t<meta name=\"twitter:data1\" content=\"4 minutter\" \/>\n<script type=\"application\/ld+json\" class=\"yoast-schema-graph\">{\"@context\":\"https:\/\/schema.org\",\"@graph\":[{\"@type\":\"WebPage\",\"@id\":\"https:\/\/grufftechnology.eu\/da\/vilkaar\/\",\"url\":\"https:\/\/grufftechnology.eu\/da\/vilkaar\/\",\"name\":\"Vilk\u00e5r - Gruff Technology\",\"isPartOf\":{\"@id\":\"https:\/\/grufftechnology.eu\/da\/#website\"},\"datePublished\":\"2026-03-09T12:35:37+00:00\",\"dateModified\":\"2026-03-12T07:29:29+00:00\",\"breadcrumb\":{\"@id\":\"https:\/\/grufftechnology.eu\/da\/vilkaar\/#breadcrumb\"},\"inLanguage\":\"da-DK\",\"potentialAction\":[{\"@type\":\"ReadAction\",\"target\":[\"https:\/\/grufftechnology.eu\/da\/vilkaar\/\"]}]},{\"@type\":\"BreadcrumbList\",\"@id\":\"https:\/\/grufftechnology.eu\/da\/vilkaar\/#breadcrumb\",\"itemListElement\":[{\"@type\":\"ListItem\",\"position\":1,\"name\":\"Home\",\"item\":\"https:\/\/grufftechnology.eu\/da\/gruff-technology\/\"},{\"@type\":\"ListItem\",\"position\":2,\"name\":\"Vilk\u00e5r\"}]},{\"@type\":\"WebSite\",\"@id\":\"https:\/\/grufftechnology.eu\/da\/#website\",\"url\":\"https:\/\/grufftechnology.eu\/da\/\",\"name\":\"Gruff Technology\",\"description\":\"Save your money with saver socket\",\"publisher\":{\"@id\":\"https:\/\/grufftechnology.eu\/da\/#organization\"},\"alternateName\":\"Gruff\",\"potentialAction\":[{\"@type\":\"SearchAction\",\"target\":{\"@type\":\"EntryPoint\",\"urlTemplate\":\"https:\/\/grufftechnology.eu\/da\/?s={search_term_string}\"},\"query-input\":{\"@type\":\"PropertyValueSpecification\",\"valueRequired\":true,\"valueName\":\"search_term_string\"}}],\"inLanguage\":\"da-DK\"},{\"@type\":\"Organization\",\"@id\":\"https:\/\/grufftechnology.eu\/da\/#organization\",\"name\":\"Gruff Technology\",\"url\":\"https:\/\/grufftechnology.eu\/da\/\",\"logo\":{\"@type\":\"ImageObject\",\"inLanguage\":\"da-DK\",\"@id\":\"https:\/\/grufftechnology.eu\/da\/#\/schema\/logo\/image\/\",\"url\":\"https:\/\/grufftechnology.eu\/wp-content\/uploads\/2023\/03\/GRUFF-T.svg\",\"contentUrl\":\"https:\/\/grufftechnology.eu\/wp-content\/uploads\/2023\/03\/GRUFF-T.svg\",\"caption\":\"Gruff Technology\"},\"image\":{\"@id\":\"https:\/\/grufftechnology.eu\/da\/#\/schema\/logo\/image\/\"},\"sameAs\":[\"https:\/\/www.facebook.com\/Grufftechnology\"]}]}<\/script>\n<!-- \/ Yoast SEO plugin. -->","yoast_head_json":{"title":"Vilk\u00e5r - Gruff Technology","robots":{"index":"index","follow":"follow","max-snippet":"max-snippet:-1","max-image-preview":"max-image-preview:large","max-video-preview":"max-video-preview:-1"},"canonical":"https:\/\/grufftechnology.eu\/da\/vilkaar\/","og_locale":"da_DK","og_type":"article","og_title":"Vilk\u00e5r - Gruff Technology","og_description":"Salgs- og garantibetingelser Onlinebutikken grufftechnology.eu (herefter onlinebutikken) ejes af Gruff Technology O\u00dc (registreringsnummer 16620414), beliggende Telliskivi 60, 10412 Tallinn, Estland. Salgsaftalens gyldighed, produkt- og prisinformation Disse salgsbetingelser g\u00e6lder ved k\u00f8b af varer fra onlinebutikken. Priserne p\u00e5 produkter, der s\u00e6lges i onlinebutikken, vises ved hvert produkt. Produktinformation pr\u00e6senteres direkte ved produktet i onlinebutikken. Bestilling For at [&hellip;]","og_url":"https:\/\/grufftechnology.eu\/da\/vilkaar\/","og_site_name":"Gruff Technology","article_publisher":"https:\/\/www.facebook.com\/Grufftechnology","article_modified_time":"2026-03-12T07:29:29+00:00","twitter_card":"summary_large_image","twitter_misc":{"Estimeret l\u00e6setid":"4 minutter"},"schema":{"@context":"https:\/\/schema.org","@graph":[{"@type":"WebPage","@id":"https:\/\/grufftechnology.eu\/da\/vilkaar\/","url":"https:\/\/grufftechnology.eu\/da\/vilkaar\/","name":"Vilk\u00e5r - Gruff Technology","isPartOf":{"@id":"https:\/\/grufftechnology.eu\/da\/#website"},"datePublished":"2026-03-09T12:35:37+00:00","dateModified":"2026-03-12T07:29:29+00:00","breadcrumb":{"@id":"https:\/\/grufftechnology.eu\/da\/vilkaar\/#breadcrumb"},"inLanguage":"da-DK","potentialAction":[{"@type":"ReadAction","target":["https:\/\/grufftechnology.eu\/da\/vilkaar\/"]}]},{"@type":"BreadcrumbList","@id":"https:\/\/grufftechnology.eu\/da\/vilkaar\/#breadcrumb","itemListElement":[{"@type":"ListItem","position":1,"name":"Home","item":"https:\/\/grufftechnology.eu\/da\/gruff-technology\/"},{"@type":"ListItem","position":2,"name":"Vilk\u00e5r"}]},{"@type":"WebSite","@id":"https:\/\/grufftechnology.eu\/da\/#website","url":"https:\/\/grufftechnology.eu\/da\/","name":"Gruff Technology","description":"Save your money with saver socket","publisher":{"@id":"https:\/\/grufftechnology.eu\/da\/#organization"},"alternateName":"Gruff","potentialAction":[{"@type":"SearchAction","target":{"@type":"EntryPoint","urlTemplate":"https:\/\/grufftechnology.eu\/da\/?s={search_term_string}"},"query-input":{"@type":"PropertyValueSpecification","valueRequired":true,"valueName":"search_term_string"}}],"inLanguage":"da-DK"},{"@type":"Organization","@id":"https:\/\/grufftechnology.eu\/da\/#organization","name":"Gruff Technology","url":"https:\/\/grufftechnology.eu\/da\/","logo":{"@type":"ImageObject","inLanguage":"da-DK","@id":"https:\/\/grufftechnology.eu\/da\/#\/schema\/logo\/image\/","url":"https:\/\/grufftechnology.eu\/wp-content\/uploads\/2023\/03\/GRUFF-T.svg","contentUrl":"https:\/\/grufftechnology.eu\/wp-content\/uploads\/2023\/03\/GRUFF-T.svg","caption":"Gruff Technology"},"image":{"@id":"https:\/\/grufftechnology.eu\/da\/#\/schema\/logo\/image\/"},"sameAs":["https:\/\/www.facebook.com\/Grufftechnology"]}]}},"_links":{"self":[{"href":"https:\/\/grufftechnology.eu\/da\/wp-json\/wp\/v2\/pages\/2079","targetHints":{"allow":["GET"]}}],"collection":[{"href":"https:\/\/grufftechnology.eu\/da\/wp-json\/wp\/v2\/pages"}],"about":[{"href":"https:\/\/grufftechnology.eu\/da\/wp-json\/wp\/v2\/types\/page"}],"author":[{"embeddable":true,"href":"https:\/\/grufftechnology.eu\/da\/wp-json\/wp\/v2\/users\/4"}],"replies":[{"embeddable":true,"href":"https:\/\/grufftechnology.eu\/da\/wp-json\/wp\/v2\/comments?post=2079"}],"version-history":[{"count":2,"href":"https:\/\/grufftechnology.eu\/da\/wp-json\/wp\/v2\/pages\/2079\/revisions"}],"predecessor-version":[{"id":2115,"href":"https:\/\/grufftechnology.eu\/da\/wp-json\/wp\/v2\/pages\/2079\/revisions\/2115"}],"wp:attachment":[{"href":"https:\/\/grufftechnology.eu\/da\/wp-json\/wp\/v2\/media?parent=2079"}],"curies":[{"name":"wp","href":"https:\/\/api.w.org\/{rel}","templated":true}]}}