{"id":2099,"date":"2023-04-03T12:21:06","date_gmt":"2023-04-03T10:21:06","guid":{"rendered":"https:\/\/www.grufftechnology.eu\/?page_id=2099"},"modified":"2026-03-12T09:35:44","modified_gmt":"2026-03-12T07:35:44","slug":"privatlivspolitik","status":"publish","type":"page","link":"https:\/\/grufftechnology.eu\/da\/privatlivspolitik\/","title":{"rendered":"Privatlivspolitik"},"content":{"rendered":"\n<h3 class=\"wp-block-heading\">1. Generelle bestemmelser<\/h3>\n\n\n\n<p>1.1. Denne privatlivspolitik regulerer principperne for indsamling, behandling og opbevaring af personoplysninger. Personoplysninger indsamles, behandles og opbevares af Gruff Technology O\u00dc (registreringskode 16620414), beliggende p\u00e5 Telliskivi 60, 10412 Tallinn, Estland (herefter Dataansvarlig).<\/p>\n\n\n\n<p>1.2. I denne privatlivspolitik er en registreret en kunde eller en anden fysisk person, hvis personoplysninger behandles af den Dataansvarlige.<\/p>\n\n\n\n<p>1.3. I denne privatlivspolitik er en kunde enhver, der k\u00f8ber varer eller tjenester fra den Dataansvarliges hjemmeside eller bruger softwareapplikationen.<\/p>\n\n\n\n<p>1.4. Den Dataansvarlige f\u00f8lger de principper for databehandling, der er fastsat i lovgivningen; blandt andet behandler den Dataansvarlige personoplysninger lovligt, rimeligt og sikkert. Den Dataansvarlige kan bekr\u00e6fte, at personoplysninger er behandlet i overensstemmelse med lovgivningen.<\/p>\n\n\n\n<h3 class=\"wp-block-heading\">2. Indsamling, behandling og opbevaring af personoplysninger<\/h3>\n\n\n\n<p>2.1. De personoplysninger, som den Dataansvarlige indsamler, behandler og opbevarer, indsamles elektronisk, prim\u00e6rt via hjemmesiden, softwareapplikationen og e-mail.<\/p>\n\n\n\n<p>2.2. Ved at dele sine personoplysninger giver den registrerede den Dataansvarlige ret til at indsamle, organisere, bruge og administrere personoplysninger til de form\u00e5l, der er defineret i denne privatlivspolitik, som den registrerede deler direkte eller indirekte ved k\u00f8b af varer eller tjenester p\u00e5 hjemmesiden eller ved brug af softwareapplikationen.<\/p>\n\n\n\n<p>2.3. Den registrerede er ansvarlig for at sikre, at de afgivne oplysninger er n\u00f8jagtige, korrekte og fuldst\u00e6ndige. Bevidst afgivelse af falske oplysninger betragtes som en overtr\u00e6delse af privatlivspolitikken. Den registrerede er forpligtet til straks at informere den Dataansvarlige om eventuelle \u00e6ndringer i de afgivne oplysninger.<\/p>\n\n\n\n<p>2.4. Den Dataansvarlige er ikke ansvarlig for skader, der er p\u00e5f\u00f8rt den registrerede eller tredjeparter som f\u00f8lge af afgivelse af falske oplysninger.<\/p>\n\n\n\n<h3 class=\"wp-block-heading\">3. Behandling af kunders personoplysninger<\/h3>\n\n\n\n<p>3.1. Den Dataansvarlige kan behandle f\u00f8lgende personoplysninger om den registrerede: fornavn og efternavn, f\u00f8dselsdato, personnummer, telefonnummer, e-mailadresse, leveringsadresse, bankkontooplysninger, betalingskortoplysninger samt brugsdata fra softwareapplikationen.<\/p>\n\n\n\n<p>3.2. Derudover har den Dataansvarlige ret til at indsamle oplysninger om kunden, der er tilg\u00e6ngelige i offentlige registre.<\/p>\n\n\n\n<p>3.3. Retsgrundlaget for behandling af personoplysninger er artikel 6, stk. 1, litra a), b), c) og f) i den generelle forordning om databeskyttelse (GDPR):<\/p>\n\n\n\n<ul class=\"wp-block-list\">\n<li>den registrerede har givet samtykke til behandling af sine personoplysninger til et eller flere specifikke form\u00e5l;<\/li>\n\n\n<li>behandlingen er n\u00f8dvendig for opfyldelsen af en aftale eller for at tr\u00e6ffe foranstaltninger forud for indg\u00e5elsen af en aftale;<\/li>\n\n\n<li>behandlingen er n\u00f8dvendig for at opfylde den Dataansvarliges retlige forpligtelser;<\/li>\n\n\n<li>behandlingen er n\u00f8dvendig for at varetage den Dataansvarliges eller en tredjeparts legitime interesser, medmindre disse interesser tilsides\u00e6ttes af den registreredes grundl\u00e6ggende rettigheder og frihedsrettigheder.<\/li>\n<\/ul>\n\n\n\n<p>3.4. Form\u00e5l med behandling af personoplysninger og opbevaringsperioder:<\/p>\n\n\n\n<ul class=\"wp-block-list\">\n<li><strong>Sikkerhed og tryghed<\/strong> \u2014 i henhold til de ved lov fastsatte frister<\/li>\n\n\n<li><strong>Ordrebehandling<\/strong> \u2014 360 dage<\/li>\n\n\n<li><strong>Sikring af onlinebutikkens tjenester<\/strong> \u2014 360 dage<\/li>\n\n\n<li><strong>Kundeadministration<\/strong> \u2014 360 dage<\/li>\n\n\n<li><strong>Finansielle aktiviteter, regnskab<\/strong> \u2014 i henhold til de ved lov fastsatte frister<\/li>\n\n\n<li><strong>Markedsf\u00f8ring<\/strong> \u2014 360 dage<\/li>\n<\/ul>\n\n\n\n<p>3.5. Den Dataansvarlige har ret til at dele personoplysninger med tredjeparter, s\u00e5som autoriserede databehandlere, revisorer, transport- og kurerfirmaer samt betalingstjenesteudbydere, hvis det er n\u00f8dvendigt. Ved almindelig brug af Gruff smart socket og Gruff-appen behandles der ingen personoplysninger.<\/p>\n\n\n\n<p>3.6. Ved behandling og opbevaring af personoplysninger iv\u00e6rks\u00e6tter den Dataansvarlige organisatoriske og tekniske foranstaltninger for at sikre beskyttelse mod utilsigtet eller ulovlig destruktion, \u00e6ndring, videregivelse og enhver anden ulovlig behandling.<\/p>\n\n\n\n<p>3.7. Den Dataansvarlige opbevarer data afh\u00e6ngigt af behandlingsform\u00e5let, men ikke l\u00e6ngere end 7 \u00e5r.<\/p>\n\n\n\n<h3 class=\"wp-block-heading\">4. Den registreredes rettigheder<\/h3>\n\n\n\n<p>4.1. Den registrerede har ret til at f\u00e5 adgang til og gennemsyn af sine personoplysninger.<\/p>\n\n\n\n<p>4.2. Den registrerede har ret til at modtage oplysninger om behandlingen af sine personoplysninger.<\/p>\n\n\n\n<p>4.3. Den registrerede har ret til at supplere eller korrigere un\u00f8jagtige oplysninger.<\/p>\n\n\n\n<p>4.4. Hvis den Dataansvarlige behandler personoplysninger p\u00e5 grundlag af den registreredes samtykke, har den registrerede til enhver tid ret til at tr\u00e6kke sit samtykke tilbage.<\/p>\n\n\n\n<p>4.5. Den registrerede kan kontakte onlinebutikkens kundesupport p\u00e5 <a href=\"mailto:info@grufftechnology.eu\">info@grufftechnology.eu<\/a> for at ud\u00f8ve sine rettigheder.<\/p>\n\n\n\n<p>4.6. For at beskytte sine rettigheder kan den registrerede indgive en klage til <a href=\"https:\/\/www.datatilsynet.dk\" target=\"_blank\" rel=\"noopener noreferrer\">Datatilsynet<\/a>.<\/p>\n\n\n\n<h3 class=\"wp-block-heading\">5. Afsluttende bestemmelser<\/h3>\n\n\n\n<p>5.1. Denne privatlivspolitik er udarbejdet i overensstemmelse med forordning (EU) 2016\/679 (GDPR), den estiske persondatalov samt anden g\u00e6ldende lovgivning i Republikken Estland og Den Europ\u00e6iske Union.<\/p>\n\n\n\n<p>5.2. Den Dataansvarlige har ret til delvist eller fuldst\u00e6ndigt at \u00e6ndre databeskyttelsesvilk\u00e5rene ved at underrette de registrerede om \u00e6ndringerne via hjemmesiden <a href=\"https:\/\/grufftechnology.eu\">grufftechnology.eu<\/a>.<\/p>\n","protected":false},"excerpt":{"rendered":"<p>1. Generelle bestemmelser 1.1. Denne privatlivspolitik regulerer principperne for indsamling, behandling og opbevaring af personoplysninger. Personoplysninger indsamles, behandles og opbevares af Gruff Technology O\u00dc (registreringskode 16620414), beliggende p\u00e5 Telliskivi 60, 10412 Tallinn, Estland (herefter Dataansvarlig). 1.2. I denne privatlivspolitik er en registreret en kunde eller en anden fysisk person, hvis personoplysninger behandles af den Dataansvarlige. [&hellip;]<\/p>\n","protected":false},"author":4,"featured_media":0,"parent":0,"menu_order":0,"comment_status":"closed","ping_status":"closed","template":"","meta":{"inline_featured_image":false,"footnotes":""},"class_list":["post-2099","page","type-page","status-publish","hentry"],"yoast_head":"<!-- This site is optimized with the Yoast SEO plugin v27.2 - https:\/\/yoast.com\/product\/yoast-seo-wordpress\/ -->\n<title>Privatlivspolitik - Gruff Technology<\/title>\n<meta name=\"robots\" content=\"index, follow, max-snippet:-1, max-image-preview:large, max-video-preview:-1\" \/>\n<link rel=\"canonical\" href=\"https:\/\/grufftechnology.eu\/da\/privatlivspolitik\/\" \/>\n<meta property=\"og:locale\" content=\"da_DK\" \/>\n<meta property=\"og:type\" content=\"article\" \/>\n<meta property=\"og:title\" content=\"Privatlivspolitik - Gruff Technology\" \/>\n<meta property=\"og:description\" content=\"1. Generelle bestemmelser 1.1. Denne privatlivspolitik regulerer principperne for indsamling, behandling og opbevaring af personoplysninger. Personoplysninger indsamles, behandles og opbevares af Gruff Technology O\u00dc (registreringskode 16620414), beliggende p\u00e5 Telliskivi 60, 10412 Tallinn, Estland (herefter Dataansvarlig). 1.2. I denne privatlivspolitik er en registreret en kunde eller en anden fysisk person, hvis personoplysninger behandles af den Dataansvarlige. [&hellip;]\" \/>\n<meta property=\"og:url\" content=\"https:\/\/grufftechnology.eu\/da\/privatlivspolitik\/\" \/>\n<meta property=\"og:site_name\" content=\"Gruff Technology\" \/>\n<meta property=\"article:publisher\" content=\"https:\/\/www.facebook.com\/Grufftechnology\" \/>\n<meta property=\"article:modified_time\" content=\"2026-03-12T07:35:44+00:00\" \/>\n<meta name=\"twitter:card\" content=\"summary_large_image\" \/>\n<meta name=\"twitter:label1\" content=\"Estimeret l\u00e6setid\" \/>\n\t<meta name=\"twitter:data1\" content=\"3 minutter\" \/>\n<script type=\"application\/ld+json\" class=\"yoast-schema-graph\">{\"@context\":\"https:\/\/schema.org\",\"@graph\":[{\"@type\":\"WebPage\",\"@id\":\"https:\/\/grufftechnology.eu\/da\/privatlivspolitik\/\",\"url\":\"https:\/\/grufftechnology.eu\/da\/privatlivspolitik\/\",\"name\":\"Privatlivspolitik - Gruff Technology\",\"isPartOf\":{\"@id\":\"https:\/\/grufftechnology.eu\/da\/#website\"},\"datePublished\":\"2023-04-03T10:21:06+00:00\",\"dateModified\":\"2026-03-12T07:35:44+00:00\",\"breadcrumb\":{\"@id\":\"https:\/\/grufftechnology.eu\/da\/privatlivspolitik\/#breadcrumb\"},\"inLanguage\":\"da-DK\",\"potentialAction\":[{\"@type\":\"ReadAction\",\"target\":[\"https:\/\/grufftechnology.eu\/da\/privatlivspolitik\/\"]}]},{\"@type\":\"BreadcrumbList\",\"@id\":\"https:\/\/grufftechnology.eu\/da\/privatlivspolitik\/#breadcrumb\",\"itemListElement\":[{\"@type\":\"ListItem\",\"position\":1,\"name\":\"Home\",\"item\":\"https:\/\/grufftechnology.eu\/da\/gruff-technology\/\"},{\"@type\":\"ListItem\",\"position\":2,\"name\":\"Privatlivspolitik\"}]},{\"@type\":\"WebSite\",\"@id\":\"https:\/\/grufftechnology.eu\/da\/#website\",\"url\":\"https:\/\/grufftechnology.eu\/da\/\",\"name\":\"Gruff Technology\",\"description\":\"Save your money with saver socket\",\"publisher\":{\"@id\":\"https:\/\/grufftechnology.eu\/da\/#organization\"},\"alternateName\":\"Gruff\",\"potentialAction\":[{\"@type\":\"SearchAction\",\"target\":{\"@type\":\"EntryPoint\",\"urlTemplate\":\"https:\/\/grufftechnology.eu\/da\/?s={search_term_string}\"},\"query-input\":{\"@type\":\"PropertyValueSpecification\",\"valueRequired\":true,\"valueName\":\"search_term_string\"}}],\"inLanguage\":\"da-DK\"},{\"@type\":\"Organization\",\"@id\":\"https:\/\/grufftechnology.eu\/da\/#organization\",\"name\":\"Gruff Technology\",\"url\":\"https:\/\/grufftechnology.eu\/da\/\",\"logo\":{\"@type\":\"ImageObject\",\"inLanguage\":\"da-DK\",\"@id\":\"https:\/\/grufftechnology.eu\/da\/#\/schema\/logo\/image\/\",\"url\":\"https:\/\/grufftechnology.eu\/wp-content\/uploads\/2023\/03\/GRUFF-T.svg\",\"contentUrl\":\"https:\/\/grufftechnology.eu\/wp-content\/uploads\/2023\/03\/GRUFF-T.svg\",\"caption\":\"Gruff Technology\"},\"image\":{\"@id\":\"https:\/\/grufftechnology.eu\/da\/#\/schema\/logo\/image\/\"},\"sameAs\":[\"https:\/\/www.facebook.com\/Grufftechnology\"]}]}<\/script>\n<!-- \/ Yoast SEO plugin. -->","yoast_head_json":{"title":"Privatlivspolitik - Gruff Technology","robots":{"index":"index","follow":"follow","max-snippet":"max-snippet:-1","max-image-preview":"max-image-preview:large","max-video-preview":"max-video-preview:-1"},"canonical":"https:\/\/grufftechnology.eu\/da\/privatlivspolitik\/","og_locale":"da_DK","og_type":"article","og_title":"Privatlivspolitik - Gruff Technology","og_description":"1. Generelle bestemmelser 1.1. Denne privatlivspolitik regulerer principperne for indsamling, behandling og opbevaring af personoplysninger. Personoplysninger indsamles, behandles og opbevares af Gruff Technology O\u00dc (registreringskode 16620414), beliggende p\u00e5 Telliskivi 60, 10412 Tallinn, Estland (herefter Dataansvarlig). 1.2. I denne privatlivspolitik er en registreret en kunde eller en anden fysisk person, hvis personoplysninger behandles af den Dataansvarlige. [&hellip;]","og_url":"https:\/\/grufftechnology.eu\/da\/privatlivspolitik\/","og_site_name":"Gruff Technology","article_publisher":"https:\/\/www.facebook.com\/Grufftechnology","article_modified_time":"2026-03-12T07:35:44+00:00","twitter_card":"summary_large_image","twitter_misc":{"Estimeret l\u00e6setid":"3 minutter"},"schema":{"@context":"https:\/\/schema.org","@graph":[{"@type":"WebPage","@id":"https:\/\/grufftechnology.eu\/da\/privatlivspolitik\/","url":"https:\/\/grufftechnology.eu\/da\/privatlivspolitik\/","name":"Privatlivspolitik - Gruff Technology","isPartOf":{"@id":"https:\/\/grufftechnology.eu\/da\/#website"},"datePublished":"2023-04-03T10:21:06+00:00","dateModified":"2026-03-12T07:35:44+00:00","breadcrumb":{"@id":"https:\/\/grufftechnology.eu\/da\/privatlivspolitik\/#breadcrumb"},"inLanguage":"da-DK","potentialAction":[{"@type":"ReadAction","target":["https:\/\/grufftechnology.eu\/da\/privatlivspolitik\/"]}]},{"@type":"BreadcrumbList","@id":"https:\/\/grufftechnology.eu\/da\/privatlivspolitik\/#breadcrumb","itemListElement":[{"@type":"ListItem","position":1,"name":"Home","item":"https:\/\/grufftechnology.eu\/da\/gruff-technology\/"},{"@type":"ListItem","position":2,"name":"Privatlivspolitik"}]},{"@type":"WebSite","@id":"https:\/\/grufftechnology.eu\/da\/#website","url":"https:\/\/grufftechnology.eu\/da\/","name":"Gruff Technology","description":"Save your money with saver socket","publisher":{"@id":"https:\/\/grufftechnology.eu\/da\/#organization"},"alternateName":"Gruff","potentialAction":[{"@type":"SearchAction","target":{"@type":"EntryPoint","urlTemplate":"https:\/\/grufftechnology.eu\/da\/?s={search_term_string}"},"query-input":{"@type":"PropertyValueSpecification","valueRequired":true,"valueName":"search_term_string"}}],"inLanguage":"da-DK"},{"@type":"Organization","@id":"https:\/\/grufftechnology.eu\/da\/#organization","name":"Gruff Technology","url":"https:\/\/grufftechnology.eu\/da\/","logo":{"@type":"ImageObject","inLanguage":"da-DK","@id":"https:\/\/grufftechnology.eu\/da\/#\/schema\/logo\/image\/","url":"https:\/\/grufftechnology.eu\/wp-content\/uploads\/2023\/03\/GRUFF-T.svg","contentUrl":"https:\/\/grufftechnology.eu\/wp-content\/uploads\/2023\/03\/GRUFF-T.svg","caption":"Gruff Technology"},"image":{"@id":"https:\/\/grufftechnology.eu\/da\/#\/schema\/logo\/image\/"},"sameAs":["https:\/\/www.facebook.com\/Grufftechnology"]}]}},"_links":{"self":[{"href":"https:\/\/grufftechnology.eu\/da\/wp-json\/wp\/v2\/pages\/2099","targetHints":{"allow":["GET"]}}],"collection":[{"href":"https:\/\/grufftechnology.eu\/da\/wp-json\/wp\/v2\/pages"}],"about":[{"href":"https:\/\/grufftechnology.eu\/da\/wp-json\/wp\/v2\/types\/page"}],"author":[{"embeddable":true,"href":"https:\/\/grufftechnology.eu\/da\/wp-json\/wp\/v2\/users\/4"}],"replies":[{"embeddable":true,"href":"https:\/\/grufftechnology.eu\/da\/wp-json\/wp\/v2\/comments?post=2099"}],"version-history":[{"count":2,"href":"https:\/\/grufftechnology.eu\/da\/wp-json\/wp\/v2\/pages\/2099\/revisions"}],"predecessor-version":[{"id":2126,"href":"https:\/\/grufftechnology.eu\/da\/wp-json\/wp\/v2\/pages\/2099\/revisions\/2126"}],"wp:attachment":[{"href":"https:\/\/grufftechnology.eu\/da\/wp-json\/wp\/v2\/media?parent=2099"}],"curies":[{"name":"wp","href":"https:\/\/api.w.org\/{rel}","templated":true}]}}