{"id":1363,"date":"2026-03-09T12:23:56","date_gmt":"2026-03-09T10:23:56","guid":{"rendered":"https:\/\/grufftechnology.eu\/product\/64a-din-skinnerelae\/"},"modified":"2026-03-17T20:10:52","modified_gmt":"2026-03-17T18:10:52","slug":"64a-din-skinnerelae","status":"publish","type":"product","link":"https:\/\/grufftechnology.eu\/da\/product\/64a-din-skinnerelae\/","title":{"rendered":"64A DIN-skinnerel\u00e6"},"content":{"rendered":"<div class=\"wp-block-group gruff-section\">\n<h2 class=\"wp-block-heading has-4-xl-font-size\">Hvorfor v\u00e6lge Gruff DIN-skinnerel\u00e6?<\/h2>\n<div class=\"wp-block-columns\">\n<div class=\"wp-block-column\">\n<div class=\"wp-block-group gruff-why-item\">\n<p class=\"gruff-icon-text\">savings<\/p>\n<p class=\"has-text-dark-color has-text-color\">Klar \u00f8konomisk fordel, op til 1 500 kr om \u00e5ret i besparelser<\/p>\n<\/div>\n<div class=\"wp-block-group gruff-why-item\">\n<p class=\"gruff-icon-text\">wifi<\/p>\n<p class=\"has-text-dark-color has-text-color\">Fjernbetjening af enheder til\/fra<\/p>\n<\/div>\n<\/div>\n<div class=\"wp-block-column\">\n<div class=\"wp-block-group gruff-why-item\">\n<p class=\"gruff-icon-text\">smart_toy<\/p>\n<p class=\"has-text-dark-color has-text-color\">Smart optimering af energiforbrug<\/p>\n<\/div>\n<div class=\"wp-block-group gruff-why-item\">\n<p class=\"gruff-icon-text\">eco<\/p>\n<p class=\"has-text-dark-color has-text-color\">\u00d8g andelen af gr\u00f8n energi<\/p>\n<\/div>\n<\/div>\n<div class=\"wp-block-column\">\n<div class=\"wp-block-group gruff-why-item\">\n<p class=\"gruff-icon-text\">phone_iphone<\/p>\n<p class=\"has-text-dark-color has-text-color\">Enkel og bekvem brug via mobilapp<\/p>\n<\/div>\n<div class=\"wp-block-group gruff-why-item\">\n<p class=\"gruff-icon-text\">security<\/p>\n<p class=\"has-text-dark-color has-text-color\">Sikker software, data deles ikke<\/p>\n<\/div>\n<\/div>\n<\/div>\n<\/div>\n<div class=\"wp-block-group gruff-section gruff-section--surface has-surface-background-color has-background\">\n<h2 class=\"wp-block-heading has-4-xl-font-size\">Tekniske specifikationer<\/h2>\n<div class=\"wp-block-columns\">\n<div class=\"wp-block-column\">\n<div class=\"wp-block-group gruff-card\">\n<p class=\"gruff-icon-text\">wifi<\/p>\n<h3 class=\"wp-block-heading has-xl-font-size\">Wi-Fi-kompatibilitet<\/h3>\n<p class=\"has-muted-color has-text-color has-small-font-size\">Rel\u00e6et fungerer p\u00e5 et lokalt 2,4 GHz Wi-Fi-netv\u00e6rk.<\/p>\n<\/div>\n<\/div>\n<div class=\"wp-block-column\">\n<div class=\"wp-block-group gruff-card\">\n<p class=\"gruff-icon-text\">bolt<\/p>\n<h3 class=\"wp-block-heading has-xl-font-size\">Str\u00f8mstyring<\/h3>\n<p class=\"has-muted-color has-text-color has-small-font-size\">Underst\u00f8tter op til 64A str\u00f8m. Designet til h\u00f8jeffektenheder som gulvvarme, vandvarmere og elbil-ladere.<\/p>\n<\/div>\n<\/div>\n<div class=\"wp-block-column\">\n<div class=\"wp-block-group gruff-card\">\n<p class=\"gruff-icon-text\">electrical_services<\/p>\n<h3 class=\"wp-block-heading has-xl-font-size\">Brug<\/h3>\n<p class=\"has-muted-color has-text-color has-small-font-size\">Designet til brug i standard elektriske netv\u00e6rk.<\/p>\n<\/div>\n<\/div>\n<div class=\"wp-block-column\">\n<div class=\"wp-block-group gruff-card\">\n<p class=\"gruff-icon-text\">support_agent<\/p>\n<h3 class=\"wp-block-heading has-xl-font-size\">Software og support<\/h3>\n<p class=\"has-muted-color has-text-color has-small-font-size\">Minimale opdateringer der sikrer problemfri oplevelse. Gruff Technology tilbyder omfattende gratis kundesupport.<\/p>\n<\/div>\n<\/div>\n<\/div>\n<\/div>\n<div class=\"wp-block-group gruff-section\">\n<h2 class=\"wp-block-heading has-4-xl-font-size\">Anvendelsesomr\u00e5der<\/h2>\n<div class=\"wp-block-columns\">\n<div class=\"wp-block-column\">\n<div class=\"wp-block-group gruff-card\">\n<p class=\"gruff-icon-circle-block\">water_drop<\/p>\n<h3 class=\"wp-block-heading has-xl-font-size\">Gulvvarme<\/h3>\n<p class=\"has-small-font-size has-muted-color has-text-color\">Styr gulvvarmen automatisk i de billigste timer<\/p>\n<\/div>\n<\/div>\n<div class=\"wp-block-column\">\n<div class=\"wp-block-group gruff-card\">\n<p class=\"gruff-icon-circle-block\">thermostat<\/p>\n<h3 class=\"wp-block-heading has-xl-font-size\">Varmesystemer<\/h3>\n<p class=\"has-small-font-size has-muted-color has-text-color\">Optimer varmesystemets energiforbrug<\/p>\n<\/div>\n<\/div>\n<div class=\"wp-block-column\">\n<div class=\"wp-block-group gruff-card\">\n<p class=\"gruff-icon-circle-block\">electric_car<\/p>\n<h3 class=\"wp-block-heading has-xl-font-size\">Elbil-opladning<\/h3>\n<p class=\"has-small-font-size has-muted-color has-text-color\">Oplad din elbil i de billigste timer<\/p>\n<\/div>\n<\/div>\n<div class=\"wp-block-column\">\n<div class=\"wp-block-group gruff-card\">\n<p class=\"gruff-icon-circle-block\">hot_tub<\/p>\n<h3 class=\"wp-block-heading has-xl-font-size\">Vandvarmer<\/h3>\n<p class=\"has-small-font-size has-muted-color has-text-color\">Opvarm vand automatisk i de billigste timer<\/p>\n<\/div>\n<\/div>\n<\/div>\n<\/div>\n<div class=\"wp-block-group gruff-section gruff-section--surface has-surface-background-color has-background\">\n<h2 class=\"wp-block-heading has-text-align-center has-4-xl-font-size\">Gruff-appen<\/h2>\n<p class=\"has-text-align-center has-muted-color has-text-color\">Gruff-appen er tilg\u00e6ngelig til b\u00e5de Android og iOS. Med appen kan du:<\/p>\n<ul class=\"gruff-checklist is-style-gruff-checklist has-text-dark-color has-text-color wp-block-list\">\n<li>Overv\u00e5ge Nord Pool-priser i realtid<\/li>\n<li>S\u00e6tte prisgr\u00e6nser og driftstimer<\/li>\n<li>Se historik over energiforbrug<\/li>\n<li>T\u00e6nde\/slukke enheder p\u00e5 afstand<\/li>\n<li>F\u00e5 notifikationer om pris\u00e6ndringer<\/li>\n<\/ul>\n<\/div>\n","protected":false},"excerpt":{"rendered":"<p>Gruff DIN-skinnerel\u00e6 er en enhed, der k\u00f8rer p\u00e5 Wi\u2011Fi-netv\u00e6rket, og som g\u00f8r det muligt at styre elforbruget. Stikket henter Nord Pool-priser fra serveren \u00e9n gang om dagen, og du kan angive en makspris, hvor fx gulvvarmen k\u00f8rer.<\/p>\n<ul>\n<li>k\u00f8b Gruff-rel\u00e6et<\/li>\n<li>indstil den h\u00f8jeste pris og de n\u00f8dvendige driftstimer<\/li>\n<li>nyd lavere elregninger<\/li>\n<\/ul>\n<p>Brug det fx til at styre gulvvarme eller andet varmeudstyr eller til opladning af bil. Prisforskellen i forhold til dagens spidspriser er cirka tre gange \u2013 du beh\u00f8ver ikke at reducere forbruget!<\/p>\n<p>NB! M\u00e5 kun installeres af en autoriseret elektriker.<\/p>\n","protected":false},"featured_media":2272,"comment_status":"closed","ping_status":"closed","template":"","meta":{"inline_featured_image":false},"product_brand":[],"product_cat":[72],"product_tag":[],"class_list":{"0":"post-1363","1":"product","2":"type-product","3":"status-publish","4":"has-post-thumbnail","6":"product_cat-smart-home","8":"first","9":"instock","10":"featured","11":"taxable","12":"shipping-taxable","13":"purchasable","14":"product-type-simple"},"yoast_head":"<!-- This site is optimized with the Yoast SEO plugin v27.2 - https:\/\/yoast.com\/product\/yoast-seo-wordpress\/ -->\n<title>64A DIN-skinnerel\u00e6 - Gruff Technology<\/title>\n<meta name=\"robots\" content=\"index, follow, max-snippet:-1, max-image-preview:large, max-video-preview:-1\" \/>\n<link rel=\"canonical\" href=\"https:\/\/grufftechnology.eu\/da\/product\/64a-din-skinnerelae\/\" \/>\n<meta property=\"og:locale\" content=\"da_DK\" \/>\n<meta property=\"og:type\" content=\"article\" \/>\n<meta property=\"og:title\" content=\"64A DIN-skinnerel\u00e6 - Gruff Technology\" \/>\n<meta property=\"og:description\" content=\"Gruff DIN-skinnerel\u00e6 er en enhed, der k\u00f8rer p\u00e5 Wi\u2011Fi-netv\u00e6rket, og som g\u00f8r det muligt at styre elforbruget. Stikket henter Nord Pool-priser fra serveren \u00e9n gang om dagen, og du kan angive en makspris, hvor fx gulvvarmen k\u00f8rer.   k\u00f8b Gruff-rel\u00e6et  indstil den h\u00f8jeste pris og de n\u00f8dvendige driftstimer  nyd lavere elregninger  Brug det fx til at styre gulvvarme eller andet varmeudstyr eller til opladning af bil. Prisforskellen i forhold til dagens spidspriser er cirka tre gange \u2013 du beh\u00f8ver ikke at reducere forbruget!  NB! M\u00e5 kun installeres af en autoriseret elektriker.\" \/>\n<meta property=\"og:url\" content=\"https:\/\/grufftechnology.eu\/da\/product\/64a-din-skinnerelae\/\" \/>\n<meta property=\"og:site_name\" content=\"Gruff Technology\" \/>\n<meta property=\"article:publisher\" content=\"https:\/\/www.facebook.com\/Grufftechnology\" \/>\n<meta property=\"article:modified_time\" content=\"2026-03-17T18:10:52+00:00\" \/>\n<meta property=\"og:image\" content=\"https:\/\/grufftechnology.eu\/wp-content\/uploads\/2026\/03\/relee-taustata.png\" \/>\n\t<meta property=\"og:image:width\" content=\"579\" \/>\n\t<meta property=\"og:image:height\" content=\"938\" \/>\n\t<meta property=\"og:image:type\" content=\"image\/png\" \/>\n<meta name=\"twitter:card\" content=\"summary_large_image\" \/>\n<meta name=\"twitter:label1\" content=\"Estimeret l\u00e6setid\" \/>\n\t<meta name=\"twitter:data1\" content=\"1 minut\" \/>\n<script type=\"application\/ld+json\" class=\"yoast-schema-graph\">{\"@context\":\"https:\/\/schema.org\",\"@graph\":[{\"@type\":\"WebPage\",\"@id\":\"https:\/\/grufftechnology.eu\/da\/product\/64a-din-skinnerelae\/\",\"url\":\"https:\/\/grufftechnology.eu\/da\/product\/64a-din-skinnerelae\/\",\"name\":\"64A DIN-skinnerel\u00e6 - Gruff Technology\",\"isPartOf\":{\"@id\":\"https:\/\/grufftechnology.eu\/da\/#website\"},\"primaryImageOfPage\":{\"@id\":\"https:\/\/grufftechnology.eu\/da\/product\/64a-din-skinnerelae\/#primaryimage\"},\"image\":{\"@id\":\"https:\/\/grufftechnology.eu\/da\/product\/64a-din-skinnerelae\/#primaryimage\"},\"thumbnailUrl\":\"https:\/\/grufftechnology.eu\/wp-content\/uploads\/2026\/03\/relee-taustata.png\",\"datePublished\":\"2026-03-09T10:23:56+00:00\",\"dateModified\":\"2026-03-17T18:10:52+00:00\",\"breadcrumb\":{\"@id\":\"https:\/\/grufftechnology.eu\/da\/product\/64a-din-skinnerelae\/#breadcrumb\"},\"inLanguage\":\"da-DK\",\"potentialAction\":[{\"@type\":\"ReadAction\",\"target\":[\"https:\/\/grufftechnology.eu\/da\/product\/64a-din-skinnerelae\/\"]}]},{\"@type\":\"ImageObject\",\"inLanguage\":\"da-DK\",\"@id\":\"https:\/\/grufftechnology.eu\/da\/product\/64a-din-skinnerelae\/#primaryimage\",\"url\":\"https:\/\/grufftechnology.eu\/wp-content\/uploads\/2026\/03\/relee-taustata.png\",\"contentUrl\":\"https:\/\/grufftechnology.eu\/wp-content\/uploads\/2026\/03\/relee-taustata.png\",\"width\":579,\"height\":938},{\"@type\":\"BreadcrumbList\",\"@id\":\"https:\/\/grufftechnology.eu\/da\/product\/64a-din-skinnerelae\/#breadcrumb\",\"itemListElement\":[{\"@type\":\"ListItem\",\"position\":1,\"name\":\"Home\",\"item\":\"https:\/\/grufftechnology.eu\/da\/gruff-technology\/\"},{\"@type\":\"ListItem\",\"position\":2,\"name\":\"Shop\",\"item\":\"https:\/\/grufftechnology.eu\/shop\/\"},{\"@type\":\"ListItem\",\"position\":3,\"name\":\"64A DIN-skinnerel\u00e6\"}]},{\"@type\":\"WebSite\",\"@id\":\"https:\/\/grufftechnology.eu\/da\/#website\",\"url\":\"https:\/\/grufftechnology.eu\/da\/\",\"name\":\"Gruff Technology\",\"description\":\"Save your money with saver socket\",\"publisher\":{\"@id\":\"https:\/\/grufftechnology.eu\/da\/#organization\"},\"alternateName\":\"Gruff\",\"potentialAction\":[{\"@type\":\"SearchAction\",\"target\":{\"@type\":\"EntryPoint\",\"urlTemplate\":\"https:\/\/grufftechnology.eu\/da\/?s={search_term_string}\"},\"query-input\":{\"@type\":\"PropertyValueSpecification\",\"valueRequired\":true,\"valueName\":\"search_term_string\"}}],\"inLanguage\":\"da-DK\"},{\"@type\":\"Organization\",\"@id\":\"https:\/\/grufftechnology.eu\/da\/#organization\",\"name\":\"Gruff Technology\",\"url\":\"https:\/\/grufftechnology.eu\/da\/\",\"logo\":{\"@type\":\"ImageObject\",\"inLanguage\":\"da-DK\",\"@id\":\"https:\/\/grufftechnology.eu\/da\/#\/schema\/logo\/image\/\",\"url\":\"https:\/\/grufftechnology.eu\/wp-content\/uploads\/2023\/03\/GRUFF-T.svg\",\"contentUrl\":\"https:\/\/grufftechnology.eu\/wp-content\/uploads\/2023\/03\/GRUFF-T.svg\",\"caption\":\"Gruff Technology\"},\"image\":{\"@id\":\"https:\/\/grufftechnology.eu\/da\/#\/schema\/logo\/image\/\"},\"sameAs\":[\"https:\/\/www.facebook.com\/Grufftechnology\"]}]}<\/script>\n<!-- \/ Yoast SEO plugin. -->","yoast_head_json":{"title":"64A DIN-skinnerel\u00e6 - Gruff Technology","robots":{"index":"index","follow":"follow","max-snippet":"max-snippet:-1","max-image-preview":"max-image-preview:large","max-video-preview":"max-video-preview:-1"},"canonical":"https:\/\/grufftechnology.eu\/da\/product\/64a-din-skinnerelae\/","og_locale":"da_DK","og_type":"article","og_title":"64A DIN-skinnerel\u00e6 - Gruff Technology","og_description":"Gruff DIN-skinnerel\u00e6 er en enhed, der k\u00f8rer p\u00e5 Wi\u2011Fi-netv\u00e6rket, og som g\u00f8r det muligt at styre elforbruget. Stikket henter Nord Pool-priser fra serveren \u00e9n gang om dagen, og du kan angive en makspris, hvor fx gulvvarmen k\u00f8rer.   k\u00f8b Gruff-rel\u00e6et  indstil den h\u00f8jeste pris og de n\u00f8dvendige driftstimer  nyd lavere elregninger  Brug det fx til at styre gulvvarme eller andet varmeudstyr eller til opladning af bil. Prisforskellen i forhold til dagens spidspriser er cirka tre gange \u2013 du beh\u00f8ver ikke at reducere forbruget!  NB! M\u00e5 kun installeres af en autoriseret elektriker.","og_url":"https:\/\/grufftechnology.eu\/da\/product\/64a-din-skinnerelae\/","og_site_name":"Gruff Technology","article_publisher":"https:\/\/www.facebook.com\/Grufftechnology","article_modified_time":"2026-03-17T18:10:52+00:00","og_image":[{"width":579,"height":938,"url":"https:\/\/grufftechnology.eu\/wp-content\/uploads\/2026\/03\/relee-taustata.png","type":"image\/png"}],"twitter_card":"summary_large_image","twitter_misc":{"Estimeret l\u00e6setid":"1 minut"},"schema":{"@context":"https:\/\/schema.org","@graph":[{"@type":"WebPage","@id":"https:\/\/grufftechnology.eu\/da\/product\/64a-din-skinnerelae\/","url":"https:\/\/grufftechnology.eu\/da\/product\/64a-din-skinnerelae\/","name":"64A DIN-skinnerel\u00e6 - Gruff Technology","isPartOf":{"@id":"https:\/\/grufftechnology.eu\/da\/#website"},"primaryImageOfPage":{"@id":"https:\/\/grufftechnology.eu\/da\/product\/64a-din-skinnerelae\/#primaryimage"},"image":{"@id":"https:\/\/grufftechnology.eu\/da\/product\/64a-din-skinnerelae\/#primaryimage"},"thumbnailUrl":"https:\/\/grufftechnology.eu\/wp-content\/uploads\/2026\/03\/relee-taustata.png","datePublished":"2026-03-09T10:23:56+00:00","dateModified":"2026-03-17T18:10:52+00:00","breadcrumb":{"@id":"https:\/\/grufftechnology.eu\/da\/product\/64a-din-skinnerelae\/#breadcrumb"},"inLanguage":"da-DK","potentialAction":[{"@type":"ReadAction","target":["https:\/\/grufftechnology.eu\/da\/product\/64a-din-skinnerelae\/"]}]},{"@type":"ImageObject","inLanguage":"da-DK","@id":"https:\/\/grufftechnology.eu\/da\/product\/64a-din-skinnerelae\/#primaryimage","url":"https:\/\/grufftechnology.eu\/wp-content\/uploads\/2026\/03\/relee-taustata.png","contentUrl":"https:\/\/grufftechnology.eu\/wp-content\/uploads\/2026\/03\/relee-taustata.png","width":579,"height":938},{"@type":"BreadcrumbList","@id":"https:\/\/grufftechnology.eu\/da\/product\/64a-din-skinnerelae\/#breadcrumb","itemListElement":[{"@type":"ListItem","position":1,"name":"Home","item":"https:\/\/grufftechnology.eu\/da\/gruff-technology\/"},{"@type":"ListItem","position":2,"name":"Shop","item":"https:\/\/grufftechnology.eu\/shop\/"},{"@type":"ListItem","position":3,"name":"64A DIN-skinnerel\u00e6"}]},{"@type":"WebSite","@id":"https:\/\/grufftechnology.eu\/da\/#website","url":"https:\/\/grufftechnology.eu\/da\/","name":"Gruff Technology","description":"Save your money with saver socket","publisher":{"@id":"https:\/\/grufftechnology.eu\/da\/#organization"},"alternateName":"Gruff","potentialAction":[{"@type":"SearchAction","target":{"@type":"EntryPoint","urlTemplate":"https:\/\/grufftechnology.eu\/da\/?s={search_term_string}"},"query-input":{"@type":"PropertyValueSpecification","valueRequired":true,"valueName":"search_term_string"}}],"inLanguage":"da-DK"},{"@type":"Organization","@id":"https:\/\/grufftechnology.eu\/da\/#organization","name":"Gruff Technology","url":"https:\/\/grufftechnology.eu\/da\/","logo":{"@type":"ImageObject","inLanguage":"da-DK","@id":"https:\/\/grufftechnology.eu\/da\/#\/schema\/logo\/image\/","url":"https:\/\/grufftechnology.eu\/wp-content\/uploads\/2023\/03\/GRUFF-T.svg","contentUrl":"https:\/\/grufftechnology.eu\/wp-content\/uploads\/2023\/03\/GRUFF-T.svg","caption":"Gruff Technology"},"image":{"@id":"https:\/\/grufftechnology.eu\/da\/#\/schema\/logo\/image\/"},"sameAs":["https:\/\/www.facebook.com\/Grufftechnology"]}]}},"_links":{"self":[{"href":"https:\/\/grufftechnology.eu\/da\/wp-json\/wp\/v2\/product\/1363","targetHints":{"allow":["GET"]}}],"collection":[{"href":"https:\/\/grufftechnology.eu\/da\/wp-json\/wp\/v2\/product"}],"about":[{"href":"https:\/\/grufftechnology.eu\/da\/wp-json\/wp\/v2\/types\/product"}],"replies":[{"embeddable":true,"href":"https:\/\/grufftechnology.eu\/da\/wp-json\/wp\/v2\/comments?post=1363"}],"wp:featuredmedia":[{"embeddable":true,"href":"https:\/\/grufftechnology.eu\/da\/wp-json\/wp\/v2\/media\/2272"}],"wp:attachment":[{"href":"https:\/\/grufftechnology.eu\/da\/wp-json\/wp\/v2\/media?parent=1363"}],"wp:term":[{"taxonomy":"product_brand","embeddable":true,"href":"https:\/\/grufftechnology.eu\/da\/wp-json\/wp\/v2\/product_brand?post=1363"},{"taxonomy":"product_cat","embeddable":true,"href":"https:\/\/grufftechnology.eu\/da\/wp-json\/wp\/v2\/product_cat?post=1363"},{"taxonomy":"product_tag","embeddable":true,"href":"https:\/\/grufftechnology.eu\/da\/wp-json\/wp\/v2\/product_tag?post=1363"}],"curies":[{"name":"wp","href":"https:\/\/api.w.org\/{rel}","templated":true}]}}