{"id":1404,"date":"2026-03-06T20:35:59","date_gmt":"2026-03-06T18:35:59","guid":{"rendered":"https:\/\/grufftechnology.eu\/kontakt\/"},"modified":"2026-03-19T16:07:49","modified_gmt":"2026-03-19T14:07:49","slug":"kontakt","status":"publish","type":"page","link":"https:\/\/grufftechnology.eu\/et\/kontakt\/","title":{"rendered":"Kontakt"},"content":{"rendered":"\n<div class=\"wp-block-group gruff-section is-layout-flow wp-block-group-is-layout-flow\">\n<div class=\"wp-block-columns is-layout-flex wp-container-core-columns-is-layout-1b715042 wp-block-columns-is-layout-flex\">\n<div class=\"wp-block-column is-layout-flow wp-block-column-is-layout-flow\" style=\"flex-basis:50%\">\n<h1 class=\"wp-block-heading has-5-xl-font-size\" style=\"font-weight:800;letter-spacing:-0.025em;line-height:1.15\"><mark style=\"background-color:transparent;color:#14C546\" class=\"has-inline-color\">Kontakt<\/mark> andmed<\/h1>\n\n\n\n<div class=\"wp-block-group gruff-why-item is-layout-flow wp-block-group-is-layout-flow\">\n<p class=\"gruff-icon-text\">location_on<\/p>\n\n\n\n<div class=\"wp-block-group is-layout-flow wp-container-core-group-is-layout-a4d9b9e8 wp-block-group-is-layout-flow\">\n<h3 class=\"wp-block-heading has-large-font-size\" style=\"font-weight:600\">Aadress<\/h3>\n\n\n\n<p class=\"has-muted-color has-text-color has-small-font-size\">Gruff Technology O\u00dc<br>Telliskivi 60<br>10412 Tallinn, Eesti<\/p>\n<\/div>\n<\/div>\n\n\n\n<div class=\"wp-block-group gruff-why-item is-layout-flow wp-block-group-is-layout-flow\">\n<p class=\"gruff-icon-text\">phone<\/p>\n\n\n\n<div class=\"wp-block-group is-layout-flow wp-container-core-group-is-layout-a4d9b9e8 wp-block-group-is-layout-flow\">\n<h3 class=\"wp-block-heading has-large-font-size\" style=\"font-weight:600\">Telefon<\/h3>\n\n\n\n<p class=\"has-muted-color has-text-color has-small-font-size\">+372 6099005<br>+372 53493962<\/p>\n<\/div>\n<\/div>\n\n\n\n<div class=\"wp-block-group gruff-why-item is-layout-flow wp-block-group-is-layout-flow\">\n<p class=\"gruff-icon-text\">mail<\/p>\n\n\n\n<div class=\"wp-block-group is-layout-flow wp-container-core-group-is-layout-a4d9b9e8 wp-block-group-is-layout-flow\">\n<h3 class=\"wp-block-heading has-large-font-size\" style=\"font-weight:600\">E-post<\/h3>\n\n\n\n<p class=\"has-muted-color has-text-color has-small-font-size\">info@grufftechnology.eu<br>help@grufftechnology.eu<\/p>\n<\/div>\n<\/div>\n\n\n\n<h3 class=\"wp-block-heading has-xl-font-size\" style=\"font-weight:700\">Edasim\u00fc\u00fcjad<\/h3>\n\n\n\n<p class=\"has-muted-color has-text-color has-small-font-size\">Bauhof \u00b7 Oomipood \u00b7 Noor Tehnik \u00b7 Hintaseuranta \u00b7 Ehituse ABC \u00b7 Satcom<\/p>\n<\/div>\n\n\n\n<div class=\"wp-block-column is-layout-flow wp-block-column-is-layout-flow\" style=\"flex-basis:50%\">\n<h2 class=\"wp-block-heading has-x-large-font-size\">Saada s\u00f5num<\/h2>\n\n\n\t\t<div class=\"gruff-contact-form\">\n\t\t\t<form method=\"post\"\n\t\t\t      class=\"gruff-form\"\n\t\t\t      data-rest-url=\"https:\/\/grufftechnology.eu\/et\/wp-json\/gruff\/v1\/contact\"\n\t\t\t      data-nonce=\"5c3da5c5da\"\n\t\t\t      data-sending=\"Saadan...\"\n\t\t\t      data-success=\"Ait\u00e4h! Teie s\u00f5num on saadetud.\"\n\t\t\t      data-error=\"Palun t\u00e4itke k\u00f5ik kohustuslikud v\u00e4ljad.\"\n\t\t\t      data-network-error=\"Tekkis v\u00f5rgu viga. Palun proovige uuesti.\">\n\n\t\t\t\t\t\t\t\t<div class=\"gruff-form__hp\" aria-hidden=\"true\" style=\"position:absolute;left:-9999px;height:0;overflow:hidden;\">\n\t\t\t\t\t<label for=\"gruff_website_url\">Website<\/label>\n\t\t\t\t\t<input type=\"text\" id=\"gruff_website_url\" name=\"gruff_website_url\" tabindex=\"-1\" autocomplete=\"off\" \/>\n\t\t\t\t<\/div>\n\n\t\t\t\t\t\t\t\t<input type=\"hidden\" name=\"gruff_form_ts\" value=\"1777048460\" \/>\n\n\t\t\t\t<div class=\"gruff-form__field\">\n\t\t\t\t\t<label for=\"gruff_name\">Nimi *<\/label>\n\t\t\t\t\t<input type=\"text\" id=\"gruff_name\" name=\"gruff_name\" required \/>\n\t\t\t\t<\/div>\n\n\t\t\t\t<div class=\"gruff-form__field\">\n\t\t\t\t\t<label for=\"gruff_email\">E-post *<\/label>\n\t\t\t\t\t<input type=\"email\" id=\"gruff_email\" name=\"gruff_email\" required \/>\n\t\t\t\t<\/div>\n\n\t\t\t\t<div class=\"gruff-form__field\">\n\t\t\t\t\t<label for=\"gruff_phone\">Telefon<\/label>\n\t\t\t\t\t<input type=\"tel\" id=\"gruff_phone\" name=\"gruff_phone\" \/>\n\t\t\t\t<\/div>\n\n\t\t\t\t<div class=\"gruff-form__field\">\n\t\t\t\t\t<label for=\"gruff_message\">S\u00f5num *<\/label>\n\t\t\t\t\t<textarea id=\"gruff_message\" name=\"gruff_message\" rows=\"5\" required><\/textarea>\n\t\t\t\t<\/div>\n\n\t\t\t\t<button type=\"submit\" class=\"gruff-cta-link\" style=\"border:none;cursor:pointer;padding:0.75rem 2rem;\">\n\t\t\t\t\tSaada s\u00f5num\t\t\t\t<\/button>\n\t\t\t<\/form>\n\t\t<\/div>\n\t\t\n<\/div>\n<\/div>\n<\/div>\n","protected":false},"excerpt":{"rendered":"<p>Kontakt andmed location_on Aadress Gruff Technology O\u00dcTelliskivi 6010412 Tallinn, Eesti phone Telefon +372 6099005+372 53493962 mail E-post info@grufftechnology.euhelp@grufftechnology.eu Edasim\u00fc\u00fcjad Bauhof \u00b7 Oomipood \u00b7 Noor Tehnik \u00b7 Hintaseuranta \u00b7 Ehituse ABC \u00b7 Satcom Saada s\u00f5num<\/p>\n","protected":false},"author":4,"featured_media":0,"parent":0,"menu_order":0,"comment_status":"closed","ping_status":"closed","template":"page-kontakt","meta":{"inline_featured_image":false,"footnotes":""},"class_list":["post-1404","page","type-page","status-publish","hentry"],"yoast_head":"<!-- This site is optimized with the Yoast SEO plugin v27.2 - https:\/\/yoast.com\/product\/yoast-seo-wordpress\/ -->\n<title>Kontakt - Gruff Technology<\/title>\n<meta name=\"robots\" content=\"index, follow, max-snippet:-1, max-image-preview:large, max-video-preview:-1\" \/>\n<link rel=\"canonical\" href=\"https:\/\/grufftechnology.eu\/et\/kontakt\/\" \/>\n<meta property=\"og:locale\" content=\"et_EE\" \/>\n<meta property=\"og:type\" content=\"article\" \/>\n<meta property=\"og:title\" content=\"Kontakt - Gruff Technology\" \/>\n<meta property=\"og:description\" content=\"Kontakt andmed location_on Aadress Gruff Technology O\u00dcTelliskivi 6010412 Tallinn, Eesti phone Telefon +372 6099005+372 53493962 mail E-post info@grufftechnology.euhelp@grufftechnology.eu Edasim\u00fc\u00fcjad Bauhof \u00b7 Oomipood \u00b7 Noor Tehnik \u00b7 Hintaseuranta \u00b7 Ehituse ABC \u00b7 Satcom Saada s\u00f5num\" \/>\n<meta property=\"og:url\" content=\"https:\/\/grufftechnology.eu\/et\/kontakt\/\" \/>\n<meta property=\"og:site_name\" content=\"Gruff Technology\" \/>\n<meta property=\"article:publisher\" content=\"https:\/\/www.facebook.com\/Grufftechnology\" \/>\n<meta property=\"article:modified_time\" content=\"2026-03-19T14:07:49+00:00\" \/>\n<meta name=\"twitter:card\" content=\"summary_large_image\" \/>\n<meta name=\"twitter:label1\" content=\"Est. reading time\" \/>\n\t<meta name=\"twitter:data1\" content=\"1 minut\" \/>\n<script type=\"application\/ld+json\" class=\"yoast-schema-graph\">{\"@context\":\"https:\/\/schema.org\",\"@graph\":[{\"@type\":\"WebPage\",\"@id\":\"https:\/\/grufftechnology.eu\/et\/kontakt\/\",\"url\":\"https:\/\/grufftechnology.eu\/et\/kontakt\/\",\"name\":\"Kontakt - Gruff Technology\",\"isPartOf\":{\"@id\":\"https:\/\/grufftechnology.eu\/et\/#website\"},\"datePublished\":\"2026-03-06T18:35:59+00:00\",\"dateModified\":\"2026-03-19T14:07:49+00:00\",\"breadcrumb\":{\"@id\":\"https:\/\/grufftechnology.eu\/et\/kontakt\/#breadcrumb\"},\"inLanguage\":\"et\",\"potentialAction\":[{\"@type\":\"ReadAction\",\"target\":[\"https:\/\/grufftechnology.eu\/et\/kontakt\/\"]}]},{\"@type\":\"BreadcrumbList\",\"@id\":\"https:\/\/grufftechnology.eu\/et\/kontakt\/#breadcrumb\",\"itemListElement\":[{\"@type\":\"ListItem\",\"position\":1,\"name\":\"Home\",\"item\":\"https:\/\/grufftechnology.eu\/et\/gruff-technology\/\"},{\"@type\":\"ListItem\",\"position\":2,\"name\":\"Kontakt\"}]},{\"@type\":\"WebSite\",\"@id\":\"https:\/\/grufftechnology.eu\/et\/#website\",\"url\":\"https:\/\/grufftechnology.eu\/et\/\",\"name\":\"Gruff Technology\",\"description\":\"Save your money with saver socket\",\"publisher\":{\"@id\":\"https:\/\/grufftechnology.eu\/et\/#organization\"},\"alternateName\":\"Gruff\",\"potentialAction\":[{\"@type\":\"SearchAction\",\"target\":{\"@type\":\"EntryPoint\",\"urlTemplate\":\"https:\/\/grufftechnology.eu\/et\/?s={search_term_string}\"},\"query-input\":{\"@type\":\"PropertyValueSpecification\",\"valueRequired\":true,\"valueName\":\"search_term_string\"}}],\"inLanguage\":\"et\"},{\"@type\":\"Organization\",\"@id\":\"https:\/\/grufftechnology.eu\/et\/#organization\",\"name\":\"Gruff Technology\",\"url\":\"https:\/\/grufftechnology.eu\/et\/\",\"logo\":{\"@type\":\"ImageObject\",\"inLanguage\":\"et\",\"@id\":\"https:\/\/grufftechnology.eu\/et\/#\/schema\/logo\/image\/\",\"url\":\"https:\/\/grufftechnology.eu\/wp-content\/uploads\/2023\/03\/GRUFF-T.svg\",\"contentUrl\":\"https:\/\/grufftechnology.eu\/wp-content\/uploads\/2023\/03\/GRUFF-T.svg\",\"caption\":\"Gruff Technology\"},\"image\":{\"@id\":\"https:\/\/grufftechnology.eu\/et\/#\/schema\/logo\/image\/\"},\"sameAs\":[\"https:\/\/www.facebook.com\/Grufftechnology\"]}]}<\/script>\n<!-- \/ Yoast SEO plugin. -->","yoast_head_json":{"title":"Kontakt - Gruff Technology","robots":{"index":"index","follow":"follow","max-snippet":"max-snippet:-1","max-image-preview":"max-image-preview:large","max-video-preview":"max-video-preview:-1"},"canonical":"https:\/\/grufftechnology.eu\/et\/kontakt\/","og_locale":"et_EE","og_type":"article","og_title":"Kontakt - Gruff Technology","og_description":"Kontakt andmed location_on Aadress Gruff Technology O\u00dcTelliskivi 6010412 Tallinn, Eesti phone Telefon +372 6099005+372 53493962 mail E-post info@grufftechnology.euhelp@grufftechnology.eu Edasim\u00fc\u00fcjad Bauhof \u00b7 Oomipood \u00b7 Noor Tehnik \u00b7 Hintaseuranta \u00b7 Ehituse ABC \u00b7 Satcom Saada s\u00f5num","og_url":"https:\/\/grufftechnology.eu\/et\/kontakt\/","og_site_name":"Gruff Technology","article_publisher":"https:\/\/www.facebook.com\/Grufftechnology","article_modified_time":"2026-03-19T14:07:49+00:00","twitter_card":"summary_large_image","twitter_misc":{"Est. reading time":"1 minut"},"schema":{"@context":"https:\/\/schema.org","@graph":[{"@type":"WebPage","@id":"https:\/\/grufftechnology.eu\/et\/kontakt\/","url":"https:\/\/grufftechnology.eu\/et\/kontakt\/","name":"Kontakt - Gruff Technology","isPartOf":{"@id":"https:\/\/grufftechnology.eu\/et\/#website"},"datePublished":"2026-03-06T18:35:59+00:00","dateModified":"2026-03-19T14:07:49+00:00","breadcrumb":{"@id":"https:\/\/grufftechnology.eu\/et\/kontakt\/#breadcrumb"},"inLanguage":"et","potentialAction":[{"@type":"ReadAction","target":["https:\/\/grufftechnology.eu\/et\/kontakt\/"]}]},{"@type":"BreadcrumbList","@id":"https:\/\/grufftechnology.eu\/et\/kontakt\/#breadcrumb","itemListElement":[{"@type":"ListItem","position":1,"name":"Home","item":"https:\/\/grufftechnology.eu\/et\/gruff-technology\/"},{"@type":"ListItem","position":2,"name":"Kontakt"}]},{"@type":"WebSite","@id":"https:\/\/grufftechnology.eu\/et\/#website","url":"https:\/\/grufftechnology.eu\/et\/","name":"Gruff Technology","description":"Save your money with saver socket","publisher":{"@id":"https:\/\/grufftechnology.eu\/et\/#organization"},"alternateName":"Gruff","potentialAction":[{"@type":"SearchAction","target":{"@type":"EntryPoint","urlTemplate":"https:\/\/grufftechnology.eu\/et\/?s={search_term_string}"},"query-input":{"@type":"PropertyValueSpecification","valueRequired":true,"valueName":"search_term_string"}}],"inLanguage":"et"},{"@type":"Organization","@id":"https:\/\/grufftechnology.eu\/et\/#organization","name":"Gruff Technology","url":"https:\/\/grufftechnology.eu\/et\/","logo":{"@type":"ImageObject","inLanguage":"et","@id":"https:\/\/grufftechnology.eu\/et\/#\/schema\/logo\/image\/","url":"https:\/\/grufftechnology.eu\/wp-content\/uploads\/2023\/03\/GRUFF-T.svg","contentUrl":"https:\/\/grufftechnology.eu\/wp-content\/uploads\/2023\/03\/GRUFF-T.svg","caption":"Gruff Technology"},"image":{"@id":"https:\/\/grufftechnology.eu\/et\/#\/schema\/logo\/image\/"},"sameAs":["https:\/\/www.facebook.com\/Grufftechnology"]}]}},"_links":{"self":[{"href":"https:\/\/grufftechnology.eu\/et\/wp-json\/wp\/v2\/pages\/1404","targetHints":{"allow":["GET"]}}],"collection":[{"href":"https:\/\/grufftechnology.eu\/et\/wp-json\/wp\/v2\/pages"}],"about":[{"href":"https:\/\/grufftechnology.eu\/et\/wp-json\/wp\/v2\/types\/page"}],"author":[{"embeddable":true,"href":"https:\/\/grufftechnology.eu\/et\/wp-json\/wp\/v2\/users\/4"}],"replies":[{"embeddable":true,"href":"https:\/\/grufftechnology.eu\/et\/wp-json\/wp\/v2\/comments?post=1404"}],"version-history":[{"count":3,"href":"https:\/\/grufftechnology.eu\/et\/wp-json\/wp\/v2\/pages\/1404\/revisions"}],"predecessor-version":[{"id":2284,"href":"https:\/\/grufftechnology.eu\/et\/wp-json\/wp\/v2\/pages\/1404\/revisions\/2284"}],"wp:attachment":[{"href":"https:\/\/grufftechnology.eu\/et\/wp-json\/wp\/v2\/media?parent=1404"}],"curies":[{"name":"wp","href":"https:\/\/api.w.org\/{rel}","templated":true}]}}