{"id":1412,"date":"2023-02-01T18:58:03","date_gmt":"2023-02-01T16:58:03","guid":{"rendered":"https:\/\/grufftechnology.eu\/gruff-technology\/"},"modified":"2026-03-13T20:28:34","modified_gmt":"2026-03-13T18:28:34","slug":"gruff-technology","status":"publish","type":"page","link":"https:\/\/grufftechnology.eu\/et\/","title":{"rendered":"Gruff Technology"},"content":{"rendered":"\n<div class=\"wp-block-group gruff-section has-global-padding is-layout-constrained wp-container-core-group-is-layout-3a4e4474 wp-block-group-is-layout-constrained\">\n\n<div class=\"wp-block-columns is-layout-flex wp-container-core-columns-is-layout-6b276c36 wp-block-columns-is-layout-flex\">\n\n<div class=\"wp-block-column is-layout-flow wp-block-column-is-layout-flow\" style=\"flex-basis:60%\">\n\n<h1 class=\"wp-block-heading has-5-xl-font-size\" style=\"font-weight:800;letter-spacing:-0.025em;line-height:1.15\">S\u00e4\u00e4sta nutikalt meie<br><mark style=\"background-color:transparent;color:#14C546\" class=\"has-inline-color\">energiahalduri abil<\/mark><\/h1>\n\n\n\n<p class=\"has-muted-color has-text-color\">Gruff Technology pakub nutipistikuid ja releesid, mis optimeerivad automaatselt sinu elektritarbimist reaalajas Nord Pooli hindade alusel.<\/p>\n\n\n\n<div class=\"wp-block-buttons is-layout-flex wp-block-buttons-is-layout-flex\">\n\n<div class=\"wp-block-button is-style-gruff-cta\"><a class=\"wp-block-button__link has-primary-background-color has-background wp-element-button\" href=\"\/et\/product\/nutipistik\/\">Vaata tooteid \u2192<\/a><\/div>\n\n\n<div class=\"wp-block-button is-style-outline is-style-outline--1\"><a class=\"wp-block-button__link wp-element-button\" href=\"\/et\/seadistamine\/\">Kuidas see t\u00f6\u00f6tab<\/a><\/div>\n\n<\/div>\n\n<\/div>\n\n\n\n<div class=\"wp-block-column is-layout-flow wp-block-column-is-layout-flow\" style=\"flex-basis:40%\">\n\t<div class=\"gruff-nordpool-widget\">\n\t\t<div style=\"display:flex;align-items:center;justify-content:space-between;margin-bottom:0.25rem;\">\n\t\t\t<h3 style=\"font-size:0.75rem;font-weight:600;color:#6B7280;text-transform:uppercase;letter-spacing:0.05em;margin:0;\">Nord Pool price<\/h3>\n\t\t\t<span class=\"gruff-live-dot\">\n\t\t\t\t<span class=\"gruff-live-dot__ping\"><\/span>\n\t\t\t\t<span class=\"gruff-live-dot__dot\"><\/span>\n\t\t\t<\/span>\n\t\t<\/div>\n\t\t<p style=\"font-size:0.7rem;color:#9CA3AF;margin:0 0 0.75rem;\">Tallinn, EE<\/p>\n\t\t<div style=\"display:flex;align-items:baseline;gap:0.25rem;margin-bottom:0.25rem;\">\n\t\t\t<span style=\"font-size:2rem;font-weight:700;line-height:1;\">4.2<\/span>\n\t\t\t<span style=\"font-size:0.875rem;color:#6B7280;\">cents\/kWh<\/span>\n\t\t<\/div>\n\t\t<p style=\"font-size:0.65rem;color:#9CA3AF;margin:0 0 1rem;\">daily average<\/p>\n\t\t\t\t<div class=\"gruff-nordpool-chart\" style=\"position:relative;\">\n\t\t\t<svg preserveAspectRatio=\"none\" viewBox=\"0 0 100 40\" style=\"width:100%;height:60px;\">\n\t\t\t\t<defs>\n\t\t\t\t\t<linearGradient id=\"npGrad\" x1=\"0\" y1=\"0\" x2=\"0\" y2=\"1\">\n\t\t\t\t\t\t<stop offset=\"0%\" stop-color=\"#38D430\" stop-opacity=\"0.3\"\/>\n\t\t\t\t\t\t<stop offset=\"100%\" stop-color=\"#38D430\" stop-opacity=\"0\"\/>\n\t\t\t\t\t<\/linearGradient>\n\t\t\t\t<\/defs>\n\t\t\t\t<path d=\"M0,26.18 L1.05,26.31 L2.11,26.33 L3.16,26.31 L4.21,26.28 L5.26,26.18 L6.32,25.99 L7.37,25.96 L8.42,26.23 L9.47,25.7 L10.53,25.25 L11.58,24.94 L12.63,25.75 L13.68,24.99 L14.74,24.46 L15.79,24.04 L16.84,30.24 L17.89,30.21 L18.95,30.45 L20,30.4 L21.05,23.51 L22.11,30.79 L23.16,30.9 L24.21,30.79 L25.26,25.67 L26.32,31.03 L27.37,31.53 L28.42,31.56 L29.47,31.56 L30.53,31.3 L31.58,30.9 L32.63,32.54 L33.68,31.88 L34.74,34.54 L35.79,36.15 L36.84,36.76 L37.89,36.02 L38.95,36.42 L40,36.68 L41.05,36.71 L42.11,36.68 L43.16,36.68 L44.21,36.76 L45.26,36.79 L46.32,36.87 L47.37,36.87 L48.42,36.94 L49.47,36.97 L50.53,37 L51.58,37 L52.63,37 L53.68,37 L54.74,37.13 L55.79,37.05 L56.84,36.84 L57.89,36.81 L58.95,37 L60,36.79 L61.05,36.52 L62.11,34.94 L63.16,36.28 L64.21,33.99 L65.26,29.69 L66.32,23.64 L67.37,30.5 L68.42,23.67 L69.47,22.77 L70.53,11.61 L71.58,11.61 L72.63,9.07 L73.68,6.8 L74.74,3.32 L75.79,11.08 L76.84,11.55 L77.89,10.55 L78.95,11.58 L80,8.47 L81.05,8.81 L82.11,9.47 L83.16,12.11 L84.21,9.44 L85.26,11.61 L86.32,15.41 L87.37,20.55 L88.42,13.3 L89.47,15.86 L90.53,22.96 L91.58,24.65 L92.63,25.2 L93.68,25.44 L94.74,25.7 L95.79,26.02 L96.84,26.41 L97.89,26.86 L98.95,26.94 L100,27.18 L100,40 L0,40 Z\" fill=\"url(#npGrad)\"\/>\n\t\t\t\t<path d=\"M0,26.18 L1.05,26.31 L2.11,26.33 L3.16,26.31 L4.21,26.28 L5.26,26.18 L6.32,25.99 L7.37,25.96 L8.42,26.23 L9.47,25.7 L10.53,25.25 L11.58,24.94 L12.63,25.75 L13.68,24.99 L14.74,24.46 L15.79,24.04 L16.84,30.24 L17.89,30.21 L18.95,30.45 L20,30.4 L21.05,23.51 L22.11,30.79 L23.16,30.9 L24.21,30.79 L25.26,25.67 L26.32,31.03 L27.37,31.53 L28.42,31.56 L29.47,31.56 L30.53,31.3 L31.58,30.9 L32.63,32.54 L33.68,31.88 L34.74,34.54 L35.79,36.15 L36.84,36.76 L37.89,36.02 L38.95,36.42 L40,36.68 L41.05,36.71 L42.11,36.68 L43.16,36.68 L44.21,36.76 L45.26,36.79 L46.32,36.87 L47.37,36.87 L48.42,36.94 L49.47,36.97 L50.53,37 L51.58,37 L52.63,37 L53.68,37 L54.74,37.13 L55.79,37.05 L56.84,36.84 L57.89,36.81 L58.95,37 L60,36.79 L61.05,36.52 L62.11,34.94 L63.16,36.28 L64.21,33.99 L65.26,29.69 L66.32,23.64 L67.37,30.5 L68.42,23.67 L69.47,22.77 L70.53,11.61 L71.58,11.61 L72.63,9.07 L73.68,6.8 L74.74,3.32 L75.79,11.08 L76.84,11.55 L77.89,10.55 L78.95,11.58 L80,8.47 L81.05,8.81 L82.11,9.47 L83.16,12.11 L84.21,9.44 L85.26,11.61 L86.32,15.41 L87.37,20.55 L88.42,13.3 L89.47,15.86 L90.53,22.96 L91.58,24.65 L92.63,25.2 L93.68,25.44 L94.74,25.7 L95.79,26.02 L96.84,26.41 L97.89,26.86 L98.95,26.94 L100,27.18\" fill=\"none\" stroke=\"#38D430\" stroke-width=\"1.5\" vector-effect=\"non-scaling-stroke\"\/>\n\t\t\t\t<circle cx=\"67.37\" cy=\"30.5\" r=\"2\" fill=\"#38D430\" stroke=\"#fff\" stroke-width=\"1\"\/>\t\t\t<\/svg>\n\t\t\t<div style=\"display:flex;justify-content:space-between;font-size:0.6rem;color:#9CA3AF;margin-top:0.15rem;\">\n\t\t\t\t<span>00:00<\/span>\n\t\t\t\t<span>12:00<\/span>\n\t\t\t\t<span>23:00<\/span>\n\t\t\t<\/div>\n\t\t<\/div>\n\t\t\t<\/div>\n\t\n\n<\/div>\n\n<\/div>\n\n<\/div>\n\n\n\n<div class=\"wp-block-group gruff-section has-global-padding is-layout-constrained wp-container-core-group-is-layout-3a4e4474 wp-block-group-is-layout-constrained\">\n\n<h2 class=\"wp-block-heading has-text-align-center has-4-xl-font-size\">Nutikad lahendused igaks vajaduseks<\/h2>\n\n\n\n<p class=\"has-text-align-center has-muted-color has-text-color\">Vali oma kodule v\u00f5i ettev\u00f5ttele sobiv energiahaldur.<\/p>\n\n\n\n<div class=\"wp-block-columns is-layout-flex wp-container-core-columns-is-layout-6b276c36 wp-block-columns-is-layout-flex\">\n\n<div class=\"wp-block-column is-layout-flow wp-block-column-is-layout-flow\">\n\n<div class=\"wp-block-group gruff-product-card has-global-padding is-layout-constrained wp-block-group-is-layout-constrained\">\n\n<figure class=\"wp-block-image size-medium gruff-product-card__image\"><img decoding=\"async\" src=\"https:\/\/grufftechnology.eu\/wp-content\/uploads\/2026\/03\/Gruff-soc.png\" alt=\"Nutipistik\"\/><\/figure>\n\n\n<h3 class=\"wp-block-heading has-xl-font-size\" style=\"font-weight:700\">Nutipistik<\/h3>\n\n\n<ul class=\"has-muted-color has-text-color has-small-font-size wp-block-list\">\n<li>\u00dchendub otse olemasolevasse pistikupessa<\/li>\n\n\n<li>Juhib suure tarbimisega seadmeid kuni 3,5 kW<\/li>\n\n\n<li>Visuaalne hinnaindikaator (roheline\/punane LED)<\/li>\n<\/ul>\n\n<span class=\"woocommerce-Price-amount amount\">65,00&nbsp;<span class=\"woocommerce-Price-currencySymbol\">&euro;<\/span><\/span>\n\n<a href=\"https:\/\/grufftechnology.eu\/et\/ostukorv\/?add-to-cart=1369\" class=\"gruff-cta-link\" style=\"padding:0.5rem 1rem;border-radius:0.5rem;font-size:0.875rem;\">Lisa ostukorvi <span class=\"material-icons\" style=\"font-size:1rem;\">add_shopping_cart<\/span><\/a>\n\n<\/div>\n\n<\/div>\n\n\n\n<div class=\"wp-block-column is-layout-flow wp-block-column-is-layout-flow\">\n\n<div class=\"wp-block-group gruff-product-card has-global-padding is-layout-constrained wp-block-group-is-layout-constrained\">\n\n<figure class=\"wp-block-image size-medium gruff-product-card__image\"><img decoding=\"async\" src=\"https:\/\/grufftechnology.eu\/wp-content\/uploads\/2026\/03\/relee-taustata.png\" alt=\"DIN-liistu relee\"\/><\/figure>\n\n\n<h3 class=\"wp-block-heading has-xl-font-size\" style=\"font-weight:700\">DIN-liistu relee<\/h3>\n\n\n<ul class=\"has-muted-color has-text-color has-small-font-size wp-block-list\">\n<li>Paigaldatakse otse elektrikilpi<\/li>\n\n\n<li>Ideaalne elektriboileritele ja p\u00f5randak\u00fcttele<\/li>\n\n\n<li>N\u00f5uab professionaalset paigaldust<\/li>\n<\/ul>\n\n<span class=\"woocommerce-Price-amount amount\">95,00&nbsp;<span class=\"woocommerce-Price-currencySymbol\">&euro;<\/span><\/span>\n\n<a href=\"https:\/\/grufftechnology.eu\/et\/ostukorv\/?add-to-cart=1389\" class=\"gruff-cta-link\" style=\"padding:0.5rem 1rem;border-radius:0.5rem;font-size:0.875rem;\">Lisa ostukorvi <span class=\"material-icons\" style=\"font-size:1rem;\">add_shopping_cart<\/span><\/a>\n\n<\/div>\n\n<\/div>\n\n\n\n<div class=\"wp-block-column is-layout-flow wp-block-column-is-layout-flow\">\n\n<div class=\"wp-block-group gruff-product-card has-global-padding is-layout-constrained wp-block-group-is-layout-constrained\">\n\n<figure class=\"wp-block-image size-medium gruff-product-card__image\"><img loading=\"lazy\" decoding=\"async\" width=\"300\" height=\"300\" src=\"https:\/\/grufftechnology.eu\/wp-content\/uploads\/2026\/03\/business-solutions-iredgUgEj2qwwVDYxLkBz2-300x300.webp\" alt=\"Gruff Business Solutions\" class=\"wp-image-1583\" srcset=\"https:\/\/grufftechnology.eu\/wp-content\/uploads\/2026\/03\/business-solutions-iredgUgEj2qwwVDYxLkBz2-300x300.webp 300w, https:\/\/grufftechnology.eu\/wp-content\/uploads\/2026\/03\/business-solutions-iredgUgEj2qwwVDYxLkBz2-100x100.webp 100w, https:\/\/grufftechnology.eu\/wp-content\/uploads\/2026\/03\/business-solutions-iredgUgEj2qwwVDYxLkBz2-600x600.webp 600w, https:\/\/grufftechnology.eu\/wp-content\/uploads\/2026\/03\/business-solutions-iredgUgEj2qwwVDYxLkBz2-1024x1024.webp 1024w, https:\/\/grufftechnology.eu\/wp-content\/uploads\/2026\/03\/business-solutions-iredgUgEj2qwwVDYxLkBz2-150x150.webp 150w, https:\/\/grufftechnology.eu\/wp-content\/uploads\/2026\/03\/business-solutions-iredgUgEj2qwwVDYxLkBz2-768x768.webp 768w, https:\/\/grufftechnology.eu\/wp-content\/uploads\/2026\/03\/business-solutions-iredgUgEj2qwwVDYxLkBz2-1536x1536.webp 1536w, https:\/\/grufftechnology.eu\/wp-content\/uploads\/2026\/03\/business-solutions-iredgUgEj2qwwVDYxLkBz2.webp 1920w\" sizes=\"auto, (max-width: 300px) 100vw, 300px\" \/><\/figure>\n\n\n<h3 class=\"wp-block-heading has-xl-font-size\" style=\"font-weight:700\">\u00c4rilahendused<\/h3>\n\n\n<ul class=\"has-muted-color has-text-color has-small-font-size wp-block-list\">\n<li>Kohandatud lahendused kontoritele ja ladudele<\/li>\n\n\n<li>T\u00e4iustatud API juurdep\u00e4\u00e4s ja aruandlus<\/li>\n\n\n<li>Mitme seadme halduspaneel<\/li>\n<\/ul>\n\n\n<p class=\"has-muted-color has-text-color has-small-font-size\">Individuaalne hinnastamine<\/p>\n\n\n<div class=\"wp-block-buttons is-layout-flex wp-block-buttons-is-layout-flex\">\n<div class=\"wp-block-button is-style-outline is-style-outline--2\"><a class=\"wp-block-button__link wp-element-button\" href=\"\/et\/kontakt\/\">V\u00f5ta \u00fchendust<\/a><\/div>\n<\/div>\n\n<\/div>\n\n<\/div>\n\n<\/div>\n\n<\/div>\n\n\n\n<div class=\"wp-block-group gruff-section gruff-section--surface has-surface-background-color has-background has-global-padding is-layout-constrained wp-container-core-group-is-layout-3a4e4474 wp-block-group-is-layout-constrained\">\n\n<div class=\"wp-block-columns is-layout-flex wp-container-core-columns-is-layout-1b715042 wp-block-columns-is-layout-flex\">\n\n<div class=\"wp-block-column is-layout-flow wp-block-column-is-layout-flow\" style=\"flex-basis:66.66%\">\n\n<h2 class=\"wp-block-heading has-4-xl-font-size\">Nutipistik j\u00e4lgib<br><mark style=\"background-color:transparent;color:#14C546\" class=\"has-inline-color\">Nord Pooli hindu<\/mark><\/h2>\n\n\n\n<p class=\"has-muted-color has-text-color\">Pistik l\u00fclitab automaatselt seadmed sisse ja v\u00e4lja vastavalt elektrihinnale. Sina seadistad maksimaalse hinna \u2014 pistik teeb \u00fclej\u00e4\u00e4nu.<\/p>\n\n\n\n<div class=\"wp-block-columns is-layout-flex wp-container-core-columns-is-layout-28f84493 wp-block-columns-is-layout-flex\">\n\n<div class=\"wp-block-column is-layout-flow wp-block-column-is-layout-flow\">\n\n<div class=\"wp-block-group gruff-why-item is-nowrap is-layout-flex wp-container-core-group-is-layout-6a90dc5c wp-block-group-is-layout-flex\">\n\n<p class=\"gruff-icon-text\">eco<\/p>\n\n\n<div class=\"wp-block-group is-layout-flow wp-container-core-group-is-layout-a4d9b9e8 wp-block-group-is-layout-flow\">\n\n<h3 class=\"wp-block-heading has-large-font-size\" style=\"font-weight:600\">Rohelised tunnid<\/h3>\n\n\n<p class=\"has-muted-color has-text-color has-small-font-size\">Pistik l\u00fclitub automaatselt sisse soodsatel tundidel, s\u00e4\u00e4stes raha, kui sa magad v\u00f5i t\u00f6\u00f6tad.<\/p>\n\n<\/div>\n\n<\/div>\n\n<\/div>\n\n\n\n<div class=\"wp-block-column is-layout-flow wp-block-column-is-layout-flow\">\n\n<div class=\"wp-block-group gruff-why-item is-nowrap is-layout-flex wp-container-core-group-is-layout-6a90dc5c wp-block-group-is-layout-flex\">\n\n<p class=\"gruff-icon-text\">block<\/p>\n\n\n<div class=\"wp-block-group is-layout-flow wp-container-core-group-is-layout-a4d9b9e8 wp-block-group-is-layout-flow\">\n\n<h3 class=\"wp-block-heading has-large-font-size\" style=\"font-weight:600\">Punased tunnid<\/h3>\n\n\n<p class=\"has-muted-color has-text-color has-small-font-size\">Vool l\u00fclitatakse v\u00e4lja kallite tipptundidel, mida n\u00e4itab punane LED-r\u00f5ngas pistikul.<\/p>\n\n<\/div>\n\n<\/div>\n\n<\/div>\n\n<\/div>\n\n\n\n<p style=\"border-left-color:#14C546;border-left-width:3px;padding-left:1rem\">Gruff nutipistikuga saad s\u00e4\u00e4sta raha ja hoida t\u00e4pset kontrolli oma kodu v\u00f5i ettev\u00f5tte elektritarbimise \u00fcle, v\u00e4hendades samal ajal v\u00f5rgu koormust tipptundidel.<\/p>\n\n<\/div>\n\n\n\n<div class=\"wp-block-column is-vertically-aligned-center is-layout-flex is-vertical is-content-justification-right wp-container-core-column-is-layout-a18aa0d7 wp-block-column-is-layout-flex\" style=\"flex-basis:50%;display:flex;flex-direction:column;align-items:flex-end\">\n\t<div style=\"display:flex;justify-content:center;\">\n\t\t<img decoding=\"async\" src=\"https:\/\/grufftechnology.eu\/wp-content\/uploads\/2026\/03\/boiler.jpg\" alt=\"Gruff app boiler screen\" class=\"gruff-phone-mockup-img\" style=\"max-width:320px;width:100%;height:auto;border-radius:2rem;\" \/>\n\t<\/div>\n\t\n\n<\/div>\n\n<\/div>\n\n<\/div>\n\n\n\n<div class=\"wp-block-group gruff-section has-global-padding is-layout-constrained wp-container-core-group-is-layout-3a4e4474 wp-block-group-is-layout-constrained\">\n\n<h2 class=\"wp-block-heading has-text-align-center has-4-xl-font-size\">Tagasiside<\/h2>\n\n\n<div class=\"gruff-feedback-grid\" style=\"display:grid;grid-template-columns:repeat(auto-fit,minmax(300px,1fr));gap:1.5rem;\"><div class=\"gruff-testimonial\"><div class=\"gruff-testimonial__stars\">\u2605\u2605\u2605\u2605\u2605<\/div><p class=\"gruff-testimonial__text\">Mul oli algselt 4 pistikut ja andsin \u00fche s\u00f5brale. Ma mitte ainult ei soovita teie pistikut, vaid teen nendega ka kingitusi. Eestis valmistatud ja v\u00e4ga vinge.<\/p><p class=\"gruff-testimonial__name\">Erkki<\/p><\/div><div class=\"gruff-testimonial\"><div class=\"gruff-testimonial__stars\">\u2605\u2605\u2605\u2605\u2605<\/div><p class=\"gruff-testimonial__text\">Kiitus ka uue rakenduse kasutajaliidese eest. See n\u00e4eb suurep\u00e4rane v\u00e4lja ja on palju mugavam kui vana versioon. Lisaks on ajastamise funktsioon (Scheduling) suurep\u00e4rane t\u00e4iendus!<\/p><p class=\"gruff-testimonial__name\">Argo<\/p><\/div><div class=\"gruff-testimonial\"><div class=\"gruff-testimonial__stars\">\u2605\u2605\u2605\u2605\u2605<\/div><p class=\"gruff-testimonial__text\">Sain pistiku k\u00e4tte, ait\u00e4h! Seadistamine ja \u00fchendamine l\u00e4ksid h\u00e4sti. Palju lihtsam ja mugavam kui eelmine versioon.<\/p><p class=\"gruff-testimonial__name\">Tiit<\/p><\/div><\/div>\n\n<\/div>\n\n\n\n<div class=\"wp-block-group gruff-section gruff-section--dark has-dark-background-color has-background has-global-padding is-layout-constrained wp-container-core-group-is-layout-985d9e89 wp-block-group-is-layout-constrained\">\n\n<h2 class=\"wp-block-heading has-text-align-center has-white-color has-text-color has-4-xl-font-size\">Pole veel kindel?<\/h2>\n\n\n\n<p class=\"has-text-align-center has-text-light-color has-text-color has-large-font-size\">Helista ja konsulteeri meie spetsialistiga.<\/p>\n\n\n\n<div class=\"wp-block-buttons is-content-justification-center is-layout-flex wp-container-core-buttons-is-layout-a89b3969 wp-block-buttons-is-layout-flex\">\n\n<div class=\"wp-block-button is-style-gruff-cta\"><a class=\"wp-block-button__link has-primary-background-color has-background wp-element-button\" href=\"tel:+3726099005\">+372 6099005<\/a><\/div>\n\n<\/div>\n\n<\/div>\n","protected":false},"excerpt":{"rendered":"<p>S\u00e4\u00e4sta nutikalt meieenergiahalduri abil Gruff Technology pakub nutipistikuid ja releesid, mis optimeerivad automaatselt sinu elektritarbimist reaalajas Nord Pooli hindade alusel. Nutikad lahendused igaks vajaduseks Vali oma kodule v\u00f5i ettev\u00f5ttele sobiv energiahaldur. Nutipistik DIN-liistu relee \u00c4rilahendused Individuaalne hinnastamine Nutipistik j\u00e4lgibNord Pooli hindu Pistik l\u00fclitab automaatselt seadmed sisse ja v\u00e4lja vastavalt elektrihinnale. Sina seadistad maksimaalse hinna \u2014 [&hellip;]<\/p>\n","protected":false},"author":1,"featured_media":0,"parent":0,"menu_order":0,"comment_status":"closed","ping_status":"closed","template":"","meta":{"inline_featured_image":false,"footnotes":""},"class_list":["post-1412","page","type-page","status-publish","hentry"],"yoast_head":"<!-- This site is optimized with the Yoast SEO plugin v27.2 - https:\/\/yoast.com\/product\/yoast-seo-wordpress\/ -->\n<title>Gruff Technology - Gruff Technology<\/title>\n<meta name=\"robots\" content=\"index, follow, max-snippet:-1, max-image-preview:large, max-video-preview:-1\" \/>\n<link rel=\"canonical\" href=\"https:\/\/grufftechnology.eu\/et\/\" \/>\n<meta property=\"og:locale\" content=\"et_EE\" \/>\n<meta property=\"og:type\" content=\"article\" \/>\n<meta property=\"og:title\" content=\"Gruff Technology - Gruff Technology\" \/>\n<meta property=\"og:description\" content=\"S\u00e4\u00e4sta nutikalt meieenergiahalduri abil Gruff Technology pakub nutipistikuid ja releesid, mis optimeerivad automaatselt sinu elektritarbimist reaalajas Nord Pooli hindade alusel. Nutikad lahendused igaks vajaduseks Vali oma kodule v\u00f5i ettev\u00f5ttele sobiv energiahaldur. Nutipistik DIN-liistu relee \u00c4rilahendused Individuaalne hinnastamine Nutipistik j\u00e4lgibNord Pooli hindu Pistik l\u00fclitab automaatselt seadmed sisse ja v\u00e4lja vastavalt elektrihinnale. Sina seadistad maksimaalse hinna \u2014 [&hellip;]\" \/>\n<meta property=\"og:url\" content=\"https:\/\/grufftechnology.eu\/et\/\" \/>\n<meta property=\"og:site_name\" content=\"Gruff Technology\" \/>\n<meta property=\"article:publisher\" content=\"https:\/\/www.facebook.com\/Grufftechnology\" \/>\n<meta property=\"article:modified_time\" content=\"2026-03-13T18:28:34+00:00\" \/>\n<meta property=\"og:image\" content=\"https:\/\/grufftechnology.eu\/wp-content\/uploads\/2026\/03\/Gruff-soc.png\" \/>\n<meta name=\"twitter:card\" content=\"summary_large_image\" \/>\n<meta name=\"twitter:label1\" content=\"Est. reading time\" \/>\n\t<meta name=\"twitter:data1\" content=\"1 minut\" \/>\n<script type=\"application\/ld+json\" class=\"yoast-schema-graph\">{\"@context\":\"https:\/\/schema.org\",\"@graph\":[{\"@type\":\"WebPage\",\"@id\":\"https:\/\/grufftechnology.eu\/et\/\",\"url\":\"https:\/\/grufftechnology.eu\/et\/\",\"name\":\"Gruff Technology - Gruff Technology\",\"isPartOf\":{\"@id\":\"https:\/\/grufftechnology.eu\/et\/#website\"},\"primaryImageOfPage\":{\"@id\":\"https:\/\/grufftechnology.eu\/et\/#primaryimage\"},\"image\":{\"@id\":\"https:\/\/grufftechnology.eu\/et\/#primaryimage\"},\"thumbnailUrl\":\"https:\/\/grufftechnology.eu\/wp-content\/uploads\/2026\/03\/Gruff-soc.png\",\"datePublished\":\"2023-02-01T16:58:03+00:00\",\"dateModified\":\"2026-03-13T18:28:34+00:00\",\"breadcrumb\":{\"@id\":\"https:\/\/grufftechnology.eu\/et\/#breadcrumb\"},\"inLanguage\":\"et\",\"potentialAction\":[{\"@type\":\"ReadAction\",\"target\":[\"https:\/\/grufftechnology.eu\/et\/\"]}]},{\"@type\":\"ImageObject\",\"inLanguage\":\"et\",\"@id\":\"https:\/\/grufftechnology.eu\/et\/#primaryimage\",\"url\":\"https:\/\/grufftechnology.eu\/wp-content\/uploads\/2026\/03\/Gruff-soc.png\",\"contentUrl\":\"https:\/\/grufftechnology.eu\/wp-content\/uploads\/2026\/03\/Gruff-soc.png\"},{\"@type\":\"BreadcrumbList\",\"@id\":\"https:\/\/grufftechnology.eu\/et\/#breadcrumb\",\"itemListElement\":[{\"@type\":\"ListItem\",\"position\":1,\"name\":\"Home\",\"item\":\"https:\/\/grufftechnology.eu\/et\/gruff-technology\/\"},{\"@type\":\"ListItem\",\"position\":2,\"name\":\"Gruff Technology\"}]},{\"@type\":\"WebSite\",\"@id\":\"https:\/\/grufftechnology.eu\/et\/#website\",\"url\":\"https:\/\/grufftechnology.eu\/et\/\",\"name\":\"Gruff Technology\",\"description\":\"Save your money with saver socket\",\"publisher\":{\"@id\":\"https:\/\/grufftechnology.eu\/et\/#organization\"},\"alternateName\":\"Gruff\",\"potentialAction\":[{\"@type\":\"SearchAction\",\"target\":{\"@type\":\"EntryPoint\",\"urlTemplate\":\"https:\/\/grufftechnology.eu\/et\/?s={search_term_string}\"},\"query-input\":{\"@type\":\"PropertyValueSpecification\",\"valueRequired\":true,\"valueName\":\"search_term_string\"}}],\"inLanguage\":\"et\"},{\"@type\":\"Organization\",\"@id\":\"https:\/\/grufftechnology.eu\/et\/#organization\",\"name\":\"Gruff Technology\",\"url\":\"https:\/\/grufftechnology.eu\/et\/\",\"logo\":{\"@type\":\"ImageObject\",\"inLanguage\":\"et\",\"@id\":\"https:\/\/grufftechnology.eu\/et\/#\/schema\/logo\/image\/\",\"url\":\"https:\/\/grufftechnology.eu\/wp-content\/uploads\/2023\/03\/GRUFF-T.svg\",\"contentUrl\":\"https:\/\/grufftechnology.eu\/wp-content\/uploads\/2023\/03\/GRUFF-T.svg\",\"caption\":\"Gruff Technology\"},\"image\":{\"@id\":\"https:\/\/grufftechnology.eu\/et\/#\/schema\/logo\/image\/\"},\"sameAs\":[\"https:\/\/www.facebook.com\/Grufftechnology\"]}]}<\/script>\n<!-- \/ Yoast SEO plugin. -->","yoast_head_json":{"title":"Gruff Technology - Gruff Technology","robots":{"index":"index","follow":"follow","max-snippet":"max-snippet:-1","max-image-preview":"max-image-preview:large","max-video-preview":"max-video-preview:-1"},"canonical":"https:\/\/grufftechnology.eu\/et\/","og_locale":"et_EE","og_type":"article","og_title":"Gruff Technology - Gruff Technology","og_description":"S\u00e4\u00e4sta nutikalt meieenergiahalduri abil Gruff Technology pakub nutipistikuid ja releesid, mis optimeerivad automaatselt sinu elektritarbimist reaalajas Nord Pooli hindade alusel. Nutikad lahendused igaks vajaduseks Vali oma kodule v\u00f5i ettev\u00f5ttele sobiv energiahaldur. Nutipistik DIN-liistu relee \u00c4rilahendused Individuaalne hinnastamine Nutipistik j\u00e4lgibNord Pooli hindu Pistik l\u00fclitab automaatselt seadmed sisse ja v\u00e4lja vastavalt elektrihinnale. Sina seadistad maksimaalse hinna \u2014 [&hellip;]","og_url":"https:\/\/grufftechnology.eu\/et\/","og_site_name":"Gruff Technology","article_publisher":"https:\/\/www.facebook.com\/Grufftechnology","article_modified_time":"2026-03-13T18:28:34+00:00","og_image":[{"url":"https:\/\/grufftechnology.eu\/wp-content\/uploads\/2026\/03\/Gruff-soc.png","type":"","width":"","height":""}],"twitter_card":"summary_large_image","twitter_misc":{"Est. reading time":"1 minut"},"schema":{"@context":"https:\/\/schema.org","@graph":[{"@type":"WebPage","@id":"https:\/\/grufftechnology.eu\/et\/","url":"https:\/\/grufftechnology.eu\/et\/","name":"Gruff Technology - Gruff Technology","isPartOf":{"@id":"https:\/\/grufftechnology.eu\/et\/#website"},"primaryImageOfPage":{"@id":"https:\/\/grufftechnology.eu\/et\/#primaryimage"},"image":{"@id":"https:\/\/grufftechnology.eu\/et\/#primaryimage"},"thumbnailUrl":"https:\/\/grufftechnology.eu\/wp-content\/uploads\/2026\/03\/Gruff-soc.png","datePublished":"2023-02-01T16:58:03+00:00","dateModified":"2026-03-13T18:28:34+00:00","breadcrumb":{"@id":"https:\/\/grufftechnology.eu\/et\/#breadcrumb"},"inLanguage":"et","potentialAction":[{"@type":"ReadAction","target":["https:\/\/grufftechnology.eu\/et\/"]}]},{"@type":"ImageObject","inLanguage":"et","@id":"https:\/\/grufftechnology.eu\/et\/#primaryimage","url":"https:\/\/grufftechnology.eu\/wp-content\/uploads\/2026\/03\/Gruff-soc.png","contentUrl":"https:\/\/grufftechnology.eu\/wp-content\/uploads\/2026\/03\/Gruff-soc.png"},{"@type":"BreadcrumbList","@id":"https:\/\/grufftechnology.eu\/et\/#breadcrumb","itemListElement":[{"@type":"ListItem","position":1,"name":"Home","item":"https:\/\/grufftechnology.eu\/et\/gruff-technology\/"},{"@type":"ListItem","position":2,"name":"Gruff Technology"}]},{"@type":"WebSite","@id":"https:\/\/grufftechnology.eu\/et\/#website","url":"https:\/\/grufftechnology.eu\/et\/","name":"Gruff Technology","description":"Save your money with saver socket","publisher":{"@id":"https:\/\/grufftechnology.eu\/et\/#organization"},"alternateName":"Gruff","potentialAction":[{"@type":"SearchAction","target":{"@type":"EntryPoint","urlTemplate":"https:\/\/grufftechnology.eu\/et\/?s={search_term_string}"},"query-input":{"@type":"PropertyValueSpecification","valueRequired":true,"valueName":"search_term_string"}}],"inLanguage":"et"},{"@type":"Organization","@id":"https:\/\/grufftechnology.eu\/et\/#organization","name":"Gruff Technology","url":"https:\/\/grufftechnology.eu\/et\/","logo":{"@type":"ImageObject","inLanguage":"et","@id":"https:\/\/grufftechnology.eu\/et\/#\/schema\/logo\/image\/","url":"https:\/\/grufftechnology.eu\/wp-content\/uploads\/2023\/03\/GRUFF-T.svg","contentUrl":"https:\/\/grufftechnology.eu\/wp-content\/uploads\/2023\/03\/GRUFF-T.svg","caption":"Gruff Technology"},"image":{"@id":"https:\/\/grufftechnology.eu\/et\/#\/schema\/logo\/image\/"},"sameAs":["https:\/\/www.facebook.com\/Grufftechnology"]}]}},"_links":{"self":[{"href":"https:\/\/grufftechnology.eu\/et\/wp-json\/wp\/v2\/pages\/1412","targetHints":{"allow":["GET"]}}],"collection":[{"href":"https:\/\/grufftechnology.eu\/et\/wp-json\/wp\/v2\/pages"}],"about":[{"href":"https:\/\/grufftechnology.eu\/et\/wp-json\/wp\/v2\/types\/page"}],"author":[{"embeddable":true,"href":"https:\/\/grufftechnology.eu\/et\/wp-json\/wp\/v2\/users\/1"}],"replies":[{"embeddable":true,"href":"https:\/\/grufftechnology.eu\/et\/wp-json\/wp\/v2\/comments?post=1412"}],"version-history":[{"count":3,"href":"https:\/\/grufftechnology.eu\/et\/wp-json\/wp\/v2\/pages\/1412\/revisions"}],"predecessor-version":[{"id":2234,"href":"https:\/\/grufftechnology.eu\/et\/wp-json\/wp\/v2\/pages\/1412\/revisions\/2234"}],"wp:attachment":[{"href":"https:\/\/grufftechnology.eu\/et\/wp-json\/wp\/v2\/media?parent=1412"}],"curies":[{"name":"wp","href":"https:\/\/api.w.org\/{rel}","templated":true}]}}