{"id":1465,"date":"2026-03-06T20:35:13","date_gmt":"2026-03-06T18:35:13","guid":{"rendered":"https:\/\/grufftechnology.eu\/arikliendile\/"},"modified":"2026-03-13T20:25:47","modified_gmt":"2026-03-13T18:25:47","slug":"arikliendile","status":"publish","type":"page","link":"https:\/\/grufftechnology.eu\/et\/arikliendile\/","title":{"rendered":"\u00c4rikliendile"},"content":{"rendered":"\n<div class=\"wp-block-group gruff-section has-global-padding is-layout-constrained wp-container-core-group-is-layout-3a4e4474 wp-block-group-is-layout-constrained\">\n\n<div class=\"wp-block-columns is-layout-flex wp-container-core-columns-is-layout-6b276c36 wp-block-columns-is-layout-flex\">\n\n<div class=\"wp-block-column is-layout-flow wp-block-column-is-layout-flow\" style=\"flex-basis:60%\">\n\n<p class=\"has-primary-color has-text-color has-small-font-size\" style=\"font-weight:600\">\u00c4ri<\/p>\n\n\n\n<h1 class=\"wp-block-heading has-5-xl-font-size\" style=\"font-weight:800;letter-spacing:-0.025em;line-height:1.15\">\u00c4rilahendused<br><mark style=\"background-color:transparent;color:#14C546\" class=\"has-inline-color\">energiahalduseks<\/mark><\/h1>\n\n\n\n<p class=\"has-muted-color has-text-color\">Gruff Technology pakub kohandatud energiahalduse lahendusi ettev\u00f5tetele. V\u00e4hendage ettev\u00f5tte elektrikulusid ja hallake mitut seadet \u00fchelt juhtpaneelilt.<\/p>\n\n\n\n<ul class=\"has-muted-color has-text-color has-small-font-size wp-block-list\">\n<li>Kohandatud lahendused kontoritele ja ladudele<\/li>\n\n\n<li>T\u00e4iustatud API juurdep\u00e4\u00e4s ja aruandlus<\/li>\n\n\n<li>Mitme seadme halduspaneel<\/li>\n\n\n<li>Individuaalne hinnastamine<\/li>\n\n\n<li>Prioriteetne klienditugi<\/li>\n<\/ul>\n\n\n\n<div class=\"wp-block-buttons is-layout-flex wp-block-buttons-is-layout-flex\">\n<div class=\"wp-block-button is-style-gruff-cta\"><a class=\"wp-block-button__link has-primary-background-color has-background wp-element-button\" href=\"\/et\/kontakt\/\">V\u00f5ta \u00fchendust<\/a><\/div>\n<\/div>\n\n<\/div>\n\n\n\n<div class=\"wp-block-column is-layout-flow wp-block-column-is-layout-flow\" style=\"flex-basis:40%\">\n\n<figure class=\"wp-block-image size-large\"><img decoding=\"async\" src=\"https:\/\/grufftechnology.eu\/wp-content\/uploads\/2024\/07\/pakend-automation.jpg\" alt=\"Business Solutions\"\/><\/figure>\n\n<\/div>\n\n<\/div>\n\n<\/div>\n\n\n\n<div class=\"wp-block-group gruff-section gruff-section--surface has-surface-background-color has-background has-global-padding is-layout-constrained wp-container-core-group-is-layout-3a4e4474 wp-block-group-is-layout-constrained\">\n\n<h2 class=\"wp-block-heading has-text-align-center has-4-xl-font-size\">Miks valida Gruff \u00e4rilahendus?<\/h2>\n\n\n\n<div class=\"wp-block-columns is-layout-flex wp-container-core-columns-is-layout-e0bfaba5 wp-block-columns-is-layout-flex\">\n\n<div class=\"wp-block-column is-layout-flow wp-block-column-is-layout-flow\">\n\n<div class=\"wp-block-group gruff-card has-global-padding is-layout-constrained wp-block-group-is-layout-constrained\">\n\n<p class=\"gruff-icon-text\">trending_down<\/p>\n\n\n<h3 class=\"wp-block-heading has-xl-font-size\">Kulude v\u00e4hendamine<\/h3>\n\n\n<p class=\"has-muted-color has-text-color has-small-font-size\">Automaatne energiatarbimise optimeerimine Nord Pooli hindade alusel v\u00e4hendab oluliselt teie ettev\u00f5tte elektrikulusid.<\/p>\n\n<\/div>\n\n<\/div>\n\n\n\n<div class=\"wp-block-column is-layout-flow wp-block-column-is-layout-flow\">\n\n<div class=\"wp-block-group gruff-card has-global-padding is-layout-constrained wp-block-group-is-layout-constrained\">\n\n<p class=\"gruff-icon-text\">dashboard<\/p>\n\n\n<h3 class=\"wp-block-heading has-xl-font-size\">Tsentraliseeritud juhtimine<\/h3>\n\n\n<p class=\"has-muted-color has-text-color has-small-font-size\">Halda k\u00f5iki seadmeid \u00fchelt juhtpaneelilt. Reaalajas \u00fclevaade energiatarbimisest ja kuludest.<\/p>\n\n<\/div>\n\n<\/div>\n\n\n\n<div class=\"wp-block-column is-layout-flow wp-block-column-is-layout-flow\">\n\n<div class=\"wp-block-group gruff-card has-global-padding is-layout-constrained wp-block-group-is-layout-constrained\">\n\n<p class=\"gruff-icon-text\">api<\/p>\n\n\n<h3 class=\"wp-block-heading has-xl-font-size\">API integratsioon<\/h3>\n\n\n<p class=\"has-muted-color has-text-color has-small-font-size\">T\u00e4iustatud API v\u00f5imaldab energiahalduse integreerimist olemasolevatesse s\u00fcsteemidesse ja kohandatud aruannete loomist.<\/p>\n\n<\/div>\n\n<\/div>\n\n<\/div>\n\n<\/div>\n\n\n\n<div class=\"wp-block-group gruff-section has-global-padding is-layout-constrained wp-container-core-group-is-layout-3a4e4474 wp-block-group-is-layout-constrained\">\n\n<h2 class=\"wp-block-heading has-text-align-center has-4-xl-font-size\">Nutikad lahendused igaks vajaduseks<\/h2>\n\n\n\n<p class=\"has-text-align-center has-muted-color has-text-color\">Vali oma kodule v\u00f5i ettev\u00f5ttele sobiv energiahaldur.<\/p>\n\n\n\n<div class=\"wp-block-columns is-layout-flex wp-container-core-columns-is-layout-6b276c36 wp-block-columns-is-layout-flex\">\n\n<div class=\"wp-block-column is-layout-flow wp-block-column-is-layout-flow\">\n\n<div class=\"wp-block-group gruff-product-card has-global-padding is-layout-constrained wp-block-group-is-layout-constrained\">\n\n<figure class=\"wp-block-image size-medium gruff-product-card__image\"><img decoding=\"async\" src=\"https:\/\/grufftechnology.eu\/wp-content\/uploads\/2026\/03\/Gruff-soc.png\" alt=\"Nutipistik\"\/><\/figure>\n\n\n<h3 class=\"wp-block-heading has-xl-font-size\" style=\"font-weight:700\">Nutipistik<\/h3>\n\n\n<ul class=\"has-muted-color has-text-color has-small-font-size wp-block-list\">\n<li>\u00dchendub otse olemasolevasse pistikupessa<\/li>\n\n\n<li>Juhib suure tarbimisega seadmeid kuni 3,5 kW<\/li>\n\n\n<li>Visuaalne hinnaindikaator (roheline\/punane LED)<\/li>\n<\/ul>\n\n<span class=\"woocommerce-Price-amount amount\">65,00&nbsp;<span class=\"woocommerce-Price-currencySymbol\">&euro;<\/span><\/span>\n\n<a href=\"https:\/\/grufftechnology.eu\/et\/ostukorv\/?add-to-cart=1369\" class=\"gruff-cta-link\" style=\"padding:0.5rem 1rem;border-radius:0.5rem;font-size:0.875rem;\">Lisa ostukorvi <span class=\"material-icons\" style=\"font-size:1rem;\">add_shopping_cart<\/span><\/a>\n\n<\/div>\n\n<\/div>\n\n\n\n<div class=\"wp-block-column is-layout-flow wp-block-column-is-layout-flow\">\n\n<div class=\"wp-block-group gruff-product-card has-global-padding is-layout-constrained wp-block-group-is-layout-constrained\">\n\n<figure class=\"wp-block-image size-medium gruff-product-card__image\"><img decoding=\"async\" src=\"https:\/\/grufftechnology.eu\/wp-content\/uploads\/2026\/03\/relee-taustata.png\" alt=\"DIN-liistu relee\"\/><\/figure>\n\n\n<h3 class=\"wp-block-heading has-xl-font-size\" style=\"font-weight:700\">DIN-liistu relee<\/h3>\n\n\n<ul class=\"has-muted-color has-text-color has-small-font-size wp-block-list\">\n<li>Paigaldatakse otse elektrikilpi<\/li>\n\n\n<li>Ideaalne elektriboileritele ja p\u00f5randak\u00fcttele<\/li>\n\n\n<li>N\u00f5uab professionaalset paigaldust<\/li>\n<\/ul>\n\n<span class=\"woocommerce-Price-amount amount\">95,00&nbsp;<span class=\"woocommerce-Price-currencySymbol\">&euro;<\/span><\/span>\n\n<a href=\"https:\/\/grufftechnology.eu\/et\/ostukorv\/?add-to-cart=1389\" class=\"gruff-cta-link\" style=\"padding:0.5rem 1rem;border-radius:0.5rem;font-size:0.875rem;\">Lisa ostukorvi <span class=\"material-icons\" style=\"font-size:1rem;\">add_shopping_cart<\/span><\/a>\n\n<\/div>\n\n<\/div>\n\n\n\n<div class=\"wp-block-column is-layout-flow wp-block-column-is-layout-flow\">\n\n<div class=\"wp-block-group gruff-product-card has-global-padding is-layout-constrained wp-block-group-is-layout-constrained\">\n\n<figure class=\"wp-block-image size-medium gruff-product-card__image\"><img loading=\"lazy\" decoding=\"async\" width=\"300\" height=\"300\" src=\"https:\/\/grufftechnology.eu\/wp-content\/uploads\/2026\/03\/business-solutions-iredgUgEj2qwwVDYxLkBz2-300x300.webp\" alt=\"Gruff Business Solutions\" class=\"wp-image-1583\" srcset=\"https:\/\/grufftechnology.eu\/wp-content\/uploads\/2026\/03\/business-solutions-iredgUgEj2qwwVDYxLkBz2-300x300.webp 300w, https:\/\/grufftechnology.eu\/wp-content\/uploads\/2026\/03\/business-solutions-iredgUgEj2qwwVDYxLkBz2-100x100.webp 100w, https:\/\/grufftechnology.eu\/wp-content\/uploads\/2026\/03\/business-solutions-iredgUgEj2qwwVDYxLkBz2-600x600.webp 600w, https:\/\/grufftechnology.eu\/wp-content\/uploads\/2026\/03\/business-solutions-iredgUgEj2qwwVDYxLkBz2-1024x1024.webp 1024w, https:\/\/grufftechnology.eu\/wp-content\/uploads\/2026\/03\/business-solutions-iredgUgEj2qwwVDYxLkBz2-150x150.webp 150w, https:\/\/grufftechnology.eu\/wp-content\/uploads\/2026\/03\/business-solutions-iredgUgEj2qwwVDYxLkBz2-768x768.webp 768w, https:\/\/grufftechnology.eu\/wp-content\/uploads\/2026\/03\/business-solutions-iredgUgEj2qwwVDYxLkBz2-1536x1536.webp 1536w, https:\/\/grufftechnology.eu\/wp-content\/uploads\/2026\/03\/business-solutions-iredgUgEj2qwwVDYxLkBz2.webp 1920w\" sizes=\"auto, (max-width: 300px) 100vw, 300px\" \/><\/figure>\n\n\n<h3 class=\"wp-block-heading has-xl-font-size\" style=\"font-weight:700\">\u00c4rilahendused<\/h3>\n\n\n<ul class=\"has-muted-color has-text-color has-small-font-size wp-block-list\">\n<li>Kohandatud lahendused kontoritele ja ladudele<\/li>\n\n\n<li>T\u00e4iustatud API juurdep\u00e4\u00e4s ja aruandlus<\/li>\n\n\n<li>Mitme seadme halduspaneel<\/li>\n<\/ul>\n\n\n<p class=\"has-muted-color has-text-color has-small-font-size\">Individuaalne hinnastamine<\/p>\n\n\n<div class=\"wp-block-buttons is-layout-flex wp-block-buttons-is-layout-flex\">\n<div class=\"wp-block-button is-style-outline is-style-outline--1\"><a class=\"wp-block-button__link wp-element-button\" href=\"\/et\/kontakt\/\">V\u00f5ta \u00fchendust<\/a><\/div>\n<\/div>\n\n<\/div>\n\n<\/div>\n\n<\/div>\n\n<\/div>\n\n\n\n<div class=\"wp-block-group gruff-section gruff-section--dark has-dark-background-color has-background has-global-padding is-layout-constrained wp-container-core-group-is-layout-985d9e89 wp-block-group-is-layout-constrained\">\n\n<h2 class=\"wp-block-heading has-text-align-center has-white-color has-text-color has-4-xl-font-size\">R\u00e4\u00e4gime sinu vajadustest<\/h2>\n\n\n<p class=\"has-text-align-center has-text-light-color has-text-color has-large-font-size\">V\u00f5ta meiega \u00fchendust ja leiame sinu ettev\u00f5ttele sobiva lahenduse.<\/p>\n\n\n<div class=\"wp-block-buttons is-content-justification-center is-layout-flex wp-container-core-buttons-is-layout-a89b3969 wp-block-buttons-is-layout-flex\">\n\n<div class=\"wp-block-button is-style-gruff-cta\"><a class=\"wp-block-button__link has-primary-background-color has-background wp-element-button\" href=\"tel:+37253493962\">+372 53493962<\/a><\/div>\n\n\n<div class=\"wp-block-button is-style-outline is-style-outline--2\"><a class=\"wp-block-button__link wp-element-button\" href=\"mailto:info@grufftechnology.eu\">info@grufftechnology.eu<\/a><\/div>\n\n<\/div>\n\n<\/div>\n","protected":false},"excerpt":{"rendered":"<p>\u00c4ri \u00c4rilahendusedenergiahalduseks Gruff Technology pakub kohandatud energiahalduse lahendusi ettev\u00f5tetele. V\u00e4hendage ettev\u00f5tte elektrikulusid ja hallake mitut seadet \u00fchelt juhtpaneelilt. Miks valida Gruff \u00e4rilahendus? trending_down Kulude v\u00e4hendamine Automaatne energiatarbimise optimeerimine Nord Pooli hindade alusel v\u00e4hendab oluliselt teie ettev\u00f5tte elektrikulusid. dashboard Tsentraliseeritud juhtimine Halda k\u00f5iki seadmeid \u00fchelt juhtpaneelilt. Reaalajas \u00fclevaade energiatarbimisest ja kuludest. api API integratsioon T\u00e4iustatud API [&hellip;]<\/p>\n","protected":false},"author":4,"featured_media":0,"parent":0,"menu_order":0,"comment_status":"closed","ping_status":"closed","template":"page-arikliendile","meta":{"inline_featured_image":false,"footnotes":""},"class_list":["post-1465","page","type-page","status-publish","hentry"],"yoast_head":"<!-- This site is optimized with the Yoast SEO plugin v27.2 - https:\/\/yoast.com\/product\/yoast-seo-wordpress\/ -->\n<title>\u00c4rikliendile - Gruff Technology<\/title>\n<meta name=\"robots\" content=\"index, follow, max-snippet:-1, max-image-preview:large, max-video-preview:-1\" \/>\n<link rel=\"canonical\" href=\"https:\/\/grufftechnology.eu\/et\/arikliendile\/\" \/>\n<meta property=\"og:locale\" content=\"et_EE\" \/>\n<meta property=\"og:type\" content=\"article\" \/>\n<meta property=\"og:title\" content=\"\u00c4rikliendile - Gruff Technology\" \/>\n<meta property=\"og:description\" content=\"\u00c4ri \u00c4rilahendusedenergiahalduseks Gruff Technology pakub kohandatud energiahalduse lahendusi ettev\u00f5tetele. V\u00e4hendage ettev\u00f5tte elektrikulusid ja hallake mitut seadet \u00fchelt juhtpaneelilt. Miks valida Gruff \u00e4rilahendus? trending_down Kulude v\u00e4hendamine Automaatne energiatarbimise optimeerimine Nord Pooli hindade alusel v\u00e4hendab oluliselt teie ettev\u00f5tte elektrikulusid. dashboard Tsentraliseeritud juhtimine Halda k\u00f5iki seadmeid \u00fchelt juhtpaneelilt. Reaalajas \u00fclevaade energiatarbimisest ja kuludest. api API integratsioon T\u00e4iustatud API [&hellip;]\" \/>\n<meta property=\"og:url\" content=\"https:\/\/grufftechnology.eu\/et\/arikliendile\/\" \/>\n<meta property=\"og:site_name\" content=\"Gruff Technology\" \/>\n<meta property=\"article:publisher\" content=\"https:\/\/www.facebook.com\/Grufftechnology\" \/>\n<meta property=\"article:modified_time\" content=\"2026-03-13T18:25:47+00:00\" \/>\n<meta property=\"og:image\" content=\"https:\/\/grufftechnology.eu\/wp-content\/uploads\/2024\/07\/pakend-automation.jpg\" \/>\n<meta name=\"twitter:card\" content=\"summary_large_image\" \/>\n<meta name=\"twitter:label1\" content=\"Est. reading time\" \/>\n\t<meta name=\"twitter:data1\" content=\"1 minut\" \/>\n<script type=\"application\/ld+json\" class=\"yoast-schema-graph\">{\"@context\":\"https:\/\/schema.org\",\"@graph\":[{\"@type\":\"WebPage\",\"@id\":\"https:\/\/grufftechnology.eu\/et\/arikliendile\/\",\"url\":\"https:\/\/grufftechnology.eu\/et\/arikliendile\/\",\"name\":\"\u00c4rikliendile - Gruff Technology\",\"isPartOf\":{\"@id\":\"https:\/\/grufftechnology.eu\/et\/#website\"},\"primaryImageOfPage\":{\"@id\":\"https:\/\/grufftechnology.eu\/et\/arikliendile\/#primaryimage\"},\"image\":{\"@id\":\"https:\/\/grufftechnology.eu\/et\/arikliendile\/#primaryimage\"},\"thumbnailUrl\":\"https:\/\/grufftechnology.eu\/wp-content\/uploads\/2024\/07\/pakend-automation.jpg\",\"datePublished\":\"2026-03-06T18:35:13+00:00\",\"dateModified\":\"2026-03-13T18:25:47+00:00\",\"breadcrumb\":{\"@id\":\"https:\/\/grufftechnology.eu\/et\/arikliendile\/#breadcrumb\"},\"inLanguage\":\"et\",\"potentialAction\":[{\"@type\":\"ReadAction\",\"target\":[\"https:\/\/grufftechnology.eu\/et\/arikliendile\/\"]}]},{\"@type\":\"ImageObject\",\"inLanguage\":\"et\",\"@id\":\"https:\/\/grufftechnology.eu\/et\/arikliendile\/#primaryimage\",\"url\":\"https:\/\/grufftechnology.eu\/wp-content\/uploads\/2024\/07\/pakend-automation.jpg\",\"contentUrl\":\"https:\/\/grufftechnology.eu\/wp-content\/uploads\/2024\/07\/pakend-automation.jpg\"},{\"@type\":\"BreadcrumbList\",\"@id\":\"https:\/\/grufftechnology.eu\/et\/arikliendile\/#breadcrumb\",\"itemListElement\":[{\"@type\":\"ListItem\",\"position\":1,\"name\":\"Home\",\"item\":\"https:\/\/grufftechnology.eu\/et\/gruff-technology\/\"},{\"@type\":\"ListItem\",\"position\":2,\"name\":\"\u00c4rikliendile\"}]},{\"@type\":\"WebSite\",\"@id\":\"https:\/\/grufftechnology.eu\/et\/#website\",\"url\":\"https:\/\/grufftechnology.eu\/et\/\",\"name\":\"Gruff Technology\",\"description\":\"Save your money with saver socket\",\"publisher\":{\"@id\":\"https:\/\/grufftechnology.eu\/et\/#organization\"},\"alternateName\":\"Gruff\",\"potentialAction\":[{\"@type\":\"SearchAction\",\"target\":{\"@type\":\"EntryPoint\",\"urlTemplate\":\"https:\/\/grufftechnology.eu\/et\/?s={search_term_string}\"},\"query-input\":{\"@type\":\"PropertyValueSpecification\",\"valueRequired\":true,\"valueName\":\"search_term_string\"}}],\"inLanguage\":\"et\"},{\"@type\":\"Organization\",\"@id\":\"https:\/\/grufftechnology.eu\/et\/#organization\",\"name\":\"Gruff Technology\",\"url\":\"https:\/\/grufftechnology.eu\/et\/\",\"logo\":{\"@type\":\"ImageObject\",\"inLanguage\":\"et\",\"@id\":\"https:\/\/grufftechnology.eu\/et\/#\/schema\/logo\/image\/\",\"url\":\"https:\/\/grufftechnology.eu\/wp-content\/uploads\/2023\/03\/GRUFF-T.svg\",\"contentUrl\":\"https:\/\/grufftechnology.eu\/wp-content\/uploads\/2023\/03\/GRUFF-T.svg\",\"caption\":\"Gruff Technology\"},\"image\":{\"@id\":\"https:\/\/grufftechnology.eu\/et\/#\/schema\/logo\/image\/\"},\"sameAs\":[\"https:\/\/www.facebook.com\/Grufftechnology\"]}]}<\/script>\n<!-- \/ Yoast SEO plugin. -->","yoast_head_json":{"title":"\u00c4rikliendile - Gruff Technology","robots":{"index":"index","follow":"follow","max-snippet":"max-snippet:-1","max-image-preview":"max-image-preview:large","max-video-preview":"max-video-preview:-1"},"canonical":"https:\/\/grufftechnology.eu\/et\/arikliendile\/","og_locale":"et_EE","og_type":"article","og_title":"\u00c4rikliendile - Gruff Technology","og_description":"\u00c4ri \u00c4rilahendusedenergiahalduseks Gruff Technology pakub kohandatud energiahalduse lahendusi ettev\u00f5tetele. V\u00e4hendage ettev\u00f5tte elektrikulusid ja hallake mitut seadet \u00fchelt juhtpaneelilt. Miks valida Gruff \u00e4rilahendus? trending_down Kulude v\u00e4hendamine Automaatne energiatarbimise optimeerimine Nord Pooli hindade alusel v\u00e4hendab oluliselt teie ettev\u00f5tte elektrikulusid. dashboard Tsentraliseeritud juhtimine Halda k\u00f5iki seadmeid \u00fchelt juhtpaneelilt. Reaalajas \u00fclevaade energiatarbimisest ja kuludest. api API integratsioon T\u00e4iustatud API [&hellip;]","og_url":"https:\/\/grufftechnology.eu\/et\/arikliendile\/","og_site_name":"Gruff Technology","article_publisher":"https:\/\/www.facebook.com\/Grufftechnology","article_modified_time":"2026-03-13T18:25:47+00:00","og_image":[{"url":"https:\/\/grufftechnology.eu\/wp-content\/uploads\/2024\/07\/pakend-automation.jpg","type":"","width":"","height":""}],"twitter_card":"summary_large_image","twitter_misc":{"Est. reading time":"1 minut"},"schema":{"@context":"https:\/\/schema.org","@graph":[{"@type":"WebPage","@id":"https:\/\/grufftechnology.eu\/et\/arikliendile\/","url":"https:\/\/grufftechnology.eu\/et\/arikliendile\/","name":"\u00c4rikliendile - Gruff Technology","isPartOf":{"@id":"https:\/\/grufftechnology.eu\/et\/#website"},"primaryImageOfPage":{"@id":"https:\/\/grufftechnology.eu\/et\/arikliendile\/#primaryimage"},"image":{"@id":"https:\/\/grufftechnology.eu\/et\/arikliendile\/#primaryimage"},"thumbnailUrl":"https:\/\/grufftechnology.eu\/wp-content\/uploads\/2024\/07\/pakend-automation.jpg","datePublished":"2026-03-06T18:35:13+00:00","dateModified":"2026-03-13T18:25:47+00:00","breadcrumb":{"@id":"https:\/\/grufftechnology.eu\/et\/arikliendile\/#breadcrumb"},"inLanguage":"et","potentialAction":[{"@type":"ReadAction","target":["https:\/\/grufftechnology.eu\/et\/arikliendile\/"]}]},{"@type":"ImageObject","inLanguage":"et","@id":"https:\/\/grufftechnology.eu\/et\/arikliendile\/#primaryimage","url":"https:\/\/grufftechnology.eu\/wp-content\/uploads\/2024\/07\/pakend-automation.jpg","contentUrl":"https:\/\/grufftechnology.eu\/wp-content\/uploads\/2024\/07\/pakend-automation.jpg"},{"@type":"BreadcrumbList","@id":"https:\/\/grufftechnology.eu\/et\/arikliendile\/#breadcrumb","itemListElement":[{"@type":"ListItem","position":1,"name":"Home","item":"https:\/\/grufftechnology.eu\/et\/gruff-technology\/"},{"@type":"ListItem","position":2,"name":"\u00c4rikliendile"}]},{"@type":"WebSite","@id":"https:\/\/grufftechnology.eu\/et\/#website","url":"https:\/\/grufftechnology.eu\/et\/","name":"Gruff Technology","description":"Save your money with saver socket","publisher":{"@id":"https:\/\/grufftechnology.eu\/et\/#organization"},"alternateName":"Gruff","potentialAction":[{"@type":"SearchAction","target":{"@type":"EntryPoint","urlTemplate":"https:\/\/grufftechnology.eu\/et\/?s={search_term_string}"},"query-input":{"@type":"PropertyValueSpecification","valueRequired":true,"valueName":"search_term_string"}}],"inLanguage":"et"},{"@type":"Organization","@id":"https:\/\/grufftechnology.eu\/et\/#organization","name":"Gruff Technology","url":"https:\/\/grufftechnology.eu\/et\/","logo":{"@type":"ImageObject","inLanguage":"et","@id":"https:\/\/grufftechnology.eu\/et\/#\/schema\/logo\/image\/","url":"https:\/\/grufftechnology.eu\/wp-content\/uploads\/2023\/03\/GRUFF-T.svg","contentUrl":"https:\/\/grufftechnology.eu\/wp-content\/uploads\/2023\/03\/GRUFF-T.svg","caption":"Gruff Technology"},"image":{"@id":"https:\/\/grufftechnology.eu\/et\/#\/schema\/logo\/image\/"},"sameAs":["https:\/\/www.facebook.com\/Grufftechnology"]}]}},"_links":{"self":[{"href":"https:\/\/grufftechnology.eu\/et\/wp-json\/wp\/v2\/pages\/1465","targetHints":{"allow":["GET"]}}],"collection":[{"href":"https:\/\/grufftechnology.eu\/et\/wp-json\/wp\/v2\/pages"}],"about":[{"href":"https:\/\/grufftechnology.eu\/et\/wp-json\/wp\/v2\/types\/page"}],"author":[{"embeddable":true,"href":"https:\/\/grufftechnology.eu\/et\/wp-json\/wp\/v2\/users\/4"}],"replies":[{"embeddable":true,"href":"https:\/\/grufftechnology.eu\/et\/wp-json\/wp\/v2\/comments?post=1465"}],"version-history":[{"count":3,"href":"https:\/\/grufftechnology.eu\/et\/wp-json\/wp\/v2\/pages\/1465\/revisions"}],"predecessor-version":[{"id":2229,"href":"https:\/\/grufftechnology.eu\/et\/wp-json\/wp\/v2\/pages\/1465\/revisions\/2229"}],"wp:attachment":[{"href":"https:\/\/grufftechnology.eu\/et\/wp-json\/wp\/v2\/media?parent=1465"}],"curies":[{"name":"wp","href":"https:\/\/api.w.org\/{rel}","templated":true}]}}