{"id":1369,"date":"2026-03-09T12:23:56","date_gmt":"2026-03-09T10:23:56","guid":{"rendered":"https:\/\/grufftechnology.eu\/product\/nutipistik\/"},"modified":"2026-03-17T19:57:53","modified_gmt":"2026-03-17T17:57:53","slug":"nutipistik","status":"publish","type":"product","link":"https:\/\/grufftechnology.eu\/et\/product\/nutipistik\/","title":{"rendered":"Nutipistik"},"content":{"rendered":"<div class=\"wp-block-group gruff-section\">\n<h2 class=\"wp-block-heading has-4-xl-font-size\">Miks valida Gruff nutipistik?<\/h2>\n<div class=\"wp-block-columns\">\n<div class=\"wp-block-column\">\n<div class=\"wp-block-group gruff-why-item\">\n<p class=\"gruff-icon-text\">savings<\/p>\n<p class=\"has-text-dark-color has-text-color\">Selge rahaline kasu, s\u00e4\u00e4sta kuni 200 \u20ac aastas<\/p>\n<\/div>\n<div class=\"wp-block-group gruff-why-item\">\n<p class=\"gruff-icon-text\">wifi<\/p>\n<p class=\"has-text-dark-color has-text-color\">Seadmete kaugelt sisse\/v\u00e4lja l\u00fclitamine<\/p>\n<\/div>\n<\/div>\n<div class=\"wp-block-column\">\n<div class=\"wp-block-group gruff-why-item\">\n<p class=\"gruff-icon-text\">smart_toy<\/p>\n<p class=\"has-text-dark-color has-text-color\">Nutikas energiatarbimise optimeerimine<\/p>\n<\/div>\n<div class=\"wp-block-group gruff-why-item\">\n<p class=\"gruff-icon-text\">eco<\/p>\n<p class=\"has-text-dark-color has-text-color\">Suurenda rohelise energia osakaalu<\/p>\n<\/div>\n<\/div>\n<div class=\"wp-block-column\">\n<div class=\"wp-block-group gruff-why-item\">\n<p class=\"gruff-icon-text\">phone_iphone<\/p>\n<p class=\"has-text-dark-color has-text-color\">Lihtne ja mugav kasutamine mobiilirakenduse kaudu<\/p>\n<\/div>\n<div class=\"wp-block-group gruff-why-item\">\n<p class=\"gruff-icon-text\">security<\/p>\n<p class=\"has-text-dark-color has-text-color\">Turvaline tarkvara, andmeid ei jagata<\/p>\n<\/div>\n<\/div>\n<\/div>\n<\/div>\n<div class=\"wp-block-group gruff-section gruff-section--surface has-surface-background-color has-background\">\n<h2 class=\"wp-block-heading has-4-xl-font-size\">Tehnilised andmed<\/h2>\n<div class=\"wp-block-columns\">\n<div class=\"wp-block-column\">\n<div class=\"wp-block-group gruff-card\">\n<p class=\"gruff-icon-text\">wifi<\/p>\n<h3 class=\"wp-block-heading has-xl-font-size\">Wi-Fi \u00fchilduvus<\/h3>\n<p class=\"has-muted-color has-text-color has-small-font-size\">Pistik t\u00f6\u00f6tab 2,4 GHz kohalikus Wi-Fi v\u00f5rgus.<\/p>\n<\/div>\n<\/div>\n<div class=\"wp-block-column\">\n<div class=\"wp-block-group gruff-card\">\n<p class=\"gruff-icon-text\">bolt<\/p>\n<h3 class=\"wp-block-heading has-xl-font-size\">V\u00f5imsuse juhtimine<\/h3>\n<p class=\"has-muted-color has-text-color has-small-font-size\">Suudab juhtida kuni 3,5 kW v\u00f5imsusega seadmeid. Kui seadme v\u00f5imsus on \u00fcle 2,5 kW, soovitame kutsuda elektrik.<\/p>\n<\/div>\n<\/div>\n<div class=\"wp-block-column\">\n<div class=\"wp-block-group gruff-card\">\n<p class=\"gruff-icon-text\">electrical_services<\/p>\n<h3 class=\"wp-block-heading has-xl-font-size\">Kasutamine<\/h3>\n<p class=\"has-muted-color has-text-color has-small-font-size\">M\u00f5eldud kasutamiseks tavalistes elektriv\u00f5rkudes.<\/p>\n<\/div>\n<\/div>\n<div class=\"wp-block-column\">\n<div class=\"wp-block-group gruff-card\">\n<p class=\"gruff-icon-text\">support_agent<\/p>\n<h3 class=\"wp-block-heading has-xl-font-size\">Tarkvara ja tugi<\/h3>\n<p class=\"has-muted-color has-text-color has-small-font-size\">Minimaalsed uuendused, mis tagavad probleemivaba kasutamise. Gruff Technology pakub p\u00f5hjalikku tasuta kliendituge.<\/p>\n<\/div>\n<\/div>\n<\/div>\n<\/div>\n<div class=\"wp-block-group gruff-section\">\n<h2 class=\"wp-block-heading has-4-xl-font-size\">Kasutusvaldkonnad<\/h2>\n<div class=\"wp-block-columns\">\n<div class=\"wp-block-column\">\n<div class=\"wp-block-group gruff-card\">\n<p class=\"gruff-icon-circle-block\">water_drop<\/p>\n<h3 class=\"wp-block-heading has-xl-font-size\">P\u00f5randak\u00fcte<\/h3>\n<p class=\"has-small-font-size has-muted-color has-text-color\">Juhib automaatselt p\u00f5randak\u00fctet soodsatel tundidel<\/p>\n<\/div>\n<\/div>\n<div class=\"wp-block-column\">\n<div class=\"wp-block-group gruff-card\">\n<p class=\"gruff-icon-circle-block\">thermostat<\/p>\n<h3 class=\"wp-block-heading has-xl-font-size\">K\u00fcttes\u00fcsteemid<\/h3>\n<p class=\"has-small-font-size has-muted-color has-text-color\">Optimeeri k\u00fcttes\u00fcsteemi energiatarbimist<\/p>\n<\/div>\n<\/div>\n<div class=\"wp-block-column\">\n<div class=\"wp-block-group gruff-card\">\n<p class=\"gruff-icon-circle-block\">electric_car<\/p>\n<h3 class=\"wp-block-heading has-xl-font-size\">Elektriautode laadimine<\/h3>\n<p class=\"has-small-font-size has-muted-color has-text-color\">Lae elektriautot k\u00f5ige soodsamatel tundidel<\/p>\n<\/div>\n<\/div>\n<div class=\"wp-block-column\">\n<div class=\"wp-block-group gruff-card\">\n<p class=\"gruff-icon-circle-block\">hot_tub<\/p>\n<h3 class=\"wp-block-heading has-xl-font-size\">Elektriboiler<\/h3>\n<p class=\"has-small-font-size has-muted-color has-text-color\">Soojenda vett automaatselt soodsatel tundidel<\/p>\n<\/div>\n<\/div>\n<\/div>\n<\/div>\n<div class=\"wp-block-group gruff-section gruff-section--surface has-surface-background-color has-background\">\n<h2 class=\"wp-block-heading has-text-align-center has-4-xl-font-size\">Gruff rakendus<\/h2>\n<p class=\"has-text-align-center has-muted-color has-text-color\">Gruff rakendus on saadaval nii Androidile kui iOS-ile. Rakendusega saad:<\/p>\n<ul class=\"gruff-checklist is-style-gruff-checklist has-text-dark-color has-text-color wp-block-list\">\n<li>J\u00e4lgi reaalajas Nord Pooli hindu<\/li>\n<li>Seadista hinnapiirangud ja t\u00f6\u00f6tunnid<\/li>\n<li>Vaata energiatarbimise ajalugu<\/li>\n<li>L\u00fclita seadmeid kaugelt sisse\/v\u00e4lja<\/li>\n<li>Saa teavitusi hinnamuutuste kohta<\/li>\n<\/ul>\n<\/div>\n","protected":false},"excerpt":{"rendered":"<p>Gruff nutipistik on Wi-Fi-v\u00f5rgus t\u00f6\u00f6tav seade, mille abil saad reguleerida oma elektrikulu. Pistik laeb kord p\u00e4evas serverist alla Nord Pooli hinnad ning sa saad m\u00e4\u00e4rata maksimaalse hinna, millega n\u00e4iteks sinu elektriboiler t\u00f6\u00f6tab.<\/p>\n<ul>\n<li>osta meie nutipistik<\/li>\n<li>seadista k\u00f5rgeim hind ja vajalikud t\u00f6\u00f6tunnid<\/li>\n<li>naudi v\u00e4iksemaid elektriarveid<\/li>\n<\/ul>\n<p>Kasuta seda n\u00e4iteks vee soojendamiseks elektriboileriga, toa k\u00fctmiseks radiaatoritega v\u00f5i auto laadimiseks. Hinnaerinevus v\u00f5rreldes p\u00e4eva tipphindadega on umbes kolmekordne \u2013 tarbimist v\u00e4hendama ei pea!<\/p>\n","protected":false},"featured_media":2256,"comment_status":"closed","ping_status":"closed","template":"","meta":{"inline_featured_image":false},"product_brand":[],"product_cat":[75],"product_tag":[],"class_list":{"0":"post-1369","1":"product","2":"type-product","3":"status-publish","4":"has-post-thumbnail","6":"product_cat-nutikodu","8":"first","9":"instock","10":"featured","11":"taxable","12":"shipping-taxable","13":"purchasable","14":"product-type-simple"},"yoast_head":"<!-- This site is optimized with the Yoast SEO plugin v27.2 - https:\/\/yoast.com\/product\/yoast-seo-wordpress\/ -->\n<title>Nutipistik - Gruff Technology<\/title>\n<meta name=\"robots\" content=\"index, follow, max-snippet:-1, max-image-preview:large, max-video-preview:-1\" \/>\n<link rel=\"canonical\" href=\"https:\/\/grufftechnology.eu\/et\/product\/nutipistik\/\" \/>\n<meta property=\"og:locale\" content=\"et_EE\" \/>\n<meta property=\"og:type\" content=\"article\" \/>\n<meta property=\"og:title\" content=\"Nutipistik - Gruff Technology\" \/>\n<meta property=\"og:description\" content=\"Gruff nutipistik on Wi-Fi-v\u00f5rgus t\u00f6\u00f6tav seade, mille abil saad reguleerida oma elektrikulu. Pistik laeb kord p\u00e4evas serverist alla Nord Pooli hinnad ning sa saad m\u00e4\u00e4rata maksimaalse hinna, millega n\u00e4iteks sinu elektriboiler t\u00f6\u00f6tab.   osta meie nutipistik  seadista k\u00f5rgeim hind ja vajalikud t\u00f6\u00f6tunnid  naudi v\u00e4iksemaid elektriarveid  Kasuta seda n\u00e4iteks vee soojendamiseks elektriboileriga, toa k\u00fctmiseks radiaatoritega v\u00f5i auto laadimiseks. Hinnaerinevus v\u00f5rreldes p\u00e4eva tipphindadega on umbes kolmekordne \u2013 tarbimist v\u00e4hendama ei pea!\" \/>\n<meta property=\"og:url\" content=\"https:\/\/grufftechnology.eu\/et\/product\/nutipistik\/\" \/>\n<meta property=\"og:site_name\" content=\"Gruff Technology\" \/>\n<meta property=\"article:publisher\" content=\"https:\/\/www.facebook.com\/Grufftechnology\" \/>\n<meta property=\"article:modified_time\" content=\"2026-03-17T17:57:53+00:00\" \/>\n<meta property=\"og:image\" content=\"https:\/\/grufftechnology.eu\/wp-content\/uploads\/2026\/03\/Gruff-soc.png\" \/>\n\t<meta property=\"og:image:width\" content=\"1200\" \/>\n\t<meta property=\"og:image:height\" content=\"1201\" \/>\n\t<meta property=\"og:image:type\" content=\"image\/png\" \/>\n<meta name=\"twitter:card\" content=\"summary_large_image\" \/>\n<meta name=\"twitter:label1\" content=\"Est. reading time\" \/>\n\t<meta name=\"twitter:data1\" content=\"1 minut\" \/>\n<script type=\"application\/ld+json\" class=\"yoast-schema-graph\">{\"@context\":\"https:\/\/schema.org\",\"@graph\":[{\"@type\":\"WebPage\",\"@id\":\"https:\/\/grufftechnology.eu\/et\/product\/nutipistik\/\",\"url\":\"https:\/\/grufftechnology.eu\/et\/product\/nutipistik\/\",\"name\":\"Nutipistik - Gruff Technology\",\"isPartOf\":{\"@id\":\"https:\/\/grufftechnology.eu\/et\/#website\"},\"primaryImageOfPage\":{\"@id\":\"https:\/\/grufftechnology.eu\/et\/product\/nutipistik\/#primaryimage\"},\"image\":{\"@id\":\"https:\/\/grufftechnology.eu\/et\/product\/nutipistik\/#primaryimage\"},\"thumbnailUrl\":\"https:\/\/grufftechnology.eu\/wp-content\/uploads\/2026\/03\/Gruff-soc.png\",\"datePublished\":\"2026-03-09T10:23:56+00:00\",\"dateModified\":\"2026-03-17T17:57:53+00:00\",\"breadcrumb\":{\"@id\":\"https:\/\/grufftechnology.eu\/et\/product\/nutipistik\/#breadcrumb\"},\"inLanguage\":\"et\",\"potentialAction\":[{\"@type\":\"ReadAction\",\"target\":[\"https:\/\/grufftechnology.eu\/et\/product\/nutipistik\/\"]}]},{\"@type\":\"ImageObject\",\"inLanguage\":\"et\",\"@id\":\"https:\/\/grufftechnology.eu\/et\/product\/nutipistik\/#primaryimage\",\"url\":\"https:\/\/grufftechnology.eu\/wp-content\/uploads\/2026\/03\/Gruff-soc.png\",\"contentUrl\":\"https:\/\/grufftechnology.eu\/wp-content\/uploads\/2026\/03\/Gruff-soc.png\",\"width\":1200,\"height\":1201},{\"@type\":\"BreadcrumbList\",\"@id\":\"https:\/\/grufftechnology.eu\/et\/product\/nutipistik\/#breadcrumb\",\"itemListElement\":[{\"@type\":\"ListItem\",\"position\":1,\"name\":\"Home\",\"item\":\"https:\/\/grufftechnology.eu\/et\/gruff-technology\/\"},{\"@type\":\"ListItem\",\"position\":2,\"name\":\"Pood\",\"item\":\"https:\/\/grufftechnology.eu\/et\/pood\/\"},{\"@type\":\"ListItem\",\"position\":3,\"name\":\"Nutipistik\"}]},{\"@type\":\"WebSite\",\"@id\":\"https:\/\/grufftechnology.eu\/et\/#website\",\"url\":\"https:\/\/grufftechnology.eu\/et\/\",\"name\":\"Gruff Technology\",\"description\":\"Save your money with saver socket\",\"publisher\":{\"@id\":\"https:\/\/grufftechnology.eu\/et\/#organization\"},\"alternateName\":\"Gruff\",\"potentialAction\":[{\"@type\":\"SearchAction\",\"target\":{\"@type\":\"EntryPoint\",\"urlTemplate\":\"https:\/\/grufftechnology.eu\/et\/?s={search_term_string}\"},\"query-input\":{\"@type\":\"PropertyValueSpecification\",\"valueRequired\":true,\"valueName\":\"search_term_string\"}}],\"inLanguage\":\"et\"},{\"@type\":\"Organization\",\"@id\":\"https:\/\/grufftechnology.eu\/et\/#organization\",\"name\":\"Gruff Technology\",\"url\":\"https:\/\/grufftechnology.eu\/et\/\",\"logo\":{\"@type\":\"ImageObject\",\"inLanguage\":\"et\",\"@id\":\"https:\/\/grufftechnology.eu\/et\/#\/schema\/logo\/image\/\",\"url\":\"https:\/\/grufftechnology.eu\/wp-content\/uploads\/2023\/03\/GRUFF-T.svg\",\"contentUrl\":\"https:\/\/grufftechnology.eu\/wp-content\/uploads\/2023\/03\/GRUFF-T.svg\",\"caption\":\"Gruff Technology\"},\"image\":{\"@id\":\"https:\/\/grufftechnology.eu\/et\/#\/schema\/logo\/image\/\"},\"sameAs\":[\"https:\/\/www.facebook.com\/Grufftechnology\"]}]}<\/script>\n<!-- \/ Yoast SEO plugin. -->","yoast_head_json":{"title":"Nutipistik - Gruff Technology","robots":{"index":"index","follow":"follow","max-snippet":"max-snippet:-1","max-image-preview":"max-image-preview:large","max-video-preview":"max-video-preview:-1"},"canonical":"https:\/\/grufftechnology.eu\/et\/product\/nutipistik\/","og_locale":"et_EE","og_type":"article","og_title":"Nutipistik - Gruff Technology","og_description":"Gruff nutipistik on Wi-Fi-v\u00f5rgus t\u00f6\u00f6tav seade, mille abil saad reguleerida oma elektrikulu. Pistik laeb kord p\u00e4evas serverist alla Nord Pooli hinnad ning sa saad m\u00e4\u00e4rata maksimaalse hinna, millega n\u00e4iteks sinu elektriboiler t\u00f6\u00f6tab.   osta meie nutipistik  seadista k\u00f5rgeim hind ja vajalikud t\u00f6\u00f6tunnid  naudi v\u00e4iksemaid elektriarveid  Kasuta seda n\u00e4iteks vee soojendamiseks elektriboileriga, toa k\u00fctmiseks radiaatoritega v\u00f5i auto laadimiseks. Hinnaerinevus v\u00f5rreldes p\u00e4eva tipphindadega on umbes kolmekordne \u2013 tarbimist v\u00e4hendama ei pea!","og_url":"https:\/\/grufftechnology.eu\/et\/product\/nutipistik\/","og_site_name":"Gruff Technology","article_publisher":"https:\/\/www.facebook.com\/Grufftechnology","article_modified_time":"2026-03-17T17:57:53+00:00","og_image":[{"width":1200,"height":1201,"url":"https:\/\/grufftechnology.eu\/wp-content\/uploads\/2026\/03\/Gruff-soc.png","type":"image\/png"}],"twitter_card":"summary_large_image","twitter_misc":{"Est. reading time":"1 minut"},"schema":{"@context":"https:\/\/schema.org","@graph":[{"@type":"WebPage","@id":"https:\/\/grufftechnology.eu\/et\/product\/nutipistik\/","url":"https:\/\/grufftechnology.eu\/et\/product\/nutipistik\/","name":"Nutipistik - Gruff Technology","isPartOf":{"@id":"https:\/\/grufftechnology.eu\/et\/#website"},"primaryImageOfPage":{"@id":"https:\/\/grufftechnology.eu\/et\/product\/nutipistik\/#primaryimage"},"image":{"@id":"https:\/\/grufftechnology.eu\/et\/product\/nutipistik\/#primaryimage"},"thumbnailUrl":"https:\/\/grufftechnology.eu\/wp-content\/uploads\/2026\/03\/Gruff-soc.png","datePublished":"2026-03-09T10:23:56+00:00","dateModified":"2026-03-17T17:57:53+00:00","breadcrumb":{"@id":"https:\/\/grufftechnology.eu\/et\/product\/nutipistik\/#breadcrumb"},"inLanguage":"et","potentialAction":[{"@type":"ReadAction","target":["https:\/\/grufftechnology.eu\/et\/product\/nutipistik\/"]}]},{"@type":"ImageObject","inLanguage":"et","@id":"https:\/\/grufftechnology.eu\/et\/product\/nutipistik\/#primaryimage","url":"https:\/\/grufftechnology.eu\/wp-content\/uploads\/2026\/03\/Gruff-soc.png","contentUrl":"https:\/\/grufftechnology.eu\/wp-content\/uploads\/2026\/03\/Gruff-soc.png","width":1200,"height":1201},{"@type":"BreadcrumbList","@id":"https:\/\/grufftechnology.eu\/et\/product\/nutipistik\/#breadcrumb","itemListElement":[{"@type":"ListItem","position":1,"name":"Home","item":"https:\/\/grufftechnology.eu\/et\/gruff-technology\/"},{"@type":"ListItem","position":2,"name":"Pood","item":"https:\/\/grufftechnology.eu\/et\/pood\/"},{"@type":"ListItem","position":3,"name":"Nutipistik"}]},{"@type":"WebSite","@id":"https:\/\/grufftechnology.eu\/et\/#website","url":"https:\/\/grufftechnology.eu\/et\/","name":"Gruff Technology","description":"Save your money with saver socket","publisher":{"@id":"https:\/\/grufftechnology.eu\/et\/#organization"},"alternateName":"Gruff","potentialAction":[{"@type":"SearchAction","target":{"@type":"EntryPoint","urlTemplate":"https:\/\/grufftechnology.eu\/et\/?s={search_term_string}"},"query-input":{"@type":"PropertyValueSpecification","valueRequired":true,"valueName":"search_term_string"}}],"inLanguage":"et"},{"@type":"Organization","@id":"https:\/\/grufftechnology.eu\/et\/#organization","name":"Gruff Technology","url":"https:\/\/grufftechnology.eu\/et\/","logo":{"@type":"ImageObject","inLanguage":"et","@id":"https:\/\/grufftechnology.eu\/et\/#\/schema\/logo\/image\/","url":"https:\/\/grufftechnology.eu\/wp-content\/uploads\/2023\/03\/GRUFF-T.svg","contentUrl":"https:\/\/grufftechnology.eu\/wp-content\/uploads\/2023\/03\/GRUFF-T.svg","caption":"Gruff Technology"},"image":{"@id":"https:\/\/grufftechnology.eu\/et\/#\/schema\/logo\/image\/"},"sameAs":["https:\/\/www.facebook.com\/Grufftechnology"]}]}},"_links":{"self":[{"href":"https:\/\/grufftechnology.eu\/et\/wp-json\/wp\/v2\/product\/1369","targetHints":{"allow":["GET"]}}],"collection":[{"href":"https:\/\/grufftechnology.eu\/et\/wp-json\/wp\/v2\/product"}],"about":[{"href":"https:\/\/grufftechnology.eu\/et\/wp-json\/wp\/v2\/types\/product"}],"replies":[{"embeddable":true,"href":"https:\/\/grufftechnology.eu\/et\/wp-json\/wp\/v2\/comments?post=1369"}],"wp:featuredmedia":[{"embeddable":true,"href":"https:\/\/grufftechnology.eu\/et\/wp-json\/wp\/v2\/media\/2256"}],"wp:attachment":[{"href":"https:\/\/grufftechnology.eu\/et\/wp-json\/wp\/v2\/media?parent=1369"}],"wp:term":[{"taxonomy":"product_brand","embeddable":true,"href":"https:\/\/grufftechnology.eu\/et\/wp-json\/wp\/v2\/product_brand?post=1369"},{"taxonomy":"product_cat","embeddable":true,"href":"https:\/\/grufftechnology.eu\/et\/wp-json\/wp\/v2\/product_cat?post=1369"},{"taxonomy":"product_tag","embeddable":true,"href":"https:\/\/grufftechnology.eu\/et\/wp-json\/wp\/v2\/product_tag?post=1369"}],"curies":[{"name":"wp","href":"https:\/\/api.w.org\/{rel}","templated":true}]}}