{"id":1399,"date":"2026-03-06T20:35:59","date_gmt":"2026-03-06T18:35:59","guid":{"rendered":"https:\/\/grufftechnology.eu\/yhteystiedot\/"},"modified":"2026-03-13T20:21:08","modified_gmt":"2026-03-13T18:21:08","slug":"yhteystiedot","status":"publish","type":"page","link":"https:\/\/grufftechnology.eu\/fi\/yhteystiedot\/","title":{"rendered":"Yhteystiedot"},"content":{"rendered":"\n<div class=\"wp-block-group gruff-section has-global-padding is-layout-constrained wp-container-core-group-is-layout-3a4e4474 wp-block-group-is-layout-constrained\">\n\n<div class=\"wp-block-columns is-layout-flex wp-container-core-columns-is-layout-1b715042 wp-block-columns-is-layout-flex\">\n\n<div class=\"wp-block-column is-layout-flow wp-block-column-is-layout-flow\" style=\"flex-basis:50%\">\n\n<h1 class=\"wp-block-heading has-5-xl-font-size\" style=\"font-weight:800;letter-spacing:-0.025em;line-height:1.15\"><mark style=\"background-color:transparent;color:#14C546\" class=\"has-inline-color\">Yhteystiedot<\/mark><\/h1>\n\n\n\n<div class=\"wp-block-group gruff-why-item is-nowrap is-layout-flex wp-container-core-group-is-layout-f657cb89 wp-block-group-is-layout-flex\">\n\n<p class=\"gruff-icon-text\">location_on<\/p>\n\n\n<div class=\"wp-block-group is-layout-flow wp-container-core-group-is-layout-a4d9b9e8 wp-block-group-is-layout-flow\">\n\n<h3 class=\"wp-block-heading has-large-font-size\" style=\"font-weight:600\">Osoite<\/h3>\n\n\n<p class=\"has-muted-color has-text-color has-small-font-size\">Gruff Technology O\u00dc<br>Telliskivi 60<br>10412 Tallinn, Viro<\/p>\n\n<\/div>\n\n<\/div>\n\n\n\n<div class=\"wp-block-group gruff-why-item is-nowrap is-layout-flex wp-container-core-group-is-layout-f657cb89 wp-block-group-is-layout-flex\">\n\n<p class=\"gruff-icon-text\">phone<\/p>\n\n\n<div class=\"wp-block-group is-layout-flow wp-container-core-group-is-layout-a4d9b9e8 wp-block-group-is-layout-flow\">\n\n<h3 class=\"wp-block-heading has-large-font-size\" style=\"font-weight:600\">Puhelin<\/h3>\n\n\n<p class=\"has-muted-color has-text-color has-small-font-size\">+372 53493962<\/p>\n\n<\/div>\n\n<\/div>\n\n\n\n<div class=\"wp-block-group gruff-why-item is-nowrap is-layout-flex wp-container-core-group-is-layout-ab10f70a wp-block-group-is-layout-flex\">\n\n<p class=\"gruff-icon-text\">mail<\/p>\n\n\n<div class=\"wp-block-group is-layout-flow wp-container-core-group-is-layout-a4d9b9e8 wp-block-group-is-layout-flow\">\n\n<h3 class=\"wp-block-heading has-large-font-size\" style=\"font-weight:600\">S\u00e4hk\u00f6posti<\/h3>\n\n\n<p class=\"has-muted-color has-text-color has-small-font-size\">info@grufftechnology.eu<\/p>\n\n<\/div>\n\n<\/div>\n\n\n\n<h3 class=\"wp-block-heading has-xl-font-size\" style=\"font-weight:700\">J\u00e4lleenmyyj\u00e4t<\/h3>\n\n\n<p class=\"has-muted-color has-text-color has-small-font-size\">Bauhof \u00b7 Oomipood \u00b7 Noor Tehnik \u00b7 Hintaseuranta \u00b7 Ehituse ABC \u00b7 Satcom<\/p>\n\n<\/div>\n\n\n<div class=\"wp-block-column is-layout-flow wp-block-column-is-layout-flow\" style=\"flex-basis:50%\">\n\n<h2 class=\"wp-block-heading has-x-large-font-size\">L\u00e4het\u00e4 viesti<\/h2>\n\n\t\t<div class=\"gruff-contact-form\">\n\t\t\t<form method=\"post\"\n\t\t\t      class=\"gruff-form\"\n\t\t\t      data-rest-url=\"https:\/\/grufftechnology.eu\/fi\/wp-json\/gruff\/v1\/contact\"\n\t\t\t      data-nonce=\"5c3da5c5da\"\n\t\t\t      data-sending=\"L\u00e4hetet\u00e4\u00e4n...\"\n\t\t\t      data-success=\"Kiitos! Viestisi on l\u00e4hetetty.\"\n\t\t\t      data-error=\"T\u00e4yt\u00e4 kaikki pakolliset kent\u00e4t.\"\n\t\t\t      data-network-error=\"Verkkovirhe. Yrit\u00e4 uudelleen.\">\n\n\t\t\t\t\t\t\t\t<div class=\"gruff-form__hp\" aria-hidden=\"true\" style=\"position:absolute;left:-9999px;height:0;overflow:hidden;\">\n\t\t\t\t\t<label for=\"gruff_website_url\">Website<\/label>\n\t\t\t\t\t<input type=\"text\" id=\"gruff_website_url\" name=\"gruff_website_url\" tabindex=\"-1\" autocomplete=\"off\" \/>\n\t\t\t\t<\/div>\n\n\t\t\t\t\t\t\t\t<input type=\"hidden\" name=\"gruff_form_ts\" value=\"1777048493\" \/>\n\n\t\t\t\t<div class=\"gruff-form__field\">\n\t\t\t\t\t<label for=\"gruff_name\">Nimi *<\/label>\n\t\t\t\t\t<input type=\"text\" id=\"gruff_name\" name=\"gruff_name\" required \/>\n\t\t\t\t<\/div>\n\n\t\t\t\t<div class=\"gruff-form__field\">\n\t\t\t\t\t<label for=\"gruff_email\">S\u00e4hk\u00f6posti *<\/label>\n\t\t\t\t\t<input type=\"email\" id=\"gruff_email\" name=\"gruff_email\" required \/>\n\t\t\t\t<\/div>\n\n\t\t\t\t<div class=\"gruff-form__field\">\n\t\t\t\t\t<label for=\"gruff_phone\">Puhelin<\/label>\n\t\t\t\t\t<input type=\"tel\" id=\"gruff_phone\" name=\"gruff_phone\" \/>\n\t\t\t\t<\/div>\n\n\t\t\t\t<div class=\"gruff-form__field\">\n\t\t\t\t\t<label for=\"gruff_message\">Viesti *<\/label>\n\t\t\t\t\t<textarea id=\"gruff_message\" name=\"gruff_message\" rows=\"5\" required><\/textarea>\n\t\t\t\t<\/div>\n\n\t\t\t\t<button type=\"submit\" class=\"gruff-cta-link\" style=\"border:none;cursor:pointer;padding:0.75rem 2rem;\">\n\t\t\t\t\tL\u00e4het\u00e4 viesti\t\t\t\t<\/button>\n\t\t\t<\/form>\n\t\t<\/div>\n\t\t\n\n<\/div>\n\n<\/div>\n\n<\/div>\n","protected":false},"excerpt":{"rendered":"<p>Yhteystiedot location_on Osoite Gruff Technology O\u00dcTelliskivi 6010412 Tallinn, Viro phone Puhelin +372 53493962 mail S\u00e4hk\u00f6posti info@grufftechnology.eu J\u00e4lleenmyyj\u00e4t Bauhof \u00b7 Oomipood \u00b7 Noor Tehnik \u00b7 Hintaseuranta \u00b7 Ehituse ABC \u00b7 Satcom L\u00e4het\u00e4 viesti<\/p>\n","protected":false},"author":4,"featured_media":0,"parent":0,"menu_order":0,"comment_status":"closed","ping_status":"closed","template":"page-kontakt","meta":{"inline_featured_image":false,"footnotes":""},"class_list":["post-1399","page","type-page","status-publish","hentry"],"yoast_head":"<!-- This site is optimized with the Yoast SEO plugin v27.2 - https:\/\/yoast.com\/product\/yoast-seo-wordpress\/ -->\n<title>Yhteystiedot - Gruff Technology<\/title>\n<meta name=\"robots\" content=\"index, follow, max-snippet:-1, max-image-preview:large, max-video-preview:-1\" \/>\n<link rel=\"canonical\" href=\"https:\/\/grufftechnology.eu\/fi\/yhteystiedot\/\" \/>\n<meta property=\"og:locale\" content=\"fi_FI\" \/>\n<meta property=\"og:type\" content=\"article\" \/>\n<meta property=\"og:title\" content=\"Yhteystiedot - Gruff Technology\" \/>\n<meta property=\"og:description\" content=\"Yhteystiedot location_on Osoite Gruff Technology O\u00dcTelliskivi 6010412 Tallinn, Viro phone Puhelin +372 53493962 mail S\u00e4hk\u00f6posti info@grufftechnology.eu J\u00e4lleenmyyj\u00e4t Bauhof \u00b7 Oomipood \u00b7 Noor Tehnik \u00b7 Hintaseuranta \u00b7 Ehituse ABC \u00b7 Satcom L\u00e4het\u00e4 viesti\" \/>\n<meta property=\"og:url\" content=\"https:\/\/grufftechnology.eu\/fi\/yhteystiedot\/\" \/>\n<meta property=\"og:site_name\" content=\"Gruff Technology\" \/>\n<meta property=\"article:publisher\" content=\"https:\/\/www.facebook.com\/Grufftechnology\" \/>\n<meta property=\"article:modified_time\" content=\"2026-03-13T18:21:08+00:00\" \/>\n<meta name=\"twitter:card\" content=\"summary_large_image\" \/>\n<script type=\"application\/ld+json\" class=\"yoast-schema-graph\">{\"@context\":\"https:\/\/schema.org\",\"@graph\":[{\"@type\":\"WebPage\",\"@id\":\"https:\/\/grufftechnology.eu\/fi\/yhteystiedot\/\",\"url\":\"https:\/\/grufftechnology.eu\/fi\/yhteystiedot\/\",\"name\":\"Yhteystiedot - Gruff Technology\",\"isPartOf\":{\"@id\":\"https:\/\/grufftechnology.eu\/fi\/#website\"},\"datePublished\":\"2026-03-06T18:35:59+00:00\",\"dateModified\":\"2026-03-13T18:21:08+00:00\",\"breadcrumb\":{\"@id\":\"https:\/\/grufftechnology.eu\/fi\/yhteystiedot\/#breadcrumb\"},\"inLanguage\":\"fi\",\"potentialAction\":[{\"@type\":\"ReadAction\",\"target\":[\"https:\/\/grufftechnology.eu\/fi\/yhteystiedot\/\"]}]},{\"@type\":\"BreadcrumbList\",\"@id\":\"https:\/\/grufftechnology.eu\/fi\/yhteystiedot\/#breadcrumb\",\"itemListElement\":[{\"@type\":\"ListItem\",\"position\":1,\"name\":\"Home\",\"item\":\"https:\/\/grufftechnology.eu\/fi\/gruff-technology\/\"},{\"@type\":\"ListItem\",\"position\":2,\"name\":\"Yhteystiedot\"}]},{\"@type\":\"WebSite\",\"@id\":\"https:\/\/grufftechnology.eu\/fi\/#website\",\"url\":\"https:\/\/grufftechnology.eu\/fi\/\",\"name\":\"Gruff Technology\",\"description\":\"Save your money with saver socket\",\"publisher\":{\"@id\":\"https:\/\/grufftechnology.eu\/fi\/#organization\"},\"alternateName\":\"Gruff\",\"potentialAction\":[{\"@type\":\"SearchAction\",\"target\":{\"@type\":\"EntryPoint\",\"urlTemplate\":\"https:\/\/grufftechnology.eu\/fi\/?s={search_term_string}\"},\"query-input\":{\"@type\":\"PropertyValueSpecification\",\"valueRequired\":true,\"valueName\":\"search_term_string\"}}],\"inLanguage\":\"fi\"},{\"@type\":\"Organization\",\"@id\":\"https:\/\/grufftechnology.eu\/fi\/#organization\",\"name\":\"Gruff Technology\",\"url\":\"https:\/\/grufftechnology.eu\/fi\/\",\"logo\":{\"@type\":\"ImageObject\",\"inLanguage\":\"fi\",\"@id\":\"https:\/\/grufftechnology.eu\/fi\/#\/schema\/logo\/image\/\",\"url\":\"https:\/\/grufftechnology.eu\/wp-content\/uploads\/2023\/03\/GRUFF-T.svg\",\"contentUrl\":\"https:\/\/grufftechnology.eu\/wp-content\/uploads\/2023\/03\/GRUFF-T.svg\",\"caption\":\"Gruff Technology\"},\"image\":{\"@id\":\"https:\/\/grufftechnology.eu\/fi\/#\/schema\/logo\/image\/\"},\"sameAs\":[\"https:\/\/www.facebook.com\/Grufftechnology\"]}]}<\/script>\n<!-- \/ Yoast SEO plugin. -->","yoast_head_json":{"title":"Yhteystiedot - Gruff Technology","robots":{"index":"index","follow":"follow","max-snippet":"max-snippet:-1","max-image-preview":"max-image-preview:large","max-video-preview":"max-video-preview:-1"},"canonical":"https:\/\/grufftechnology.eu\/fi\/yhteystiedot\/","og_locale":"fi_FI","og_type":"article","og_title":"Yhteystiedot - Gruff Technology","og_description":"Yhteystiedot location_on Osoite Gruff Technology O\u00dcTelliskivi 6010412 Tallinn, Viro phone Puhelin +372 53493962 mail S\u00e4hk\u00f6posti info@grufftechnology.eu J\u00e4lleenmyyj\u00e4t Bauhof \u00b7 Oomipood \u00b7 Noor Tehnik \u00b7 Hintaseuranta \u00b7 Ehituse ABC \u00b7 Satcom L\u00e4het\u00e4 viesti","og_url":"https:\/\/grufftechnology.eu\/fi\/yhteystiedot\/","og_site_name":"Gruff Technology","article_publisher":"https:\/\/www.facebook.com\/Grufftechnology","article_modified_time":"2026-03-13T18:21:08+00:00","twitter_card":"summary_large_image","schema":{"@context":"https:\/\/schema.org","@graph":[{"@type":"WebPage","@id":"https:\/\/grufftechnology.eu\/fi\/yhteystiedot\/","url":"https:\/\/grufftechnology.eu\/fi\/yhteystiedot\/","name":"Yhteystiedot - Gruff Technology","isPartOf":{"@id":"https:\/\/grufftechnology.eu\/fi\/#website"},"datePublished":"2026-03-06T18:35:59+00:00","dateModified":"2026-03-13T18:21:08+00:00","breadcrumb":{"@id":"https:\/\/grufftechnology.eu\/fi\/yhteystiedot\/#breadcrumb"},"inLanguage":"fi","potentialAction":[{"@type":"ReadAction","target":["https:\/\/grufftechnology.eu\/fi\/yhteystiedot\/"]}]},{"@type":"BreadcrumbList","@id":"https:\/\/grufftechnology.eu\/fi\/yhteystiedot\/#breadcrumb","itemListElement":[{"@type":"ListItem","position":1,"name":"Home","item":"https:\/\/grufftechnology.eu\/fi\/gruff-technology\/"},{"@type":"ListItem","position":2,"name":"Yhteystiedot"}]},{"@type":"WebSite","@id":"https:\/\/grufftechnology.eu\/fi\/#website","url":"https:\/\/grufftechnology.eu\/fi\/","name":"Gruff Technology","description":"Save your money with saver socket","publisher":{"@id":"https:\/\/grufftechnology.eu\/fi\/#organization"},"alternateName":"Gruff","potentialAction":[{"@type":"SearchAction","target":{"@type":"EntryPoint","urlTemplate":"https:\/\/grufftechnology.eu\/fi\/?s={search_term_string}"},"query-input":{"@type":"PropertyValueSpecification","valueRequired":true,"valueName":"search_term_string"}}],"inLanguage":"fi"},{"@type":"Organization","@id":"https:\/\/grufftechnology.eu\/fi\/#organization","name":"Gruff Technology","url":"https:\/\/grufftechnology.eu\/fi\/","logo":{"@type":"ImageObject","inLanguage":"fi","@id":"https:\/\/grufftechnology.eu\/fi\/#\/schema\/logo\/image\/","url":"https:\/\/grufftechnology.eu\/wp-content\/uploads\/2023\/03\/GRUFF-T.svg","contentUrl":"https:\/\/grufftechnology.eu\/wp-content\/uploads\/2023\/03\/GRUFF-T.svg","caption":"Gruff Technology"},"image":{"@id":"https:\/\/grufftechnology.eu\/fi\/#\/schema\/logo\/image\/"},"sameAs":["https:\/\/www.facebook.com\/Grufftechnology"]}]}},"_links":{"self":[{"href":"https:\/\/grufftechnology.eu\/fi\/wp-json\/wp\/v2\/pages\/1399","targetHints":{"allow":["GET"]}}],"collection":[{"href":"https:\/\/grufftechnology.eu\/fi\/wp-json\/wp\/v2\/pages"}],"about":[{"href":"https:\/\/grufftechnology.eu\/fi\/wp-json\/wp\/v2\/types\/page"}],"author":[{"embeddable":true,"href":"https:\/\/grufftechnology.eu\/fi\/wp-json\/wp\/v2\/users\/4"}],"replies":[{"embeddable":true,"href":"https:\/\/grufftechnology.eu\/fi\/wp-json\/wp\/v2\/comments?post=1399"}],"version-history":[{"count":3,"href":"https:\/\/grufftechnology.eu\/fi\/wp-json\/wp\/v2\/pages\/1399\/revisions"}],"predecessor-version":[{"id":2222,"href":"https:\/\/grufftechnology.eu\/fi\/wp-json\/wp\/v2\/pages\/1399\/revisions\/2222"}],"wp:attachment":[{"href":"https:\/\/grufftechnology.eu\/fi\/wp-json\/wp\/v2\/media?parent=1399"}],"curies":[{"name":"wp","href":"https:\/\/api.w.org\/{rel}","templated":true}]}}