{"id":2022,"date":"2026-03-06T20:35:13","date_gmt":"2026-03-06T18:35:13","guid":{"rendered":"https:\/\/grufftechnology.eu\/?page_id=2022"},"modified":"2026-03-13T20:26:36","modified_gmt":"2026-03-13T18:26:36","slug":"yrityksille","status":"publish","type":"page","link":"https:\/\/grufftechnology.eu\/fi\/yrityksille\/","title":{"rendered":"Yrityksille"},"content":{"rendered":"\n<div class=\"wp-block-group gruff-section has-global-padding is-layout-constrained wp-container-core-group-is-layout-3a4e4474 wp-block-group-is-layout-constrained\">\n\n<div class=\"wp-block-columns is-layout-flex wp-container-core-columns-is-layout-6b276c36 wp-block-columns-is-layout-flex\">\n\n<div class=\"wp-block-column is-layout-flow wp-block-column-is-layout-flow\" style=\"flex-basis:60%\">\n\n<p class=\"has-primary-color has-text-color has-small-font-size\" style=\"font-weight:600\">Yritys<\/p>\n\n\n\n<h1 class=\"wp-block-heading has-5-xl-font-size\" style=\"font-weight:800;letter-spacing:-0.025em;line-height:1.15\">Yrityksille suunnatut<br><mark style=\"background-color:transparent;color:#14C546\" class=\"has-inline-color\">energiaratkaisut<\/mark><\/h1>\n\n\n\n<p class=\"has-muted-color has-text-color\">Gruff Technology tarjoaa r\u00e4\u00e4t\u00e4l\u00f6ityj\u00e4 energianhallintaratkaisuja yrityksille. V\u00e4henn\u00e4 yrityksesi s\u00e4hk\u00f6kuluja ja hallitse useita laitteita yhdest\u00e4 hallintapaneelista.<\/p>\n\n\n\n<ul class=\"has-muted-color has-text-color has-small-font-size wp-block-list\">\n<li>R\u00e4\u00e4t\u00e4l\u00f6idyt ratkaisut toimistoihin ja varastoihin<\/li>\n\n\n<li>Kehittynyt API-yhteys ja raportointi<\/li>\n\n\n<li>Usean laitteen hallintapaneeli<\/li>\n\n\n<li>Yksil\u00f6llinen hinnoittelu<\/li>\n\n\n<li>Ensisijainen asiakastuki<\/li>\n<\/ul>\n\n\n\n<div class=\"wp-block-buttons is-layout-flex wp-block-buttons-is-layout-flex\">\n<div class=\"wp-block-button is-style-gruff-cta\"><a class=\"wp-block-button__link has-primary-background-color has-background wp-element-button\" href=\"\/fi\/yhteystiedot\/\">Ota yhteytt\u00e4<\/a><\/div>\n<\/div>\n\n<\/div>\n\n\n\n<div class=\"wp-block-column is-layout-flow wp-block-column-is-layout-flow\" style=\"flex-basis:40%\">\n\n<figure class=\"wp-block-image size-large\"><img decoding=\"async\" src=\"https:\/\/grufftechnology.eu\/wp-content\/uploads\/2024\/07\/pakend-automation.jpg\" alt=\"Business Solutions\"\/><\/figure>\n\n<\/div>\n\n<\/div>\n\n<\/div>\n\n\n\n<div class=\"wp-block-group gruff-section gruff-section--surface has-surface-background-color has-background has-global-padding is-layout-constrained wp-container-core-group-is-layout-3a4e4474 wp-block-group-is-layout-constrained\">\n\n<h2 class=\"wp-block-heading has-text-align-center has-4-xl-font-size\">Miksi valita Gruff-yritysratkaisu?<\/h2>\n\n\n\n<div class=\"wp-block-columns is-layout-flex wp-container-core-columns-is-layout-e0bfaba5 wp-block-columns-is-layout-flex\">\n\n<div class=\"wp-block-column is-layout-flow wp-block-column-is-layout-flow\">\n\n<div class=\"wp-block-group gruff-card has-global-padding is-layout-constrained wp-block-group-is-layout-constrained\">\n\n<p class=\"gruff-icon-text\">trending_down<\/p>\n\n\n<h3 class=\"wp-block-heading has-xl-font-size\">Kustannusten v\u00e4hent\u00e4minen<\/h3>\n\n\n<p class=\"has-muted-color has-text-color has-small-font-size\">Automaattinen energiankulutuksen optimointi Nord Pool -hintojen perusteella v\u00e4hent\u00e4\u00e4 merkitt\u00e4v\u00e4sti yrityksesi s\u00e4hk\u00f6kuluja.<\/p>\n\n<\/div>\n\n<\/div>\n\n\n\n<div class=\"wp-block-column is-layout-flow wp-block-column-is-layout-flow\">\n\n<div class=\"wp-block-group gruff-card has-global-padding is-layout-constrained wp-block-group-is-layout-constrained\">\n\n<p class=\"gruff-icon-text\">dashboard<\/p>\n\n\n<h3 class=\"wp-block-heading has-xl-font-size\">Keskitetty hallinta<\/h3>\n\n\n<p class=\"has-muted-color has-text-color has-small-font-size\">Hallitse kaikkia laitteita yhdest\u00e4 hallintapaneelista. Reaaliaikainen yleiskuva energiankulutuksesta ja kustannuksista.<\/p>\n\n<\/div>\n\n<\/div>\n\n\n\n<div class=\"wp-block-column is-layout-flow wp-block-column-is-layout-flow\">\n\n<div class=\"wp-block-group gruff-card has-global-padding is-layout-constrained wp-block-group-is-layout-constrained\">\n\n<p class=\"gruff-icon-text\">api<\/p>\n\n\n<h3 class=\"wp-block-heading has-xl-font-size\">API-integraatio<\/h3>\n\n\n<p class=\"has-muted-color has-text-color has-small-font-size\">Kehittynyt API mahdollistaa energianhallinnan integroinnin olemassa oleviin j\u00e4rjestelmiin ja mukautettujen raporttien luomisen.<\/p>\n\n<\/div>\n\n<\/div>\n\n<\/div>\n\n<\/div>\n\n\n\n<div class=\"wp-block-group gruff-section has-global-padding is-layout-constrained wp-container-core-group-is-layout-3a4e4474 wp-block-group-is-layout-constrained\">\n\n<h2 class=\"wp-block-heading has-text-align-center has-4-xl-font-size\">\u00c4lykk\u00e4\u00e4t ratkaisut jokaiseen tarpeeseen<\/h2>\n\n\n\n<p class=\"has-text-align-center has-muted-color has-text-color\">Valitse kodiisi tai yritykseesi sopiva energianhallinta.<\/p>\n\n\n\n<div class=\"wp-block-columns is-layout-flex wp-container-core-columns-is-layout-6b276c36 wp-block-columns-is-layout-flex\">\n\n<div class=\"wp-block-column is-layout-flow wp-block-column-is-layout-flow\">\n\n<div class=\"wp-block-group gruff-product-card has-global-padding is-layout-constrained wp-block-group-is-layout-constrained\">\n\n<figure class=\"wp-block-image size-medium gruff-product-card__image\"><img decoding=\"async\" src=\"https:\/\/grufftechnology.eu\/wp-content\/uploads\/2026\/03\/Gruff-soc.png\" alt=\"\u00c4lypistoke\"\/><\/figure>\n\n\n<h3 class=\"wp-block-heading has-xl-font-size\" style=\"font-weight:700\">\u00c4lypistoke<\/h3>\n\n\n<ul class=\"has-muted-color has-text-color has-small-font-size wp-block-list\">\n<li>Liitet\u00e4\u00e4n suoraan olemassa olevaan pistorasiaan<\/li>\n\n\n<li>Ohjaa suuritehoisia laitteita jopa 3,5 kW<\/li>\n\n\n<li>Visuaalinen hintaindikaattori (vihre\u00e4\/punainen LED)<\/li>\n<\/ul>\n\n<span class=\"woocommerce-Price-amount amount\">65,00&nbsp;<span class=\"woocommerce-Price-currencySymbol\">&euro;<\/span><\/span>\n\n<a href=\"https:\/\/grufftechnology.eu\/fi\/ostoskori\/?add-to-cart=1361\" class=\"gruff-cta-link\" style=\"padding:0.5rem 1rem;border-radius:0.5rem;font-size:0.875rem;\">Lis\u00e4\u00e4 ostoskoriin <span class=\"material-icons\" style=\"font-size:1rem;\">add_shopping_cart<\/span><\/a>\n\n<\/div>\n\n<\/div>\n\n\n\n<div class=\"wp-block-column is-layout-flow wp-block-column-is-layout-flow\">\n\n<div class=\"wp-block-group gruff-product-card has-global-padding is-layout-constrained wp-block-group-is-layout-constrained\">\n\n<figure class=\"wp-block-image size-medium gruff-product-card__image\"><img decoding=\"async\" src=\"https:\/\/grufftechnology.eu\/wp-content\/uploads\/2026\/03\/relee-taustata.png\" alt=\"DIN-kisk\u00f6rele\"\/><\/figure>\n\n\n<h3 class=\"wp-block-heading has-xl-font-size\" style=\"font-weight:700\">DIN-kisk\u00f6rele<\/h3>\n\n\n<ul class=\"has-muted-color has-text-color has-small-font-size wp-block-list\">\n<li>Asennetaan suoraan s\u00e4hk\u00f6keskukseen<\/li>\n\n\n<li>Ihanteellinen vedenl\u00e4mmittimille ja lattial\u00e4mmitykselle<\/li>\n\n\n<li>Vaatii ammattimaisen asennuksen<\/li>\n<\/ul>\n\n<span class=\"woocommerce-Price-amount amount\">95,00&nbsp;<span class=\"woocommerce-Price-currencySymbol\">&euro;<\/span><\/span>\n\n<a href=\"https:\/\/grufftechnology.eu\/fi\/ostoskori\/?add-to-cart=1387\" class=\"gruff-cta-link\" style=\"padding:0.5rem 1rem;border-radius:0.5rem;font-size:0.875rem;\">Lis\u00e4\u00e4 ostoskoriin <span class=\"material-icons\" style=\"font-size:1rem;\">add_shopping_cart<\/span><\/a>\n\n<\/div>\n\n<\/div>\n\n\n\n<div class=\"wp-block-column is-layout-flow wp-block-column-is-layout-flow\">\n\n<div class=\"wp-block-group gruff-product-card has-global-padding is-layout-constrained wp-block-group-is-layout-constrained\">\n\n<figure class=\"wp-block-image size-medium gruff-product-card__image\"><img loading=\"lazy\" decoding=\"async\" width=\"300\" height=\"300\" src=\"https:\/\/grufftechnology.eu\/wp-content\/uploads\/2026\/03\/business-solutions-iredgUgEj2qwwVDYxLkBz2-300x300.webp\" alt=\"Gruff Business Solutions\" class=\"wp-image-1583\" srcset=\"https:\/\/grufftechnology.eu\/wp-content\/uploads\/2026\/03\/business-solutions-iredgUgEj2qwwVDYxLkBz2-300x300.webp 300w, https:\/\/grufftechnology.eu\/wp-content\/uploads\/2026\/03\/business-solutions-iredgUgEj2qwwVDYxLkBz2-100x100.webp 100w, https:\/\/grufftechnology.eu\/wp-content\/uploads\/2026\/03\/business-solutions-iredgUgEj2qwwVDYxLkBz2-600x600.webp 600w, https:\/\/grufftechnology.eu\/wp-content\/uploads\/2026\/03\/business-solutions-iredgUgEj2qwwVDYxLkBz2-1024x1024.webp 1024w, https:\/\/grufftechnology.eu\/wp-content\/uploads\/2026\/03\/business-solutions-iredgUgEj2qwwVDYxLkBz2-150x150.webp 150w, https:\/\/grufftechnology.eu\/wp-content\/uploads\/2026\/03\/business-solutions-iredgUgEj2qwwVDYxLkBz2-768x768.webp 768w, https:\/\/grufftechnology.eu\/wp-content\/uploads\/2026\/03\/business-solutions-iredgUgEj2qwwVDYxLkBz2-1536x1536.webp 1536w, https:\/\/grufftechnology.eu\/wp-content\/uploads\/2026\/03\/business-solutions-iredgUgEj2qwwVDYxLkBz2.webp 1920w\" sizes=\"auto, (max-width: 300px) 100vw, 300px\" \/><\/figure>\n\n\n<h3 class=\"wp-block-heading has-xl-font-size\" style=\"font-weight:700\">Yritysratkaisut<\/h3>\n\n\n<ul class=\"has-muted-color has-text-color has-small-font-size wp-block-list\">\n<li>R\u00e4\u00e4t\u00e4l\u00f6idyt ratkaisut toimistoihin ja varastoihin<\/li>\n\n\n<li>Kehittynyt API-yhteys ja raportointi<\/li>\n\n\n<li>Usean laitteen hallintapaneeli<\/li>\n<\/ul>\n\n\n<p class=\"has-muted-color has-text-color has-small-font-size\">Yksil\u00f6llinen hinnoittelu<\/p>\n\n\n<div class=\"wp-block-buttons is-layout-flex wp-block-buttons-is-layout-flex\">\n<div class=\"wp-block-button is-style-outline is-style-outline--1\"><a class=\"wp-block-button__link wp-element-button\" href=\"\/fi\/yhteystiedot\/\">Ota yhteytt\u00e4<\/a><\/div>\n<\/div>\n\n<\/div>\n\n<\/div>\n\n<\/div>\n\n<\/div>\n\n\n\n<div class=\"wp-block-group gruff-section gruff-section--dark has-dark-background-color has-background has-global-padding is-layout-constrained wp-container-core-group-is-layout-985d9e89 wp-block-group-is-layout-constrained\">\n\n<h2 class=\"wp-block-heading has-text-align-center has-white-color has-text-color has-4-xl-font-size\">Keskustellaan tarpeistasi<\/h2>\n\n\n<p class=\"has-text-align-center has-text-light-color has-text-color has-large-font-size\">Ota meihin yhteytt\u00e4 ja l\u00f6yd\u00e4mme yrityksellesi sopivan ratkaisun.<\/p>\n\n\n<div class=\"wp-block-buttons is-content-justification-center is-layout-flex wp-container-core-buttons-is-layout-a89b3969 wp-block-buttons-is-layout-flex\">\n\n<div class=\"wp-block-button is-style-gruff-cta\"><a class=\"wp-block-button__link has-primary-background-color has-background wp-element-button\" href=\"tel:+37253493962\">+372 53493962<\/a><\/div>\n\n\n<div class=\"wp-block-button is-style-outline is-style-outline--2\"><a class=\"wp-block-button__link wp-element-button\" href=\"mailto:info@grufftechnology.eu\">info@grufftechnology.eu<\/a><\/div>\n\n<\/div>\n\n<\/div>\n","protected":false},"excerpt":{"rendered":"<p>Yritys Yrityksille suunnatutenergiaratkaisut Gruff Technology tarjoaa r\u00e4\u00e4t\u00e4l\u00f6ityj\u00e4 energianhallintaratkaisuja yrityksille. V\u00e4henn\u00e4 yrityksesi s\u00e4hk\u00f6kuluja ja hallitse useita laitteita yhdest\u00e4 hallintapaneelista. Miksi valita Gruff-yritysratkaisu? trending_down Kustannusten v\u00e4hent\u00e4minen Automaattinen energiankulutuksen optimointi Nord Pool -hintojen perusteella v\u00e4hent\u00e4\u00e4 merkitt\u00e4v\u00e4sti yrityksesi s\u00e4hk\u00f6kuluja. dashboard Keskitetty hallinta Hallitse kaikkia laitteita yhdest\u00e4 hallintapaneelista. Reaaliaikainen yleiskuva energiankulutuksesta ja kustannuksista. api API-integraatio Kehittynyt API mahdollistaa energianhallinnan integroinnin [&hellip;]<\/p>\n","protected":false},"author":4,"featured_media":0,"parent":0,"menu_order":0,"comment_status":"closed","ping_status":"closed","template":"page-arikliendile","meta":{"inline_featured_image":false,"footnotes":""},"class_list":["post-2022","page","type-page","status-publish","hentry"],"yoast_head":"<!-- This site is optimized with the Yoast SEO plugin v27.2 - https:\/\/yoast.com\/product\/yoast-seo-wordpress\/ -->\n<title>Yrityksille - Gruff Technology<\/title>\n<meta name=\"robots\" content=\"index, follow, max-snippet:-1, max-image-preview:large, max-video-preview:-1\" \/>\n<link rel=\"canonical\" href=\"https:\/\/grufftechnology.eu\/fi\/yrityksille\/\" \/>\n<meta property=\"og:locale\" content=\"fi_FI\" \/>\n<meta property=\"og:type\" content=\"article\" \/>\n<meta property=\"og:title\" content=\"Yrityksille - Gruff Technology\" \/>\n<meta property=\"og:description\" content=\"Yritys Yrityksille suunnatutenergiaratkaisut Gruff Technology tarjoaa r\u00e4\u00e4t\u00e4l\u00f6ityj\u00e4 energianhallintaratkaisuja yrityksille. V\u00e4henn\u00e4 yrityksesi s\u00e4hk\u00f6kuluja ja hallitse useita laitteita yhdest\u00e4 hallintapaneelista. Miksi valita Gruff-yritysratkaisu? trending_down Kustannusten v\u00e4hent\u00e4minen Automaattinen energiankulutuksen optimointi Nord Pool -hintojen perusteella v\u00e4hent\u00e4\u00e4 merkitt\u00e4v\u00e4sti yrityksesi s\u00e4hk\u00f6kuluja. dashboard Keskitetty hallinta Hallitse kaikkia laitteita yhdest\u00e4 hallintapaneelista. Reaaliaikainen yleiskuva energiankulutuksesta ja kustannuksista. api API-integraatio Kehittynyt API mahdollistaa energianhallinnan integroinnin [&hellip;]\" \/>\n<meta property=\"og:url\" content=\"https:\/\/grufftechnology.eu\/fi\/yrityksille\/\" \/>\n<meta property=\"og:site_name\" content=\"Gruff Technology\" \/>\n<meta property=\"article:publisher\" content=\"https:\/\/www.facebook.com\/Grufftechnology\" \/>\n<meta property=\"article:modified_time\" content=\"2026-03-13T18:26:36+00:00\" \/>\n<meta property=\"og:image\" content=\"https:\/\/grufftechnology.eu\/wp-content\/uploads\/2024\/07\/pakend-automation.jpg\" \/>\n<meta name=\"twitter:card\" content=\"summary_large_image\" \/>\n<meta name=\"twitter:label1\" content=\"Arvioitu lukuaika\" \/>\n\t<meta name=\"twitter:data1\" content=\"1 minuutti\" \/>\n<script type=\"application\/ld+json\" class=\"yoast-schema-graph\">{\"@context\":\"https:\/\/schema.org\",\"@graph\":[{\"@type\":\"WebPage\",\"@id\":\"https:\/\/grufftechnology.eu\/fi\/yrityksille\/\",\"url\":\"https:\/\/grufftechnology.eu\/fi\/yrityksille\/\",\"name\":\"Yrityksille - Gruff Technology\",\"isPartOf\":{\"@id\":\"https:\/\/grufftechnology.eu\/fi\/#website\"},\"primaryImageOfPage\":{\"@id\":\"https:\/\/grufftechnology.eu\/fi\/yrityksille\/#primaryimage\"},\"image\":{\"@id\":\"https:\/\/grufftechnology.eu\/fi\/yrityksille\/#primaryimage\"},\"thumbnailUrl\":\"https:\/\/grufftechnology.eu\/wp-content\/uploads\/2024\/07\/pakend-automation.jpg\",\"datePublished\":\"2026-03-06T18:35:13+00:00\",\"dateModified\":\"2026-03-13T18:26:36+00:00\",\"breadcrumb\":{\"@id\":\"https:\/\/grufftechnology.eu\/fi\/yrityksille\/#breadcrumb\"},\"inLanguage\":\"fi\",\"potentialAction\":[{\"@type\":\"ReadAction\",\"target\":[\"https:\/\/grufftechnology.eu\/fi\/yrityksille\/\"]}]},{\"@type\":\"ImageObject\",\"inLanguage\":\"fi\",\"@id\":\"https:\/\/grufftechnology.eu\/fi\/yrityksille\/#primaryimage\",\"url\":\"https:\/\/grufftechnology.eu\/wp-content\/uploads\/2024\/07\/pakend-automation.jpg\",\"contentUrl\":\"https:\/\/grufftechnology.eu\/wp-content\/uploads\/2024\/07\/pakend-automation.jpg\"},{\"@type\":\"BreadcrumbList\",\"@id\":\"https:\/\/grufftechnology.eu\/fi\/yrityksille\/#breadcrumb\",\"itemListElement\":[{\"@type\":\"ListItem\",\"position\":1,\"name\":\"Home\",\"item\":\"https:\/\/grufftechnology.eu\/fi\/gruff-technology\/\"},{\"@type\":\"ListItem\",\"position\":2,\"name\":\"Yrityksille\"}]},{\"@type\":\"WebSite\",\"@id\":\"https:\/\/grufftechnology.eu\/fi\/#website\",\"url\":\"https:\/\/grufftechnology.eu\/fi\/\",\"name\":\"Gruff Technology\",\"description\":\"Save your money with saver socket\",\"publisher\":{\"@id\":\"https:\/\/grufftechnology.eu\/fi\/#organization\"},\"alternateName\":\"Gruff\",\"potentialAction\":[{\"@type\":\"SearchAction\",\"target\":{\"@type\":\"EntryPoint\",\"urlTemplate\":\"https:\/\/grufftechnology.eu\/fi\/?s={search_term_string}\"},\"query-input\":{\"@type\":\"PropertyValueSpecification\",\"valueRequired\":true,\"valueName\":\"search_term_string\"}}],\"inLanguage\":\"fi\"},{\"@type\":\"Organization\",\"@id\":\"https:\/\/grufftechnology.eu\/fi\/#organization\",\"name\":\"Gruff Technology\",\"url\":\"https:\/\/grufftechnology.eu\/fi\/\",\"logo\":{\"@type\":\"ImageObject\",\"inLanguage\":\"fi\",\"@id\":\"https:\/\/grufftechnology.eu\/fi\/#\/schema\/logo\/image\/\",\"url\":\"https:\/\/grufftechnology.eu\/wp-content\/uploads\/2023\/03\/GRUFF-T.svg\",\"contentUrl\":\"https:\/\/grufftechnology.eu\/wp-content\/uploads\/2023\/03\/GRUFF-T.svg\",\"caption\":\"Gruff Technology\"},\"image\":{\"@id\":\"https:\/\/grufftechnology.eu\/fi\/#\/schema\/logo\/image\/\"},\"sameAs\":[\"https:\/\/www.facebook.com\/Grufftechnology\"]}]}<\/script>\n<!-- \/ Yoast SEO plugin. -->","yoast_head_json":{"title":"Yrityksille - Gruff Technology","robots":{"index":"index","follow":"follow","max-snippet":"max-snippet:-1","max-image-preview":"max-image-preview:large","max-video-preview":"max-video-preview:-1"},"canonical":"https:\/\/grufftechnology.eu\/fi\/yrityksille\/","og_locale":"fi_FI","og_type":"article","og_title":"Yrityksille - Gruff Technology","og_description":"Yritys Yrityksille suunnatutenergiaratkaisut Gruff Technology tarjoaa r\u00e4\u00e4t\u00e4l\u00f6ityj\u00e4 energianhallintaratkaisuja yrityksille. V\u00e4henn\u00e4 yrityksesi s\u00e4hk\u00f6kuluja ja hallitse useita laitteita yhdest\u00e4 hallintapaneelista. Miksi valita Gruff-yritysratkaisu? trending_down Kustannusten v\u00e4hent\u00e4minen Automaattinen energiankulutuksen optimointi Nord Pool -hintojen perusteella v\u00e4hent\u00e4\u00e4 merkitt\u00e4v\u00e4sti yrityksesi s\u00e4hk\u00f6kuluja. dashboard Keskitetty hallinta Hallitse kaikkia laitteita yhdest\u00e4 hallintapaneelista. Reaaliaikainen yleiskuva energiankulutuksesta ja kustannuksista. api API-integraatio Kehittynyt API mahdollistaa energianhallinnan integroinnin [&hellip;]","og_url":"https:\/\/grufftechnology.eu\/fi\/yrityksille\/","og_site_name":"Gruff Technology","article_publisher":"https:\/\/www.facebook.com\/Grufftechnology","article_modified_time":"2026-03-13T18:26:36+00:00","og_image":[{"url":"https:\/\/grufftechnology.eu\/wp-content\/uploads\/2024\/07\/pakend-automation.jpg","type":"","width":"","height":""}],"twitter_card":"summary_large_image","twitter_misc":{"Arvioitu lukuaika":"1 minuutti"},"schema":{"@context":"https:\/\/schema.org","@graph":[{"@type":"WebPage","@id":"https:\/\/grufftechnology.eu\/fi\/yrityksille\/","url":"https:\/\/grufftechnology.eu\/fi\/yrityksille\/","name":"Yrityksille - Gruff Technology","isPartOf":{"@id":"https:\/\/grufftechnology.eu\/fi\/#website"},"primaryImageOfPage":{"@id":"https:\/\/grufftechnology.eu\/fi\/yrityksille\/#primaryimage"},"image":{"@id":"https:\/\/grufftechnology.eu\/fi\/yrityksille\/#primaryimage"},"thumbnailUrl":"https:\/\/grufftechnology.eu\/wp-content\/uploads\/2024\/07\/pakend-automation.jpg","datePublished":"2026-03-06T18:35:13+00:00","dateModified":"2026-03-13T18:26:36+00:00","breadcrumb":{"@id":"https:\/\/grufftechnology.eu\/fi\/yrityksille\/#breadcrumb"},"inLanguage":"fi","potentialAction":[{"@type":"ReadAction","target":["https:\/\/grufftechnology.eu\/fi\/yrityksille\/"]}]},{"@type":"ImageObject","inLanguage":"fi","@id":"https:\/\/grufftechnology.eu\/fi\/yrityksille\/#primaryimage","url":"https:\/\/grufftechnology.eu\/wp-content\/uploads\/2024\/07\/pakend-automation.jpg","contentUrl":"https:\/\/grufftechnology.eu\/wp-content\/uploads\/2024\/07\/pakend-automation.jpg"},{"@type":"BreadcrumbList","@id":"https:\/\/grufftechnology.eu\/fi\/yrityksille\/#breadcrumb","itemListElement":[{"@type":"ListItem","position":1,"name":"Home","item":"https:\/\/grufftechnology.eu\/fi\/gruff-technology\/"},{"@type":"ListItem","position":2,"name":"Yrityksille"}]},{"@type":"WebSite","@id":"https:\/\/grufftechnology.eu\/fi\/#website","url":"https:\/\/grufftechnology.eu\/fi\/","name":"Gruff Technology","description":"Save your money with saver socket","publisher":{"@id":"https:\/\/grufftechnology.eu\/fi\/#organization"},"alternateName":"Gruff","potentialAction":[{"@type":"SearchAction","target":{"@type":"EntryPoint","urlTemplate":"https:\/\/grufftechnology.eu\/fi\/?s={search_term_string}"},"query-input":{"@type":"PropertyValueSpecification","valueRequired":true,"valueName":"search_term_string"}}],"inLanguage":"fi"},{"@type":"Organization","@id":"https:\/\/grufftechnology.eu\/fi\/#organization","name":"Gruff Technology","url":"https:\/\/grufftechnology.eu\/fi\/","logo":{"@type":"ImageObject","inLanguage":"fi","@id":"https:\/\/grufftechnology.eu\/fi\/#\/schema\/logo\/image\/","url":"https:\/\/grufftechnology.eu\/wp-content\/uploads\/2023\/03\/GRUFF-T.svg","contentUrl":"https:\/\/grufftechnology.eu\/wp-content\/uploads\/2023\/03\/GRUFF-T.svg","caption":"Gruff Technology"},"image":{"@id":"https:\/\/grufftechnology.eu\/fi\/#\/schema\/logo\/image\/"},"sameAs":["https:\/\/www.facebook.com\/Grufftechnology"]}]}},"_links":{"self":[{"href":"https:\/\/grufftechnology.eu\/fi\/wp-json\/wp\/v2\/pages\/2022","targetHints":{"allow":["GET"]}}],"collection":[{"href":"https:\/\/grufftechnology.eu\/fi\/wp-json\/wp\/v2\/pages"}],"about":[{"href":"https:\/\/grufftechnology.eu\/fi\/wp-json\/wp\/v2\/types\/page"}],"author":[{"embeddable":true,"href":"https:\/\/grufftechnology.eu\/fi\/wp-json\/wp\/v2\/users\/4"}],"replies":[{"embeddable":true,"href":"https:\/\/grufftechnology.eu\/fi\/wp-json\/wp\/v2\/comments?post=2022"}],"version-history":[{"count":3,"href":"https:\/\/grufftechnology.eu\/fi\/wp-json\/wp\/v2\/pages\/2022\/revisions"}],"predecessor-version":[{"id":2230,"href":"https:\/\/grufftechnology.eu\/fi\/wp-json\/wp\/v2\/pages\/2022\/revisions\/2230"}],"wp:attachment":[{"href":"https:\/\/grufftechnology.eu\/fi\/wp-json\/wp\/v2\/media?parent=2022"}],"curies":[{"name":"wp","href":"https:\/\/api.w.org\/{rel}","templated":true}]}}