{"id":2081,"date":"2026-03-09T14:35:37","date_gmt":"2026-03-09T12:35:37","guid":{"rendered":"https:\/\/grufftechnology.eu\/?page_id=2081"},"modified":"2026-03-12T09:21:02","modified_gmt":"2026-03-12T07:21:02","slug":"ehdot","status":"publish","type":"page","link":"https:\/\/grufftechnology.eu\/fi\/ehdot\/","title":{"rendered":"Ehdot"},"content":{"rendered":"\n<h2 class=\"wp-block-heading\">Myynti- ja takuuehdot<\/h2>\n\n\n\n<p>Verkkokauppa grufftechnology.eu (j\u00e4ljemp\u00e4n\u00e4 verkkokauppa) omistaa Gruff Technology O\u00dc (rekisterinumero 16620414), osoite Telliskivi 60, 10412 Tallinna, Viro.<\/p>\n\n\n\n<h3 class=\"wp-block-heading\">Myyntisopimuksen voimassaolo, tuote- ja hintatiedot<\/h3>\n\n\n\n<p>N\u00e4m\u00e4 myyntiehdot ovat voimassa ostettaessa tuotteita verkkokaupasta. Verkkokaupassa myyt\u00e4vien tuotteiden hinnat n\u00e4ytet\u00e4\u00e4n kunkin tuotteen yhteydess\u00e4. Tuotetiedot esitet\u00e4\u00e4n suoraan tuotteen yhteydess\u00e4 verkkokaupassa.<\/p>\n\n\n\n<h3 class=\"wp-block-heading\">Tilauksen tekeminen<\/h3>\n\n\n\n<p>Tilataksesi tuotteita, lis\u00e4\u00e4 haluamasi tuotteet ostoskoriin. Tilauksen viimeistelemiseksi t\u00e4yt\u00e4 vaaditut kent\u00e4t ja valitse sopiva toimitusmenetelm\u00e4. Kokonaissumma n\u00e4ytet\u00e4\u00e4n n\u00e4yt\u00f6ll\u00e4 ja se voidaan maksaa pankkilinkin tai muun maksuratkaisun kautta. Kaikki maksut k\u00e4sitell\u00e4\u00e4n euroissa.<\/p>\n\n\n\n<p>Maksu k\u00e4sitell\u00e4\u00e4n Montonio-maksuratkaisujen kautta.<\/p>\n\n\n\n<p>Sopimus tulee voimaan, kun maksettava summa on vastaanotettu verkkokaupan pankkitilille.<\/p>\n\n\n\n<p>Jos tilattua tuotetta ei voida toimittaa varaston loppumisen tai muiden syiden vuoksi, ostajalle ilmoitetaan asiasta mahdollisimman pian ja maksettu summa (mukaan lukien toimituskulut) palautetaan viipym\u00e4tt\u00e4, mutta viimeist\u00e4\u00e4n 14 p\u00e4iv\u00e4n kuluessa ilmoituksesta.<\/p>\n\n\n\n<h3 class=\"wp-block-heading\">Toimitus<\/h3>\n\n\n\n<p>Tuotteet toimitetaan seuraaviin maihin: Viro ja Suomi. Viron sis\u00e4iset l\u00e4hetykset saapuvat ostajan m\u00e4\u00e4ritt\u00e4m\u00e4\u00e4n kohteeseen yleens\u00e4 2\u20133 arkip\u00e4iv\u00e4n kuluessa myyntisopimuksen voimaantulosta Omniva-pakettiautomaattien kautta. Poikkeustapauksissa toimitus voi kest\u00e4\u00e4 jopa 45 kalenterip\u00e4iv\u00e4\u00e4.<\/p>\n\n\n\n<h3 class=\"wp-block-heading\">Peruuttamisoikeus<\/h3>\n\n\n\n<p>Tilauksen vastaanotettuaan ostajalla on oikeus peruuttaa verkkokaupassa tehty sopimus 14 p\u00e4iv\u00e4n kuluessa. Peruuttamisoikeus ei koske oikeushenkil\u00f6it\u00e4.<\/p>\n\n\n\n<p>14 p\u00e4iv\u00e4n palautusoikeuden k\u00e4ytt\u00e4miseksi tilattuja tuotteita ei saa k\u00e4ytt\u00e4\u00e4 muulla tavoin kuin on tarpeen tuotteen luonteen, ominaisuuksien ja toiminnan tarkistamiseksi samalla tavalla kuin fyysisess\u00e4 myym\u00e4l\u00e4ss\u00e4 sallittaisiin.<\/p>\n\n\n\n<p>Jos tuotteita on k\u00e4ytetty muihin tarkoituksiin tai niiss\u00e4 on k\u00e4yt\u00f6n tai kulumisen merkkej\u00e4, verkkokaupalla on oikeus v\u00e4hent\u00e4\u00e4 palautettavaa summaa tuotteen arvon alenemisen mukaisesti.<\/p>\n\n\n\n<p>Palauttaaksesi tuotteet, l\u00e4het\u00e4 vapaamuotoinen peruutusilmoitus osoitteeseen <a href=\"mailto:info@grufftechnology.eu\">info@grufftechnology.eu<\/a> viimeist\u00e4\u00e4n 14 p\u00e4iv\u00e4n kuluessa tuotteiden vastaanottamisesta.<\/p>\n\n\n\n<p>Palautuksen toimituskulut maksaa ostaja, ellei palautuksen syyn\u00e4 ole se, ett\u00e4 tuote ei vastaa tilausta (esim. v\u00e4\u00e4r\u00e4 tai viallinen tuote).<\/p>\n\n\n\n<p>Ostajan on palautettava tuotteet 14 p\u00e4iv\u00e4n kuluessa peruutusilmoituksen l\u00e4hett\u00e4misest\u00e4 tai esitett\u00e4v\u00e4 todiste tuotteiden luovuttamisesta kuljetusyritykselle kyseisen ajan kuluessa.<\/p>\n\n\n\n<p>Palautettujen tuotteiden vastaanottamisen j\u00e4lkeen verkkokauppa palauttaa ostajalle maksetun summan viipym\u00e4tt\u00e4, mutta viimeist\u00e4\u00e4n 14 p\u00e4iv\u00e4n kuluessa peruutusilmoituksen vastaanottamisesta. Verkkokauppa voi pid\u00e4tt\u00e4\u00e4 palautuksen, kunnes tuotteet on palautettu.<\/p>\n\n\n\n<p>Verkkokaupalla on oikeus peruuttaa myyntitapahtuma ja vaatia tuotteet takaisin ostajalta, jos verkkokaupan hinta oli virheellisesti asetettu merkitt\u00e4v\u00e4sti markkinahintaa alhaisemmaksi.<\/p>\n\n\n\n<h3 class=\"wp-block-heading\">Valitusoikeus<\/h3>\n\n\n\n<p>Verkkokauppa vastaa ostajalle myytyjen tuotteiden virheist\u00e4 tai puutteista, jotka olivat olemassa luovutushetkell\u00e4 ja ilmenev\u00e4t kahden vuoden kuluessa toimituksesta. Ensimm\u00e4isen 12 kuukauden aikana oletetaan, ett\u00e4 virhe oli olemassa luovutushetkell\u00e4.<\/p>\n\n\n\n<p>Ostajalla on oikeus ottaa yhteytt\u00e4 verkkokauppaan kahden kuukauden kuluessa virheen havaitsemisesta l\u00e4hett\u00e4m\u00e4ll\u00e4 s\u00e4hk\u00f6postia osoitteeseen <a href=\"mailto:info@grufftechnology.eu\">info@grufftechnology.eu<\/a> tai soittamalla numeroon +372 53493962.<\/p>\n\n\n\n<p>Verkkokauppa ei vastaa virheist\u00e4, jotka syntyv\u00e4t tuotteen luovuttamisen j\u00e4lkeen ostajalle. Jos tuotteissa on virheit\u00e4, joista verkkokauppa vastaa, verkkokauppa korjaa tai vaihtaa vialliset tuotteet. Jos korjaaminen tai vaihtaminen ei ole mahdollista, verkkokauppa palauttaa kaikki myyntisopimuksen perusteella maksetut summat.<\/p>\n\n\n\n<p>Verkkokauppa vastaa kuluttajavalituksiin kirjallisesti tai toistettavassa muodossa 15 p\u00e4iv\u00e4n kuluessa.<\/p>\n\n\n\n<h3 class=\"wp-block-heading\">Henkil\u00f6tietojen k\u00e4sittely<\/h3>\n\n\n\n<p>Verkkokauppa k\u00e4ytt\u00e4\u00e4 ostajan sy\u00f6tt\u00e4mi\u00e4 henkil\u00f6tietoja (mukaan lukien nimi, puhelinnumero, osoite, s\u00e4hk\u00f6postiosoite, pankkitiedot) ainoastaan tilausten k\u00e4sittelyyn ja tuotteiden toimittamiseen. Verkkokauppa jakaa henkil\u00f6tietoja kuljetusyrityksille tuotteiden toimittamista varten.<\/p>\n\n\n\n<h3 class=\"wp-block-heading\">Tuotetakuu ja palautukset<\/h3>\n\n\n\n<p>Gruff-\u00e4lypistokkeen valmistajan takuu on kaksi vuotta ostop\u00e4iv\u00e4st\u00e4. Valmistusvirheiden tapauksessa voit palauttaa tuotteen myym\u00e4l\u00e4\u00e4n, josta se ostettiin. Verkkokauppaostoksille l\u00e4het\u00e4 tuote suoraan Gruff Technology O\u00dc:lle osoitteeseen Telliskivi 60\/1, Tallinna 10412, tai l\u00e4himp\u00e4\u00e4n pakettiautomaattiin. Takuuehtojen mukaisesti vaihdamme tuotteen tai korvaamme osto- ja toimitushinnan. Myyj\u00e4 ei vastaa virheellisest\u00e4 k\u00e4yt\u00f6st\u00e4 tai s\u00e4hk\u00f6j\u00e4rjestelm\u00e4n vioista aiheutuneista vahingoista eik\u00e4 vaihda virheellisest\u00e4 k\u00e4yt\u00f6st\u00e4 vahingoittuneita tuotteita.<\/p>\n\n\n\n<h3 class=\"wp-block-heading\">Riitojen ratkaisu<\/h3>\n\n\n\n<p>Jos ostajalla on valituksia verkkokaupasta, ne tulee l\u00e4hett\u00e4\u00e4 osoitteeseen <a href=\"mailto:info@grufftechnology.eu\">info@grufftechnology.eu<\/a> tai soittamalla numeroon +372 6099005.<\/p>\n\n\n\n<p>Jos ostaja ja verkkokauppa eiv\u00e4t pysty ratkaisemaan riitaa sopimuksella, ostaja voi k\u00e4\u00e4nty\u00e4 kuluttajariitalautakunnan puoleen. Lautakunnalla on toimivalta ratkaista ostajan ja verkkokaupan v\u00e4lisist\u00e4 sopimuksista syntyvi\u00e4 riitoja. Ostajan valituksen k\u00e4sittely on maksutonta.<\/p>\n\n\n\n<p>Ostaja voi k\u00e4\u00e4nty\u00e4 my\u00f6s <a href=\"https:\/\/ec.europa.eu\/consumers\/odr\" target=\"_blank\" rel=\"noopener noreferrer\">Euroopan unionin verkkov\u00e4litteisen riidanratkaisufoorumin<\/a> puoleen.<\/p>\n","protected":false},"excerpt":{"rendered":"<p>Myynti- ja takuuehdot Verkkokauppa grufftechnology.eu (j\u00e4ljemp\u00e4n\u00e4 verkkokauppa) omistaa Gruff Technology O\u00dc (rekisterinumero 16620414), osoite Telliskivi 60, 10412 Tallinna, Viro. Myyntisopimuksen voimassaolo, tuote- ja hintatiedot N\u00e4m\u00e4 myyntiehdot ovat voimassa ostettaessa tuotteita verkkokaupasta. Verkkokaupassa myyt\u00e4vien tuotteiden hinnat n\u00e4ytet\u00e4\u00e4n kunkin tuotteen yhteydess\u00e4. Tuotetiedot esitet\u00e4\u00e4n suoraan tuotteen yhteydess\u00e4 verkkokaupassa. Tilauksen tekeminen Tilataksesi tuotteita, lis\u00e4\u00e4 haluamasi tuotteet ostoskoriin. Tilauksen viimeistelemiseksi [&hellip;]<\/p>\n","protected":false},"author":4,"featured_media":0,"parent":0,"menu_order":0,"comment_status":"closed","ping_status":"closed","template":"","meta":{"inline_featured_image":false,"footnotes":""},"class_list":["post-2081","page","type-page","status-publish","hentry"],"yoast_head":"<!-- This site is optimized with the Yoast SEO plugin v27.2 - https:\/\/yoast.com\/product\/yoast-seo-wordpress\/ -->\n<title>Ehdot - Gruff Technology<\/title>\n<meta name=\"robots\" content=\"index, follow, max-snippet:-1, max-image-preview:large, max-video-preview:-1\" \/>\n<link rel=\"canonical\" href=\"https:\/\/grufftechnology.eu\/fi\/ehdot\/\" \/>\n<meta property=\"og:locale\" content=\"fi_FI\" \/>\n<meta property=\"og:type\" content=\"article\" \/>\n<meta property=\"og:title\" content=\"Ehdot - Gruff Technology\" \/>\n<meta property=\"og:description\" content=\"Myynti- ja takuuehdot Verkkokauppa grufftechnology.eu (j\u00e4ljemp\u00e4n\u00e4 verkkokauppa) omistaa Gruff Technology O\u00dc (rekisterinumero 16620414), osoite Telliskivi 60, 10412 Tallinna, Viro. Myyntisopimuksen voimassaolo, tuote- ja hintatiedot N\u00e4m\u00e4 myyntiehdot ovat voimassa ostettaessa tuotteita verkkokaupasta. Verkkokaupassa myyt\u00e4vien tuotteiden hinnat n\u00e4ytet\u00e4\u00e4n kunkin tuotteen yhteydess\u00e4. Tuotetiedot esitet\u00e4\u00e4n suoraan tuotteen yhteydess\u00e4 verkkokaupassa. Tilauksen tekeminen Tilataksesi tuotteita, lis\u00e4\u00e4 haluamasi tuotteet ostoskoriin. Tilauksen viimeistelemiseksi [&hellip;]\" \/>\n<meta property=\"og:url\" content=\"https:\/\/grufftechnology.eu\/fi\/ehdot\/\" \/>\n<meta property=\"og:site_name\" content=\"Gruff Technology\" \/>\n<meta property=\"article:publisher\" content=\"https:\/\/www.facebook.com\/Grufftechnology\" \/>\n<meta property=\"article:modified_time\" content=\"2026-03-12T07:21:02+00:00\" \/>\n<meta name=\"twitter:card\" content=\"summary_large_image\" \/>\n<meta name=\"twitter:label1\" content=\"Arvioitu lukuaika\" \/>\n\t<meta name=\"twitter:data1\" content=\"3 minuuttia\" \/>\n<script type=\"application\/ld+json\" class=\"yoast-schema-graph\">{\"@context\":\"https:\/\/schema.org\",\"@graph\":[{\"@type\":\"WebPage\",\"@id\":\"https:\/\/grufftechnology.eu\/fi\/ehdot\/\",\"url\":\"https:\/\/grufftechnology.eu\/fi\/ehdot\/\",\"name\":\"Ehdot - Gruff Technology\",\"isPartOf\":{\"@id\":\"https:\/\/grufftechnology.eu\/fi\/#website\"},\"datePublished\":\"2026-03-09T12:35:37+00:00\",\"dateModified\":\"2026-03-12T07:21:02+00:00\",\"breadcrumb\":{\"@id\":\"https:\/\/grufftechnology.eu\/fi\/ehdot\/#breadcrumb\"},\"inLanguage\":\"fi\",\"potentialAction\":[{\"@type\":\"ReadAction\",\"target\":[\"https:\/\/grufftechnology.eu\/fi\/ehdot\/\"]}]},{\"@type\":\"BreadcrumbList\",\"@id\":\"https:\/\/grufftechnology.eu\/fi\/ehdot\/#breadcrumb\",\"itemListElement\":[{\"@type\":\"ListItem\",\"position\":1,\"name\":\"Home\",\"item\":\"https:\/\/grufftechnology.eu\/fi\/gruff-technology\/\"},{\"@type\":\"ListItem\",\"position\":2,\"name\":\"Ehdot\"}]},{\"@type\":\"WebSite\",\"@id\":\"https:\/\/grufftechnology.eu\/fi\/#website\",\"url\":\"https:\/\/grufftechnology.eu\/fi\/\",\"name\":\"Gruff Technology\",\"description\":\"Save your money with saver socket\",\"publisher\":{\"@id\":\"https:\/\/grufftechnology.eu\/fi\/#organization\"},\"alternateName\":\"Gruff\",\"potentialAction\":[{\"@type\":\"SearchAction\",\"target\":{\"@type\":\"EntryPoint\",\"urlTemplate\":\"https:\/\/grufftechnology.eu\/fi\/?s={search_term_string}\"},\"query-input\":{\"@type\":\"PropertyValueSpecification\",\"valueRequired\":true,\"valueName\":\"search_term_string\"}}],\"inLanguage\":\"fi\"},{\"@type\":\"Organization\",\"@id\":\"https:\/\/grufftechnology.eu\/fi\/#organization\",\"name\":\"Gruff Technology\",\"url\":\"https:\/\/grufftechnology.eu\/fi\/\",\"logo\":{\"@type\":\"ImageObject\",\"inLanguage\":\"fi\",\"@id\":\"https:\/\/grufftechnology.eu\/fi\/#\/schema\/logo\/image\/\",\"url\":\"https:\/\/grufftechnology.eu\/wp-content\/uploads\/2023\/03\/GRUFF-T.svg\",\"contentUrl\":\"https:\/\/grufftechnology.eu\/wp-content\/uploads\/2023\/03\/GRUFF-T.svg\",\"caption\":\"Gruff Technology\"},\"image\":{\"@id\":\"https:\/\/grufftechnology.eu\/fi\/#\/schema\/logo\/image\/\"},\"sameAs\":[\"https:\/\/www.facebook.com\/Grufftechnology\"]}]}<\/script>\n<!-- \/ Yoast SEO plugin. -->","yoast_head_json":{"title":"Ehdot - Gruff Technology","robots":{"index":"index","follow":"follow","max-snippet":"max-snippet:-1","max-image-preview":"max-image-preview:large","max-video-preview":"max-video-preview:-1"},"canonical":"https:\/\/grufftechnology.eu\/fi\/ehdot\/","og_locale":"fi_FI","og_type":"article","og_title":"Ehdot - Gruff Technology","og_description":"Myynti- ja takuuehdot Verkkokauppa grufftechnology.eu (j\u00e4ljemp\u00e4n\u00e4 verkkokauppa) omistaa Gruff Technology O\u00dc (rekisterinumero 16620414), osoite Telliskivi 60, 10412 Tallinna, Viro. Myyntisopimuksen voimassaolo, tuote- ja hintatiedot N\u00e4m\u00e4 myyntiehdot ovat voimassa ostettaessa tuotteita verkkokaupasta. Verkkokaupassa myyt\u00e4vien tuotteiden hinnat n\u00e4ytet\u00e4\u00e4n kunkin tuotteen yhteydess\u00e4. Tuotetiedot esitet\u00e4\u00e4n suoraan tuotteen yhteydess\u00e4 verkkokaupassa. Tilauksen tekeminen Tilataksesi tuotteita, lis\u00e4\u00e4 haluamasi tuotteet ostoskoriin. Tilauksen viimeistelemiseksi [&hellip;]","og_url":"https:\/\/grufftechnology.eu\/fi\/ehdot\/","og_site_name":"Gruff Technology","article_publisher":"https:\/\/www.facebook.com\/Grufftechnology","article_modified_time":"2026-03-12T07:21:02+00:00","twitter_card":"summary_large_image","twitter_misc":{"Arvioitu lukuaika":"3 minuuttia"},"schema":{"@context":"https:\/\/schema.org","@graph":[{"@type":"WebPage","@id":"https:\/\/grufftechnology.eu\/fi\/ehdot\/","url":"https:\/\/grufftechnology.eu\/fi\/ehdot\/","name":"Ehdot - Gruff Technology","isPartOf":{"@id":"https:\/\/grufftechnology.eu\/fi\/#website"},"datePublished":"2026-03-09T12:35:37+00:00","dateModified":"2026-03-12T07:21:02+00:00","breadcrumb":{"@id":"https:\/\/grufftechnology.eu\/fi\/ehdot\/#breadcrumb"},"inLanguage":"fi","potentialAction":[{"@type":"ReadAction","target":["https:\/\/grufftechnology.eu\/fi\/ehdot\/"]}]},{"@type":"BreadcrumbList","@id":"https:\/\/grufftechnology.eu\/fi\/ehdot\/#breadcrumb","itemListElement":[{"@type":"ListItem","position":1,"name":"Home","item":"https:\/\/grufftechnology.eu\/fi\/gruff-technology\/"},{"@type":"ListItem","position":2,"name":"Ehdot"}]},{"@type":"WebSite","@id":"https:\/\/grufftechnology.eu\/fi\/#website","url":"https:\/\/grufftechnology.eu\/fi\/","name":"Gruff Technology","description":"Save your money with saver socket","publisher":{"@id":"https:\/\/grufftechnology.eu\/fi\/#organization"},"alternateName":"Gruff","potentialAction":[{"@type":"SearchAction","target":{"@type":"EntryPoint","urlTemplate":"https:\/\/grufftechnology.eu\/fi\/?s={search_term_string}"},"query-input":{"@type":"PropertyValueSpecification","valueRequired":true,"valueName":"search_term_string"}}],"inLanguage":"fi"},{"@type":"Organization","@id":"https:\/\/grufftechnology.eu\/fi\/#organization","name":"Gruff Technology","url":"https:\/\/grufftechnology.eu\/fi\/","logo":{"@type":"ImageObject","inLanguage":"fi","@id":"https:\/\/grufftechnology.eu\/fi\/#\/schema\/logo\/image\/","url":"https:\/\/grufftechnology.eu\/wp-content\/uploads\/2023\/03\/GRUFF-T.svg","contentUrl":"https:\/\/grufftechnology.eu\/wp-content\/uploads\/2023\/03\/GRUFF-T.svg","caption":"Gruff Technology"},"image":{"@id":"https:\/\/grufftechnology.eu\/fi\/#\/schema\/logo\/image\/"},"sameAs":["https:\/\/www.facebook.com\/Grufftechnology"]}]}},"_links":{"self":[{"href":"https:\/\/grufftechnology.eu\/fi\/wp-json\/wp\/v2\/pages\/2081","targetHints":{"allow":["GET"]}}],"collection":[{"href":"https:\/\/grufftechnology.eu\/fi\/wp-json\/wp\/v2\/pages"}],"about":[{"href":"https:\/\/grufftechnology.eu\/fi\/wp-json\/wp\/v2\/types\/page"}],"author":[{"embeddable":true,"href":"https:\/\/grufftechnology.eu\/fi\/wp-json\/wp\/v2\/users\/4"}],"replies":[{"embeddable":true,"href":"https:\/\/grufftechnology.eu\/fi\/wp-json\/wp\/v2\/comments?post=2081"}],"version-history":[{"count":2,"href":"https:\/\/grufftechnology.eu\/fi\/wp-json\/wp\/v2\/pages\/2081\/revisions"}],"predecessor-version":[{"id":2096,"href":"https:\/\/grufftechnology.eu\/fi\/wp-json\/wp\/v2\/pages\/2081\/revisions\/2096"}],"wp:attachment":[{"href":"https:\/\/grufftechnology.eu\/fi\/wp-json\/wp\/v2\/media?parent=2081"}],"curies":[{"name":"wp","href":"https:\/\/api.w.org\/{rel}","templated":true}]}}