{"id":2101,"date":"2023-04-03T12:21:06","date_gmt":"2023-04-03T10:21:06","guid":{"rendered":"https:\/\/www.grufftechnology.eu\/?page_id=2101"},"modified":"2026-03-12T09:34:14","modified_gmt":"2026-03-12T07:34:14","slug":"tietosuojakaytanto","status":"publish","type":"page","link":"https:\/\/grufftechnology.eu\/fi\/tietosuojakaytanto\/","title":{"rendered":"Tietosuojak\u00e4yt\u00e4nt\u00f6"},"content":{"rendered":"\n<h3 class=\"wp-block-heading\">1. Yleiset m\u00e4\u00e4r\u00e4ykset<\/h3>\n\n\n\n<p>1.1. T\u00e4m\u00e4 tietosuojak\u00e4yt\u00e4nt\u00f6 m\u00e4\u00e4rittelee henkil\u00f6tietojen ker\u00e4\u00e4misen, k\u00e4sittelyn ja s\u00e4ilytt\u00e4misen periaatteet. Henkil\u00f6tietoja ker\u00e4\u00e4, k\u00e4sittelee ja s\u00e4ilytt\u00e4\u00e4 Gruff Technology O\u00dc (rekisterikoodi 16620414), osoitteessa Telliskivi 60, 10412 Tallinna, Viro (j\u00e4ljemp\u00e4n\u00e4 rekisterinpit\u00e4j\u00e4).<\/p>\n\n\n\n<p>1.2. T\u00e4ss\u00e4 tietosuojak\u00e4yt\u00e4nn\u00f6ss\u00e4 rekister\u00f6idyll\u00e4 tarkoitetaan asiakasta tai muuta luonnollista henkil\u00f6\u00e4, jonka henkil\u00f6tietoja rekisterinpit\u00e4j\u00e4 k\u00e4sittelee.<\/p>\n\n\n\n<p>1.3. T\u00e4ss\u00e4 tietosuojak\u00e4yt\u00e4nn\u00f6ss\u00e4 asiakkaalla tarkoitetaan ket\u00e4 tahansa, joka ostaa tavaroita tai palveluja rekisterinpit\u00e4j\u00e4n verkkosivustolta tai k\u00e4ytt\u00e4\u00e4 ohjelmistosovellusta.<\/p>\n\n\n\n<p>1.4. Rekisterinpit\u00e4j\u00e4 noudattaa lains\u00e4\u00e4d\u00e4nn\u00f6n mukaisia tietojenk\u00e4sittelyperiaatteita; muun muassa rekisterinpit\u00e4j\u00e4 k\u00e4sittelee henkil\u00f6tietoja lainmukaisesti, asianmukaisesti ja turvallisesti. Rekisterinpit\u00e4j\u00e4 pystyy vahvistamaan, ett\u00e4 henkil\u00f6tietoja on k\u00e4sitelty lains\u00e4\u00e4d\u00e4nn\u00f6n mukaisesti.<\/p>\n\n\n\n<h3 class=\"wp-block-heading\">2. Henkil\u00f6tietojen ker\u00e4\u00e4minen, k\u00e4sittely ja s\u00e4ilytt\u00e4minen<\/h3>\n\n\n\n<p>2.1. Rekisterinpit\u00e4j\u00e4n ker\u00e4\u00e4m\u00e4t, k\u00e4sittelem\u00e4t ja s\u00e4ilytt\u00e4m\u00e4t henkil\u00f6tiedot ker\u00e4t\u00e4\u00e4n s\u00e4hk\u00f6isesti, p\u00e4\u00e4asiassa verkkosivuston, ohjelmistosovelluksen ja s\u00e4hk\u00f6postin kautta.<\/p>\n\n\n\n<p>2.2. Jakamalla henkil\u00f6tietojaan rekister\u00f6ity antaa rekisterinpit\u00e4j\u00e4lle oikeuden ker\u00e4t\u00e4, j\u00e4rjest\u00e4\u00e4, k\u00e4ytt\u00e4\u00e4 ja hallita henkil\u00f6tietoja t\u00e4ss\u00e4 tietosuojak\u00e4yt\u00e4nn\u00f6ss\u00e4 m\u00e4\u00e4riteltyihin tarkoituksiin, jotka rekister\u00f6ity jakaa suoraan tai ep\u00e4suorasti ostaessaan tavaroita tai palveluja verkkosivustolta tai k\u00e4ytt\u00e4ess\u00e4\u00e4n ohjelmistosovellusta.<\/p>\n\n\n\n<p>2.3. Rekister\u00f6ity on vastuussa siit\u00e4, ett\u00e4 annetut tiedot ovat tarkkoja, oikeita ja t\u00e4ydellisi\u00e4. Tahallinen virheellisten tietojen antaminen katsotaan tietosuojak\u00e4yt\u00e4nn\u00f6n rikkomiseksi. Rekister\u00f6ity on velvollinen v\u00e4litt\u00f6m\u00e4sti ilmoittamaan rekisterinpit\u00e4j\u00e4lle kaikista muutoksista toimittamissaan tiedoissa.<\/p>\n\n\n\n<p>2.4. Rekisterinpit\u00e4j\u00e4 ei vastaa vahingosta, joka aiheutuu rekister\u00f6idylle tai kolmansille osapuolille virheellisten tietojen toimittamisesta.<\/p>\n\n\n\n<h3 class=\"wp-block-heading\">3. Asiakkaiden henkil\u00f6tietojen k\u00e4sittely<\/h3>\n\n\n\n<p>3.1. Rekisterinpit\u00e4j\u00e4 voi k\u00e4sitell\u00e4 rekister\u00f6idyn seuraavia henkil\u00f6tietoja: etu- ja sukunimi, syntym\u00e4aika, henkil\u00f6tunnus, puhelinnumero, s\u00e4hk\u00f6postiosoite, toimitusosoite, pankkitilin tiedot, maksukortin tiedot sek\u00e4 ohjelmistosovelluksen k\u00e4ytt\u00f6tiedot.<\/p>\n\n\n\n<p>3.2. Lis\u00e4ksi rekisterinpit\u00e4j\u00e4ll\u00e4 on oikeus ker\u00e4t\u00e4 julkisista rekistereist\u00e4 saatavilla olevia asiakasta koskevia tietoja.<\/p>\n\n\n\n<p>3.3. Henkil\u00f6tietojen k\u00e4sittelyn oikeusperusta on yleisen tietosuoja-asetuksen (GDPR) 6 artiklan 1 kohdan a, b, c ja f alakohdat:<\/p>\n\n\n\n<ul class=\"wp-block-list\">\n<li>rekister\u00f6ity on antanut suostumuksensa henkil\u00f6tietojensa k\u00e4sittelyyn yht\u00e4 tai useampaa erityist\u00e4 tarkoitusta varten;<\/li>\n\n\n<li>k\u00e4sittely on tarpeen sopimuksen t\u00e4yt\u00e4nt\u00f6\u00f6npanemiseksi tai sopimusta edelt\u00e4vien toimenpiteiden toteuttamiseksi;<\/li>\n\n\n<li>k\u00e4sittely on tarpeen rekisterinpit\u00e4j\u00e4n lakis\u00e4\u00e4teisen velvoitteen noudattamiseksi;<\/li>\n\n\n<li>k\u00e4sittely on tarpeen rekisterinpit\u00e4j\u00e4n tai kolmannen osapuolen oikeutettujen etujen toteuttamiseksi, paitsi jos n\u00e4m\u00e4 edut syrj\u00e4ytyv\u00e4t rekister\u00f6idyn perusoikeuksien ja -vapauksien edess\u00e4.<\/li>\n<\/ul>\n\n\n\n<p>3.4. Henkil\u00f6tietojen k\u00e4sittelyn tarkoitukset ja s\u00e4ilytysajat:<\/p>\n\n\n\n<ul class=\"wp-block-list\">\n<li><strong>Turvallisuus ja tietoturva<\/strong> \u2014 lain m\u00e4\u00e4r\u00e4\u00e4mien ehtojen mukaisesti<\/li>\n\n\n<li><strong>Tilausten k\u00e4sittely<\/strong> \u2014 360 p\u00e4iv\u00e4\u00e4<\/li>\n\n\n<li><strong>Verkkokauppapalvelujen toiminnan varmistaminen<\/strong> \u2014 360 p\u00e4iv\u00e4\u00e4<\/li>\n\n\n<li><strong>Asiakashallinta<\/strong> \u2014 360 p\u00e4iv\u00e4\u00e4<\/li>\n\n\n<li><strong>Taloudellinen toiminta, kirjanpito<\/strong> \u2014 lain m\u00e4\u00e4r\u00e4\u00e4mien ehtojen mukaisesti<\/li>\n\n\n<li><strong>Markkinointi<\/strong> \u2014 360 p\u00e4iv\u00e4\u00e4<\/li>\n<\/ul>\n\n\n\n<p>3.5. Rekisterinpit\u00e4j\u00e4ll\u00e4 on oikeus jakaa henkil\u00f6tietoja kolmansille osapuolille, kuten valtuutetuille tietojenk\u00e4sittelij\u00f6ille, kirjanpit\u00e4jille, kuljetus- ja kuriiriyrityksille sek\u00e4 maksupalveluntarjoajille, tarvittaessa. Gruff-\u00e4lypistokkeen ja Gruff-sovelluksen normaalik\u00e4yt\u00f6ss\u00e4 henkil\u00f6tietoja ei k\u00e4sitell\u00e4.<\/p>\n\n\n\n<p>3.6. Henkil\u00f6tietoja k\u00e4sitelless\u00e4\u00e4n ja s\u00e4ilytt\u00e4ess\u00e4\u00e4n rekisterinpit\u00e4j\u00e4 toteuttaa organisatorisia ja teknisi\u00e4 toimenpiteit\u00e4 suojautuakseen tahattomalta tai laittomalta tuhoamiselta, muuttamiselta, luovuttamiselta ja muulta laittomalta k\u00e4sittelylt\u00e4.<\/p>\n\n\n\n<p>3.7. Rekisterinpit\u00e4j\u00e4 s\u00e4ilytt\u00e4\u00e4 tietoja k\u00e4sittelytarkoituksesta riippuen, mutta enint\u00e4\u00e4n 7 vuotta.<\/p>\n\n\n\n<h3 class=\"wp-block-heading\">4. Rekister\u00f6idyn oikeudet<\/h3>\n\n\n\n<p>4.1. Rekister\u00f6idyll\u00e4 on oikeus tutustua henkil\u00f6tietoihinsa ja tarkastaa ne.<\/p>\n\n\n\n<p>4.2. Rekister\u00f6idyll\u00e4 on oikeus saada tietoja henkil\u00f6tietojensa k\u00e4sittelyst\u00e4.<\/p>\n\n\n\n<p>4.3. Rekister\u00f6idyll\u00e4 on oikeus t\u00e4ydent\u00e4\u00e4 tai korjata virheellisi\u00e4 tietoja.<\/p>\n\n\n\n<p>4.4. Jos rekisterinpit\u00e4j\u00e4 k\u00e4sittelee henkil\u00f6tietoja rekister\u00f6idyn suostumuksen perusteella, rekister\u00f6idyll\u00e4 on oikeus peruuttaa suostumuksensa milloin tahansa.<\/p>\n\n\n\n<p>4.5. Rekister\u00f6ity voi ottaa yhteytt\u00e4 verkkokaupan asiakaspalveluun osoitteessa <a href=\"mailto:info@grufftechnology.eu\">info@grufftechnology.eu<\/a> k\u00e4ytt\u00e4\u00e4kseen oikeuksiaan.<\/p>\n\n\n\n<p>4.6. Oikeuksiensa suojaamiseksi rekister\u00f6ity voi tehd\u00e4 kantelun <a href=\"https:\/\/tietosuoja.fi\" target=\"_blank\" rel=\"noopener noreferrer\">tietosuojavaltuutetulle<\/a>.<\/p>\n\n\n\n<h3 class=\"wp-block-heading\">5. Loppum\u00e4\u00e4r\u00e4ykset<\/h3>\n\n\n\n<p>5.1. T\u00e4m\u00e4 tietosuojak\u00e4yt\u00e4nt\u00f6 on laadittu asetuksen (EU) 2016\/679 (GDPR), Viron tasavallan henkil\u00f6tietolain sek\u00e4 muun sovellettavan Viron tasavallan ja Euroopan unionin lains\u00e4\u00e4d\u00e4nn\u00f6n mukaisesti.<\/p>\n\n\n\n<p>5.2. Rekisterinpit\u00e4j\u00e4ll\u00e4 on oikeus muuttaa tietosuojaehtoja osittain tai kokonaan ilmoittamalla rekister\u00f6idyille muutoksista verkkosivuston <a href=\"https:\/\/grufftechnology.eu\">grufftechnology.eu<\/a> kautta.<\/p>\n","protected":false},"excerpt":{"rendered":"<p>1. Yleiset m\u00e4\u00e4r\u00e4ykset 1.1. T\u00e4m\u00e4 tietosuojak\u00e4yt\u00e4nt\u00f6 m\u00e4\u00e4rittelee henkil\u00f6tietojen ker\u00e4\u00e4misen, k\u00e4sittelyn ja s\u00e4ilytt\u00e4misen periaatteet. Henkil\u00f6tietoja ker\u00e4\u00e4, k\u00e4sittelee ja s\u00e4ilytt\u00e4\u00e4 Gruff Technology O\u00dc (rekisterikoodi 16620414), osoitteessa Telliskivi 60, 10412 Tallinna, Viro (j\u00e4ljemp\u00e4n\u00e4 rekisterinpit\u00e4j\u00e4). 1.2. T\u00e4ss\u00e4 tietosuojak\u00e4yt\u00e4nn\u00f6ss\u00e4 rekister\u00f6idyll\u00e4 tarkoitetaan asiakasta tai muuta luonnollista henkil\u00f6\u00e4, jonka henkil\u00f6tietoja rekisterinpit\u00e4j\u00e4 k\u00e4sittelee. 1.3. T\u00e4ss\u00e4 tietosuojak\u00e4yt\u00e4nn\u00f6ss\u00e4 asiakkaalla tarkoitetaan ket\u00e4 tahansa, joka ostaa tavaroita [&hellip;]<\/p>\n","protected":false},"author":4,"featured_media":0,"parent":0,"menu_order":0,"comment_status":"closed","ping_status":"closed","template":"","meta":{"inline_featured_image":false,"footnotes":""},"class_list":["post-2101","page","type-page","status-publish","hentry"],"yoast_head":"<!-- This site is optimized with the Yoast SEO plugin v27.2 - https:\/\/yoast.com\/product\/yoast-seo-wordpress\/ -->\n<title>Tietosuojak\u00e4yt\u00e4nt\u00f6 - Gruff Technology<\/title>\n<meta name=\"robots\" content=\"index, follow, max-snippet:-1, max-image-preview:large, max-video-preview:-1\" \/>\n<link rel=\"canonical\" href=\"https:\/\/grufftechnology.eu\/fi\/tietosuojakaytanto\/\" \/>\n<meta property=\"og:locale\" content=\"fi_FI\" \/>\n<meta property=\"og:type\" content=\"article\" \/>\n<meta property=\"og:title\" content=\"Tietosuojak\u00e4yt\u00e4nt\u00f6 - Gruff Technology\" \/>\n<meta property=\"og:description\" content=\"1. Yleiset m\u00e4\u00e4r\u00e4ykset 1.1. T\u00e4m\u00e4 tietosuojak\u00e4yt\u00e4nt\u00f6 m\u00e4\u00e4rittelee henkil\u00f6tietojen ker\u00e4\u00e4misen, k\u00e4sittelyn ja s\u00e4ilytt\u00e4misen periaatteet. Henkil\u00f6tietoja ker\u00e4\u00e4, k\u00e4sittelee ja s\u00e4ilytt\u00e4\u00e4 Gruff Technology O\u00dc (rekisterikoodi 16620414), osoitteessa Telliskivi 60, 10412 Tallinna, Viro (j\u00e4ljemp\u00e4n\u00e4 rekisterinpit\u00e4j\u00e4). 1.2. T\u00e4ss\u00e4 tietosuojak\u00e4yt\u00e4nn\u00f6ss\u00e4 rekister\u00f6idyll\u00e4 tarkoitetaan asiakasta tai muuta luonnollista henkil\u00f6\u00e4, jonka henkil\u00f6tietoja rekisterinpit\u00e4j\u00e4 k\u00e4sittelee. 1.3. T\u00e4ss\u00e4 tietosuojak\u00e4yt\u00e4nn\u00f6ss\u00e4 asiakkaalla tarkoitetaan ket\u00e4 tahansa, joka ostaa tavaroita [&hellip;]\" \/>\n<meta property=\"og:url\" content=\"https:\/\/grufftechnology.eu\/fi\/tietosuojakaytanto\/\" \/>\n<meta property=\"og:site_name\" content=\"Gruff Technology\" \/>\n<meta property=\"article:publisher\" content=\"https:\/\/www.facebook.com\/Grufftechnology\" \/>\n<meta property=\"article:modified_time\" content=\"2026-03-12T07:34:14+00:00\" \/>\n<meta name=\"twitter:card\" content=\"summary_large_image\" \/>\n<meta name=\"twitter:label1\" content=\"Arvioitu lukuaika\" \/>\n\t<meta name=\"twitter:data1\" content=\"3 minuuttia\" \/>\n<script type=\"application\/ld+json\" class=\"yoast-schema-graph\">{\"@context\":\"https:\/\/schema.org\",\"@graph\":[{\"@type\":\"WebPage\",\"@id\":\"https:\/\/grufftechnology.eu\/fi\/tietosuojakaytanto\/\",\"url\":\"https:\/\/grufftechnology.eu\/fi\/tietosuojakaytanto\/\",\"name\":\"Tietosuojak\u00e4yt\u00e4nt\u00f6 - Gruff Technology\",\"isPartOf\":{\"@id\":\"https:\/\/grufftechnology.eu\/fi\/#website\"},\"datePublished\":\"2023-04-03T10:21:06+00:00\",\"dateModified\":\"2026-03-12T07:34:14+00:00\",\"breadcrumb\":{\"@id\":\"https:\/\/grufftechnology.eu\/fi\/tietosuojakaytanto\/#breadcrumb\"},\"inLanguage\":\"fi\",\"potentialAction\":[{\"@type\":\"ReadAction\",\"target\":[\"https:\/\/grufftechnology.eu\/fi\/tietosuojakaytanto\/\"]}]},{\"@type\":\"BreadcrumbList\",\"@id\":\"https:\/\/grufftechnology.eu\/fi\/tietosuojakaytanto\/#breadcrumb\",\"itemListElement\":[{\"@type\":\"ListItem\",\"position\":1,\"name\":\"Home\",\"item\":\"https:\/\/grufftechnology.eu\/fi\/gruff-technology\/\"},{\"@type\":\"ListItem\",\"position\":2,\"name\":\"Tietosuojak\u00e4yt\u00e4nt\u00f6\"}]},{\"@type\":\"WebSite\",\"@id\":\"https:\/\/grufftechnology.eu\/fi\/#website\",\"url\":\"https:\/\/grufftechnology.eu\/fi\/\",\"name\":\"Gruff Technology\",\"description\":\"Save your money with saver socket\",\"publisher\":{\"@id\":\"https:\/\/grufftechnology.eu\/fi\/#organization\"},\"alternateName\":\"Gruff\",\"potentialAction\":[{\"@type\":\"SearchAction\",\"target\":{\"@type\":\"EntryPoint\",\"urlTemplate\":\"https:\/\/grufftechnology.eu\/fi\/?s={search_term_string}\"},\"query-input\":{\"@type\":\"PropertyValueSpecification\",\"valueRequired\":true,\"valueName\":\"search_term_string\"}}],\"inLanguage\":\"fi\"},{\"@type\":\"Organization\",\"@id\":\"https:\/\/grufftechnology.eu\/fi\/#organization\",\"name\":\"Gruff Technology\",\"url\":\"https:\/\/grufftechnology.eu\/fi\/\",\"logo\":{\"@type\":\"ImageObject\",\"inLanguage\":\"fi\",\"@id\":\"https:\/\/grufftechnology.eu\/fi\/#\/schema\/logo\/image\/\",\"url\":\"https:\/\/grufftechnology.eu\/wp-content\/uploads\/2023\/03\/GRUFF-T.svg\",\"contentUrl\":\"https:\/\/grufftechnology.eu\/wp-content\/uploads\/2023\/03\/GRUFF-T.svg\",\"caption\":\"Gruff Technology\"},\"image\":{\"@id\":\"https:\/\/grufftechnology.eu\/fi\/#\/schema\/logo\/image\/\"},\"sameAs\":[\"https:\/\/www.facebook.com\/Grufftechnology\"]}]}<\/script>\n<!-- \/ Yoast SEO plugin. -->","yoast_head_json":{"title":"Tietosuojak\u00e4yt\u00e4nt\u00f6 - Gruff Technology","robots":{"index":"index","follow":"follow","max-snippet":"max-snippet:-1","max-image-preview":"max-image-preview:large","max-video-preview":"max-video-preview:-1"},"canonical":"https:\/\/grufftechnology.eu\/fi\/tietosuojakaytanto\/","og_locale":"fi_FI","og_type":"article","og_title":"Tietosuojak\u00e4yt\u00e4nt\u00f6 - Gruff Technology","og_description":"1. Yleiset m\u00e4\u00e4r\u00e4ykset 1.1. T\u00e4m\u00e4 tietosuojak\u00e4yt\u00e4nt\u00f6 m\u00e4\u00e4rittelee henkil\u00f6tietojen ker\u00e4\u00e4misen, k\u00e4sittelyn ja s\u00e4ilytt\u00e4misen periaatteet. Henkil\u00f6tietoja ker\u00e4\u00e4, k\u00e4sittelee ja s\u00e4ilytt\u00e4\u00e4 Gruff Technology O\u00dc (rekisterikoodi 16620414), osoitteessa Telliskivi 60, 10412 Tallinna, Viro (j\u00e4ljemp\u00e4n\u00e4 rekisterinpit\u00e4j\u00e4). 1.2. T\u00e4ss\u00e4 tietosuojak\u00e4yt\u00e4nn\u00f6ss\u00e4 rekister\u00f6idyll\u00e4 tarkoitetaan asiakasta tai muuta luonnollista henkil\u00f6\u00e4, jonka henkil\u00f6tietoja rekisterinpit\u00e4j\u00e4 k\u00e4sittelee. 1.3. T\u00e4ss\u00e4 tietosuojak\u00e4yt\u00e4nn\u00f6ss\u00e4 asiakkaalla tarkoitetaan ket\u00e4 tahansa, joka ostaa tavaroita [&hellip;]","og_url":"https:\/\/grufftechnology.eu\/fi\/tietosuojakaytanto\/","og_site_name":"Gruff Technology","article_publisher":"https:\/\/www.facebook.com\/Grufftechnology","article_modified_time":"2026-03-12T07:34:14+00:00","twitter_card":"summary_large_image","twitter_misc":{"Arvioitu lukuaika":"3 minuuttia"},"schema":{"@context":"https:\/\/schema.org","@graph":[{"@type":"WebPage","@id":"https:\/\/grufftechnology.eu\/fi\/tietosuojakaytanto\/","url":"https:\/\/grufftechnology.eu\/fi\/tietosuojakaytanto\/","name":"Tietosuojak\u00e4yt\u00e4nt\u00f6 - Gruff Technology","isPartOf":{"@id":"https:\/\/grufftechnology.eu\/fi\/#website"},"datePublished":"2023-04-03T10:21:06+00:00","dateModified":"2026-03-12T07:34:14+00:00","breadcrumb":{"@id":"https:\/\/grufftechnology.eu\/fi\/tietosuojakaytanto\/#breadcrumb"},"inLanguage":"fi","potentialAction":[{"@type":"ReadAction","target":["https:\/\/grufftechnology.eu\/fi\/tietosuojakaytanto\/"]}]},{"@type":"BreadcrumbList","@id":"https:\/\/grufftechnology.eu\/fi\/tietosuojakaytanto\/#breadcrumb","itemListElement":[{"@type":"ListItem","position":1,"name":"Home","item":"https:\/\/grufftechnology.eu\/fi\/gruff-technology\/"},{"@type":"ListItem","position":2,"name":"Tietosuojak\u00e4yt\u00e4nt\u00f6"}]},{"@type":"WebSite","@id":"https:\/\/grufftechnology.eu\/fi\/#website","url":"https:\/\/grufftechnology.eu\/fi\/","name":"Gruff Technology","description":"Save your money with saver socket","publisher":{"@id":"https:\/\/grufftechnology.eu\/fi\/#organization"},"alternateName":"Gruff","potentialAction":[{"@type":"SearchAction","target":{"@type":"EntryPoint","urlTemplate":"https:\/\/grufftechnology.eu\/fi\/?s={search_term_string}"},"query-input":{"@type":"PropertyValueSpecification","valueRequired":true,"valueName":"search_term_string"}}],"inLanguage":"fi"},{"@type":"Organization","@id":"https:\/\/grufftechnology.eu\/fi\/#organization","name":"Gruff Technology","url":"https:\/\/grufftechnology.eu\/fi\/","logo":{"@type":"ImageObject","inLanguage":"fi","@id":"https:\/\/grufftechnology.eu\/fi\/#\/schema\/logo\/image\/","url":"https:\/\/grufftechnology.eu\/wp-content\/uploads\/2023\/03\/GRUFF-T.svg","contentUrl":"https:\/\/grufftechnology.eu\/wp-content\/uploads\/2023\/03\/GRUFF-T.svg","caption":"Gruff Technology"},"image":{"@id":"https:\/\/grufftechnology.eu\/fi\/#\/schema\/logo\/image\/"},"sameAs":["https:\/\/www.facebook.com\/Grufftechnology"]}]}},"_links":{"self":[{"href":"https:\/\/grufftechnology.eu\/fi\/wp-json\/wp\/v2\/pages\/2101","targetHints":{"allow":["GET"]}}],"collection":[{"href":"https:\/\/grufftechnology.eu\/fi\/wp-json\/wp\/v2\/pages"}],"about":[{"href":"https:\/\/grufftechnology.eu\/fi\/wp-json\/wp\/v2\/types\/page"}],"author":[{"embeddable":true,"href":"https:\/\/grufftechnology.eu\/fi\/wp-json\/wp\/v2\/users\/4"}],"replies":[{"embeddable":true,"href":"https:\/\/grufftechnology.eu\/fi\/wp-json\/wp\/v2\/comments?post=2101"}],"version-history":[{"count":2,"href":"https:\/\/grufftechnology.eu\/fi\/wp-json\/wp\/v2\/pages\/2101\/revisions"}],"predecessor-version":[{"id":2120,"href":"https:\/\/grufftechnology.eu\/fi\/wp-json\/wp\/v2\/pages\/2101\/revisions\/2120"}],"wp:attachment":[{"href":"https:\/\/grufftechnology.eu\/fi\/wp-json\/wp\/v2\/media?parent=2101"}],"curies":[{"name":"wp","href":"https:\/\/api.w.org\/{rel}","templated":true}]}}