{"id":1361,"date":"2026-03-09T12:23:56","date_gmt":"2026-03-09T10:23:56","guid":{"rendered":"https:\/\/grufftechnology.eu\/product\/alypistorasia\/"},"modified":"2026-03-17T20:01:11","modified_gmt":"2026-03-17T18:01:11","slug":"alypistorasia","status":"publish","type":"product","link":"https:\/\/grufftechnology.eu\/fi\/product\/alypistorasia\/","title":{"rendered":"\u00c4lypistorasia"},"content":{"rendered":"<div class=\"wp-block-group gruff-section\">\n<h2 class=\"wp-block-heading has-4-xl-font-size\">Miksi valita Gruff-\u00e4lypistorasia?<\/h2>\n<div class=\"wp-block-columns\">\n<div class=\"wp-block-column\">\n<div class=\"wp-block-group gruff-why-item\">\n<p class=\"gruff-icon-text\">savings<\/p>\n<p class=\"has-text-dark-color has-text-color\">Selke\u00e4 taloudellinen hy\u00f6ty, jopa \u20ac200 s\u00e4\u00e4st\u00f6\u00e4 vuodessa<\/p>\n<\/div>\n<div class=\"wp-block-group gruff-why-item\">\n<p class=\"gruff-icon-text\">wifi<\/p>\n<p class=\"has-text-dark-color has-text-color\">Laitteiden et\u00e4hallinta p\u00e4\u00e4lle\/pois<\/p>\n<\/div>\n<\/div>\n<div class=\"wp-block-column\">\n<div class=\"wp-block-group gruff-why-item\">\n<p class=\"gruff-icon-text\">smart_toy<\/p>\n<p class=\"has-text-dark-color has-text-color\">\u00c4lyk\u00e4s energiankulutuksen optimointi<\/p>\n<\/div>\n<div class=\"wp-block-group gruff-why-item\">\n<p class=\"gruff-icon-text\">eco<\/p>\n<p class=\"has-text-dark-color has-text-color\">Kasvata vihre\u00e4n energian osuutta<\/p>\n<\/div>\n<\/div>\n<div class=\"wp-block-column\">\n<div class=\"wp-block-group gruff-why-item\">\n<p class=\"gruff-icon-text\">phone_iphone<\/p>\n<p class=\"has-text-dark-color has-text-color\">Yksinkertainen ja k\u00e4tev\u00e4 k\u00e4ytt\u00f6 mobiilisovelluksella<\/p>\n<\/div>\n<div class=\"wp-block-group gruff-why-item\">\n<p class=\"gruff-icon-text\">security<\/p>\n<p class=\"has-text-dark-color has-text-color\">Turvallinen ohjelmisto, tietoja ei jaeta<\/p>\n<\/div>\n<\/div>\n<\/div>\n<\/div>\n<div class=\"wp-block-group gruff-section gruff-section--surface has-surface-background-color has-background\">\n<h2 class=\"wp-block-heading has-4-xl-font-size\">Tekniset tiedot<\/h2>\n<div class=\"wp-block-columns\">\n<div class=\"wp-block-column\">\n<div class=\"wp-block-group gruff-card\">\n<p class=\"gruff-icon-text\">wifi<\/p>\n<h3 class=\"wp-block-heading has-xl-font-size\">Wi-Fi-yhteensopivuus<\/h3>\n<p class=\"has-muted-color has-text-color has-small-font-size\">Pistorasia toimii 2,4 GHz paikallisessa Wi-Fi-verkossa.<\/p>\n<\/div>\n<\/div>\n<div class=\"wp-block-column\">\n<div class=\"wp-block-group gruff-card\">\n<p class=\"gruff-icon-text\">bolt<\/p>\n<h3 class=\"wp-block-heading has-xl-font-size\">Tehonhallinta<\/h3>\n<p class=\"has-muted-color has-text-color has-small-font-size\">Hallitsee laitteita jopa 3,5 kW tehoon asti. Jos s\u00e4hk\u00f6laitteen teho on yli 2,5 kW, suosittelemme kutsumaan s\u00e4hk\u00f6asentajan.<\/p>\n<\/div>\n<\/div>\n<div class=\"wp-block-column\">\n<div class=\"wp-block-group gruff-card\">\n<p class=\"gruff-icon-text\">electrical_services<\/p>\n<h3 class=\"wp-block-heading has-xl-font-size\">K\u00e4ytt\u00f6<\/h3>\n<p class=\"has-muted-color has-text-color has-small-font-size\">Suunniteltu k\u00e4ytett\u00e4v\u00e4ksi tavallisissa s\u00e4hk\u00f6verkoissa.<\/p>\n<\/div>\n<\/div>\n<div class=\"wp-block-column\">\n<div class=\"wp-block-group gruff-card\">\n<p class=\"gruff-icon-text\">support_agent<\/p>\n<h3 class=\"wp-block-heading has-xl-font-size\">Ohjelmisto ja tuki<\/h3>\n<p class=\"has-muted-color has-text-color has-small-font-size\">Minimaaliset p\u00e4ivitykset varmistavat h\u00e4iri\u00f6tt\u00f6m\u00e4n k\u00e4ytt\u00f6kokemuksen. Gruff Technology tarjoaa kattavan ilmaisen asiakastuen.<\/p>\n<\/div>\n<\/div>\n<\/div>\n<\/div>\n<div class=\"wp-block-group gruff-section\">\n<h2 class=\"wp-block-heading has-4-xl-font-size\">K\u00e4ytt\u00f6kohteet<\/h2>\n<div class=\"wp-block-columns\">\n<div class=\"wp-block-column\">\n<div class=\"wp-block-group gruff-card\">\n<p class=\"gruff-icon-circle-block\">water_drop<\/p>\n<h3 class=\"wp-block-heading has-xl-font-size\">Lattial\u00e4mmitys<\/h3>\n<p class=\"has-small-font-size has-muted-color has-text-color\">Ohjaa lattial\u00e4mmityst\u00e4 automaattisesti edullisina tunteina<\/p>\n<\/div>\n<\/div>\n<div class=\"wp-block-column\">\n<div class=\"wp-block-group gruff-card\">\n<p class=\"gruff-icon-circle-block\">thermostat<\/p>\n<h3 class=\"wp-block-heading has-xl-font-size\">L\u00e4mmitysj\u00e4rjestelm\u00e4t<\/h3>\n<p class=\"has-small-font-size has-muted-color has-text-color\">Optimoi l\u00e4mmitysj\u00e4rjestelm\u00e4n energiankulutus<\/p>\n<\/div>\n<\/div>\n<div class=\"wp-block-column\">\n<div class=\"wp-block-group gruff-card\">\n<p class=\"gruff-icon-circle-block\">electric_car<\/p>\n<h3 class=\"wp-block-heading has-xl-font-size\">S\u00e4hk\u00f6auton lataus<\/h3>\n<p class=\"has-small-font-size has-muted-color has-text-color\">Lataa s\u00e4hk\u00f6autosi edullisimpina tunteina<\/p>\n<\/div>\n<\/div>\n<div class=\"wp-block-column\">\n<div class=\"wp-block-group gruff-card\">\n<p class=\"gruff-icon-circle-block\">hot_tub<\/p>\n<h3 class=\"wp-block-heading has-xl-font-size\">L\u00e4mminvesivaraaja<\/h3>\n<p class=\"has-small-font-size has-muted-color has-text-color\">L\u00e4mmit\u00e4 vesi automaattisesti edullisina tunteina<\/p>\n<\/div>\n<\/div>\n<\/div>\n<\/div>\n<div class=\"wp-block-group gruff-section gruff-section--surface has-surface-background-color has-background\">\n<h2 class=\"wp-block-heading has-text-align-center has-4-xl-font-size\">Gruff-sovellus<\/h2>\n<p class=\"has-text-align-center has-muted-color has-text-color\">Gruff-sovellus on saatavilla sek\u00e4 Androidille ett\u00e4 iOS:lle. Sovelluksella voit:<\/p>\n<ul class=\"gruff-checklist is-style-gruff-checklist has-text-dark-color has-text-color wp-block-list\">\n<li>Seurata reaaliaikaisia Nord Pool -hintoja<\/li>\n<li>Asettaa hintarajoja ja k\u00e4ytt\u00f6aikoja<\/li>\n<li>Tarkastella energiankulutushistoriaa<\/li>\n<li>Kytke\u00e4 laitteita p\u00e4\u00e4lle\/pois et\u00e4n\u00e4<\/li>\n<li>Saada ilmoituksia hintamuutoksista<\/li>\n<\/ul>\n<\/div>\n","protected":false},"excerpt":{"rendered":"<p>Gruff \u00e4lypistorasia on wifi-verkossa toimiva laite, jonka avulla voit s\u00e4\u00e4dell\u00e4 s\u00e4hk\u00f6nkulutusta. Pistorasia hakee palvelimelta kerran p\u00e4iv\u00e4ss\u00e4 Nord Pool -hinnat ja voit m\u00e4\u00e4ritt\u00e4\u00e4 enimm\u00e4ishinnan, jonka puitteissa esim. l\u00e4mminvesivaraaja toimii.<\/p>\n<ul>\n<li>osta \u00e4lypistorasia<\/li>\n<li>aseta korkein hinta ja tarvittavat k\u00e4ytt\u00f6tunnit<\/li>\n<li>nauti pienemmist\u00e4 s\u00e4hk\u00f6laskuista<\/li>\n<\/ul>\n<p>K\u00e4yt\u00e4 esim. l\u00e4mminvesivaraajan kanssa veden l\u00e4mmitykseen, pattereiden kanssa huoneen l\u00e4mmitykseen tai auton lataukseen. Hintaero verrattuna p\u00e4iv\u00e4n huippuhintoihin on noin kolminkertainen, kulutusta ei tarvitse v\u00e4hent\u00e4\u00e4!<\/p>\n","protected":false},"featured_media":2260,"comment_status":"closed","ping_status":"closed","template":"","meta":{"inline_featured_image":false},"product_brand":[],"product_cat":[71],"product_tag":[],"class_list":{"0":"post-1361","1":"product","2":"type-product","3":"status-publish","4":"has-post-thumbnail","6":"product_cat-alykoti","8":"first","9":"instock","10":"featured","11":"taxable","12":"shipping-taxable","13":"purchasable","14":"product-type-simple"},"yoast_head":"<!-- This site is optimized with the Yoast SEO plugin v27.2 - https:\/\/yoast.com\/product\/yoast-seo-wordpress\/ -->\n<title>\u00c4lypistorasia - Gruff Technology<\/title>\n<meta name=\"robots\" content=\"index, follow, max-snippet:-1, max-image-preview:large, max-video-preview:-1\" \/>\n<link rel=\"canonical\" href=\"https:\/\/grufftechnology.eu\/fi\/product\/alypistorasia\/\" \/>\n<meta property=\"og:locale\" content=\"fi_FI\" \/>\n<meta property=\"og:type\" content=\"article\" \/>\n<meta property=\"og:title\" content=\"\u00c4lypistorasia - Gruff Technology\" \/>\n<meta property=\"og:description\" content=\"Gruff \u00e4lypistorasia on wifi-verkossa toimiva laite, jonka avulla voit s\u00e4\u00e4dell\u00e4 s\u00e4hk\u00f6nkulutusta. Pistorasia hakee palvelimelta kerran p\u00e4iv\u00e4ss\u00e4 Nord Pool -hinnat ja voit m\u00e4\u00e4ritt\u00e4\u00e4 enimm\u00e4ishinnan, jonka puitteissa esim. l\u00e4mminvesivaraaja toimii.   osta \u00e4lypistorasia  aseta korkein hinta ja tarvittavat k\u00e4ytt\u00f6tunnit  nauti pienemmist\u00e4 s\u00e4hk\u00f6laskuista  K\u00e4yt\u00e4 esim. l\u00e4mminvesivaraajan kanssa veden l\u00e4mmitykseen, pattereiden kanssa huoneen l\u00e4mmitykseen tai auton lataukseen. Hintaero verrattuna p\u00e4iv\u00e4n huippuhintoihin on noin kolminkertainen, kulutusta ei tarvitse v\u00e4hent\u00e4\u00e4!\" \/>\n<meta property=\"og:url\" content=\"https:\/\/grufftechnology.eu\/fi\/product\/alypistorasia\/\" \/>\n<meta property=\"og:site_name\" content=\"Gruff Technology\" \/>\n<meta property=\"article:publisher\" content=\"https:\/\/www.facebook.com\/Grufftechnology\" \/>\n<meta property=\"article:modified_time\" content=\"2026-03-17T18:01:11+00:00\" \/>\n<meta property=\"og:image\" content=\"https:\/\/grufftechnology.eu\/wp-content\/uploads\/2026\/03\/Gruff-soc.png\" \/>\n\t<meta property=\"og:image:width\" content=\"1200\" \/>\n\t<meta property=\"og:image:height\" content=\"1201\" \/>\n\t<meta property=\"og:image:type\" content=\"image\/png\" \/>\n<meta name=\"twitter:card\" content=\"summary_large_image\" \/>\n<meta name=\"twitter:label1\" content=\"Arvioitu lukuaika\" \/>\n\t<meta name=\"twitter:data1\" content=\"1 minuutti\" \/>\n<script type=\"application\/ld+json\" class=\"yoast-schema-graph\">{\"@context\":\"https:\/\/schema.org\",\"@graph\":[{\"@type\":\"WebPage\",\"@id\":\"https:\/\/grufftechnology.eu\/fi\/product\/alypistorasia\/\",\"url\":\"https:\/\/grufftechnology.eu\/fi\/product\/alypistorasia\/\",\"name\":\"\u00c4lypistorasia - Gruff Technology\",\"isPartOf\":{\"@id\":\"https:\/\/grufftechnology.eu\/fi\/#website\"},\"primaryImageOfPage\":{\"@id\":\"https:\/\/grufftechnology.eu\/fi\/product\/alypistorasia\/#primaryimage\"},\"image\":{\"@id\":\"https:\/\/grufftechnology.eu\/fi\/product\/alypistorasia\/#primaryimage\"},\"thumbnailUrl\":\"https:\/\/grufftechnology.eu\/wp-content\/uploads\/2026\/03\/Gruff-soc.png\",\"datePublished\":\"2026-03-09T10:23:56+00:00\",\"dateModified\":\"2026-03-17T18:01:11+00:00\",\"breadcrumb\":{\"@id\":\"https:\/\/grufftechnology.eu\/fi\/product\/alypistorasia\/#breadcrumb\"},\"inLanguage\":\"fi\",\"potentialAction\":[{\"@type\":\"ReadAction\",\"target\":[\"https:\/\/grufftechnology.eu\/fi\/product\/alypistorasia\/\"]}]},{\"@type\":\"ImageObject\",\"inLanguage\":\"fi\",\"@id\":\"https:\/\/grufftechnology.eu\/fi\/product\/alypistorasia\/#primaryimage\",\"url\":\"https:\/\/grufftechnology.eu\/wp-content\/uploads\/2026\/03\/Gruff-soc.png\",\"contentUrl\":\"https:\/\/grufftechnology.eu\/wp-content\/uploads\/2026\/03\/Gruff-soc.png\",\"width\":1200,\"height\":1201},{\"@type\":\"BreadcrumbList\",\"@id\":\"https:\/\/grufftechnology.eu\/fi\/product\/alypistorasia\/#breadcrumb\",\"itemListElement\":[{\"@type\":\"ListItem\",\"position\":1,\"name\":\"Home\",\"item\":\"https:\/\/grufftechnology.eu\/fi\/gruff-technology\/\"},{\"@type\":\"ListItem\",\"position\":2,\"name\":\"Kauppa\",\"item\":\"https:\/\/grufftechnology.eu\/shop\/\"},{\"@type\":\"ListItem\",\"position\":3,\"name\":\"\u00c4lypistorasia\"}]},{\"@type\":\"WebSite\",\"@id\":\"https:\/\/grufftechnology.eu\/fi\/#website\",\"url\":\"https:\/\/grufftechnology.eu\/fi\/\",\"name\":\"Gruff Technology\",\"description\":\"Save your money with saver socket\",\"publisher\":{\"@id\":\"https:\/\/grufftechnology.eu\/fi\/#organization\"},\"alternateName\":\"Gruff\",\"potentialAction\":[{\"@type\":\"SearchAction\",\"target\":{\"@type\":\"EntryPoint\",\"urlTemplate\":\"https:\/\/grufftechnology.eu\/fi\/?s={search_term_string}\"},\"query-input\":{\"@type\":\"PropertyValueSpecification\",\"valueRequired\":true,\"valueName\":\"search_term_string\"}}],\"inLanguage\":\"fi\"},{\"@type\":\"Organization\",\"@id\":\"https:\/\/grufftechnology.eu\/fi\/#organization\",\"name\":\"Gruff Technology\",\"url\":\"https:\/\/grufftechnology.eu\/fi\/\",\"logo\":{\"@type\":\"ImageObject\",\"inLanguage\":\"fi\",\"@id\":\"https:\/\/grufftechnology.eu\/fi\/#\/schema\/logo\/image\/\",\"url\":\"https:\/\/grufftechnology.eu\/wp-content\/uploads\/2023\/03\/GRUFF-T.svg\",\"contentUrl\":\"https:\/\/grufftechnology.eu\/wp-content\/uploads\/2023\/03\/GRUFF-T.svg\",\"caption\":\"Gruff Technology\"},\"image\":{\"@id\":\"https:\/\/grufftechnology.eu\/fi\/#\/schema\/logo\/image\/\"},\"sameAs\":[\"https:\/\/www.facebook.com\/Grufftechnology\"]}]}<\/script>\n<!-- \/ Yoast SEO plugin. -->","yoast_head_json":{"title":"\u00c4lypistorasia - Gruff Technology","robots":{"index":"index","follow":"follow","max-snippet":"max-snippet:-1","max-image-preview":"max-image-preview:large","max-video-preview":"max-video-preview:-1"},"canonical":"https:\/\/grufftechnology.eu\/fi\/product\/alypistorasia\/","og_locale":"fi_FI","og_type":"article","og_title":"\u00c4lypistorasia - Gruff Technology","og_description":"Gruff \u00e4lypistorasia on wifi-verkossa toimiva laite, jonka avulla voit s\u00e4\u00e4dell\u00e4 s\u00e4hk\u00f6nkulutusta. Pistorasia hakee palvelimelta kerran p\u00e4iv\u00e4ss\u00e4 Nord Pool -hinnat ja voit m\u00e4\u00e4ritt\u00e4\u00e4 enimm\u00e4ishinnan, jonka puitteissa esim. l\u00e4mminvesivaraaja toimii.   osta \u00e4lypistorasia  aseta korkein hinta ja tarvittavat k\u00e4ytt\u00f6tunnit  nauti pienemmist\u00e4 s\u00e4hk\u00f6laskuista  K\u00e4yt\u00e4 esim. l\u00e4mminvesivaraajan kanssa veden l\u00e4mmitykseen, pattereiden kanssa huoneen l\u00e4mmitykseen tai auton lataukseen. Hintaero verrattuna p\u00e4iv\u00e4n huippuhintoihin on noin kolminkertainen, kulutusta ei tarvitse v\u00e4hent\u00e4\u00e4!","og_url":"https:\/\/grufftechnology.eu\/fi\/product\/alypistorasia\/","og_site_name":"Gruff Technology","article_publisher":"https:\/\/www.facebook.com\/Grufftechnology","article_modified_time":"2026-03-17T18:01:11+00:00","og_image":[{"width":1200,"height":1201,"url":"https:\/\/grufftechnology.eu\/wp-content\/uploads\/2026\/03\/Gruff-soc.png","type":"image\/png"}],"twitter_card":"summary_large_image","twitter_misc":{"Arvioitu lukuaika":"1 minuutti"},"schema":{"@context":"https:\/\/schema.org","@graph":[{"@type":"WebPage","@id":"https:\/\/grufftechnology.eu\/fi\/product\/alypistorasia\/","url":"https:\/\/grufftechnology.eu\/fi\/product\/alypistorasia\/","name":"\u00c4lypistorasia - Gruff Technology","isPartOf":{"@id":"https:\/\/grufftechnology.eu\/fi\/#website"},"primaryImageOfPage":{"@id":"https:\/\/grufftechnology.eu\/fi\/product\/alypistorasia\/#primaryimage"},"image":{"@id":"https:\/\/grufftechnology.eu\/fi\/product\/alypistorasia\/#primaryimage"},"thumbnailUrl":"https:\/\/grufftechnology.eu\/wp-content\/uploads\/2026\/03\/Gruff-soc.png","datePublished":"2026-03-09T10:23:56+00:00","dateModified":"2026-03-17T18:01:11+00:00","breadcrumb":{"@id":"https:\/\/grufftechnology.eu\/fi\/product\/alypistorasia\/#breadcrumb"},"inLanguage":"fi","potentialAction":[{"@type":"ReadAction","target":["https:\/\/grufftechnology.eu\/fi\/product\/alypistorasia\/"]}]},{"@type":"ImageObject","inLanguage":"fi","@id":"https:\/\/grufftechnology.eu\/fi\/product\/alypistorasia\/#primaryimage","url":"https:\/\/grufftechnology.eu\/wp-content\/uploads\/2026\/03\/Gruff-soc.png","contentUrl":"https:\/\/grufftechnology.eu\/wp-content\/uploads\/2026\/03\/Gruff-soc.png","width":1200,"height":1201},{"@type":"BreadcrumbList","@id":"https:\/\/grufftechnology.eu\/fi\/product\/alypistorasia\/#breadcrumb","itemListElement":[{"@type":"ListItem","position":1,"name":"Home","item":"https:\/\/grufftechnology.eu\/fi\/gruff-technology\/"},{"@type":"ListItem","position":2,"name":"Kauppa","item":"https:\/\/grufftechnology.eu\/shop\/"},{"@type":"ListItem","position":3,"name":"\u00c4lypistorasia"}]},{"@type":"WebSite","@id":"https:\/\/grufftechnology.eu\/fi\/#website","url":"https:\/\/grufftechnology.eu\/fi\/","name":"Gruff Technology","description":"Save your money with saver socket","publisher":{"@id":"https:\/\/grufftechnology.eu\/fi\/#organization"},"alternateName":"Gruff","potentialAction":[{"@type":"SearchAction","target":{"@type":"EntryPoint","urlTemplate":"https:\/\/grufftechnology.eu\/fi\/?s={search_term_string}"},"query-input":{"@type":"PropertyValueSpecification","valueRequired":true,"valueName":"search_term_string"}}],"inLanguage":"fi"},{"@type":"Organization","@id":"https:\/\/grufftechnology.eu\/fi\/#organization","name":"Gruff Technology","url":"https:\/\/grufftechnology.eu\/fi\/","logo":{"@type":"ImageObject","inLanguage":"fi","@id":"https:\/\/grufftechnology.eu\/fi\/#\/schema\/logo\/image\/","url":"https:\/\/grufftechnology.eu\/wp-content\/uploads\/2023\/03\/GRUFF-T.svg","contentUrl":"https:\/\/grufftechnology.eu\/wp-content\/uploads\/2023\/03\/GRUFF-T.svg","caption":"Gruff Technology"},"image":{"@id":"https:\/\/grufftechnology.eu\/fi\/#\/schema\/logo\/image\/"},"sameAs":["https:\/\/www.facebook.com\/Grufftechnology"]}]}},"_links":{"self":[{"href":"https:\/\/grufftechnology.eu\/fi\/wp-json\/wp\/v2\/product\/1361","targetHints":{"allow":["GET"]}}],"collection":[{"href":"https:\/\/grufftechnology.eu\/fi\/wp-json\/wp\/v2\/product"}],"about":[{"href":"https:\/\/grufftechnology.eu\/fi\/wp-json\/wp\/v2\/types\/product"}],"replies":[{"embeddable":true,"href":"https:\/\/grufftechnology.eu\/fi\/wp-json\/wp\/v2\/comments?post=1361"}],"wp:featuredmedia":[{"embeddable":true,"href":"https:\/\/grufftechnology.eu\/fi\/wp-json\/wp\/v2\/media\/2260"}],"wp:attachment":[{"href":"https:\/\/grufftechnology.eu\/fi\/wp-json\/wp\/v2\/media?parent=1361"}],"wp:term":[{"taxonomy":"product_brand","embeddable":true,"href":"https:\/\/grufftechnology.eu\/fi\/wp-json\/wp\/v2\/product_brand?post=1361"},{"taxonomy":"product_cat","embeddable":true,"href":"https:\/\/grufftechnology.eu\/fi\/wp-json\/wp\/v2\/product_cat?post=1361"},{"taxonomy":"product_tag","embeddable":true,"href":"https:\/\/grufftechnology.eu\/fi\/wp-json\/wp\/v2\/product_tag?post=1361"}],"curies":[{"name":"wp","href":"https:\/\/api.w.org\/{rel}","templated":true}]}}