{"id":1396,"date":"2023-02-01T18:58:03","date_gmt":"2023-02-01T16:58:03","guid":{"rendered":"https:\/\/grufftechnology.eu\/gruff-technology\/"},"modified":"2026-03-13T20:34:45","modified_gmt":"2026-03-13T18:34:45","slug":"gruff-technology","status":"publish","type":"page","link":"https:\/\/grufftechnology.eu\/lt\/","title":{"rendered":"Gruff Technology"},"content":{"rendered":"\n<div class=\"wp-block-group gruff-section has-global-padding is-layout-constrained wp-container-core-group-is-layout-3a4e4474 wp-block-group-is-layout-constrained\">\n\n<div class=\"wp-block-columns is-layout-flex wp-container-core-columns-is-layout-6b276c36 wp-block-columns-is-layout-flex\">\n\n<div class=\"wp-block-column is-layout-flow wp-block-column-is-layout-flow\" style=\"flex-basis:60%\">\n\n<h1 class=\"wp-block-heading has-5-xl-font-size\" style=\"font-weight:800;letter-spacing:-0.025em;line-height:1.15\">Taupykite protingai su m\u016bs\u0173<br><mark style=\"background-color:transparent;color:#14C546\" class=\"has-inline-color\">energijos valdytoju<\/mark><\/h1>\n\n\n\n<p class=\"has-muted-color has-text-color\">Gruff Technology si\u016blo i\u0161maniuosius lizdus ir reles, kurie automati\u0161kai optimizuoja j\u016bs\u0173 elektros suvartojim\u0105 pagal realaus laiko Nord Pool kainas.<\/p>\n\n\n\n<div class=\"wp-block-buttons is-layout-flex wp-block-buttons-is-layout-flex\">\n\n<div class=\"wp-block-button is-style-gruff-cta\"><a class=\"wp-block-button__link has-primary-background-color has-background wp-element-button\" href=\"\/lt\/product\/ismanusislizdas\/\">\u017di\u016br\u0117ti produktus \u2192<\/a><\/div>\n\n\n<div class=\"wp-block-button is-style-outline is-style-outline--1\"><a class=\"wp-block-button__link wp-element-button\" href=\"\/lt\/nustatymas\/\">Kaip tai veikia<\/a><\/div>\n\n<\/div>\n\n<\/div>\n\n\n\n<div class=\"wp-block-column is-layout-flow wp-block-column-is-layout-flow\" style=\"flex-basis:40%\">\n\t<div class=\"gruff-nordpool-widget\">\n\t\t<div style=\"display:flex;align-items:center;justify-content:space-between;margin-bottom:0.25rem;\">\n\t\t\t<h3 style=\"font-size:0.75rem;font-weight:600;color:#6B7280;text-transform:uppercase;letter-spacing:0.05em;margin:0;\">Nord Pool price<\/h3>\n\t\t\t<span class=\"gruff-live-dot\">\n\t\t\t\t<span class=\"gruff-live-dot__ping\"><\/span>\n\t\t\t\t<span class=\"gruff-live-dot__dot\"><\/span>\n\t\t\t<\/span>\n\t\t<\/div>\n\t\t<p style=\"font-size:0.7rem;color:#9CA3AF;margin:0 0 0.75rem;\">Vilnius, LT<\/p>\n\t\t<div style=\"display:flex;align-items:baseline;gap:0.25rem;margin-bottom:0.25rem;\">\n\t\t\t<span style=\"font-size:2rem;font-weight:700;line-height:1;\">4.9<\/span>\n\t\t\t<span style=\"font-size:0.875rem;color:#6B7280;\">cents\/kWh<\/span>\n\t\t<\/div>\n\t\t<p style=\"font-size:0.65rem;color:#9CA3AF;margin:0 0 1rem;\">daily average<\/p>\n\t\t\t\t<div class=\"gruff-nordpool-chart\" style=\"position:relative;\">\n\t\t\t<svg preserveAspectRatio=\"none\" viewBox=\"0 0 100 40\" style=\"width:100%;height:60px;\">\n\t\t\t\t<defs>\n\t\t\t\t\t<linearGradient id=\"npGrad\" x1=\"0\" y1=\"0\" x2=\"0\" y2=\"1\">\n\t\t\t\t\t\t<stop offset=\"0%\" stop-color=\"#38D430\" stop-opacity=\"0.3\"\/>\n\t\t\t\t\t\t<stop offset=\"100%\" stop-color=\"#38D430\" stop-opacity=\"0\"\/>\n\t\t\t\t\t<\/linearGradient>\n\t\t\t\t<\/defs>\n\t\t\t\t<path d=\"M0,27.33 L1.05,27.45 L2.11,27.48 L3.16,27.45 L4.21,27.43 L5.26,27.33 L6.32,27.17 L7.37,27.14 L8.42,27.38 L9.47,26.9 L10.53,26.5 L11.58,26.21 L12.63,26.95 L13.68,26.26 L14.74,25.79 L15.79,25.4 L16.84,25.43 L17.89,24.81 L18.95,24.4 L20,23.48 L21.05,24.21 L22.11,23.88 L23.16,24.12 L24.21,24.19 L25.26,16.6 L26.32,24.57 L27.37,31.38 L28.42,32.19 L29.47,25.76 L30.53,26.21 L31.58,26.83 L32.63,29.24 L33.68,27.79 L34.74,34.88 L35.79,36.33 L36.84,36.88 L37.89,36.21 L38.95,36.57 L40,36.81 L41.05,36.83 L42.11,36.81 L43.16,36.81 L44.21,36.88 L45.26,36.9 L46.32,36.98 L47.37,36.98 L48.42,37.05 L49.47,37.07 L50.53,37.1 L51.58,37.1 L52.63,37.1 L53.68,37.1 L54.74,37.14 L55.79,37.07 L56.84,36.86 L57.89,36.83 L58.95,37.1 L60,36.81 L61.05,36.52 L62.11,34.67 L63.16,35.21 L64.21,32.12 L65.26,27.64 L66.32,18.93 L67.37,27.31 L68.42,17.05 L69.47,15.5 L70.53,3.64 L71.58,12.98 L72.63,11.9 L73.68,9.86 L74.74,6.71 L75.79,3.19 L76.84,6.21 L77.89,8.5 L78.95,11.98 L80,11.36 L81.05,11.67 L82.11,12.26 L83.16,14.64 L84.21,12.24 L85.26,14.19 L86.32,17.62 L87.37,22.26 L88.42,15.71 L89.47,18.02 L90.53,24.43 L91.58,25.95 L92.63,26.45 L93.68,26.67 L94.74,26.9 L95.79,27.19 L96.84,27.55 L97.89,27.95 L98.95,28.02 L100,28.24 L100,40 L0,40 Z\" fill=\"url(#npGrad)\"\/>\n\t\t\t\t<path d=\"M0,27.33 L1.05,27.45 L2.11,27.48 L3.16,27.45 L4.21,27.43 L5.26,27.33 L6.32,27.17 L7.37,27.14 L8.42,27.38 L9.47,26.9 L10.53,26.5 L11.58,26.21 L12.63,26.95 L13.68,26.26 L14.74,25.79 L15.79,25.4 L16.84,25.43 L17.89,24.81 L18.95,24.4 L20,23.48 L21.05,24.21 L22.11,23.88 L23.16,24.12 L24.21,24.19 L25.26,16.6 L26.32,24.57 L27.37,31.38 L28.42,32.19 L29.47,25.76 L30.53,26.21 L31.58,26.83 L32.63,29.24 L33.68,27.79 L34.74,34.88 L35.79,36.33 L36.84,36.88 L37.89,36.21 L38.95,36.57 L40,36.81 L41.05,36.83 L42.11,36.81 L43.16,36.81 L44.21,36.88 L45.26,36.9 L46.32,36.98 L47.37,36.98 L48.42,37.05 L49.47,37.07 L50.53,37.1 L51.58,37.1 L52.63,37.1 L53.68,37.1 L54.74,37.14 L55.79,37.07 L56.84,36.86 L57.89,36.83 L58.95,37.1 L60,36.81 L61.05,36.52 L62.11,34.67 L63.16,35.21 L64.21,32.12 L65.26,27.64 L66.32,18.93 L67.37,27.31 L68.42,17.05 L69.47,15.5 L70.53,3.64 L71.58,12.98 L72.63,11.9 L73.68,9.86 L74.74,6.71 L75.79,3.19 L76.84,6.21 L77.89,8.5 L78.95,11.98 L80,11.36 L81.05,11.67 L82.11,12.26 L83.16,14.64 L84.21,12.24 L85.26,14.19 L86.32,17.62 L87.37,22.26 L88.42,15.71 L89.47,18.02 L90.53,24.43 L91.58,25.95 L92.63,26.45 L93.68,26.67 L94.74,26.9 L95.79,27.19 L96.84,27.55 L97.89,27.95 L98.95,28.02 L100,28.24\" fill=\"none\" stroke=\"#38D430\" stroke-width=\"1.5\" vector-effect=\"non-scaling-stroke\"\/>\n\t\t\t\t<circle cx=\"58.95\" cy=\"37.1\" r=\"2\" fill=\"#38D430\" stroke=\"#fff\" stroke-width=\"1\"\/>\t\t\t<\/svg>\n\t\t\t<div style=\"display:flex;justify-content:space-between;font-size:0.6rem;color:#9CA3AF;margin-top:0.15rem;\">\n\t\t\t\t<span>00:00<\/span>\n\t\t\t\t<span>12:00<\/span>\n\t\t\t\t<span>23:00<\/span>\n\t\t\t<\/div>\n\t\t<\/div>\n\t\t\t<\/div>\n\t\n\n<\/div>\n\n<\/div>\n\n<\/div>\n\n\n\n<div class=\"wp-block-group gruff-section has-global-padding is-layout-constrained wp-container-core-group-is-layout-3a4e4474 wp-block-group-is-layout-constrained\">\n\n<h2 class=\"wp-block-heading has-text-align-center has-4-xl-font-size\">I\u0161man\u016bs sprendimai kiekvienam poreikiui<\/h2>\n\n\n\n<p class=\"has-text-align-center has-muted-color has-text-color\">Pasirinkite tinkam\u0105 energijos valdytoj\u0105 savo namams ar verslui.<\/p>\n\n\n\n<div class=\"wp-block-columns is-layout-flex wp-container-core-columns-is-layout-6b276c36 wp-block-columns-is-layout-flex\">\n\n<div class=\"wp-block-column is-layout-flow wp-block-column-is-layout-flow\">\n\n<div class=\"wp-block-group gruff-product-card has-global-padding is-layout-constrained wp-block-group-is-layout-constrained\">\n\n<figure class=\"wp-block-image size-medium gruff-product-card__image\"><img decoding=\"async\" src=\"https:\/\/grufftechnology.eu\/wp-content\/uploads\/2026\/03\/Gruff-soc.png\" alt=\"I\u0161manusis lizdas\"\/><\/figure>\n\n\n<h3 class=\"wp-block-heading has-xl-font-size\" style=\"font-weight:700\">I\u0161manusis lizdas<\/h3>\n\n\n<ul class=\"has-muted-color has-text-color has-small-font-size wp-block-list\">\n<li>Jungiamas tiesiai \u012f esam\u0105 lizd\u0105<\/li>\n\n\n<li>Valdo didel\u0117s galios prietaisus iki 3,5 kW<\/li>\n\n\n<li>Vizualinis kainos indikatorius (\u017ealias\/raudonas LED)<\/li>\n<\/ul>\n\n<span class=\"woocommerce-Price-amount amount\">65,00&nbsp;<span class=\"woocommerce-Price-currencySymbol\">&euro;<\/span><\/span>\n\n<a href=\"https:\/\/grufftechnology.eu\/lt\/krepselis\/?add-to-cart=1371\" class=\"gruff-cta-link\" style=\"padding:0.5rem 1rem;border-radius:0.5rem;font-size:0.875rem;\">\u012e krep\u0161el\u012f <span class=\"material-icons\" style=\"font-size:1rem;\">add_shopping_cart<\/span><\/a>\n\n<\/div>\n\n<\/div>\n\n\n\n<div class=\"wp-block-column is-layout-flow wp-block-column-is-layout-flow\">\n\n<div class=\"wp-block-group gruff-product-card has-global-padding is-layout-constrained wp-block-group-is-layout-constrained\">\n\n<figure class=\"wp-block-image size-medium gruff-product-card__image\"><img decoding=\"async\" src=\"https:\/\/grufftechnology.eu\/wp-content\/uploads\/2026\/03\/relee-taustata.png\" alt=\"DIN b\u0117gelio rel\u0117\"\/><\/figure>\n\n\n<h3 class=\"wp-block-heading has-xl-font-size\" style=\"font-weight:700\">DIN b\u0117gelio rel\u0117<\/h3>\n\n\n<ul class=\"has-muted-color has-text-color has-small-font-size wp-block-list\">\n<li>Montuojama tiesiai \u012f elektros skyd\u0105<\/li>\n\n\n<li>Ideali vandens \u0161ildytuvams ir grind\u0173 \u0161ildymui<\/li>\n\n\n<li>Reikia profesionalaus montavimo<\/li>\n<\/ul>\n\n<span class=\"woocommerce-Price-amount amount\">95,00&nbsp;<span class=\"woocommerce-Price-currencySymbol\">&euro;<\/span><\/span>\n\n<a href=\"https:\/\/grufftechnology.eu\/lt\/krepselis\/?add-to-cart=1383\" class=\"gruff-cta-link\" style=\"padding:0.5rem 1rem;border-radius:0.5rem;font-size:0.875rem;\">\u012e krep\u0161el\u012f <span class=\"material-icons\" style=\"font-size:1rem;\">add_shopping_cart<\/span><\/a>\n\n<\/div>\n\n<\/div>\n\n\n\n<div class=\"wp-block-column is-layout-flow wp-block-column-is-layout-flow\">\n\n<div class=\"wp-block-group gruff-product-card has-global-padding is-layout-constrained wp-block-group-is-layout-constrained\">\n\n<figure class=\"wp-block-image size-medium gruff-product-card__image\"><img loading=\"lazy\" decoding=\"async\" width=\"300\" height=\"300\" src=\"https:\/\/grufftechnology.eu\/wp-content\/uploads\/2026\/03\/business-solutions-iredgUgEj2qwwVDYxLkBz2-300x300.webp\" alt=\"Gruff Business Solutions\" class=\"wp-image-1583\" srcset=\"https:\/\/grufftechnology.eu\/wp-content\/uploads\/2026\/03\/business-solutions-iredgUgEj2qwwVDYxLkBz2-300x300.webp 300w, https:\/\/grufftechnology.eu\/wp-content\/uploads\/2026\/03\/business-solutions-iredgUgEj2qwwVDYxLkBz2-100x100.webp 100w, https:\/\/grufftechnology.eu\/wp-content\/uploads\/2026\/03\/business-solutions-iredgUgEj2qwwVDYxLkBz2-600x600.webp 600w, https:\/\/grufftechnology.eu\/wp-content\/uploads\/2026\/03\/business-solutions-iredgUgEj2qwwVDYxLkBz2-1024x1024.webp 1024w, https:\/\/grufftechnology.eu\/wp-content\/uploads\/2026\/03\/business-solutions-iredgUgEj2qwwVDYxLkBz2-150x150.webp 150w, https:\/\/grufftechnology.eu\/wp-content\/uploads\/2026\/03\/business-solutions-iredgUgEj2qwwVDYxLkBz2-768x768.webp 768w, https:\/\/grufftechnology.eu\/wp-content\/uploads\/2026\/03\/business-solutions-iredgUgEj2qwwVDYxLkBz2-1536x1536.webp 1536w, https:\/\/grufftechnology.eu\/wp-content\/uploads\/2026\/03\/business-solutions-iredgUgEj2qwwVDYxLkBz2.webp 1920w\" sizes=\"auto, (max-width: 300px) 100vw, 300px\" \/><\/figure>\n\n\n<h3 class=\"wp-block-heading has-xl-font-size\" style=\"font-weight:700\">Verslo sprendimai<\/h3>\n\n\n<ul class=\"has-muted-color has-text-color has-small-font-size wp-block-list\">\n<li>Individual\u016bs sprendimai biurams ir sand\u0117liams<\/li>\n\n\n<li>Pa\u017eangi API prieiga ir ataskait\u0173 teikimas<\/li>\n\n\n<li>Keli\u0173 \u012frenginii\u0173 valdymo skydelis<\/li>\n<\/ul>\n\n\n<p class=\"has-muted-color has-text-color has-small-font-size\">Individuali kainodara<\/p>\n\n\n<div class=\"wp-block-buttons is-layout-flex wp-block-buttons-is-layout-flex\">\n<div class=\"wp-block-button is-style-outline is-style-outline--2\"><a class=\"wp-block-button__link wp-element-button\" href=\"\/lt\/kontaktai\/\">Susisiekite<\/a><\/div>\n<\/div>\n\n<\/div>\n\n<\/div>\n\n<\/div>\n\n<\/div>\n\n\n\n<div class=\"wp-block-group gruff-section gruff-section--surface has-surface-background-color has-background has-global-padding is-layout-constrained wp-container-core-group-is-layout-3a4e4474 wp-block-group-is-layout-constrained\">\n\n<div class=\"wp-block-columns is-layout-flex wp-container-core-columns-is-layout-1b715042 wp-block-columns-is-layout-flex\">\n\n<div class=\"wp-block-column is-layout-flow wp-block-column-is-layout-flow\" style=\"flex-basis:66.66%\">\n\n<h2 class=\"wp-block-heading has-4-xl-font-size\">I\u0161manusis lizdas seka<br><mark style=\"background-color:transparent;color:#14C546\" class=\"has-inline-color\">Nord Pool kainas<\/mark><\/h2>\n\n\n\n<p class=\"has-muted-color has-text-color\">Lizdas automati\u0161kai \u012fjungia ir i\u0161jungia j\u016bs\u0173 prietaisus pagal elektros rinkos kain\u0105. J\u016bs nustatote maksimali\u0105 kain\u0105 \u2014 lizdas daro visa kita.<\/p>\n\n\n\n<div class=\"wp-block-columns is-layout-flex wp-container-core-columns-is-layout-28f84493 wp-block-columns-is-layout-flex\">\n\n<div class=\"wp-block-column is-layout-flow wp-block-column-is-layout-flow\">\n\n<div class=\"wp-block-group gruff-why-item is-nowrap is-layout-flex wp-container-core-group-is-layout-6a90dc5c wp-block-group-is-layout-flex\">\n\n<p class=\"gruff-icon-text\">eco<\/p>\n\n\n<div class=\"wp-block-group is-layout-flow wp-container-core-group-is-layout-a4d9b9e8 wp-block-group-is-layout-flow\">\n\n<h3 class=\"wp-block-heading has-large-font-size\" style=\"font-weight:600\">\u017dalios valandos<\/h3>\n\n\n<p class=\"has-muted-color has-text-color has-small-font-size\">Lizdas automati\u0161kai \u012fsijungia pigiomis valandomis, taupydamas pinigus, kol miegate ar dirbate.<\/p>\n\n<\/div>\n\n<\/div>\n\n<\/div>\n\n\n\n<div class=\"wp-block-column is-layout-flow wp-block-column-is-layout-flow\">\n\n<div class=\"wp-block-group gruff-why-item is-nowrap is-layout-flex wp-container-core-group-is-layout-6a90dc5c wp-block-group-is-layout-flex\">\n\n<p class=\"gruff-icon-text\">block<\/p>\n\n\n<div class=\"wp-block-group is-layout-flow wp-container-core-group-is-layout-a4d9b9e8 wp-block-group-is-layout-flow\">\n\n<h3 class=\"wp-block-heading has-large-font-size\" style=\"font-weight:600\">Raudonos valandos<\/h3>\n\n\n<p class=\"has-muted-color has-text-color has-small-font-size\">Elektra i\u0161jungiama brangi\u0173 piko valand\u0173 metu, tai rodo raudonas LED \u017eiedas ant lizdo.<\/p>\n\n<\/div>\n\n<\/div>\n\n<\/div>\n\n<\/div>\n\n\n\n<p style=\"border-left-color:#14C546;border-left-width:3px;padding-left:1rem\">Su Gruff i\u0161maniuoju lizdu galite taupyti pinigus ir tiksliai kontroliuoti savo nam\u0173 ar verslo elektros suvartojim\u0105, kartu ma\u017eindami tinklo apkrov\u0105 piko valandomis.<\/p>\n\n<\/div>\n\n\n\n<div class=\"wp-block-column is-vertically-aligned-center is-layout-flex is-vertical is-content-justification-right wp-container-core-column-is-layout-a18aa0d7 wp-block-column-is-layout-flex\" style=\"flex-basis:50%;display:flex;flex-direction:column;align-items:flex-end\">\n\t<div style=\"display:flex;justify-content:center;\">\n\t\t<img decoding=\"async\" src=\"https:\/\/grufftechnology.eu\/wp-content\/uploads\/2026\/03\/boiler.jpg\" alt=\"Gruff app boiler screen\" class=\"gruff-phone-mockup-img\" style=\"max-width:320px;width:100%;height:auto;border-radius:2rem;\" \/>\n\t<\/div>\n\t\n\n<\/div>\n\n<\/div>\n\n<\/div>\n\n\n\n<div class=\"wp-block-group gruff-section has-global-padding is-layout-constrained wp-container-core-group-is-layout-3a4e4474 wp-block-group-is-layout-constrained\">\n\n<h2 class=\"wp-block-heading has-text-align-center has-4-xl-font-size\">Atsiliepimai<\/h2>\n\n\n<div class=\"gruff-feedback-grid\" style=\"display:grid;grid-template-columns:repeat(auto-fit,minmax(300px,1fr));gap:1.5rem;\"><div class=\"gruff-testimonial\"><div class=\"gruff-testimonial__stars\">\u2605\u2605\u2605\u2605\u2605<\/div><p class=\"gruff-testimonial__text\">I originally had 4 sockets and gave one to a friend. Not only do I recommend your socket, I give it as gifts too. Made in Estonia and very cool.<\/p><p class=\"gruff-testimonial__name\">Erkki<\/p><\/div><div class=\"gruff-testimonial\"><div class=\"gruff-testimonial__stars\">\u2605\u2605\u2605\u2605\u2605<\/div><p class=\"gruff-testimonial__text\">Also kudos to you for the new app UI. Looks great and much more comfortable to use than the old version. Plus the Scheduling feature is a great addition!<\/p><p class=\"gruff-testimonial__name\">Argo<\/p><\/div><div class=\"gruff-testimonial\"><div class=\"gruff-testimonial__stars\">\u2605\u2605\u2605\u2605\u2605<\/div><p class=\"gruff-testimonial__text\">Got the socket, thanks! Setup and connection went well. Much simpler and more convenient than the previous version.<\/p><p class=\"gruff-testimonial__name\">Tiit<\/p><\/div><\/div>\n\n<\/div>\n\n\n\n<div class=\"wp-block-group gruff-section gruff-section--dark has-dark-background-color has-background has-global-padding is-layout-constrained wp-container-core-group-is-layout-985d9e89 wp-block-group-is-layout-constrained\">\n\n<h2 class=\"wp-block-heading has-text-align-center has-white-color has-text-color has-4-xl-font-size\">Dar neapsisprendete?<\/h2>\n\n\n\n<p class=\"has-text-align-center has-text-light-color has-text-color has-large-font-size\">Paskambinkite ir pasikonsultuokite su m\u016bs\u0173 specialistu.<\/p>\n\n\n\n<div class=\"wp-block-buttons is-content-justification-center is-layout-flex wp-container-core-buttons-is-layout-a89b3969 wp-block-buttons-is-layout-flex\">\n\n<div class=\"wp-block-button is-style-gruff-cta\"><a class=\"wp-block-button__link has-primary-background-color has-background wp-element-button\" href=\"tel:+3726099005\">+372 6099005<\/a><\/div>\n\n<\/div>\n\n<\/div>\n","protected":false},"excerpt":{"rendered":"<p>Taupykite protingai su m\u016bs\u0173energijos valdytoju Gruff Technology si\u016blo i\u0161maniuosius lizdus ir reles, kurie automati\u0161kai optimizuoja j\u016bs\u0173 elektros suvartojim\u0105 pagal realaus laiko Nord Pool kainas. I\u0161man\u016bs sprendimai kiekvienam poreikiui Pasirinkite tinkam\u0105 energijos valdytoj\u0105 savo namams ar verslui. I\u0161manusis lizdas DIN b\u0117gelio rel\u0117 Verslo sprendimai Individuali kainodara I\u0161manusis lizdas sekaNord Pool kainas Lizdas automati\u0161kai \u012fjungia ir i\u0161jungia [&hellip;]<\/p>\n","protected":false},"author":1,"featured_media":0,"parent":0,"menu_order":0,"comment_status":"closed","ping_status":"closed","template":"","meta":{"inline_featured_image":false,"footnotes":""},"class_list":["post-1396","page","type-page","status-publish","hentry"],"yoast_head":"<!-- This site is optimized with the Yoast SEO plugin v27.2 - https:\/\/yoast.com\/product\/yoast-seo-wordpress\/ -->\n<title>Gruff Technology - Gruff Technology<\/title>\n<meta name=\"robots\" content=\"index, follow, max-snippet:-1, max-image-preview:large, max-video-preview:-1\" \/>\n<link rel=\"canonical\" href=\"https:\/\/grufftechnology.eu\/lt\/\" \/>\n<meta property=\"og:locale\" content=\"lt_LT\" \/>\n<meta property=\"og:type\" content=\"article\" \/>\n<meta property=\"og:title\" content=\"Gruff Technology - Gruff Technology\" \/>\n<meta property=\"og:description\" content=\"Taupykite protingai su m\u016bs\u0173energijos valdytoju Gruff Technology si\u016blo i\u0161maniuosius lizdus ir reles, kurie automati\u0161kai optimizuoja j\u016bs\u0173 elektros suvartojim\u0105 pagal realaus laiko Nord Pool kainas. I\u0161man\u016bs sprendimai kiekvienam poreikiui Pasirinkite tinkam\u0105 energijos valdytoj\u0105 savo namams ar verslui. I\u0161manusis lizdas DIN b\u0117gelio rel\u0117 Verslo sprendimai Individuali kainodara I\u0161manusis lizdas sekaNord Pool kainas Lizdas automati\u0161kai \u012fjungia ir i\u0161jungia [&hellip;]\" \/>\n<meta property=\"og:url\" content=\"https:\/\/grufftechnology.eu\/lt\/\" \/>\n<meta property=\"og:site_name\" content=\"Gruff Technology\" \/>\n<meta property=\"article:publisher\" content=\"https:\/\/www.facebook.com\/Grufftechnology\" \/>\n<meta property=\"article:modified_time\" content=\"2026-03-13T18:34:45+00:00\" \/>\n<meta property=\"og:image\" content=\"https:\/\/grufftechnology.eu\/wp-content\/uploads\/2026\/03\/Gruff-soc.png\" \/>\n<meta name=\"twitter:card\" content=\"summary_large_image\" \/>\n<meta name=\"twitter:label1\" content=\"Est. reading time\" \/>\n\t<meta name=\"twitter:data1\" content=\"1 minut\u0117\" \/>\n<script type=\"application\/ld+json\" class=\"yoast-schema-graph\">{\"@context\":\"https:\/\/schema.org\",\"@graph\":[{\"@type\":\"WebPage\",\"@id\":\"https:\/\/grufftechnology.eu\/lt\/\",\"url\":\"https:\/\/grufftechnology.eu\/lt\/\",\"name\":\"Gruff Technology - Gruff Technology\",\"isPartOf\":{\"@id\":\"https:\/\/grufftechnology.eu\/lt\/#website\"},\"primaryImageOfPage\":{\"@id\":\"https:\/\/grufftechnology.eu\/lt\/#primaryimage\"},\"image\":{\"@id\":\"https:\/\/grufftechnology.eu\/lt\/#primaryimage\"},\"thumbnailUrl\":\"https:\/\/grufftechnology.eu\/wp-content\/uploads\/2026\/03\/Gruff-soc.png\",\"datePublished\":\"2023-02-01T16:58:03+00:00\",\"dateModified\":\"2026-03-13T18:34:45+00:00\",\"breadcrumb\":{\"@id\":\"https:\/\/grufftechnology.eu\/lt\/#breadcrumb\"},\"inLanguage\":\"lt-LT\",\"potentialAction\":[{\"@type\":\"ReadAction\",\"target\":[\"https:\/\/grufftechnology.eu\/lt\/\"]}]},{\"@type\":\"ImageObject\",\"inLanguage\":\"lt-LT\",\"@id\":\"https:\/\/grufftechnology.eu\/lt\/#primaryimage\",\"url\":\"https:\/\/grufftechnology.eu\/wp-content\/uploads\/2026\/03\/Gruff-soc.png\",\"contentUrl\":\"https:\/\/grufftechnology.eu\/wp-content\/uploads\/2026\/03\/Gruff-soc.png\"},{\"@type\":\"BreadcrumbList\",\"@id\":\"https:\/\/grufftechnology.eu\/lt\/#breadcrumb\",\"itemListElement\":[{\"@type\":\"ListItem\",\"position\":1,\"name\":\"Home\",\"item\":\"https:\/\/grufftechnology.eu\/lt\/gruff-technology\/\"},{\"@type\":\"ListItem\",\"position\":2,\"name\":\"Gruff Technology\"}]},{\"@type\":\"WebSite\",\"@id\":\"https:\/\/grufftechnology.eu\/lt\/#website\",\"url\":\"https:\/\/grufftechnology.eu\/lt\/\",\"name\":\"Gruff Technology\",\"description\":\"Save your money with saver socket\",\"publisher\":{\"@id\":\"https:\/\/grufftechnology.eu\/lt\/#organization\"},\"alternateName\":\"Gruff\",\"potentialAction\":[{\"@type\":\"SearchAction\",\"target\":{\"@type\":\"EntryPoint\",\"urlTemplate\":\"https:\/\/grufftechnology.eu\/lt\/?s={search_term_string}\"},\"query-input\":{\"@type\":\"PropertyValueSpecification\",\"valueRequired\":true,\"valueName\":\"search_term_string\"}}],\"inLanguage\":\"lt-LT\"},{\"@type\":\"Organization\",\"@id\":\"https:\/\/grufftechnology.eu\/lt\/#organization\",\"name\":\"Gruff Technology\",\"url\":\"https:\/\/grufftechnology.eu\/lt\/\",\"logo\":{\"@type\":\"ImageObject\",\"inLanguage\":\"lt-LT\",\"@id\":\"https:\/\/grufftechnology.eu\/lt\/#\/schema\/logo\/image\/\",\"url\":\"https:\/\/grufftechnology.eu\/wp-content\/uploads\/2023\/03\/GRUFF-T.svg\",\"contentUrl\":\"https:\/\/grufftechnology.eu\/wp-content\/uploads\/2023\/03\/GRUFF-T.svg\",\"caption\":\"Gruff Technology\"},\"image\":{\"@id\":\"https:\/\/grufftechnology.eu\/lt\/#\/schema\/logo\/image\/\"},\"sameAs\":[\"https:\/\/www.facebook.com\/Grufftechnology\"]}]}<\/script>\n<!-- \/ Yoast SEO plugin. -->","yoast_head_json":{"title":"Gruff Technology - Gruff Technology","robots":{"index":"index","follow":"follow","max-snippet":"max-snippet:-1","max-image-preview":"max-image-preview:large","max-video-preview":"max-video-preview:-1"},"canonical":"https:\/\/grufftechnology.eu\/lt\/","og_locale":"lt_LT","og_type":"article","og_title":"Gruff Technology - Gruff Technology","og_description":"Taupykite protingai su m\u016bs\u0173energijos valdytoju Gruff Technology si\u016blo i\u0161maniuosius lizdus ir reles, kurie automati\u0161kai optimizuoja j\u016bs\u0173 elektros suvartojim\u0105 pagal realaus laiko Nord Pool kainas. I\u0161man\u016bs sprendimai kiekvienam poreikiui Pasirinkite tinkam\u0105 energijos valdytoj\u0105 savo namams ar verslui. I\u0161manusis lizdas DIN b\u0117gelio rel\u0117 Verslo sprendimai Individuali kainodara I\u0161manusis lizdas sekaNord Pool kainas Lizdas automati\u0161kai \u012fjungia ir i\u0161jungia [&hellip;]","og_url":"https:\/\/grufftechnology.eu\/lt\/","og_site_name":"Gruff Technology","article_publisher":"https:\/\/www.facebook.com\/Grufftechnology","article_modified_time":"2026-03-13T18:34:45+00:00","og_image":[{"url":"https:\/\/grufftechnology.eu\/wp-content\/uploads\/2026\/03\/Gruff-soc.png","type":"","width":"","height":""}],"twitter_card":"summary_large_image","twitter_misc":{"Est. reading time":"1 minut\u0117"},"schema":{"@context":"https:\/\/schema.org","@graph":[{"@type":"WebPage","@id":"https:\/\/grufftechnology.eu\/lt\/","url":"https:\/\/grufftechnology.eu\/lt\/","name":"Gruff Technology - Gruff Technology","isPartOf":{"@id":"https:\/\/grufftechnology.eu\/lt\/#website"},"primaryImageOfPage":{"@id":"https:\/\/grufftechnology.eu\/lt\/#primaryimage"},"image":{"@id":"https:\/\/grufftechnology.eu\/lt\/#primaryimage"},"thumbnailUrl":"https:\/\/grufftechnology.eu\/wp-content\/uploads\/2026\/03\/Gruff-soc.png","datePublished":"2023-02-01T16:58:03+00:00","dateModified":"2026-03-13T18:34:45+00:00","breadcrumb":{"@id":"https:\/\/grufftechnology.eu\/lt\/#breadcrumb"},"inLanguage":"lt-LT","potentialAction":[{"@type":"ReadAction","target":["https:\/\/grufftechnology.eu\/lt\/"]}]},{"@type":"ImageObject","inLanguage":"lt-LT","@id":"https:\/\/grufftechnology.eu\/lt\/#primaryimage","url":"https:\/\/grufftechnology.eu\/wp-content\/uploads\/2026\/03\/Gruff-soc.png","contentUrl":"https:\/\/grufftechnology.eu\/wp-content\/uploads\/2026\/03\/Gruff-soc.png"},{"@type":"BreadcrumbList","@id":"https:\/\/grufftechnology.eu\/lt\/#breadcrumb","itemListElement":[{"@type":"ListItem","position":1,"name":"Home","item":"https:\/\/grufftechnology.eu\/lt\/gruff-technology\/"},{"@type":"ListItem","position":2,"name":"Gruff Technology"}]},{"@type":"WebSite","@id":"https:\/\/grufftechnology.eu\/lt\/#website","url":"https:\/\/grufftechnology.eu\/lt\/","name":"Gruff Technology","description":"Save your money with saver socket","publisher":{"@id":"https:\/\/grufftechnology.eu\/lt\/#organization"},"alternateName":"Gruff","potentialAction":[{"@type":"SearchAction","target":{"@type":"EntryPoint","urlTemplate":"https:\/\/grufftechnology.eu\/lt\/?s={search_term_string}"},"query-input":{"@type":"PropertyValueSpecification","valueRequired":true,"valueName":"search_term_string"}}],"inLanguage":"lt-LT"},{"@type":"Organization","@id":"https:\/\/grufftechnology.eu\/lt\/#organization","name":"Gruff Technology","url":"https:\/\/grufftechnology.eu\/lt\/","logo":{"@type":"ImageObject","inLanguage":"lt-LT","@id":"https:\/\/grufftechnology.eu\/lt\/#\/schema\/logo\/image\/","url":"https:\/\/grufftechnology.eu\/wp-content\/uploads\/2023\/03\/GRUFF-T.svg","contentUrl":"https:\/\/grufftechnology.eu\/wp-content\/uploads\/2023\/03\/GRUFF-T.svg","caption":"Gruff Technology"},"image":{"@id":"https:\/\/grufftechnology.eu\/lt\/#\/schema\/logo\/image\/"},"sameAs":["https:\/\/www.facebook.com\/Grufftechnology"]}]}},"_links":{"self":[{"href":"https:\/\/grufftechnology.eu\/lt\/wp-json\/wp\/v2\/pages\/1396","targetHints":{"allow":["GET"]}}],"collection":[{"href":"https:\/\/grufftechnology.eu\/lt\/wp-json\/wp\/v2\/pages"}],"about":[{"href":"https:\/\/grufftechnology.eu\/lt\/wp-json\/wp\/v2\/types\/page"}],"author":[{"embeddable":true,"href":"https:\/\/grufftechnology.eu\/lt\/wp-json\/wp\/v2\/users\/1"}],"replies":[{"embeddable":true,"href":"https:\/\/grufftechnology.eu\/lt\/wp-json\/wp\/v2\/comments?post=1396"}],"version-history":[{"count":2,"href":"https:\/\/grufftechnology.eu\/lt\/wp-json\/wp\/v2\/pages\/1396\/revisions"}],"predecessor-version":[{"id":2250,"href":"https:\/\/grufftechnology.eu\/lt\/wp-json\/wp\/v2\/pages\/1396\/revisions\/2250"}],"wp:attachment":[{"href":"https:\/\/grufftechnology.eu\/lt\/wp-json\/wp\/v2\/media?parent=1396"}],"curies":[{"name":"wp","href":"https:\/\/api.w.org\/{rel}","templated":true}]}}