{"id":2091,"date":"2026-03-09T14:35:37","date_gmt":"2026-03-09T12:35:37","guid":{"rendered":"https:\/\/www.grufftechnology.eu\/?page_id=2091"},"modified":"2026-03-12T09:25:26","modified_gmt":"2026-03-12T07:25:26","slug":"salygos","status":"publish","type":"page","link":"https:\/\/grufftechnology.eu\/lt\/salygos\/","title":{"rendered":"S\u0105lygos"},"content":{"rendered":"\n<h2 class=\"wp-block-heading\">Pardavimo ir garantijos s\u0105lygos<\/h2>\n\n\n\n<p>Internetin\u0117 parduotuv\u0117 grufftechnology.eu (toliau \u2013 internetin\u0117 parduotuv\u0117) priklauso Gruff Technology O\u00dc (registro kodas 16620414), adresas Telliskivi 60, 10412 Talinas, Estija.<\/p>\n\n\n\n<h3 class=\"wp-block-heading\">Pardavimo sutarties galiojimas, produkto ir kainos informacija<\/h3>\n\n\n\n<p>\u0160ios pardavimo s\u0105lygos galioja perkant prekes internetin\u0117je parduotuv\u0117je. Internetin\u0117je parduotuv\u0117je parduodam\u0173 preki\u0173 kainos rodomos prie kiekvienos prek\u0117s. Produkto informacija pateikiama tiesiogiai prie prek\u0117s internetin\u0117je parduotuv\u0117je.<\/p>\n\n\n\n<h3 class=\"wp-block-heading\">U\u017esakymo pateikimas<\/h3>\n\n\n\n<p>Nor\u0117dami u\u017esakyti prekes, \u012fd\u0117kite norimus produktus \u012f pirkini\u0173 krep\u0161el\u012f. Nor\u0117dami u\u017ebaigti u\u017esakym\u0105, u\u017epildykite privalomus laukus ir pasirinkite tinkam\u0105 pristatymo b\u016bd\u0105. Bendra suma bus rodoma ekrane ir j\u0105 galima sumok\u0117ti per bank\u0173 nuorod\u0105 ar kit\u0105 mok\u0117jimo sprendim\u0105. Visi mok\u0117jimai apdorojami eurais.<\/p>\n\n\n\n<p>Mok\u0117jimas apdorojamas per Montonio mok\u0117jimo sprendimus.<\/p>\n\n\n\n<p>Sutartis \u012fsigalioja gavus mok\u0117tin\u0105 sum\u0105 internetin\u0117s parduotuv\u0117s banko s\u0105skaitoje.<\/p>\n\n\n\n<p>Jei u\u017esakyt\u0173 preki\u0173 negalima pristatyti d\u0117l atsarg\u0173 i\u0161sekimo ar kit\u0173 prie\u017eas\u010di\u0173, pirk\u0117jas bus informuotas kuo grei\u010diau, o sumok\u0117ta suma (\u012fskaitant pristatymo i\u0161laidas) bus gr\u0105\u017einta nedelsiant, bet ne v\u0117liau kaip per 14 dien\u0173 nuo prane\u0161imo.<\/p>\n\n\n\n<h3 class=\"wp-block-heading\">Pristatymas<\/h3>\n\n\n\n<p>Prek\u0117s siun\u010diamos \u012f \u0161ias \u0161alis: Estij\u0105 ir Suomij\u0105. Estijos vidaus siuntos paprastai pasiekia pirk\u0117jo nurodyt\u0105 tiksl\u0105 per 2\u20133 darbo dienas nuo pardavimo sutarties \u012fsigaliojimo, per Omniva pa\u0161tomatus. I\u0161skirtiniais atvejais pristatymas gali u\u017etrukti iki 45 kalendorini\u0173 dien\u0173.<\/p>\n\n\n\n<h3 class=\"wp-block-heading\">Atsisakymo teis\u0117<\/h3>\n\n\n\n<p>Gav\u0119s u\u017esakym\u0105, pirk\u0117jas turi teis\u0119 atsisakyti internetin\u0117je parduotuv\u0117je sudarytos sutarties per 14 dien\u0173. Atsisakymo teis\u0117 netaikoma, jei pirk\u0117jas yra juridinis asmuo.<\/p>\n\n\n\n<p>Norint pasinaudoti 14 dien\u0173 gr\u0105\u017einimo teise, u\u017esakytos prek\u0117s neturi b\u016bti naudojamos kitaip, nei b\u016btina preki\u0173 pob\u016bd\u017eiui, savyb\u0117ms ir veikimui patikrinti, lygiai taip, kaip b\u016bt\u0173 leid\u017eiama bandyti fizin\u0117je parduotuv\u0117je.<\/p>\n\n\n\n<p>Jei prek\u0117s buvo naudojamos kitais tikslais arba yra naudojimo ar nusid\u0117v\u0117jimo \u017eymi\u0173, internetin\u0117 parduotuv\u0117 turi teis\u0119 suma\u017einti gr\u0105\u017einam\u0105 sum\u0105 pagal preki\u0173 vert\u0117s suma\u017e\u0117jim\u0105.<\/p>\n\n\n\n<p>Nor\u0117dami gr\u0105\u017einti prekes, pateikite laisvos formos atsisakymo parei\u0161kim\u0105 ir si\u0173skite j\u012f adresu <a href=\"mailto:info@grufftechnology.eu\">info@grufftechnology.eu<\/a> ne v\u0117liau kaip per 14 dien\u0173 nuo preki\u0173 gavimo.<\/p>\n\n\n\n<p>Gr\u0105\u017einimo siuntimo i\u0161laidas padengia pirk\u0117jas, nebent gr\u0105\u017einimo prie\u017eastis yra ta, kad prek\u0117s neatitinka u\u017esakymo (pvz., neteisinga ar defektuota prek\u0117).<\/p>\n\n\n\n<p>Pirk\u0117jas turi gr\u0105\u017einti prekes per 14 dien\u0173 nuo atsisakymo parei\u0161kimo pateikimo arba pateikti \u012frodym\u0105, kad prek\u0117s perduotos ve\u017e\u0117jui per nurodyt\u0105 laikotarp\u012f.<\/p>\n\n\n\n<p>Gavusi gr\u0105\u017eintas prekes, internetin\u0117 parduotuv\u0117 gr\u0105\u017eins pirk\u0117jui sumok\u0117t\u0105 sum\u0105 nedelsiant, bet ne v\u0117liau kaip per 14 dien\u0173 nuo atsisakymo parei\u0161kimo gavimo. Internetin\u0117 parduotuv\u0117 gali sulaikyti gr\u0105\u017einim\u0105, kol prek\u0117s bus gr\u0105\u017eintos.<\/p>\n\n\n\n<p>Internetin\u0117 parduotuv\u0117 turi teis\u0119 atsisakyti pardavimo sandorio ir pareikalauti preki\u0173 i\u0161 pirk\u0117jo, jei kaina internetin\u0117je parduotuv\u0117je buvo klaidingai nustatyta gerokai \u017eemiau rinkos kainos.<\/p>\n\n\n\n<h3 class=\"wp-block-heading\">Teis\u0117 pateikti skund\u0105<\/h3>\n\n\n\n<p>Internetin\u0117 parduotuv\u0117 atsako u\u017e pirk\u0117jui parduot\u0173 preki\u0173 neatitikim\u0105 ar defektus, kurie egzistavo perdavimo metu ir paai\u0161k\u0117ja per dvejus metus nuo pristatymo. Pirm\u0173j\u0173 12 m\u0117nesi\u0173 laikotarpiu laikoma, kad defektas egzistavo perdavimo metu.<\/p>\n\n\n\n<p>Pirk\u0117jas turi teis\u0119 kreiptis \u012f internetin\u0119 parduotuv\u0119 per du m\u0117nesius nuo defekto aptikimo, si\u0173sdamas el. lai\u0161k\u0105 adresu <a href=\"mailto:info@grufftechnology.eu\">info@grufftechnology.eu<\/a> arba skambindamas +372 53493962.<\/p>\n\n\n\n<p>Internetin\u0117 parduotuv\u0117 neatsako u\u017e defektus, atsirandan\u010dius po preki\u0173 perdavimo pirk\u0117jui. Jei prek\u0117s turi defekt\u0173, u\u017e kuriuos internetin\u0117 parduotuv\u0117 yra atsakinga, internetin\u0117 parduotuv\u0117 pataisys arba pakeis defektuotas prekes. Jei taisymas ar pakeitimas ne\u012fmanomas, internetin\u0117 parduotuv\u0117 gr\u0105\u017eins visas pagal pardavimo sutart\u012f sumok\u0117tas sumas.<\/p>\n\n\n\n<p>Internetin\u0117 parduotuv\u0117 atsakys \u012f vartotoj\u0173 skundus ra\u0161tu arba atkuriama forma per 15 dien\u0173.<\/p>\n\n\n\n<h3 class=\"wp-block-heading\">Asmens duomen\u0173 tvarkymas<\/h3>\n\n\n\n<p>Internetin\u0117 parduotuv\u0117 naudoja pirk\u0117jo pateiktus asmens duomenis (\u012fskaitant vard\u0105, telefono numer\u012f, adres\u0105, el. pa\u0161to adres\u0105, banko duomenis) tik u\u017esakym\u0173 apdorojimui ir preki\u0173 pristatymui. Internetin\u0117 parduotuv\u0117 dalijasi asmens duomenimis su transporto \u012fmon\u0117mis preki\u0173 pristatymo tikslais.<\/p>\n\n\n\n<h3 class=\"wp-block-heading\">Produkto garantija ir gr\u0105\u017einimas<\/h3>\n\n\n\n<p>Gruff i\u0161manusis lizdas turi dvej\u0173 met\u0173 gamintojo garantij\u0105 nuo pirkimo datos. Gamybos defekt\u0173 atveju galite gr\u0105\u017einti produkt\u0105 parduotuvei, kurioje jis buvo pirktas. Pirkiniams internetin\u0117je parduotuv\u0117je si\u0173skite produkt\u0105 tiesiogiai Gruff Technology O\u00dc adresu Telliskivi 60\/1, Talinas 10412, arba \u012f artimiausi\u0105 pa\u0161tomat\u0105. Garantijos s\u0105lygomis pakeisime produkt\u0105 arba kompensuosime pirkimo ir siuntimo kain\u0105. Pardav\u0117jas neatsako u\u017e \u017eal\u0105, atsiradusi\u0105 d\u0117l netinkamo naudojimo ar elektros sistemos gedim\u0173, ir nepakeis d\u0117l netinkamo naudojimo sugadint\u0173 produkt\u0173.<\/p>\n\n\n\n<h3 class=\"wp-block-heading\">Gin\u010d\u0173 sprendimas<\/h3>\n\n\n\n<p>Jei pirk\u0117jas turi skund\u0173 d\u0117l internetin\u0117s parduotuv\u0117s, jie tur\u0117t\u0173 b\u016bti siun\u010diami adresu <a href=\"mailto:info@grufftechnology.eu\">info@grufftechnology.eu<\/a> arba skambinant +372 6099005.<\/p>\n\n\n\n<p>Jei pirk\u0117jas ir internetin\u0117 parduotuv\u0117 negali i\u0161spr\u0119sti gin\u010do susitarimu, pirk\u0117jas gali kreiptis \u012f Vartotoj\u0173 gin\u010d\u0173 komisij\u0105. Komisija turi \u012fgaliojimus spr\u0119sti gin\u010dus, kylan\u010dius i\u0161 sutar\u010di\u0173 tarp pirk\u0117jo ir internetin\u0117s parduotuv\u0117s. Pirk\u0117jo skundo nagrin\u0117jimas yra nemokamas.<\/p>\n\n\n\n<p>Pirk\u0117jas taip pat gali kreiptis \u012f <a href=\"https:\/\/ec.europa.eu\/consumers\/odr\" target=\"_blank\" rel=\"noopener noreferrer\">Europos S\u0105jungos internetin\u0119 gin\u010d\u0173 sprendimo platform\u0105<\/a>.<\/p>\n","protected":false},"excerpt":{"rendered":"<p>Pardavimo ir garantijos s\u0105lygos Internetin\u0117 parduotuv\u0117 grufftechnology.eu (toliau \u2013 internetin\u0117 parduotuv\u0117) priklauso Gruff Technology O\u00dc (registro kodas 16620414), adresas Telliskivi 60, 10412 Talinas, Estija. Pardavimo sutarties galiojimas, produkto ir kainos informacija \u0160ios pardavimo s\u0105lygos galioja perkant prekes internetin\u0117je parduotuv\u0117je. Internetin\u0117je parduotuv\u0117je parduodam\u0173 preki\u0173 kainos rodomos prie kiekvienos prek\u0117s. Produkto informacija pateikiama tiesiogiai prie prek\u0117s internetin\u0117je [&hellip;]<\/p>\n","protected":false},"author":4,"featured_media":0,"parent":0,"menu_order":0,"comment_status":"closed","ping_status":"closed","template":"","meta":{"inline_featured_image":false,"footnotes":""},"class_list":["post-2091","page","type-page","status-publish","hentry"],"yoast_head":"<!-- This site is optimized with the Yoast SEO plugin v27.2 - https:\/\/yoast.com\/product\/yoast-seo-wordpress\/ -->\n<title>S\u0105lygos - Gruff Technology<\/title>\n<meta name=\"robots\" content=\"index, follow, max-snippet:-1, max-image-preview:large, max-video-preview:-1\" \/>\n<link rel=\"canonical\" href=\"https:\/\/grufftechnology.eu\/lt\/salygos\/\" \/>\n<meta property=\"og:locale\" content=\"lt_LT\" \/>\n<meta property=\"og:type\" content=\"article\" \/>\n<meta property=\"og:title\" content=\"S\u0105lygos - Gruff Technology\" \/>\n<meta property=\"og:description\" content=\"Pardavimo ir garantijos s\u0105lygos Internetin\u0117 parduotuv\u0117 grufftechnology.eu (toliau \u2013 internetin\u0117 parduotuv\u0117) priklauso Gruff Technology O\u00dc (registro kodas 16620414), adresas Telliskivi 60, 10412 Talinas, Estija. Pardavimo sutarties galiojimas, produkto ir kainos informacija \u0160ios pardavimo s\u0105lygos galioja perkant prekes internetin\u0117je parduotuv\u0117je. Internetin\u0117je parduotuv\u0117je parduodam\u0173 preki\u0173 kainos rodomos prie kiekvienos prek\u0117s. Produkto informacija pateikiama tiesiogiai prie prek\u0117s internetin\u0117je [&hellip;]\" \/>\n<meta property=\"og:url\" content=\"https:\/\/grufftechnology.eu\/lt\/salygos\/\" \/>\n<meta property=\"og:site_name\" content=\"Gruff Technology\" \/>\n<meta property=\"article:publisher\" content=\"https:\/\/www.facebook.com\/Grufftechnology\" \/>\n<meta property=\"article:modified_time\" content=\"2026-03-12T07:25:26+00:00\" \/>\n<meta name=\"twitter:card\" content=\"summary_large_image\" \/>\n<meta name=\"twitter:label1\" content=\"Est. reading time\" \/>\n\t<meta name=\"twitter:data1\" content=\"4 minut\u0117s\" \/>\n<script type=\"application\/ld+json\" class=\"yoast-schema-graph\">{\"@context\":\"https:\/\/schema.org\",\"@graph\":[{\"@type\":\"WebPage\",\"@id\":\"https:\/\/grufftechnology.eu\/lt\/salygos\/\",\"url\":\"https:\/\/grufftechnology.eu\/lt\/salygos\/\",\"name\":\"S\u0105lygos - Gruff Technology\",\"isPartOf\":{\"@id\":\"https:\/\/grufftechnology.eu\/lt\/#website\"},\"datePublished\":\"2026-03-09T12:35:37+00:00\",\"dateModified\":\"2026-03-12T07:25:26+00:00\",\"breadcrumb\":{\"@id\":\"https:\/\/grufftechnology.eu\/lt\/salygos\/#breadcrumb\"},\"inLanguage\":\"lt-LT\",\"potentialAction\":[{\"@type\":\"ReadAction\",\"target\":[\"https:\/\/grufftechnology.eu\/lt\/salygos\/\"]}]},{\"@type\":\"BreadcrumbList\",\"@id\":\"https:\/\/grufftechnology.eu\/lt\/salygos\/#breadcrumb\",\"itemListElement\":[{\"@type\":\"ListItem\",\"position\":1,\"name\":\"Home\",\"item\":\"https:\/\/grufftechnology.eu\/lt\/gruff-technology\/\"},{\"@type\":\"ListItem\",\"position\":2,\"name\":\"S\u0105lygos\"}]},{\"@type\":\"WebSite\",\"@id\":\"https:\/\/grufftechnology.eu\/lt\/#website\",\"url\":\"https:\/\/grufftechnology.eu\/lt\/\",\"name\":\"Gruff Technology\",\"description\":\"Save your money with saver socket\",\"publisher\":{\"@id\":\"https:\/\/grufftechnology.eu\/lt\/#organization\"},\"alternateName\":\"Gruff\",\"potentialAction\":[{\"@type\":\"SearchAction\",\"target\":{\"@type\":\"EntryPoint\",\"urlTemplate\":\"https:\/\/grufftechnology.eu\/lt\/?s={search_term_string}\"},\"query-input\":{\"@type\":\"PropertyValueSpecification\",\"valueRequired\":true,\"valueName\":\"search_term_string\"}}],\"inLanguage\":\"lt-LT\"},{\"@type\":\"Organization\",\"@id\":\"https:\/\/grufftechnology.eu\/lt\/#organization\",\"name\":\"Gruff Technology\",\"url\":\"https:\/\/grufftechnology.eu\/lt\/\",\"logo\":{\"@type\":\"ImageObject\",\"inLanguage\":\"lt-LT\",\"@id\":\"https:\/\/grufftechnology.eu\/lt\/#\/schema\/logo\/image\/\",\"url\":\"https:\/\/grufftechnology.eu\/wp-content\/uploads\/2023\/03\/GRUFF-T.svg\",\"contentUrl\":\"https:\/\/grufftechnology.eu\/wp-content\/uploads\/2023\/03\/GRUFF-T.svg\",\"caption\":\"Gruff Technology\"},\"image\":{\"@id\":\"https:\/\/grufftechnology.eu\/lt\/#\/schema\/logo\/image\/\"},\"sameAs\":[\"https:\/\/www.facebook.com\/Grufftechnology\"]}]}<\/script>\n<!-- \/ Yoast SEO plugin. -->","yoast_head_json":{"title":"S\u0105lygos - Gruff Technology","robots":{"index":"index","follow":"follow","max-snippet":"max-snippet:-1","max-image-preview":"max-image-preview:large","max-video-preview":"max-video-preview:-1"},"canonical":"https:\/\/grufftechnology.eu\/lt\/salygos\/","og_locale":"lt_LT","og_type":"article","og_title":"S\u0105lygos - Gruff Technology","og_description":"Pardavimo ir garantijos s\u0105lygos Internetin\u0117 parduotuv\u0117 grufftechnology.eu (toliau \u2013 internetin\u0117 parduotuv\u0117) priklauso Gruff Technology O\u00dc (registro kodas 16620414), adresas Telliskivi 60, 10412 Talinas, Estija. Pardavimo sutarties galiojimas, produkto ir kainos informacija \u0160ios pardavimo s\u0105lygos galioja perkant prekes internetin\u0117je parduotuv\u0117je. Internetin\u0117je parduotuv\u0117je parduodam\u0173 preki\u0173 kainos rodomos prie kiekvienos prek\u0117s. Produkto informacija pateikiama tiesiogiai prie prek\u0117s internetin\u0117je [&hellip;]","og_url":"https:\/\/grufftechnology.eu\/lt\/salygos\/","og_site_name":"Gruff Technology","article_publisher":"https:\/\/www.facebook.com\/Grufftechnology","article_modified_time":"2026-03-12T07:25:26+00:00","twitter_card":"summary_large_image","twitter_misc":{"Est. reading time":"4 minut\u0117s"},"schema":{"@context":"https:\/\/schema.org","@graph":[{"@type":"WebPage","@id":"https:\/\/grufftechnology.eu\/lt\/salygos\/","url":"https:\/\/grufftechnology.eu\/lt\/salygos\/","name":"S\u0105lygos - Gruff Technology","isPartOf":{"@id":"https:\/\/grufftechnology.eu\/lt\/#website"},"datePublished":"2026-03-09T12:35:37+00:00","dateModified":"2026-03-12T07:25:26+00:00","breadcrumb":{"@id":"https:\/\/grufftechnology.eu\/lt\/salygos\/#breadcrumb"},"inLanguage":"lt-LT","potentialAction":[{"@type":"ReadAction","target":["https:\/\/grufftechnology.eu\/lt\/salygos\/"]}]},{"@type":"BreadcrumbList","@id":"https:\/\/grufftechnology.eu\/lt\/salygos\/#breadcrumb","itemListElement":[{"@type":"ListItem","position":1,"name":"Home","item":"https:\/\/grufftechnology.eu\/lt\/gruff-technology\/"},{"@type":"ListItem","position":2,"name":"S\u0105lygos"}]},{"@type":"WebSite","@id":"https:\/\/grufftechnology.eu\/lt\/#website","url":"https:\/\/grufftechnology.eu\/lt\/","name":"Gruff Technology","description":"Save your money with saver socket","publisher":{"@id":"https:\/\/grufftechnology.eu\/lt\/#organization"},"alternateName":"Gruff","potentialAction":[{"@type":"SearchAction","target":{"@type":"EntryPoint","urlTemplate":"https:\/\/grufftechnology.eu\/lt\/?s={search_term_string}"},"query-input":{"@type":"PropertyValueSpecification","valueRequired":true,"valueName":"search_term_string"}}],"inLanguage":"lt-LT"},{"@type":"Organization","@id":"https:\/\/grufftechnology.eu\/lt\/#organization","name":"Gruff Technology","url":"https:\/\/grufftechnology.eu\/lt\/","logo":{"@type":"ImageObject","inLanguage":"lt-LT","@id":"https:\/\/grufftechnology.eu\/lt\/#\/schema\/logo\/image\/","url":"https:\/\/grufftechnology.eu\/wp-content\/uploads\/2023\/03\/GRUFF-T.svg","contentUrl":"https:\/\/grufftechnology.eu\/wp-content\/uploads\/2023\/03\/GRUFF-T.svg","caption":"Gruff Technology"},"image":{"@id":"https:\/\/grufftechnology.eu\/lt\/#\/schema\/logo\/image\/"},"sameAs":["https:\/\/www.facebook.com\/Grufftechnology"]}]}},"_links":{"self":[{"href":"https:\/\/grufftechnology.eu\/lt\/wp-json\/wp\/v2\/pages\/2091","targetHints":{"allow":["GET"]}}],"collection":[{"href":"https:\/\/grufftechnology.eu\/lt\/wp-json\/wp\/v2\/pages"}],"about":[{"href":"https:\/\/grufftechnology.eu\/lt\/wp-json\/wp\/v2\/types\/page"}],"author":[{"embeddable":true,"href":"https:\/\/grufftechnology.eu\/lt\/wp-json\/wp\/v2\/users\/4"}],"replies":[{"embeddable":true,"href":"https:\/\/grufftechnology.eu\/lt\/wp-json\/wp\/v2\/comments?post=2091"}],"version-history":[{"count":2,"href":"https:\/\/grufftechnology.eu\/lt\/wp-json\/wp\/v2\/pages\/2091\/revisions"}],"predecessor-version":[{"id":2102,"href":"https:\/\/grufftechnology.eu\/lt\/wp-json\/wp\/v2\/pages\/2091\/revisions\/2102"}],"wp:attachment":[{"href":"https:\/\/grufftechnology.eu\/lt\/wp-json\/wp\/v2\/media?parent=2091"}],"curies":[{"name":"wp","href":"https:\/\/api.w.org\/{rel}","templated":true}]}}