{"id":2110,"date":"2023-04-03T12:21:06","date_gmt":"2023-04-03T10:21:06","guid":{"rendered":"https:\/\/www.grufftechnology.eu\/?page_id=2110"},"modified":"2026-03-12T09:42:05","modified_gmt":"2026-03-12T07:42:05","slug":"privatumo-politika","status":"publish","type":"page","link":"https:\/\/grufftechnology.eu\/lt\/privatumo-politika\/","title":{"rendered":"Privatumo politika"},"content":{"rendered":"\n<h3 class=\"wp-block-heading\">1. Bendrosios nuostatos<\/h3>\n\n\n\n<p>1.1. \u0160i privatumo politika reglamentuoja asmens duomen\u0173 rinkimo, tvarkymo ir saugojimo principus. Asmens duomenis renka, tvarko ir saugo Gruff Technology O\u00dc (registro kodas 16620414), esanti Telliskivi 60, 10412 Talinas, Estija (toliau \u2013 Duomen\u0173 valdytojas).<\/p>\n\n\n\n<p>1.2. \u0160ios privatumo politikos tikslais duomen\u0173 subjektas yra klientas ar kitas fizinis asmuo, kurio asmens duomenis tvarko Duomen\u0173 valdytojas.<\/p>\n\n\n\n<p>1.3. \u0160ios privatumo politikos tikslais klientas yra bet kas, kas perka prekes ar paslaugas i\u0161 Duomen\u0173 valdytojo svetain\u0117s arba naudojasi programine \u012franga.<\/p>\n\n\n\n<p>1.4. Duomen\u0173 valdytojas laikosi teis\u0117s aktuose nustatyt\u0173 duomen\u0173 tvarkymo princip\u0173; be kita ko, Duomen\u0173 valdytojas tvarko asmens duomenis teis\u0117tai, s\u0105\u017einingai ir saugiai. Duomen\u0173 valdytojas gali patvirtinti, kad asmens duomenys buvo tvarkomi laikantis teis\u0117s akt\u0173 reikalavim\u0173.<\/p>\n\n\n\n<h3 class=\"wp-block-heading\">2. Asmens duomen\u0173 rinkimas, tvarkymas ir saugojimas<\/h3>\n\n\n\n<p>2.1. Duomen\u0173 valdytojo renkami, tvarkomi ir saugomi asmens duomenys renkami elektroniniu b\u016bdu, daugiausia per svetain\u0119, programin\u0119 \u012frang\u0105 ir el. pa\u0161t\u0105.<\/p>\n\n\n\n<p>2.2. Dalydamasis savo asmens duomenimis, duomen\u0173 subjektas suteikia Duomen\u0173 valdytojui teis\u0119 rinkti, organizuoti, naudoti ir valdyti asmens duomenis \u0161ioje privatumo politikoje nustatytais tikslais, kuriuos duomen\u0173 subjektas pateikia tiesiogiai ar netiesiogiai pirkdamas prekes ar paslaugas svetain\u0117je arba naudodamasis programine \u012franga.<\/p>\n\n\n\n<p>2.3. Duomen\u0173 subjektas yra atsakingas u\u017e tai, kad pateikti duomenys b\u016bt\u0173 tiksl\u016bs, teisingi ir i\u0161sam\u016bs. Ty\u010dinis klaidingos informacijos pateikimas laikomas privatumo politikos pa\u017eeidimu. Duomen\u0173 subjektas privalo nedelsdamas informuoti Duomen\u0173 valdytoj\u0105 apie bet kokius pateikt\u0173 duomen\u0173 pasikeitimus.<\/p>\n\n\n\n<p>2.4. Duomen\u0173 valdytojas neatsako u\u017e \u017eal\u0105, padaryt\u0105 duomen\u0173 subjektui ar tre\u010diosioms \u0161alims d\u0117l klaiding\u0173 duomen\u0173 pateikimo.<\/p>\n\n\n\n<h3 class=\"wp-block-heading\">3. Klient\u0173 asmens duomen\u0173 tvarkymas<\/h3>\n\n\n\n<p>3.1. Duomen\u0173 valdytojas gali tvarkyti \u0161iuos duomen\u0173 subjekto asmens duomenis: vard\u0105 ir pavard\u0119, gimimo dat\u0105, asmens identifikavimo kod\u0105, telefono numer\u012f, el. pa\u0161to adres\u0105, pristatymo adres\u0105, banko s\u0105skaitos duomenis, mok\u0117jimo kortel\u0117s duomenis ir programin\u0117s \u012frangos naudojimo duomenis.<\/p>\n\n\n\n<p>3.2. Be to, Duomen\u0173 valdytojas turi teis\u0119 rinkti duomenis apie klient\u0105, esan\u010dius vie\u0161uosiuose registruose.<\/p>\n\n\n\n<p>3.3. Teisinis asmens duomen\u0173 tvarkymo pagrindas yra Bendrojo duomen\u0173 apsaugos reglamento (GDPR) 6 straipsnio 1 dalies a, b, c ir f punktai:<\/p>\n\n\n\n<ul class=\"wp-block-list\">\n<li>duomen\u0173 subjektas sutiko, kad jo asmens duomenys b\u016bt\u0173 tvarkomi vienu ar keliais konkre\u010diais tikslais;<\/li>\n\n\n<li>tvarkymas yra b\u016btinas sutarties vykdymui arba ikisutartin\u0117ms priemon\u0117ms taikyti;<\/li>\n\n\n<li>tvarkymas yra b\u016btinas Duomen\u0173 valdytojo teisin\u0117ms prievol\u0117ms vykdyti;<\/li>\n\n\n<li>tvarkymas yra b\u016btinas d\u0117l teis\u0117t\u0173 Duomen\u0173 valdytojo ar tre\u010diosios \u0161alies interes\u0173, i\u0161skyrus atvejus, kai tokie interesai yra vir\u0161esni u\u017e duomen\u0173 subjekto pagrindini\u0173 teisi\u0173 ir laisvi\u0173 apsaug\u0105.<\/li>\n<\/ul>\n\n\n\n<p>3.4. Asmens duomen\u0173 tvarkymo tikslai ir saugojimo terminai:<\/p>\n\n\n\n<ul class=\"wp-block-list\">\n<li><strong>Saugumas ir apsauga<\/strong> \u2014 pagal teis\u0117s aktuose nustatytus terminus<\/li>\n\n\n<li><strong>U\u017esakym\u0173 tvarkymas<\/strong> \u2014 360 dien\u0173<\/li>\n\n\n<li><strong>Internetin\u0117s parduotuv\u0117s paslaug\u0173 u\u017etikrinimas<\/strong> \u2014 360 dien\u0173<\/li>\n\n\n<li><strong>Klient\u0173 valdymas<\/strong> \u2014 360 dien\u0173<\/li>\n\n\n<li><strong>Finansin\u0117 veikla, apskaita<\/strong> \u2014 pagal teis\u0117s aktuose nustatytus terminus<\/li>\n\n\n<li><strong>Rinkodara<\/strong> \u2014 360 dien\u0173<\/li>\n<\/ul>\n\n\n\n<p>3.5. Duomen\u0173 valdytojas turi teis\u0119 perduoti asmens duomenis tre\u010diosioms \u0161alims, pavyzd\u017eiui, \u012fgaliotiems duomen\u0173 tvarkytojams, buhalteriams, transporto ir kurjeri\u0173 \u012fmon\u0117ms bei mok\u0117jim\u0173 paslaug\u0173 teik\u0117jams, jei tai yra b\u016btina. \u012eprastos \u201eGruff&#8221; i\u0161maniojo lizdo ir \u201eGruff&#8221; program\u0117l\u0117s naudojimo metu jokie asmens duomenys n\u0117ra tvarkomi.<\/p>\n\n\n\n<p>3.6. Tvarkydamas ir saugodamas asmens duomenis, Duomen\u0173 valdytojas taiko organizacines ir technines priemones, skirtas apsaugoti duomenis nuo atsitiktinio ar neteis\u0117to sunaikinimo, keitimo, atskleidimo ir kitokio neteis\u0117to tvarkymo.<\/p>\n\n\n\n<p>3.7. Duomen\u0173 valdytojas saugo duomenis priklausomai nuo tvarkymo tikslo, ta\u010diau ne ilgiau kaip 7 metus.<\/p>\n\n\n\n<h3 class=\"wp-block-heading\">4. Duomen\u0173 subjekto teis\u0117s<\/h3>\n\n\n\n<p>4.1. Duomen\u0173 subjektas turi teis\u0119 susipa\u017einti su savo asmens duomenimis ir juos patikrinti.<\/p>\n\n\n\n<p>4.2. Duomen\u0173 subjektas turi teis\u0119 gauti informacij\u0105 apie savo asmens duomen\u0173 tvarkym\u0105.<\/p>\n\n\n\n<p>4.3. Duomen\u0173 subjektas turi teis\u0119 papildyti arba i\u0161taisyti netikslius duomenis.<\/p>\n\n\n\n<p>4.4. Jei Duomen\u0173 valdytojas tvarko asmens duomenis duomen\u0173 subjekto sutikimo pagrindu, duomen\u0173 subjektas turi teis\u0119 bet kada at\u0161aukti savo sutikim\u0105.<\/p>\n\n\n\n<p>4.5. Duomen\u0173 subjektas gali kreiptis \u012f internetin\u0117s parduotuv\u0117s klient\u0173 aptarnavim\u0105 adresu <a href=\"mailto:info@grufftechnology.eu\">info@grufftechnology.eu<\/a>, nor\u0117damas pasinaudoti savo teis\u0117mis.<\/p>\n\n\n\n<p>4.6. Nor\u0117damas apginti savo teises, duomen\u0173 subjektas gali pateikti skund\u0105 <a href=\"https:\/\/ada.lt\" target=\"_blank\" rel=\"noopener noreferrer\">Valstybinei duomen\u0173 apsaugos inspekcijai<\/a>.<\/p>\n\n\n\n<h3 class=\"wp-block-heading\">5. Baigiamosios nuostatos<\/h3>\n\n\n\n<p>5.1. \u0160i privatumo politika parengta vadovaujantis Europos Parlamento ir Tarybos reglamentu (ES) 2016\/679 (GDPR), Estijos Respublikos asmens duomen\u0173 apsaugos \u012fstatymu ir kitais taikytinais Estijos Respublikos bei Europos S\u0105jungos teis\u0117s aktais.<\/p>\n\n\n\n<p>5.2. Duomen\u0173 valdytojas turi teis\u0119 i\u0161 dalies arba visi\u0161kai pakeisti duomen\u0173 apsaugos s\u0105lygas, prane\u0161damas duomen\u0173 subjektams apie pakeitimus svetain\u0117je <a href=\"https:\/\/grufftechnology.eu\">grufftechnology.eu<\/a>.<\/p>\n","protected":false},"excerpt":{"rendered":"<p>1. Bendrosios nuostatos 1.1. \u0160i privatumo politika reglamentuoja asmens duomen\u0173 rinkimo, tvarkymo ir saugojimo principus. Asmens duomenis renka, tvarko ir saugo Gruff Technology O\u00dc (registro kodas 16620414), esanti Telliskivi 60, 10412 Talinas, Estija (toliau \u2013 Duomen\u0173 valdytojas). 1.2. \u0160ios privatumo politikos tikslais duomen\u0173 subjektas yra klientas ar kitas fizinis asmuo, kurio asmens duomenis tvarko Duomen\u0173 [&hellip;]<\/p>\n","protected":false},"author":4,"featured_media":0,"parent":0,"menu_order":0,"comment_status":"closed","ping_status":"closed","template":"","meta":{"inline_featured_image":false,"footnotes":""},"class_list":["post-2110","page","type-page","status-publish","hentry"],"yoast_head":"<!-- This site is optimized with the Yoast SEO plugin v27.2 - https:\/\/yoast.com\/product\/yoast-seo-wordpress\/ -->\n<title>Privatumo politika - Gruff Technology<\/title>\n<meta name=\"robots\" content=\"index, follow, max-snippet:-1, max-image-preview:large, max-video-preview:-1\" \/>\n<link rel=\"canonical\" href=\"https:\/\/grufftechnology.eu\/lt\/privatumo-politika\/\" \/>\n<meta property=\"og:locale\" content=\"lt_LT\" \/>\n<meta property=\"og:type\" content=\"article\" \/>\n<meta property=\"og:title\" content=\"Privatumo politika - Gruff Technology\" \/>\n<meta property=\"og:description\" content=\"1. Bendrosios nuostatos 1.1. \u0160i privatumo politika reglamentuoja asmens duomen\u0173 rinkimo, tvarkymo ir saugojimo principus. Asmens duomenis renka, tvarko ir saugo Gruff Technology O\u00dc (registro kodas 16620414), esanti Telliskivi 60, 10412 Talinas, Estija (toliau \u2013 Duomen\u0173 valdytojas). 1.2. \u0160ios privatumo politikos tikslais duomen\u0173 subjektas yra klientas ar kitas fizinis asmuo, kurio asmens duomenis tvarko Duomen\u0173 [&hellip;]\" \/>\n<meta property=\"og:url\" content=\"https:\/\/grufftechnology.eu\/lt\/privatumo-politika\/\" \/>\n<meta property=\"og:site_name\" content=\"Gruff Technology\" \/>\n<meta property=\"article:publisher\" content=\"https:\/\/www.facebook.com\/Grufftechnology\" \/>\n<meta property=\"article:modified_time\" content=\"2026-03-12T07:42:05+00:00\" \/>\n<meta name=\"twitter:card\" content=\"summary_large_image\" \/>\n<meta name=\"twitter:label1\" content=\"Est. reading time\" \/>\n\t<meta name=\"twitter:data1\" content=\"3 minut\u0117s\" \/>\n<script type=\"application\/ld+json\" class=\"yoast-schema-graph\">{\"@context\":\"https:\/\/schema.org\",\"@graph\":[{\"@type\":\"WebPage\",\"@id\":\"https:\/\/grufftechnology.eu\/lt\/privatumo-politika\/\",\"url\":\"https:\/\/grufftechnology.eu\/lt\/privatumo-politika\/\",\"name\":\"Privatumo politika - Gruff Technology\",\"isPartOf\":{\"@id\":\"https:\/\/grufftechnology.eu\/lt\/#website\"},\"datePublished\":\"2023-04-03T10:21:06+00:00\",\"dateModified\":\"2026-03-12T07:42:05+00:00\",\"breadcrumb\":{\"@id\":\"https:\/\/grufftechnology.eu\/lt\/privatumo-politika\/#breadcrumb\"},\"inLanguage\":\"lt-LT\",\"potentialAction\":[{\"@type\":\"ReadAction\",\"target\":[\"https:\/\/grufftechnology.eu\/lt\/privatumo-politika\/\"]}]},{\"@type\":\"BreadcrumbList\",\"@id\":\"https:\/\/grufftechnology.eu\/lt\/privatumo-politika\/#breadcrumb\",\"itemListElement\":[{\"@type\":\"ListItem\",\"position\":1,\"name\":\"Home\",\"item\":\"https:\/\/grufftechnology.eu\/lt\/gruff-technology\/\"},{\"@type\":\"ListItem\",\"position\":2,\"name\":\"Privatumo politika\"}]},{\"@type\":\"WebSite\",\"@id\":\"https:\/\/grufftechnology.eu\/lt\/#website\",\"url\":\"https:\/\/grufftechnology.eu\/lt\/\",\"name\":\"Gruff Technology\",\"description\":\"Save your money with saver socket\",\"publisher\":{\"@id\":\"https:\/\/grufftechnology.eu\/lt\/#organization\"},\"alternateName\":\"Gruff\",\"potentialAction\":[{\"@type\":\"SearchAction\",\"target\":{\"@type\":\"EntryPoint\",\"urlTemplate\":\"https:\/\/grufftechnology.eu\/lt\/?s={search_term_string}\"},\"query-input\":{\"@type\":\"PropertyValueSpecification\",\"valueRequired\":true,\"valueName\":\"search_term_string\"}}],\"inLanguage\":\"lt-LT\"},{\"@type\":\"Organization\",\"@id\":\"https:\/\/grufftechnology.eu\/lt\/#organization\",\"name\":\"Gruff Technology\",\"url\":\"https:\/\/grufftechnology.eu\/lt\/\",\"logo\":{\"@type\":\"ImageObject\",\"inLanguage\":\"lt-LT\",\"@id\":\"https:\/\/grufftechnology.eu\/lt\/#\/schema\/logo\/image\/\",\"url\":\"https:\/\/grufftechnology.eu\/wp-content\/uploads\/2023\/03\/GRUFF-T.svg\",\"contentUrl\":\"https:\/\/grufftechnology.eu\/wp-content\/uploads\/2023\/03\/GRUFF-T.svg\",\"caption\":\"Gruff Technology\"},\"image\":{\"@id\":\"https:\/\/grufftechnology.eu\/lt\/#\/schema\/logo\/image\/\"},\"sameAs\":[\"https:\/\/www.facebook.com\/Grufftechnology\"]}]}<\/script>\n<!-- \/ Yoast SEO plugin. -->","yoast_head_json":{"title":"Privatumo politika - Gruff Technology","robots":{"index":"index","follow":"follow","max-snippet":"max-snippet:-1","max-image-preview":"max-image-preview:large","max-video-preview":"max-video-preview:-1"},"canonical":"https:\/\/grufftechnology.eu\/lt\/privatumo-politika\/","og_locale":"lt_LT","og_type":"article","og_title":"Privatumo politika - Gruff Technology","og_description":"1. Bendrosios nuostatos 1.1. \u0160i privatumo politika reglamentuoja asmens duomen\u0173 rinkimo, tvarkymo ir saugojimo principus. Asmens duomenis renka, tvarko ir saugo Gruff Technology O\u00dc (registro kodas 16620414), esanti Telliskivi 60, 10412 Talinas, Estija (toliau \u2013 Duomen\u0173 valdytojas). 1.2. \u0160ios privatumo politikos tikslais duomen\u0173 subjektas yra klientas ar kitas fizinis asmuo, kurio asmens duomenis tvarko Duomen\u0173 [&hellip;]","og_url":"https:\/\/grufftechnology.eu\/lt\/privatumo-politika\/","og_site_name":"Gruff Technology","article_publisher":"https:\/\/www.facebook.com\/Grufftechnology","article_modified_time":"2026-03-12T07:42:05+00:00","twitter_card":"summary_large_image","twitter_misc":{"Est. reading time":"3 minut\u0117s"},"schema":{"@context":"https:\/\/schema.org","@graph":[{"@type":"WebPage","@id":"https:\/\/grufftechnology.eu\/lt\/privatumo-politika\/","url":"https:\/\/grufftechnology.eu\/lt\/privatumo-politika\/","name":"Privatumo politika - Gruff Technology","isPartOf":{"@id":"https:\/\/grufftechnology.eu\/lt\/#website"},"datePublished":"2023-04-03T10:21:06+00:00","dateModified":"2026-03-12T07:42:05+00:00","breadcrumb":{"@id":"https:\/\/grufftechnology.eu\/lt\/privatumo-politika\/#breadcrumb"},"inLanguage":"lt-LT","potentialAction":[{"@type":"ReadAction","target":["https:\/\/grufftechnology.eu\/lt\/privatumo-politika\/"]}]},{"@type":"BreadcrumbList","@id":"https:\/\/grufftechnology.eu\/lt\/privatumo-politika\/#breadcrumb","itemListElement":[{"@type":"ListItem","position":1,"name":"Home","item":"https:\/\/grufftechnology.eu\/lt\/gruff-technology\/"},{"@type":"ListItem","position":2,"name":"Privatumo politika"}]},{"@type":"WebSite","@id":"https:\/\/grufftechnology.eu\/lt\/#website","url":"https:\/\/grufftechnology.eu\/lt\/","name":"Gruff Technology","description":"Save your money with saver socket","publisher":{"@id":"https:\/\/grufftechnology.eu\/lt\/#organization"},"alternateName":"Gruff","potentialAction":[{"@type":"SearchAction","target":{"@type":"EntryPoint","urlTemplate":"https:\/\/grufftechnology.eu\/lt\/?s={search_term_string}"},"query-input":{"@type":"PropertyValueSpecification","valueRequired":true,"valueName":"search_term_string"}}],"inLanguage":"lt-LT"},{"@type":"Organization","@id":"https:\/\/grufftechnology.eu\/lt\/#organization","name":"Gruff Technology","url":"https:\/\/grufftechnology.eu\/lt\/","logo":{"@type":"ImageObject","inLanguage":"lt-LT","@id":"https:\/\/grufftechnology.eu\/lt\/#\/schema\/logo\/image\/","url":"https:\/\/grufftechnology.eu\/wp-content\/uploads\/2023\/03\/GRUFF-T.svg","contentUrl":"https:\/\/grufftechnology.eu\/wp-content\/uploads\/2023\/03\/GRUFF-T.svg","caption":"Gruff Technology"},"image":{"@id":"https:\/\/grufftechnology.eu\/lt\/#\/schema\/logo\/image\/"},"sameAs":["https:\/\/www.facebook.com\/Grufftechnology"]}]}},"_links":{"self":[{"href":"https:\/\/grufftechnology.eu\/lt\/wp-json\/wp\/v2\/pages\/2110","targetHints":{"allow":["GET"]}}],"collection":[{"href":"https:\/\/grufftechnology.eu\/lt\/wp-json\/wp\/v2\/pages"}],"about":[{"href":"https:\/\/grufftechnology.eu\/lt\/wp-json\/wp\/v2\/types\/page"}],"author":[{"embeddable":true,"href":"https:\/\/grufftechnology.eu\/lt\/wp-json\/wp\/v2\/users\/4"}],"replies":[{"embeddable":true,"href":"https:\/\/grufftechnology.eu\/lt\/wp-json\/wp\/v2\/comments?post=2110"}],"version-history":[{"count":3,"href":"https:\/\/grufftechnology.eu\/lt\/wp-json\/wp\/v2\/pages\/2110\/revisions"}],"predecessor-version":[{"id":2127,"href":"https:\/\/grufftechnology.eu\/lt\/wp-json\/wp\/v2\/pages\/2110\/revisions\/2127"}],"wp:attachment":[{"href":"https:\/\/grufftechnology.eu\/lt\/wp-json\/wp\/v2\/media?parent=2110"}],"curies":[{"name":"wp","href":"https:\/\/api.w.org\/{rel}","templated":true}]}}