{"id":1383,"date":"2026-03-09T12:23:56","date_gmt":"2026-03-09T10:23:56","guid":{"rendered":"https:\/\/grufftechnology.eu\/product\/64a-din-begelio-rele\/"},"modified":"2026-03-17T20:13:17","modified_gmt":"2026-03-17T18:13:17","slug":"64a-din-begelio-rele","status":"publish","type":"product","link":"https:\/\/grufftechnology.eu\/lt\/product\/64a-din-begelio-rele\/","title":{"rendered":"64A DIN b\u0117gelio rel\u0117"},"content":{"rendered":"<div class=\"wp-block-group gruff-section\">\n<h2 class=\"wp-block-heading has-4-xl-font-size\">Kod\u0117l rinktis Gruff DIN b\u0117gelio rel\u0119?<\/h2>\n<div class=\"wp-block-columns\">\n<div class=\"wp-block-column\">\n<div class=\"wp-block-group gruff-why-item\">\n<p class=\"gruff-icon-text\">savings<\/p>\n<p class=\"has-text-dark-color has-text-color\">Ai\u0161ki finansin\u0117 nauda, sutaupykite iki \u20ac200 per metus<\/p>\n<\/div>\n<div class=\"wp-block-group gruff-why-item\">\n<p class=\"gruff-icon-text\">wifi<\/p>\n<p class=\"has-text-dark-color has-text-color\">Nuotolinis \u012frengini\u0173 \u012fjungimas\/i\u0161jungimas<\/p>\n<\/div>\n<\/div>\n<div class=\"wp-block-column\">\n<div class=\"wp-block-group gruff-why-item\">\n<p class=\"gruff-icon-text\">smart_toy<\/p>\n<p class=\"has-text-dark-color has-text-color\">I\u0161mani energijos vartojimo optimizacija<\/p>\n<\/div>\n<div class=\"wp-block-group gruff-why-item\">\n<p class=\"gruff-icon-text\">eco<\/p>\n<p class=\"has-text-dark-color has-text-color\">Padidinkite \u017ealiosios energijos dal\u012f<\/p>\n<\/div>\n<\/div>\n<div class=\"wp-block-column\">\n<div class=\"wp-block-group gruff-why-item\">\n<p class=\"gruff-icon-text\">phone_iphone<\/p>\n<p class=\"has-text-dark-color has-text-color\">Paprastas ir patogus naudojimas per mobili\u0105j\u0105 program\u0117l\u0119<\/p>\n<\/div>\n<div class=\"wp-block-group gruff-why-item\">\n<p class=\"gruff-icon-text\">security<\/p>\n<p class=\"has-text-dark-color has-text-color\">Saugi programin\u0117 \u012franga, duomenys n\u0117ra dalijami<\/p>\n<\/div>\n<\/div>\n<\/div>\n<\/div>\n<div class=\"wp-block-group gruff-section gruff-section--surface has-surface-background-color has-background\">\n<h2 class=\"wp-block-heading has-4-xl-font-size\">Technin\u0117s specifikacijos<\/h2>\n<div class=\"wp-block-columns\">\n<div class=\"wp-block-column\">\n<div class=\"wp-block-group gruff-card\">\n<p class=\"gruff-icon-text\">wifi<\/p>\n<h3 class=\"wp-block-heading has-xl-font-size\">Wi-Fi suderinamumas<\/h3>\n<p class=\"has-muted-color has-text-color has-small-font-size\">Rel\u0117 veikia vietiniame 2,4 GHz Wi-Fi tinkle.<\/p>\n<\/div>\n<\/div>\n<div class=\"wp-block-column\">\n<div class=\"wp-block-group gruff-card\">\n<p class=\"gruff-icon-text\">bolt<\/p>\n<h3 class=\"wp-block-heading has-xl-font-size\">Galios valdymas<\/h3>\n<p class=\"has-muted-color has-text-color has-small-font-size\">Palaiko iki 64A srov\u0119. Skirta didel\u0117s galios \u012frenginiams, tokiems kaip grind\u0173 \u0161ildymas, vandens \u0161ildytuvai ir elektromobili\u0173 \u012fkrovikliai.<\/p>\n<\/div>\n<\/div>\n<div class=\"wp-block-column\">\n<div class=\"wp-block-group gruff-card\">\n<p class=\"gruff-icon-text\">electrical_services<\/p>\n<h3 class=\"wp-block-heading has-xl-font-size\">Naudojimas<\/h3>\n<p class=\"has-muted-color has-text-color has-small-font-size\">Skirtas naudoti standartiniuose elektros tinkluose.<\/p>\n<\/div>\n<\/div>\n<div class=\"wp-block-column\">\n<div class=\"wp-block-group gruff-card\">\n<p class=\"gruff-icon-text\">support_agent<\/p>\n<h3 class=\"wp-block-heading has-xl-font-size\">Programin\u0117 \u012franga ir palaikymas<\/h3>\n<p class=\"has-muted-color has-text-color has-small-font-size\">Minimal\u016bs atnaujinimai, u\u017etikrinantys skland\u0173 veikim\u0105. Gruff Technology teikia visapusi\u0161k\u0105 nemokam\u0105 klient\u0173 palaikym\u0105.<\/p>\n<\/div>\n<\/div>\n<\/div>\n<\/div>\n<div class=\"wp-block-group gruff-section\">\n<h2 class=\"wp-block-heading has-4-xl-font-size\">Naudojimo atvejai<\/h2>\n<div class=\"wp-block-columns\">\n<div class=\"wp-block-column\">\n<div class=\"wp-block-group gruff-card\">\n<p class=\"gruff-icon-circle-block\">water_drop<\/p>\n<h3 class=\"wp-block-heading has-xl-font-size\">Grind\u0173 \u0161ildymas<\/h3>\n<p class=\"has-small-font-size has-muted-color has-text-color\">Automati\u0161kai valdykite grind\u0173 \u0161ildym\u0105 pigiausi\u0173 valand\u0173 metu<\/p>\n<\/div>\n<\/div>\n<div class=\"wp-block-column\">\n<div class=\"wp-block-group gruff-card\">\n<p class=\"gruff-icon-circle-block\">thermostat<\/p>\n<h3 class=\"wp-block-heading has-xl-font-size\">\u0160ildymo sistemos<\/h3>\n<p class=\"has-small-font-size has-muted-color has-text-color\">Optimizuokite \u0161ildymo sistemos energijos suvartojim\u0105<\/p>\n<\/div>\n<\/div>\n<div class=\"wp-block-column\">\n<div class=\"wp-block-group gruff-card\">\n<p class=\"gruff-icon-circle-block\">electric_car<\/p>\n<h3 class=\"wp-block-heading has-xl-font-size\">Elektromobilio \u012fkrovimas<\/h3>\n<p class=\"has-small-font-size has-muted-color has-text-color\">\u012ekraukite elektromobil\u012f pigiausi\u0173 valand\u0173 metu<\/p>\n<\/div>\n<\/div>\n<div class=\"wp-block-column\">\n<div class=\"wp-block-group gruff-card\">\n<p class=\"gruff-icon-circle-block\">hot_tub<\/p>\n<h3 class=\"wp-block-heading has-xl-font-size\">Vandens \u0161ildytuvas<\/h3>\n<p class=\"has-small-font-size has-muted-color has-text-color\">Automati\u0161kai \u0161ildykite vanden\u012f pigiausi\u0173 valand\u0173 metu<\/p>\n<\/div>\n<\/div>\n<\/div>\n<\/div>\n<div class=\"wp-block-group gruff-section gruff-section--surface has-surface-background-color has-background\">\n<h2 class=\"wp-block-heading has-text-align-center has-4-xl-font-size\">Gruff program\u0117l\u0117<\/h2>\n<p class=\"has-text-align-center has-muted-color has-text-color\">Gruff program\u0117l\u0117 prieinama tiek Android, tiek iOS. Su program\u0117le galite:<\/p>\n<ul class=\"gruff-checklist is-style-gruff-checklist has-text-dark-color has-text-color wp-block-list\">\n<li>Steb\u0117ti Nord Pool kainas realiu laiku<\/li>\n<li>Nustatyti kain\u0173 ribas ir veikimo valandas<\/li>\n<li>Per\u017ei\u016br\u0117ti energijos suvartojimo istorij\u0105<\/li>\n<li>Nuotoliniu b\u016bdu \u012fjungti\/i\u0161jungti \u012frenginius<\/li>\n<li>Gauti prane\u0161imus apie kain\u0173 poky\u010dius<\/li>\n<\/ul>\n<\/div>\n","protected":false},"excerpt":{"rendered":"<p>\u201eGruff\u201c DIN b\u0117gelio rel\u0117 yra \u201eWi-Fi\u201c tinkle veikiantis \u012frenginys, leid\u017eiantis reguliuoti elektros energijos suvartojim\u0105. Ki\u0161tukas vien\u0105 kart\u0105 per dien\u0105 i\u0161 serverio gauna \u201eNord Pool\u201c kainas, o tu gali nustatyti maksimali\u0105 kain\u0105, kuriai esant, pavyzd\u017eiui, veiks grindinis \u0161ildymas.<\/p>\n<ul>\n<li>\u012fsigyk \u201eGruff\u201c rel\u0119<\/li>\n<li>nustatyk auk\u0161\u010diausi\u0105 kain\u0105 ir reikalingas darbo valandas<\/li>\n<li>m\u0117gaukis ma\u017eesn\u0117mis elektros s\u0105skaitomis<\/li>\n<\/ul>\n<p>Naudok, pavyzd\u017eiui, grindinio \u0161ildymo ar kito \u0161ildymo prietaiso valdymui arba automobilio \u012fkrovimui. Kain\u0173 skirtumas, palyginti su dienos piko kainomis, yra ma\u017edaug tris kartus, tau nereikia ma\u017einti suvartojimo!<\/p>\n<p>PASTABA! Montuoja tik sertifikuotas elektrikas.<\/p>\n","protected":false},"featured_media":2268,"comment_status":"closed","ping_status":"closed","template":"","meta":{"inline_featured_image":false},"product_brand":[],"product_cat":[76],"product_tag":[],"class_list":{"0":"post-1383","1":"product","2":"type-product","3":"status-publish","4":"has-post-thumbnail","6":"product_cat-ismanieji-namai","8":"first","9":"instock","10":"featured","11":"taxable","12":"shipping-taxable","13":"purchasable","14":"product-type-simple"},"yoast_head":"<!-- This site is optimized with the Yoast SEO plugin v27.2 - https:\/\/yoast.com\/product\/yoast-seo-wordpress\/ -->\n<title>64A DIN b\u0117gelio rel\u0117 - Gruff Technology<\/title>\n<meta name=\"robots\" content=\"index, follow, max-snippet:-1, max-image-preview:large, max-video-preview:-1\" \/>\n<link rel=\"canonical\" href=\"https:\/\/grufftechnology.eu\/lt\/product\/64a-din-begelio-rele\/\" \/>\n<meta property=\"og:locale\" content=\"lt_LT\" \/>\n<meta property=\"og:type\" content=\"article\" \/>\n<meta property=\"og:title\" content=\"64A DIN b\u0117gelio rel\u0117 - Gruff Technology\" \/>\n<meta property=\"og:description\" content=\"\u201eGruff\u201c DIN b\u0117gelio rel\u0117 yra \u201eWi-Fi\u201c tinkle veikiantis \u012frenginys, leid\u017eiantis reguliuoti elektros energijos suvartojim\u0105. Ki\u0161tukas vien\u0105 kart\u0105 per dien\u0105 i\u0161 serverio gauna \u201eNord Pool\u201c kainas, o tu gali nustatyti maksimali\u0105 kain\u0105, kuriai esant, pavyzd\u017eiui, veiks grindinis \u0161ildymas.   \u012fsigyk \u201eGruff\u201c rel\u0119  nustatyk auk\u0161\u010diausi\u0105 kain\u0105 ir reikalingas darbo valandas  m\u0117gaukis ma\u017eesn\u0117mis elektros s\u0105skaitomis  Naudok, pavyzd\u017eiui, grindinio \u0161ildymo ar kito \u0161ildymo prietaiso valdymui arba automobilio \u012fkrovimui. Kain\u0173 skirtumas, palyginti su dienos piko kainomis, yra ma\u017edaug tris kartus, tau nereikia ma\u017einti suvartojimo!  PASTABA! Montuoja tik sertifikuotas elektrikas.\" \/>\n<meta property=\"og:url\" content=\"https:\/\/grufftechnology.eu\/lt\/product\/64a-din-begelio-rele\/\" \/>\n<meta property=\"og:site_name\" content=\"Gruff Technology\" \/>\n<meta property=\"article:publisher\" content=\"https:\/\/www.facebook.com\/Grufftechnology\" \/>\n<meta property=\"article:modified_time\" content=\"2026-03-17T18:13:17+00:00\" \/>\n<meta property=\"og:image\" content=\"https:\/\/grufftechnology.eu\/wp-content\/uploads\/2026\/03\/relee-taustata.png\" \/>\n\t<meta property=\"og:image:width\" content=\"579\" \/>\n\t<meta property=\"og:image:height\" content=\"938\" \/>\n\t<meta property=\"og:image:type\" content=\"image\/png\" \/>\n<meta name=\"twitter:card\" content=\"summary_large_image\" \/>\n<meta name=\"twitter:label1\" content=\"Est. reading time\" \/>\n\t<meta name=\"twitter:data1\" content=\"1 minut\u0117\" \/>\n<script type=\"application\/ld+json\" class=\"yoast-schema-graph\">{\"@context\":\"https:\/\/schema.org\",\"@graph\":[{\"@type\":\"WebPage\",\"@id\":\"https:\/\/grufftechnology.eu\/lt\/product\/64a-din-begelio-rele\/\",\"url\":\"https:\/\/grufftechnology.eu\/lt\/product\/64a-din-begelio-rele\/\",\"name\":\"64A DIN b\u0117gelio rel\u0117 - Gruff Technology\",\"isPartOf\":{\"@id\":\"https:\/\/grufftechnology.eu\/lt\/#website\"},\"primaryImageOfPage\":{\"@id\":\"https:\/\/grufftechnology.eu\/lt\/product\/64a-din-begelio-rele\/#primaryimage\"},\"image\":{\"@id\":\"https:\/\/grufftechnology.eu\/lt\/product\/64a-din-begelio-rele\/#primaryimage\"},\"thumbnailUrl\":\"https:\/\/grufftechnology.eu\/wp-content\/uploads\/2026\/03\/relee-taustata.png\",\"datePublished\":\"2026-03-09T10:23:56+00:00\",\"dateModified\":\"2026-03-17T18:13:17+00:00\",\"breadcrumb\":{\"@id\":\"https:\/\/grufftechnology.eu\/lt\/product\/64a-din-begelio-rele\/#breadcrumb\"},\"inLanguage\":\"lt-LT\",\"potentialAction\":[{\"@type\":\"ReadAction\",\"target\":[\"https:\/\/grufftechnology.eu\/lt\/product\/64a-din-begelio-rele\/\"]}]},{\"@type\":\"ImageObject\",\"inLanguage\":\"lt-LT\",\"@id\":\"https:\/\/grufftechnology.eu\/lt\/product\/64a-din-begelio-rele\/#primaryimage\",\"url\":\"https:\/\/grufftechnology.eu\/wp-content\/uploads\/2026\/03\/relee-taustata.png\",\"contentUrl\":\"https:\/\/grufftechnology.eu\/wp-content\/uploads\/2026\/03\/relee-taustata.png\",\"width\":579,\"height\":938},{\"@type\":\"BreadcrumbList\",\"@id\":\"https:\/\/grufftechnology.eu\/lt\/product\/64a-din-begelio-rele\/#breadcrumb\",\"itemListElement\":[{\"@type\":\"ListItem\",\"position\":1,\"name\":\"Home\",\"item\":\"https:\/\/grufftechnology.eu\/lt\/gruff-technology\/\"},{\"@type\":\"ListItem\",\"position\":2,\"name\":\"Parduotuv\u0117\",\"item\":\"https:\/\/grufftechnology.eu\/shop\/\"},{\"@type\":\"ListItem\",\"position\":3,\"name\":\"64A DIN b\u0117gelio rel\u0117\"}]},{\"@type\":\"WebSite\",\"@id\":\"https:\/\/grufftechnology.eu\/lt\/#website\",\"url\":\"https:\/\/grufftechnology.eu\/lt\/\",\"name\":\"Gruff Technology\",\"description\":\"Save your money with saver socket\",\"publisher\":{\"@id\":\"https:\/\/grufftechnology.eu\/lt\/#organization\"},\"alternateName\":\"Gruff\",\"potentialAction\":[{\"@type\":\"SearchAction\",\"target\":{\"@type\":\"EntryPoint\",\"urlTemplate\":\"https:\/\/grufftechnology.eu\/lt\/?s={search_term_string}\"},\"query-input\":{\"@type\":\"PropertyValueSpecification\",\"valueRequired\":true,\"valueName\":\"search_term_string\"}}],\"inLanguage\":\"lt-LT\"},{\"@type\":\"Organization\",\"@id\":\"https:\/\/grufftechnology.eu\/lt\/#organization\",\"name\":\"Gruff Technology\",\"url\":\"https:\/\/grufftechnology.eu\/lt\/\",\"logo\":{\"@type\":\"ImageObject\",\"inLanguage\":\"lt-LT\",\"@id\":\"https:\/\/grufftechnology.eu\/lt\/#\/schema\/logo\/image\/\",\"url\":\"https:\/\/grufftechnology.eu\/wp-content\/uploads\/2023\/03\/GRUFF-T.svg\",\"contentUrl\":\"https:\/\/grufftechnology.eu\/wp-content\/uploads\/2023\/03\/GRUFF-T.svg\",\"caption\":\"Gruff Technology\"},\"image\":{\"@id\":\"https:\/\/grufftechnology.eu\/lt\/#\/schema\/logo\/image\/\"},\"sameAs\":[\"https:\/\/www.facebook.com\/Grufftechnology\"]}]}<\/script>\n<!-- \/ Yoast SEO plugin. -->","yoast_head_json":{"title":"64A DIN b\u0117gelio rel\u0117 - Gruff Technology","robots":{"index":"index","follow":"follow","max-snippet":"max-snippet:-1","max-image-preview":"max-image-preview:large","max-video-preview":"max-video-preview:-1"},"canonical":"https:\/\/grufftechnology.eu\/lt\/product\/64a-din-begelio-rele\/","og_locale":"lt_LT","og_type":"article","og_title":"64A DIN b\u0117gelio rel\u0117 - Gruff Technology","og_description":"\u201eGruff\u201c DIN b\u0117gelio rel\u0117 yra \u201eWi-Fi\u201c tinkle veikiantis \u012frenginys, leid\u017eiantis reguliuoti elektros energijos suvartojim\u0105. Ki\u0161tukas vien\u0105 kart\u0105 per dien\u0105 i\u0161 serverio gauna \u201eNord Pool\u201c kainas, o tu gali nustatyti maksimali\u0105 kain\u0105, kuriai esant, pavyzd\u017eiui, veiks grindinis \u0161ildymas.   \u012fsigyk \u201eGruff\u201c rel\u0119  nustatyk auk\u0161\u010diausi\u0105 kain\u0105 ir reikalingas darbo valandas  m\u0117gaukis ma\u017eesn\u0117mis elektros s\u0105skaitomis  Naudok, pavyzd\u017eiui, grindinio \u0161ildymo ar kito \u0161ildymo prietaiso valdymui arba automobilio \u012fkrovimui. Kain\u0173 skirtumas, palyginti su dienos piko kainomis, yra ma\u017edaug tris kartus, tau nereikia ma\u017einti suvartojimo!  PASTABA! Montuoja tik sertifikuotas elektrikas.","og_url":"https:\/\/grufftechnology.eu\/lt\/product\/64a-din-begelio-rele\/","og_site_name":"Gruff Technology","article_publisher":"https:\/\/www.facebook.com\/Grufftechnology","article_modified_time":"2026-03-17T18:13:17+00:00","og_image":[{"width":579,"height":938,"url":"https:\/\/grufftechnology.eu\/wp-content\/uploads\/2026\/03\/relee-taustata.png","type":"image\/png"}],"twitter_card":"summary_large_image","twitter_misc":{"Est. reading time":"1 minut\u0117"},"schema":{"@context":"https:\/\/schema.org","@graph":[{"@type":"WebPage","@id":"https:\/\/grufftechnology.eu\/lt\/product\/64a-din-begelio-rele\/","url":"https:\/\/grufftechnology.eu\/lt\/product\/64a-din-begelio-rele\/","name":"64A DIN b\u0117gelio rel\u0117 - Gruff Technology","isPartOf":{"@id":"https:\/\/grufftechnology.eu\/lt\/#website"},"primaryImageOfPage":{"@id":"https:\/\/grufftechnology.eu\/lt\/product\/64a-din-begelio-rele\/#primaryimage"},"image":{"@id":"https:\/\/grufftechnology.eu\/lt\/product\/64a-din-begelio-rele\/#primaryimage"},"thumbnailUrl":"https:\/\/grufftechnology.eu\/wp-content\/uploads\/2026\/03\/relee-taustata.png","datePublished":"2026-03-09T10:23:56+00:00","dateModified":"2026-03-17T18:13:17+00:00","breadcrumb":{"@id":"https:\/\/grufftechnology.eu\/lt\/product\/64a-din-begelio-rele\/#breadcrumb"},"inLanguage":"lt-LT","potentialAction":[{"@type":"ReadAction","target":["https:\/\/grufftechnology.eu\/lt\/product\/64a-din-begelio-rele\/"]}]},{"@type":"ImageObject","inLanguage":"lt-LT","@id":"https:\/\/grufftechnology.eu\/lt\/product\/64a-din-begelio-rele\/#primaryimage","url":"https:\/\/grufftechnology.eu\/wp-content\/uploads\/2026\/03\/relee-taustata.png","contentUrl":"https:\/\/grufftechnology.eu\/wp-content\/uploads\/2026\/03\/relee-taustata.png","width":579,"height":938},{"@type":"BreadcrumbList","@id":"https:\/\/grufftechnology.eu\/lt\/product\/64a-din-begelio-rele\/#breadcrumb","itemListElement":[{"@type":"ListItem","position":1,"name":"Home","item":"https:\/\/grufftechnology.eu\/lt\/gruff-technology\/"},{"@type":"ListItem","position":2,"name":"Parduotuv\u0117","item":"https:\/\/grufftechnology.eu\/shop\/"},{"@type":"ListItem","position":3,"name":"64A DIN b\u0117gelio rel\u0117"}]},{"@type":"WebSite","@id":"https:\/\/grufftechnology.eu\/lt\/#website","url":"https:\/\/grufftechnology.eu\/lt\/","name":"Gruff Technology","description":"Save your money with saver socket","publisher":{"@id":"https:\/\/grufftechnology.eu\/lt\/#organization"},"alternateName":"Gruff","potentialAction":[{"@type":"SearchAction","target":{"@type":"EntryPoint","urlTemplate":"https:\/\/grufftechnology.eu\/lt\/?s={search_term_string}"},"query-input":{"@type":"PropertyValueSpecification","valueRequired":true,"valueName":"search_term_string"}}],"inLanguage":"lt-LT"},{"@type":"Organization","@id":"https:\/\/grufftechnology.eu\/lt\/#organization","name":"Gruff Technology","url":"https:\/\/grufftechnology.eu\/lt\/","logo":{"@type":"ImageObject","inLanguage":"lt-LT","@id":"https:\/\/grufftechnology.eu\/lt\/#\/schema\/logo\/image\/","url":"https:\/\/grufftechnology.eu\/wp-content\/uploads\/2023\/03\/GRUFF-T.svg","contentUrl":"https:\/\/grufftechnology.eu\/wp-content\/uploads\/2023\/03\/GRUFF-T.svg","caption":"Gruff Technology"},"image":{"@id":"https:\/\/grufftechnology.eu\/lt\/#\/schema\/logo\/image\/"},"sameAs":["https:\/\/www.facebook.com\/Grufftechnology"]}]}},"_links":{"self":[{"href":"https:\/\/grufftechnology.eu\/lt\/wp-json\/wp\/v2\/product\/1383","targetHints":{"allow":["GET"]}}],"collection":[{"href":"https:\/\/grufftechnology.eu\/lt\/wp-json\/wp\/v2\/product"}],"about":[{"href":"https:\/\/grufftechnology.eu\/lt\/wp-json\/wp\/v2\/types\/product"}],"replies":[{"embeddable":true,"href":"https:\/\/grufftechnology.eu\/lt\/wp-json\/wp\/v2\/comments?post=1383"}],"wp:featuredmedia":[{"embeddable":true,"href":"https:\/\/grufftechnology.eu\/lt\/wp-json\/wp\/v2\/media\/2268"}],"wp:attachment":[{"href":"https:\/\/grufftechnology.eu\/lt\/wp-json\/wp\/v2\/media?parent=1383"}],"wp:term":[{"taxonomy":"product_brand","embeddable":true,"href":"https:\/\/grufftechnology.eu\/lt\/wp-json\/wp\/v2\/product_brand?post=1383"},{"taxonomy":"product_cat","embeddable":true,"href":"https:\/\/grufftechnology.eu\/lt\/wp-json\/wp\/v2\/product_cat?post=1383"},{"taxonomy":"product_tag","embeddable":true,"href":"https:\/\/grufftechnology.eu\/lt\/wp-json\/wp\/v2\/product_tag?post=1383"}],"curies":[{"name":"wp","href":"https:\/\/api.w.org\/{rel}","templated":true}]}}