{"id":2026,"date":"2026-03-06T20:35:13","date_gmt":"2026-03-06T18:35:13","guid":{"rendered":"https:\/\/grufftechnology.eu\/?page_id=2026"},"modified":"2026-03-13T20:32:34","modified_gmt":"2026-03-13T18:32:34","slug":"biznesa-klientiem","status":"publish","type":"page","link":"https:\/\/grufftechnology.eu\/lv\/biznesa-klientiem\/","title":{"rendered":"Biznesa klientiem"},"content":{"rendered":"\n<div class=\"wp-block-group gruff-section has-global-padding is-layout-constrained wp-container-core-group-is-layout-3a4e4474 wp-block-group-is-layout-constrained\">\n\n<div class=\"wp-block-columns is-layout-flex wp-container-core-columns-is-layout-6b276c36 wp-block-columns-is-layout-flex\">\n\n<div class=\"wp-block-column is-layout-flow wp-block-column-is-layout-flow\" style=\"flex-basis:60%\">\n\n<p class=\"has-primary-color has-text-color has-small-font-size\" style=\"font-weight:600\">Bizness<\/p>\n\n\n\n<h1 class=\"wp-block-heading has-5-xl-font-size\" style=\"font-weight:800;letter-spacing:-0.025em;line-height:1.15\">Biznesa risin\u0101jumi<br><mark style=\"background-color:transparent;color:#14C546\" class=\"has-inline-color\">ener\u0123ijas p\u0101rvald\u012bbai<\/mark><\/h1>\n\n\n\n<p class=\"has-muted-color has-text-color\">Gruff Technology pied\u0101v\u0101 piel\u0101gotus ener\u0123ijas p\u0101rvald\u012bbas risin\u0101jumus uz\u0146\u0113mumiem. Samaziniet uz\u0146\u0113muma elektroener\u0123ijas izmaksas un p\u0101rvaldiet vair\u0101kas ier\u012bces no viena vad\u012bbas pane\u013ca.<\/p>\n\n\n\n<ul class=\"has-muted-color has-text-color has-small-font-size wp-block-list\">\n<li>Piel\u0101goti risin\u0101jumi birojiem un noliktav\u0101m<\/li>\n\n\n<li>Uzlabota API piek\u013cuve un atskaites<\/li>\n\n\n<li>Vair\u0101ku ier\u012b\u010du p\u0101rvald\u012bbas panelis<\/li>\n\n\n<li>Individu\u0101la cenu noteik\u0161ana<\/li>\n\n\n<li>Priorit\u0101rs klientu atbalsts<\/li>\n<\/ul>\n\n\n\n<div class=\"wp-block-buttons is-layout-flex wp-block-buttons-is-layout-flex\">\n<div class=\"wp-block-button is-style-gruff-cta\"><a class=\"wp-block-button__link has-primary-background-color has-background wp-element-button\" href=\"\/lv\/kontakti\/\">Sazin\u0101ties<\/a><\/div>\n<\/div>\n\n<\/div>\n\n\n\n<div class=\"wp-block-column is-layout-flow wp-block-column-is-layout-flow\" style=\"flex-basis:40%\">\n\n<figure class=\"wp-block-image size-large\"><img decoding=\"async\" src=\"https:\/\/grufftechnology.eu\/wp-content\/uploads\/2024\/07\/pakend-automation.jpg\" alt=\"Business Solutions\"\/><\/figure>\n\n<\/div>\n\n<\/div>\n\n<\/div>\n\n\n\n<div class=\"wp-block-group gruff-section gruff-section--surface has-surface-background-color has-background has-global-padding is-layout-constrained wp-container-core-group-is-layout-3a4e4474 wp-block-group-is-layout-constrained\">\n\n<h2 class=\"wp-block-heading has-text-align-center has-4-xl-font-size\">K\u0101p\u0113c izv\u0113l\u0113ties Gruff biznesa risin\u0101jumu?<\/h2>\n\n\n\n<div class=\"wp-block-columns is-layout-flex wp-container-core-columns-is-layout-e0bfaba5 wp-block-columns-is-layout-flex\">\n\n<div class=\"wp-block-column is-layout-flow wp-block-column-is-layout-flow\">\n\n<div class=\"wp-block-group gruff-card has-global-padding is-layout-constrained wp-block-group-is-layout-constrained\">\n\n<p class=\"gruff-icon-text\">trending_down<\/p>\n\n\n<h3 class=\"wp-block-heading has-xl-font-size\">Izmaksu samazin\u0101\u0161ana<\/h3>\n\n\n<p class=\"has-muted-color has-text-color has-small-font-size\">Autom\u0101tiska ener\u0123ijas pat\u0113ri\u0146a optimiz\u0101cija, pamatojoties uz Nord Pool cen\u0101m, iev\u0113rojami samazina j\u016bsu uz\u0146\u0113muma elektroener\u0123ijas izmaksas.<\/p>\n\n<\/div>\n\n<\/div>\n\n\n\n<div class=\"wp-block-column is-layout-flow wp-block-column-is-layout-flow\">\n\n<div class=\"wp-block-group gruff-card has-global-padding is-layout-constrained wp-block-group-is-layout-constrained\">\n\n<p class=\"gruff-icon-text\">dashboard<\/p>\n\n\n<h3 class=\"wp-block-heading has-xl-font-size\">Centraliz\u0113ta p\u0101rvald\u012bba<\/h3>\n\n\n<p class=\"has-muted-color has-text-color has-small-font-size\">P\u0101rvaldiet visas ier\u012bces no viena vad\u012bbas pane\u013ca. Re\u0101llaika p\u0101rskats par ener\u0123ijas pat\u0113ri\u0146u un izmaks\u0101m.<\/p>\n\n<\/div>\n\n<\/div>\n\n\n\n<div class=\"wp-block-column is-layout-flow wp-block-column-is-layout-flow\">\n\n<div class=\"wp-block-group gruff-card has-global-padding is-layout-constrained wp-block-group-is-layout-constrained\">\n\n<p class=\"gruff-icon-text\">api<\/p>\n\n\n<h3 class=\"wp-block-heading has-xl-font-size\">API integr\u0101cija<\/h3>\n\n\n<p class=\"has-muted-color has-text-color has-small-font-size\">Uzlabota API \u013cauj integr\u0113t ener\u0123ijas p\u0101rvald\u012bbu eso\u0161aj\u0101s sist\u0113m\u0101s un izveidot piel\u0101gotas atskaites.<\/p>\n\n<\/div>\n\n<\/div>\n\n<\/div>\n\n<\/div>\n\n\n\n<div class=\"wp-block-group gruff-section has-global-padding is-layout-constrained wp-container-core-group-is-layout-3a4e4474 wp-block-group-is-layout-constrained\">\n\n<h2 class=\"wp-block-heading has-text-align-center has-4-xl-font-size\">Viedie risin\u0101jumi katram vajadz\u012bbai<\/h2>\n\n\n\n<p class=\"has-text-align-center has-muted-color has-text-color\">Izv\u0113lieties piem\u0113rotu ener\u0123ijas p\u0101rvald\u012bt\u0101ju sav\u0101m m\u0101j\u0101m vai uz\u0146\u0113mumam.<\/p>\n\n\n\n<div class=\"wp-block-columns is-layout-flex wp-container-core-columns-is-layout-6b276c36 wp-block-columns-is-layout-flex\">\n\n<div class=\"wp-block-column is-layout-flow wp-block-column-is-layout-flow\">\n\n<div class=\"wp-block-group gruff-product-card has-global-padding is-layout-constrained wp-block-group-is-layout-constrained\">\n\n<figure class=\"wp-block-image size-medium gruff-product-card__image\"><img decoding=\"async\" src=\"https:\/\/grufftechnology.eu\/wp-content\/uploads\/2026\/03\/Gruff-soc.png\" alt=\"Vied\u0101 kontaktligzda\"\/><\/figure>\n\n\n<h3 class=\"wp-block-heading has-xl-font-size\" style=\"font-weight:700\">Vied\u0101 kontaktligzda<\/h3>\n\n\n<ul class=\"has-muted-color has-text-color has-small-font-size wp-block-list\">\n<li>Piesl\u0113dzas tie\u0161i eso\u0161ajai kontaktligzdai<\/li>\n\n\n<li>P\u0101rvalda lieljaudas ier\u012bces l\u012bdz 3,5 kW<\/li>\n\n\n<li>Vizu\u0101lais cenu indikators (za\u013c\u0161\/sarkans LED)<\/li>\n<\/ul>\n\n<span class=\"woocommerce-Price-amount amount\">65,00&nbsp;<span class=\"woocommerce-Price-currencySymbol\">&euro;<\/span><\/span>\n\n<a href=\"https:\/\/grufftechnology.eu\/lv\/grozs\/?add-to-cart=1367\" class=\"gruff-cta-link\" style=\"padding:0.5rem 1rem;border-radius:0.5rem;font-size:0.875rem;\">Pievienot grozam <span class=\"material-icons\" style=\"font-size:1rem;\">add_shopping_cart<\/span><\/a>\n\n<\/div>\n\n<\/div>\n\n\n\n<div class=\"wp-block-column is-layout-flow wp-block-column-is-layout-flow\">\n\n<div class=\"wp-block-group gruff-product-card has-global-padding is-layout-constrained wp-block-group-is-layout-constrained\">\n\n<figure class=\"wp-block-image size-medium gruff-product-card__image\"><img decoding=\"async\" src=\"https:\/\/grufftechnology.eu\/wp-content\/uploads\/2026\/03\/relee-taustata.png\" alt=\"DIN sliedes relejs\"\/><\/figure>\n\n\n<h3 class=\"wp-block-heading has-xl-font-size\" style=\"font-weight:700\">DIN sliedes relejs<\/h3>\n\n\n<ul class=\"has-muted-color has-text-color has-small-font-size wp-block-list\">\n<li>Uzst\u0101d\u0101ms tie\u0161i elektrosadal\u0113<\/li>\n\n\n<li>Ide\u0101ls \u016bdens sild\u012bt\u0101jiem un gr\u012bdas apkurei<\/li>\n\n\n<li>Nepiecie\u0161ama profesion\u0101la uzst\u0101d\u012b\u0161ana<\/li>\n<\/ul>\n\n<span class=\"woocommerce-Price-amount amount\">95,00&nbsp;<span class=\"woocommerce-Price-currencySymbol\">&euro;<\/span><\/span>\n\n<a href=\"https:\/\/grufftechnology.eu\/lv\/grozs\/?add-to-cart=1385\" class=\"gruff-cta-link\" style=\"padding:0.5rem 1rem;border-radius:0.5rem;font-size:0.875rem;\">Pievienot grozam <span class=\"material-icons\" style=\"font-size:1rem;\">add_shopping_cart<\/span><\/a>\n\n<\/div>\n\n<\/div>\n\n\n\n<div class=\"wp-block-column is-layout-flow wp-block-column-is-layout-flow\">\n\n<div class=\"wp-block-group gruff-product-card has-global-padding is-layout-constrained wp-block-group-is-layout-constrained\">\n\n<figure class=\"wp-block-image size-medium gruff-product-card__image\"><img loading=\"lazy\" decoding=\"async\" width=\"300\" height=\"300\" src=\"https:\/\/grufftechnology.eu\/wp-content\/uploads\/2026\/03\/business-solutions-iredgUgEj2qwwVDYxLkBz2-300x300.webp\" alt=\"Gruff Business Solutions\" class=\"wp-image-1583\" srcset=\"https:\/\/grufftechnology.eu\/wp-content\/uploads\/2026\/03\/business-solutions-iredgUgEj2qwwVDYxLkBz2-300x300.webp 300w, https:\/\/grufftechnology.eu\/wp-content\/uploads\/2026\/03\/business-solutions-iredgUgEj2qwwVDYxLkBz2-100x100.webp 100w, https:\/\/grufftechnology.eu\/wp-content\/uploads\/2026\/03\/business-solutions-iredgUgEj2qwwVDYxLkBz2-600x600.webp 600w, https:\/\/grufftechnology.eu\/wp-content\/uploads\/2026\/03\/business-solutions-iredgUgEj2qwwVDYxLkBz2-1024x1024.webp 1024w, https:\/\/grufftechnology.eu\/wp-content\/uploads\/2026\/03\/business-solutions-iredgUgEj2qwwVDYxLkBz2-150x150.webp 150w, https:\/\/grufftechnology.eu\/wp-content\/uploads\/2026\/03\/business-solutions-iredgUgEj2qwwVDYxLkBz2-768x768.webp 768w, https:\/\/grufftechnology.eu\/wp-content\/uploads\/2026\/03\/business-solutions-iredgUgEj2qwwVDYxLkBz2-1536x1536.webp 1536w, https:\/\/grufftechnology.eu\/wp-content\/uploads\/2026\/03\/business-solutions-iredgUgEj2qwwVDYxLkBz2.webp 1920w\" sizes=\"auto, (max-width: 300px) 100vw, 300px\" \/><\/figure>\n\n\n<h3 class=\"wp-block-heading has-xl-font-size\" style=\"font-weight:700\">Biznesa risin\u0101jumi<\/h3>\n\n\n<ul class=\"has-muted-color has-text-color has-small-font-size wp-block-list\">\n<li>Piel\u0101goti risin\u0101jumi birojiem un noliktav\u0101m<\/li>\n\n\n<li>Uzlabota API piek\u013cuve un atskaites<\/li>\n\n\n<li>Vair\u0101ku ier\u012b\u010du p\u0101rvald\u012bbas panelis<\/li>\n<\/ul>\n\n\n<p class=\"has-muted-color has-text-color has-small-font-size\">Individu\u0101la cenu noteik\u0161ana<\/p>\n\n\n<div class=\"wp-block-buttons is-layout-flex wp-block-buttons-is-layout-flex\">\n<div class=\"wp-block-button is-style-outline is-style-outline--1\"><a class=\"wp-block-button__link wp-element-button\" href=\"\/lv\/kontakti\/\">Sazin\u0101ties<\/a><\/div>\n<\/div>\n\n<\/div>\n\n<\/div>\n\n<\/div>\n\n<\/div>\n\n\n\n<div class=\"wp-block-group gruff-section gruff-section--dark has-dark-background-color has-background has-global-padding is-layout-constrained wp-container-core-group-is-layout-985d9e89 wp-block-group-is-layout-constrained\">\n\n<h2 class=\"wp-block-heading has-text-align-center has-white-color has-text-color has-4-xl-font-size\">Parun\u0101sim par j\u016bsu vajadz\u012bb\u0101m<\/h2>\n\n\n<p class=\"has-text-align-center has-text-light-color has-text-color has-large-font-size\">Sazinieties ar mums, un m\u0113s atrad\u012bsim piem\u0113rotu risin\u0101jumu j\u016bsu uz\u0146\u0113mumam.<\/p>\n\n\n<div class=\"wp-block-buttons is-content-justification-center is-layout-flex wp-container-core-buttons-is-layout-a89b3969 wp-block-buttons-is-layout-flex\">\n\n<div class=\"wp-block-button is-style-gruff-cta\"><a class=\"wp-block-button__link has-primary-background-color has-background wp-element-button\" href=\"tel:+37253493962\">+372 53493962<\/a><\/div>\n\n\n<div class=\"wp-block-button is-style-outline is-style-outline--2\"><a class=\"wp-block-button__link wp-element-button\" href=\"mailto:info@grufftechnology.eu\">info@grufftechnology.eu<\/a><\/div>\n\n<\/div>\n\n<\/div>\n","protected":false},"excerpt":{"rendered":"<p>Bizness Biznesa risin\u0101jumiener\u0123ijas p\u0101rvald\u012bbai Gruff Technology pied\u0101v\u0101 piel\u0101gotus ener\u0123ijas p\u0101rvald\u012bbas risin\u0101jumus uz\u0146\u0113mumiem. Samaziniet uz\u0146\u0113muma elektroener\u0123ijas izmaksas un p\u0101rvaldiet vair\u0101kas ier\u012bces no viena vad\u012bbas pane\u013ca. K\u0101p\u0113c izv\u0113l\u0113ties Gruff biznesa risin\u0101jumu? trending_down Izmaksu samazin\u0101\u0161ana Autom\u0101tiska ener\u0123ijas pat\u0113ri\u0146a optimiz\u0101cija, pamatojoties uz Nord Pool cen\u0101m, iev\u0113rojami samazina j\u016bsu uz\u0146\u0113muma elektroener\u0123ijas izmaksas. dashboard Centraliz\u0113ta p\u0101rvald\u012bba P\u0101rvaldiet visas ier\u012bces no viena [&hellip;]<\/p>\n","protected":false},"author":4,"featured_media":0,"parent":0,"menu_order":0,"comment_status":"closed","ping_status":"closed","template":"page-arikliendile","meta":{"inline_featured_image":false,"footnotes":""},"class_list":["post-2026","page","type-page","status-publish","hentry"],"yoast_head":"<!-- This site is optimized with the Yoast SEO plugin v27.2 - https:\/\/yoast.com\/product\/yoast-seo-wordpress\/ -->\n<title>Biznesa klientiem - Gruff Technology<\/title>\n<meta name=\"robots\" content=\"index, follow, max-snippet:-1, max-image-preview:large, max-video-preview:-1\" \/>\n<link rel=\"canonical\" href=\"https:\/\/grufftechnology.eu\/lv\/biznesa-klientiem\/\" \/>\n<meta property=\"og:locale\" content=\"lv_LV\" \/>\n<meta property=\"og:type\" content=\"article\" \/>\n<meta property=\"og:title\" content=\"Biznesa klientiem - Gruff Technology\" \/>\n<meta property=\"og:description\" content=\"Bizness Biznesa risin\u0101jumiener\u0123ijas p\u0101rvald\u012bbai Gruff Technology pied\u0101v\u0101 piel\u0101gotus ener\u0123ijas p\u0101rvald\u012bbas risin\u0101jumus uz\u0146\u0113mumiem. Samaziniet uz\u0146\u0113muma elektroener\u0123ijas izmaksas un p\u0101rvaldiet vair\u0101kas ier\u012bces no viena vad\u012bbas pane\u013ca. K\u0101p\u0113c izv\u0113l\u0113ties Gruff biznesa risin\u0101jumu? trending_down Izmaksu samazin\u0101\u0161ana Autom\u0101tiska ener\u0123ijas pat\u0113ri\u0146a optimiz\u0101cija, pamatojoties uz Nord Pool cen\u0101m, iev\u0113rojami samazina j\u016bsu uz\u0146\u0113muma elektroener\u0123ijas izmaksas. dashboard Centraliz\u0113ta p\u0101rvald\u012bba P\u0101rvaldiet visas ier\u012bces no viena [&hellip;]\" \/>\n<meta property=\"og:url\" content=\"https:\/\/grufftechnology.eu\/lv\/biznesa-klientiem\/\" \/>\n<meta property=\"og:site_name\" content=\"Gruff Technology\" \/>\n<meta property=\"article:publisher\" content=\"https:\/\/www.facebook.com\/Grufftechnology\" \/>\n<meta property=\"article:modified_time\" content=\"2026-03-13T18:32:34+00:00\" \/>\n<meta property=\"og:image\" content=\"https:\/\/grufftechnology.eu\/wp-content\/uploads\/2024\/07\/pakend-automation.jpg\" \/>\n<meta name=\"twitter:card\" content=\"summary_large_image\" \/>\n<meta name=\"twitter:label1\" content=\"Est. reading time\" \/>\n\t<meta name=\"twitter:data1\" content=\"2 min\u016btes\" \/>\n<script type=\"application\/ld+json\" class=\"yoast-schema-graph\">{\"@context\":\"https:\/\/schema.org\",\"@graph\":[{\"@type\":\"WebPage\",\"@id\":\"https:\/\/grufftechnology.eu\/lv\/biznesa-klientiem\/\",\"url\":\"https:\/\/grufftechnology.eu\/lv\/biznesa-klientiem\/\",\"name\":\"Biznesa klientiem - Gruff Technology\",\"isPartOf\":{\"@id\":\"https:\/\/grufftechnology.eu\/lv\/#website\"},\"primaryImageOfPage\":{\"@id\":\"https:\/\/grufftechnology.eu\/lv\/biznesa-klientiem\/#primaryimage\"},\"image\":{\"@id\":\"https:\/\/grufftechnology.eu\/lv\/biznesa-klientiem\/#primaryimage\"},\"thumbnailUrl\":\"https:\/\/grufftechnology.eu\/wp-content\/uploads\/2024\/07\/pakend-automation.jpg\",\"datePublished\":\"2026-03-06T18:35:13+00:00\",\"dateModified\":\"2026-03-13T18:32:34+00:00\",\"breadcrumb\":{\"@id\":\"https:\/\/grufftechnology.eu\/lv\/biznesa-klientiem\/#breadcrumb\"},\"inLanguage\":\"lv-LV\",\"potentialAction\":[{\"@type\":\"ReadAction\",\"target\":[\"https:\/\/grufftechnology.eu\/lv\/biznesa-klientiem\/\"]}]},{\"@type\":\"ImageObject\",\"inLanguage\":\"lv-LV\",\"@id\":\"https:\/\/grufftechnology.eu\/lv\/biznesa-klientiem\/#primaryimage\",\"url\":\"https:\/\/grufftechnology.eu\/wp-content\/uploads\/2024\/07\/pakend-automation.jpg\",\"contentUrl\":\"https:\/\/grufftechnology.eu\/wp-content\/uploads\/2024\/07\/pakend-automation.jpg\"},{\"@type\":\"BreadcrumbList\",\"@id\":\"https:\/\/grufftechnology.eu\/lv\/biznesa-klientiem\/#breadcrumb\",\"itemListElement\":[{\"@type\":\"ListItem\",\"position\":1,\"name\":\"Home\",\"item\":\"https:\/\/grufftechnology.eu\/lv\/gruff-tehnologija\/\"},{\"@type\":\"ListItem\",\"position\":2,\"name\":\"Biznesa klientiem\"}]},{\"@type\":\"WebSite\",\"@id\":\"https:\/\/grufftechnology.eu\/lv\/#website\",\"url\":\"https:\/\/grufftechnology.eu\/lv\/\",\"name\":\"Gruff Technology\",\"description\":\"Save your money with saver socket\",\"publisher\":{\"@id\":\"https:\/\/grufftechnology.eu\/lv\/#organization\"},\"alternateName\":\"Gruff\",\"potentialAction\":[{\"@type\":\"SearchAction\",\"target\":{\"@type\":\"EntryPoint\",\"urlTemplate\":\"https:\/\/grufftechnology.eu\/lv\/?s={search_term_string}\"},\"query-input\":{\"@type\":\"PropertyValueSpecification\",\"valueRequired\":true,\"valueName\":\"search_term_string\"}}],\"inLanguage\":\"lv-LV\"},{\"@type\":\"Organization\",\"@id\":\"https:\/\/grufftechnology.eu\/lv\/#organization\",\"name\":\"Gruff Technology\",\"url\":\"https:\/\/grufftechnology.eu\/lv\/\",\"logo\":{\"@type\":\"ImageObject\",\"inLanguage\":\"lv-LV\",\"@id\":\"https:\/\/grufftechnology.eu\/lv\/#\/schema\/logo\/image\/\",\"url\":\"https:\/\/grufftechnology.eu\/wp-content\/uploads\/2023\/03\/GRUFF-T.svg\",\"contentUrl\":\"https:\/\/grufftechnology.eu\/wp-content\/uploads\/2023\/03\/GRUFF-T.svg\",\"caption\":\"Gruff Technology\"},\"image\":{\"@id\":\"https:\/\/grufftechnology.eu\/lv\/#\/schema\/logo\/image\/\"},\"sameAs\":[\"https:\/\/www.facebook.com\/Grufftechnology\"]}]}<\/script>\n<!-- \/ Yoast SEO plugin. -->","yoast_head_json":{"title":"Biznesa klientiem - Gruff Technology","robots":{"index":"index","follow":"follow","max-snippet":"max-snippet:-1","max-image-preview":"max-image-preview:large","max-video-preview":"max-video-preview:-1"},"canonical":"https:\/\/grufftechnology.eu\/lv\/biznesa-klientiem\/","og_locale":"lv_LV","og_type":"article","og_title":"Biznesa klientiem - Gruff Technology","og_description":"Bizness Biznesa risin\u0101jumiener\u0123ijas p\u0101rvald\u012bbai Gruff Technology pied\u0101v\u0101 piel\u0101gotus ener\u0123ijas p\u0101rvald\u012bbas risin\u0101jumus uz\u0146\u0113mumiem. Samaziniet uz\u0146\u0113muma elektroener\u0123ijas izmaksas un p\u0101rvaldiet vair\u0101kas ier\u012bces no viena vad\u012bbas pane\u013ca. K\u0101p\u0113c izv\u0113l\u0113ties Gruff biznesa risin\u0101jumu? trending_down Izmaksu samazin\u0101\u0161ana Autom\u0101tiska ener\u0123ijas pat\u0113ri\u0146a optimiz\u0101cija, pamatojoties uz Nord Pool cen\u0101m, iev\u0113rojami samazina j\u016bsu uz\u0146\u0113muma elektroener\u0123ijas izmaksas. dashboard Centraliz\u0113ta p\u0101rvald\u012bba P\u0101rvaldiet visas ier\u012bces no viena [&hellip;]","og_url":"https:\/\/grufftechnology.eu\/lv\/biznesa-klientiem\/","og_site_name":"Gruff Technology","article_publisher":"https:\/\/www.facebook.com\/Grufftechnology","article_modified_time":"2026-03-13T18:32:34+00:00","og_image":[{"url":"https:\/\/grufftechnology.eu\/wp-content\/uploads\/2024\/07\/pakend-automation.jpg","type":"","width":"","height":""}],"twitter_card":"summary_large_image","twitter_misc":{"Est. reading time":"2 min\u016btes"},"schema":{"@context":"https:\/\/schema.org","@graph":[{"@type":"WebPage","@id":"https:\/\/grufftechnology.eu\/lv\/biznesa-klientiem\/","url":"https:\/\/grufftechnology.eu\/lv\/biznesa-klientiem\/","name":"Biznesa klientiem - Gruff Technology","isPartOf":{"@id":"https:\/\/grufftechnology.eu\/lv\/#website"},"primaryImageOfPage":{"@id":"https:\/\/grufftechnology.eu\/lv\/biznesa-klientiem\/#primaryimage"},"image":{"@id":"https:\/\/grufftechnology.eu\/lv\/biznesa-klientiem\/#primaryimage"},"thumbnailUrl":"https:\/\/grufftechnology.eu\/wp-content\/uploads\/2024\/07\/pakend-automation.jpg","datePublished":"2026-03-06T18:35:13+00:00","dateModified":"2026-03-13T18:32:34+00:00","breadcrumb":{"@id":"https:\/\/grufftechnology.eu\/lv\/biznesa-klientiem\/#breadcrumb"},"inLanguage":"lv-LV","potentialAction":[{"@type":"ReadAction","target":["https:\/\/grufftechnology.eu\/lv\/biznesa-klientiem\/"]}]},{"@type":"ImageObject","inLanguage":"lv-LV","@id":"https:\/\/grufftechnology.eu\/lv\/biznesa-klientiem\/#primaryimage","url":"https:\/\/grufftechnology.eu\/wp-content\/uploads\/2024\/07\/pakend-automation.jpg","contentUrl":"https:\/\/grufftechnology.eu\/wp-content\/uploads\/2024\/07\/pakend-automation.jpg"},{"@type":"BreadcrumbList","@id":"https:\/\/grufftechnology.eu\/lv\/biznesa-klientiem\/#breadcrumb","itemListElement":[{"@type":"ListItem","position":1,"name":"Home","item":"https:\/\/grufftechnology.eu\/lv\/gruff-tehnologija\/"},{"@type":"ListItem","position":2,"name":"Biznesa klientiem"}]},{"@type":"WebSite","@id":"https:\/\/grufftechnology.eu\/lv\/#website","url":"https:\/\/grufftechnology.eu\/lv\/","name":"Gruff Technology","description":"Save your money with saver socket","publisher":{"@id":"https:\/\/grufftechnology.eu\/lv\/#organization"},"alternateName":"Gruff","potentialAction":[{"@type":"SearchAction","target":{"@type":"EntryPoint","urlTemplate":"https:\/\/grufftechnology.eu\/lv\/?s={search_term_string}"},"query-input":{"@type":"PropertyValueSpecification","valueRequired":true,"valueName":"search_term_string"}}],"inLanguage":"lv-LV"},{"@type":"Organization","@id":"https:\/\/grufftechnology.eu\/lv\/#organization","name":"Gruff Technology","url":"https:\/\/grufftechnology.eu\/lv\/","logo":{"@type":"ImageObject","inLanguage":"lv-LV","@id":"https:\/\/grufftechnology.eu\/lv\/#\/schema\/logo\/image\/","url":"https:\/\/grufftechnology.eu\/wp-content\/uploads\/2023\/03\/GRUFF-T.svg","contentUrl":"https:\/\/grufftechnology.eu\/wp-content\/uploads\/2023\/03\/GRUFF-T.svg","caption":"Gruff Technology"},"image":{"@id":"https:\/\/grufftechnology.eu\/lv\/#\/schema\/logo\/image\/"},"sameAs":["https:\/\/www.facebook.com\/Grufftechnology"]}]}},"_links":{"self":[{"href":"https:\/\/grufftechnology.eu\/lv\/wp-json\/wp\/v2\/pages\/2026","targetHints":{"allow":["GET"]}}],"collection":[{"href":"https:\/\/grufftechnology.eu\/lv\/wp-json\/wp\/v2\/pages"}],"about":[{"href":"https:\/\/grufftechnology.eu\/lv\/wp-json\/wp\/v2\/types\/page"}],"author":[{"embeddable":true,"href":"https:\/\/grufftechnology.eu\/lv\/wp-json\/wp\/v2\/users\/4"}],"replies":[{"embeddable":true,"href":"https:\/\/grufftechnology.eu\/lv\/wp-json\/wp\/v2\/comments?post=2026"}],"version-history":[{"count":3,"href":"https:\/\/grufftechnology.eu\/lv\/wp-json\/wp\/v2\/pages\/2026\/revisions"}],"predecessor-version":[{"id":2246,"href":"https:\/\/grufftechnology.eu\/lv\/wp-json\/wp\/v2\/pages\/2026\/revisions\/2246"}],"wp:attachment":[{"href":"https:\/\/grufftechnology.eu\/lv\/wp-json\/wp\/v2\/media?parent=2026"}],"curies":[{"name":"wp","href":"https:\/\/api.w.org\/{rel}","templated":true}]}}