{"id":2089,"date":"2026-03-09T14:35:37","date_gmt":"2026-03-09T12:35:37","guid":{"rendered":"https:\/\/www.grufftechnology.eu\/?page_id=2089"},"modified":"2026-03-12T09:27:09","modified_gmt":"2026-03-12T07:27:09","slug":"noteikumi","status":"publish","type":"page","link":"https:\/\/grufftechnology.eu\/lv\/noteikumi\/","title":{"rendered":"Noteikumi"},"content":{"rendered":"\n<h2 class=\"wp-block-heading\">P\u0101rdo\u0161anas un garantijas noteikumi<\/h2>\n\n\n\n<p>Interneta veikals grufftechnology.eu (turpm\u0101k \u2013 interneta veikals) pieder Gruff Technology O\u00dc (re\u0123istr\u0101cijas numurs 16620414), adrese Telliskivi 60, 10412 Tallina, Igaunija.<\/p>\n\n\n\n<h3 class=\"wp-block-heading\">P\u0101rdo\u0161anas l\u012bguma sp\u0113k\u0101 esam\u012bba, produktu un cenu inform\u0101cija<\/h3>\n\n\n\n<p>\u0160ie p\u0101rdo\u0161anas noteikumi ir sp\u0113k\u0101, ieg\u0101d\u0101joties preces interneta veikala\u0304. Interneta veikala\u0304 p\u0101rdodamo produktu cenas tiek att\u0113lotas pie katra produkta. Produktu inform\u0101cija ir pieejama tie\u0161i pie produkta interneta veikala\u0304.<\/p>\n\n\n\n<h3 class=\"wp-block-heading\">Pas\u016bt\u012bjuma veik\u0161ana<\/h3>\n\n\n\n<p>Lai pas\u016bt\u012btu preces, pievienojiet v\u0113lamos produktus iepirkumu grozam. Lai pabeigtu pas\u016bt\u012bjumu, aizpildiet oblig\u0101tos laukus un izv\u0113lieties piem\u0113rotu pieg\u0101des veidu. Kop\u0113j\u0101 summa tiks par\u0101d\u012bta ekr\u0101n\u0101, un to var apmaks\u0101t, izmantojot bankas saiti vai citu maks\u0101jumu risin\u0101jumu. Visi maks\u0101jumi tiek apstr\u0101d\u0101ti eiro.<\/p>\n\n\n\n<p>Maks\u0101jums tiek apstr\u0101d\u0101ts caur Montonio maks\u0101jumu risin\u0101jumiem.<\/p>\n\n\n\n<p>L\u012bgums st\u0101jas sp\u0113k\u0101, kad maks\u0101jam\u0101 summa ir sa\u0146emta interneta veikala bankas kont\u0101.<\/p>\n\n\n\n<p>Ja pas\u016bt\u012bt\u0101s preces nav iesp\u0113jams pieg\u0101d\u0101t kr\u0101jumu izs\u012bkuma vai citu iemeslu d\u0113\u013c, pirc\u0113js tiks inform\u0113ts p\u0113c iesp\u0113jas \u0101tr\u0101k, un samaks\u0101t\u0101 summa (ieskaitot pieg\u0101des izmaksas) tiks atgriezta nekav\u0113joties, bet ne v\u0113l\u0101k k\u0101 14 dienu laik\u0101 no pazi\u0146ojuma.<\/p>\n\n\n\n<h3 class=\"wp-block-heading\">Pieg\u0101de<\/h3>\n\n\n\n<p>Preces tiek nos\u016bt\u012btas uz \u0161\u0101d\u0101m valst\u012bm: Igauniju un Somiju. Iek\u0161zemes s\u016bt\u012bjumi Igaunij\u0101 parasti non\u0101k pirc\u0113ja nor\u0101d\u012btaj\u0101 galam\u0113r\u0137\u012b 2\u20133 darba dienu laik\u0101 no p\u0101rdo\u0161anas l\u012bguma st\u0101\u0161an\u0101s sp\u0113k\u0101, izmantojot Omniva pakom\u0101tus. Iz\u0146\u0113muma gad\u012bjumos pieg\u0101de var ilgt l\u012bdz 45 kalend\u0101raj\u0101m dien\u0101m.<\/p>\n\n\n\n<h3 class=\"wp-block-heading\">Atteikuma ties\u012bbas<\/h3>\n\n\n\n<p>P\u0113c pas\u016bt\u012bjuma sa\u0146em\u0161anas pirc\u0113jam ir ties\u012bbas atk\u0101pties no interneta veikala\u0304 nosl\u0113gt\u0101 l\u012bguma 14 dienu laik\u0101. Atteikuma ties\u012bbas neattiecas uz juridisk\u0101m person\u0101m.<\/p>\n\n\n\n<p>Lai izmantotu 14 dienu atgrie\u0161anas ties\u012bbas, pas\u016bt\u012bt\u0101s preces nedr\u012bkst b\u016bt izmantotas cit\u0101di, k\u0101 nepiecie\u0161ams pre\u010du rakstura, \u012bpa\u0161\u012bbu un darb\u012bbas p\u0101rbaudei, t\u0101d\u0101 pa\u0161\u0101 veid\u0101, k\u0101 tas b\u016btu at\u013cauts test\u0113\u0161anai fizisk\u0101 veikala\u0304.<\/p>\n\n\n\n<p>Ja preces ir izmantotas citiem m\u0113r\u0137iem vai t\u0101m ir lieto\u0161anas vai nolietojuma paz\u012bmes, interneta veikalam ir ties\u012bbas samazin\u0101t atmaks\u0101jamo summu atbilsto\u0161i pre\u010du v\u0113rt\u012bbas samazin\u0101jumam.<\/p>\n\n\n\n<p>Lai atgrieztu preces, iesniedziet br\u012bvas formas atteikuma pazi\u0146ojumu un nos\u016btiet to uz <a href=\"mailto:info@grufftechnology.eu\">info@grufftechnology.eu<\/a> ne v\u0113l\u0101k k\u0101 14 dienu laik\u0101 p\u0113c pre\u010du sa\u0146em\u0161anas.<\/p>\n\n\n\n<p>Atgrie\u0161anas pieg\u0101des izmaksas sedz pirc\u0113js, ja vien atgrie\u0161anas iemesls nav tas, ka preces neatbilst pas\u016bt\u012bjumam (piem\u0113ram, nepareiza vai boj\u0101ta prece).<\/p>\n\n\n\n<p>Pirc\u0113jam preces j\u0101atgriez 14 dienu laik\u0101 p\u0113c atteikuma pazi\u0146ojuma iesnieg\u0161anas vai j\u0101sniedz pier\u0101d\u012bjums par pre\u010du nodo\u0161anu p\u0101rvad\u0101t\u0101jam min\u0113taj\u0101 period\u0101.<\/p>\n\n\n\n<p>P\u0113c atgriezto pre\u010du sa\u0146em\u0161anas interneta veikals atmaks\u0101s pirc\u0113jam samaks\u0101to summu nekav\u0113joties, bet ne v\u0113l\u0101k k\u0101 14 dienu laik\u0101 no atteikuma pazi\u0146ojuma sa\u0146em\u0161anas. Interneta veikals var aiztur\u0113t atmaksu, l\u012bdz preces ir atgrieztas.<\/p>\n\n\n\n<p>Interneta veikalam ir ties\u012bbas atk\u0101pties no p\u0101rdo\u0161anas dar\u012bjuma un piepras\u012bt preces atpaka\u013c no pirc\u0113ja, ja cena interneta veikala\u0304 tika k\u013c\u016bdaini noteikta iev\u0113rojami zem tirgus cenas.<\/p>\n\n\n\n<h3 class=\"wp-block-heading\">Ties\u012bbas iesniegt s\u016bdz\u012bbu<\/h3>\n\n\n\n<p>Interneta veikals ir atbild\u012bgs par pirc\u0113jam p\u0101rdoto pre\u010du neatbilst\u012bbu vai defektiem, kas past\u0101v\u0113ja nodo\u0161anas br\u012bd\u012b un k\u013c\u016bst redzami divu gadu laik\u0101 no pieg\u0101des. Pirmo 12 m\u0113ne\u0161u laik\u0101 tiek pie\u0146emts, ka defekts past\u0101v\u0113ja nodo\u0161anas br\u012bd\u012b.<\/p>\n\n\n\n<p>Pirc\u0113jam ir ties\u012bbas sazin\u0101ties ar interneta veikalu divu m\u0113ne\u0161u laik\u0101 p\u0113c defekta atkl\u0101\u0161anas, nos\u016btot e-pastu uz <a href=\"mailto:info@grufftechnology.eu\">info@grufftechnology.eu<\/a> vai zvanot +372 53493962.<\/p>\n\n\n\n<p>Interneta veikals nav atbild\u012bgs par defektiem, kas rodas p\u0113c pre\u010du nodo\u0161anas pirc\u0113jam. Ja prec\u0113m ir defekti, par kuriem interneta veikals ir atbild\u012bgs, interneta veikals salabos vai nomain\u012bs boj\u0101t\u0101s preces. Ja labo\u0161ana vai nomai\u0146a nav iesp\u0113jama, interneta veikals atmaks\u0101s visas saska\u0146\u0101 ar p\u0101rdo\u0161anas l\u012bgumu samaks\u0101t\u0101s summas.<\/p>\n\n\n\n<p>Interneta veikals atbild\u0113s uz pat\u0113r\u0113t\u0101ju s\u016bdz\u012bb\u0101m rakstveid\u0101 vai reproduc\u0113jam\u0101 form\u0101 15 dienu laik\u0101.<\/p>\n\n\n\n<h3 class=\"wp-block-heading\">Personas datu apstr\u0101de<\/h3>\n\n\n\n<p>Interneta veikals izmanto pirc\u0113ja ievad\u012btos personas datus (ieskaitot v\u0101rdu, t\u0101lru\u0146a numuru, adresi, e-pasta adresi, bankas datus) tikai pas\u016bt\u012bjumu apstr\u0101dei un pre\u010du pieg\u0101dei. Interneta veikals kop\u012bgo personas datus ar transporta uz\u0146\u0113mumiem pre\u010du pieg\u0101des nol\u016bk\u0101.<\/p>\n\n\n\n<h3 class=\"wp-block-heading\">Produkta garantija un atgrie\u0161ana<\/h3>\n\n\n\n<p>Gruff viedajai kontaktligzdai ir divu gadu ra\u017eot\u0101ja garantija no ieg\u0101des datuma. Ra\u017eo\u0161anas defektu gad\u012bjum\u0101 varat atgriezt produktu veikala\u0304, kur\u0101 tas tika ieg\u0101d\u0101ts. Interneta veikala pirkumiem nos\u016btiet produktu tie\u0161i Gruff Technology O\u00dc uz adresi Telliskivi 60\/1, Tallina 10412, vai uz tuv\u0101ko pakom\u0101tu. Garantijas nosac\u012bjumos m\u0113s nomain\u012bsim produktu vai kompens\u0113sim pirkuma un pieg\u0101des cenu. P\u0101rdev\u0113js nav atbild\u012bgs par boj\u0101jumiem, kas radu\u0161ies nepareizas lieto\u0161anas vai elektrisk\u0101s sist\u0113mas k\u013c\u016bmju d\u0113\u013c, un nemain\u012bs produktus, kas boj\u0101ti nepareizas lieto\u0161anas d\u0113\u013c.<\/p>\n\n\n\n<h3 class=\"wp-block-heading\">Str\u012bdu risin\u0101\u0161ana<\/h3>\n\n\n\n<p>Ja pirc\u0113jam ir s\u016bdz\u012bbas par interneta veikalu, t\u0101s j\u0101nos\u016bta uz <a href=\"mailto:info@grufftechnology.eu\">info@grufftechnology.eu<\/a> vai zvanot +372 6099005.<\/p>\n\n\n\n<p>Ja pirc\u0113js un interneta veikals nevar atrisin\u0101t str\u012bdu vieno\u0161an\u0101s ce\u013c\u0101, pirc\u0113js var v\u0113rsties Pat\u0113r\u0113t\u0101ju str\u012bdu komisij\u0101. Komisijai ir pilnvaras risin\u0101t str\u012bdus, kas izriet no l\u012bgumiem starp pirc\u0113ju un interneta veikalu. Pirc\u0113ja s\u016bdz\u012bbas izskat\u012b\u0161ana ir bezmaksas.<\/p>\n\n\n\n<p>Pirc\u0113js var v\u0113rsties ar\u012b <a href=\"https:\/\/ec.europa.eu\/consumers\/odr\" target=\"_blank\" rel=\"noopener noreferrer\">Eiropas Savien\u012bbas tie\u0161saistes str\u012bdu iz\u0161\u0137ir\u0161anas platform\u0101<\/a>.<\/p>\n","protected":false},"excerpt":{"rendered":"<p>P\u0101rdo\u0161anas un garantijas noteikumi Interneta veikals grufftechnology.eu (turpm\u0101k \u2013 interneta veikals) pieder Gruff Technology O\u00dc (re\u0123istr\u0101cijas numurs 16620414), adrese Telliskivi 60, 10412 Tallina, Igaunija. P\u0101rdo\u0161anas l\u012bguma sp\u0113k\u0101 esam\u012bba, produktu un cenu inform\u0101cija \u0160ie p\u0101rdo\u0161anas noteikumi ir sp\u0113k\u0101, ieg\u0101d\u0101joties preces interneta veikala\u0304. Interneta veikala\u0304 p\u0101rdodamo produktu cenas tiek att\u0113lotas pie katra produkta. Produktu inform\u0101cija ir pieejama [&hellip;]<\/p>\n","protected":false},"author":4,"featured_media":0,"parent":0,"menu_order":0,"comment_status":"closed","ping_status":"closed","template":"","meta":{"inline_featured_image":false,"footnotes":""},"class_list":["post-2089","page","type-page","status-publish","hentry"],"yoast_head":"<!-- This site is optimized with the Yoast SEO plugin v27.2 - https:\/\/yoast.com\/product\/yoast-seo-wordpress\/ -->\n<title>Noteikumi - Gruff Technology<\/title>\n<meta name=\"robots\" content=\"index, follow, max-snippet:-1, max-image-preview:large, max-video-preview:-1\" \/>\n<link rel=\"canonical\" href=\"https:\/\/grufftechnology.eu\/lv\/noteikumi\/\" \/>\n<meta property=\"og:locale\" content=\"lv_LV\" \/>\n<meta property=\"og:type\" content=\"article\" \/>\n<meta property=\"og:title\" content=\"Noteikumi - Gruff Technology\" \/>\n<meta property=\"og:description\" content=\"P\u0101rdo\u0161anas un garantijas noteikumi Interneta veikals grufftechnology.eu (turpm\u0101k \u2013 interneta veikals) pieder Gruff Technology O\u00dc (re\u0123istr\u0101cijas numurs 16620414), adrese Telliskivi 60, 10412 Tallina, Igaunija. P\u0101rdo\u0161anas l\u012bguma sp\u0113k\u0101 esam\u012bba, produktu un cenu inform\u0101cija \u0160ie p\u0101rdo\u0161anas noteikumi ir sp\u0113k\u0101, ieg\u0101d\u0101joties preces interneta veikala\u0304. Interneta veikala\u0304 p\u0101rdodamo produktu cenas tiek att\u0113lotas pie katra produkta. Produktu inform\u0101cija ir pieejama [&hellip;]\" \/>\n<meta property=\"og:url\" content=\"https:\/\/grufftechnology.eu\/lv\/noteikumi\/\" \/>\n<meta property=\"og:site_name\" content=\"Gruff Technology\" \/>\n<meta property=\"article:publisher\" content=\"https:\/\/www.facebook.com\/Grufftechnology\" \/>\n<meta property=\"article:modified_time\" content=\"2026-03-12T07:27:09+00:00\" \/>\n<meta name=\"twitter:card\" content=\"summary_large_image\" \/>\n<meta name=\"twitter:label1\" content=\"Est. reading time\" \/>\n\t<meta name=\"twitter:data1\" content=\"5 min\u016btes\" \/>\n<script type=\"application\/ld+json\" class=\"yoast-schema-graph\">{\"@context\":\"https:\/\/schema.org\",\"@graph\":[{\"@type\":\"WebPage\",\"@id\":\"https:\/\/grufftechnology.eu\/lv\/noteikumi\/\",\"url\":\"https:\/\/grufftechnology.eu\/lv\/noteikumi\/\",\"name\":\"Noteikumi - Gruff Technology\",\"isPartOf\":{\"@id\":\"https:\/\/grufftechnology.eu\/lv\/#website\"},\"datePublished\":\"2026-03-09T12:35:37+00:00\",\"dateModified\":\"2026-03-12T07:27:09+00:00\",\"breadcrumb\":{\"@id\":\"https:\/\/grufftechnology.eu\/lv\/noteikumi\/#breadcrumb\"},\"inLanguage\":\"lv-LV\",\"potentialAction\":[{\"@type\":\"ReadAction\",\"target\":[\"https:\/\/grufftechnology.eu\/lv\/noteikumi\/\"]}]},{\"@type\":\"BreadcrumbList\",\"@id\":\"https:\/\/grufftechnology.eu\/lv\/noteikumi\/#breadcrumb\",\"itemListElement\":[{\"@type\":\"ListItem\",\"position\":1,\"name\":\"Home\",\"item\":\"https:\/\/grufftechnology.eu\/lv\/gruff-tehnologija\/\"},{\"@type\":\"ListItem\",\"position\":2,\"name\":\"Noteikumi\"}]},{\"@type\":\"WebSite\",\"@id\":\"https:\/\/grufftechnology.eu\/lv\/#website\",\"url\":\"https:\/\/grufftechnology.eu\/lv\/\",\"name\":\"Gruff Technology\",\"description\":\"Save your money with saver socket\",\"publisher\":{\"@id\":\"https:\/\/grufftechnology.eu\/lv\/#organization\"},\"alternateName\":\"Gruff\",\"potentialAction\":[{\"@type\":\"SearchAction\",\"target\":{\"@type\":\"EntryPoint\",\"urlTemplate\":\"https:\/\/grufftechnology.eu\/lv\/?s={search_term_string}\"},\"query-input\":{\"@type\":\"PropertyValueSpecification\",\"valueRequired\":true,\"valueName\":\"search_term_string\"}}],\"inLanguage\":\"lv-LV\"},{\"@type\":\"Organization\",\"@id\":\"https:\/\/grufftechnology.eu\/lv\/#organization\",\"name\":\"Gruff Technology\",\"url\":\"https:\/\/grufftechnology.eu\/lv\/\",\"logo\":{\"@type\":\"ImageObject\",\"inLanguage\":\"lv-LV\",\"@id\":\"https:\/\/grufftechnology.eu\/lv\/#\/schema\/logo\/image\/\",\"url\":\"https:\/\/grufftechnology.eu\/wp-content\/uploads\/2023\/03\/GRUFF-T.svg\",\"contentUrl\":\"https:\/\/grufftechnology.eu\/wp-content\/uploads\/2023\/03\/GRUFF-T.svg\",\"caption\":\"Gruff Technology\"},\"image\":{\"@id\":\"https:\/\/grufftechnology.eu\/lv\/#\/schema\/logo\/image\/\"},\"sameAs\":[\"https:\/\/www.facebook.com\/Grufftechnology\"]}]}<\/script>\n<!-- \/ Yoast SEO plugin. -->","yoast_head_json":{"title":"Noteikumi - Gruff Technology","robots":{"index":"index","follow":"follow","max-snippet":"max-snippet:-1","max-image-preview":"max-image-preview:large","max-video-preview":"max-video-preview:-1"},"canonical":"https:\/\/grufftechnology.eu\/lv\/noteikumi\/","og_locale":"lv_LV","og_type":"article","og_title":"Noteikumi - Gruff Technology","og_description":"P\u0101rdo\u0161anas un garantijas noteikumi Interneta veikals grufftechnology.eu (turpm\u0101k \u2013 interneta veikals) pieder Gruff Technology O\u00dc (re\u0123istr\u0101cijas numurs 16620414), adrese Telliskivi 60, 10412 Tallina, Igaunija. P\u0101rdo\u0161anas l\u012bguma sp\u0113k\u0101 esam\u012bba, produktu un cenu inform\u0101cija \u0160ie p\u0101rdo\u0161anas noteikumi ir sp\u0113k\u0101, ieg\u0101d\u0101joties preces interneta veikala\u0304. Interneta veikala\u0304 p\u0101rdodamo produktu cenas tiek att\u0113lotas pie katra produkta. Produktu inform\u0101cija ir pieejama [&hellip;]","og_url":"https:\/\/grufftechnology.eu\/lv\/noteikumi\/","og_site_name":"Gruff Technology","article_publisher":"https:\/\/www.facebook.com\/Grufftechnology","article_modified_time":"2026-03-12T07:27:09+00:00","twitter_card":"summary_large_image","twitter_misc":{"Est. reading time":"5 min\u016btes"},"schema":{"@context":"https:\/\/schema.org","@graph":[{"@type":"WebPage","@id":"https:\/\/grufftechnology.eu\/lv\/noteikumi\/","url":"https:\/\/grufftechnology.eu\/lv\/noteikumi\/","name":"Noteikumi - Gruff Technology","isPartOf":{"@id":"https:\/\/grufftechnology.eu\/lv\/#website"},"datePublished":"2026-03-09T12:35:37+00:00","dateModified":"2026-03-12T07:27:09+00:00","breadcrumb":{"@id":"https:\/\/grufftechnology.eu\/lv\/noteikumi\/#breadcrumb"},"inLanguage":"lv-LV","potentialAction":[{"@type":"ReadAction","target":["https:\/\/grufftechnology.eu\/lv\/noteikumi\/"]}]},{"@type":"BreadcrumbList","@id":"https:\/\/grufftechnology.eu\/lv\/noteikumi\/#breadcrumb","itemListElement":[{"@type":"ListItem","position":1,"name":"Home","item":"https:\/\/grufftechnology.eu\/lv\/gruff-tehnologija\/"},{"@type":"ListItem","position":2,"name":"Noteikumi"}]},{"@type":"WebSite","@id":"https:\/\/grufftechnology.eu\/lv\/#website","url":"https:\/\/grufftechnology.eu\/lv\/","name":"Gruff Technology","description":"Save your money with saver socket","publisher":{"@id":"https:\/\/grufftechnology.eu\/lv\/#organization"},"alternateName":"Gruff","potentialAction":[{"@type":"SearchAction","target":{"@type":"EntryPoint","urlTemplate":"https:\/\/grufftechnology.eu\/lv\/?s={search_term_string}"},"query-input":{"@type":"PropertyValueSpecification","valueRequired":true,"valueName":"search_term_string"}}],"inLanguage":"lv-LV"},{"@type":"Organization","@id":"https:\/\/grufftechnology.eu\/lv\/#organization","name":"Gruff Technology","url":"https:\/\/grufftechnology.eu\/lv\/","logo":{"@type":"ImageObject","inLanguage":"lv-LV","@id":"https:\/\/grufftechnology.eu\/lv\/#\/schema\/logo\/image\/","url":"https:\/\/grufftechnology.eu\/wp-content\/uploads\/2023\/03\/GRUFF-T.svg","contentUrl":"https:\/\/grufftechnology.eu\/wp-content\/uploads\/2023\/03\/GRUFF-T.svg","caption":"Gruff Technology"},"image":{"@id":"https:\/\/grufftechnology.eu\/lv\/#\/schema\/logo\/image\/"},"sameAs":["https:\/\/www.facebook.com\/Grufftechnology"]}]}},"_links":{"self":[{"href":"https:\/\/grufftechnology.eu\/lv\/wp-json\/wp\/v2\/pages\/2089","targetHints":{"allow":["GET"]}}],"collection":[{"href":"https:\/\/grufftechnology.eu\/lv\/wp-json\/wp\/v2\/pages"}],"about":[{"href":"https:\/\/grufftechnology.eu\/lv\/wp-json\/wp\/v2\/types\/page"}],"author":[{"embeddable":true,"href":"https:\/\/grufftechnology.eu\/lv\/wp-json\/wp\/v2\/users\/4"}],"replies":[{"embeddable":true,"href":"https:\/\/grufftechnology.eu\/lv\/wp-json\/wp\/v2\/comments?post=2089"}],"version-history":[{"count":2,"href":"https:\/\/grufftechnology.eu\/lv\/wp-json\/wp\/v2\/pages\/2089\/revisions"}],"predecessor-version":[{"id":2103,"href":"https:\/\/grufftechnology.eu\/lv\/wp-json\/wp\/v2\/pages\/2089\/revisions\/2103"}],"wp:attachment":[{"href":"https:\/\/grufftechnology.eu\/lv\/wp-json\/wp\/v2\/media?parent=2089"}],"curies":[{"name":"wp","href":"https:\/\/api.w.org\/{rel}","templated":true}]}}