{"id":1385,"date":"2026-03-09T12:23:56","date_gmt":"2026-03-09T10:23:56","guid":{"rendered":"https:\/\/grufftechnology.eu\/product\/64-a-din-sliedes-relejs\/"},"modified":"2026-03-17T20:12:59","modified_gmt":"2026-03-17T18:12:59","slug":"64-a-din-sliedes-relejs","status":"publish","type":"product","link":"https:\/\/grufftechnology.eu\/lv\/product\/64-a-din-sliedes-relejs\/","title":{"rendered":"64 A DIN sliedes relejs"},"content":{"rendered":"<div class=\"wp-block-group gruff-section\">\n<h2 class=\"wp-block-heading has-4-xl-font-size\">K\u0101p\u0113c izv\u0113l\u0113ties Gruff DIN sliedes releju?<\/h2>\n<div class=\"wp-block-columns\">\n<div class=\"wp-block-column\">\n<div class=\"wp-block-group gruff-why-item\">\n<p class=\"gruff-icon-text\">savings<\/p>\n<p class=\"has-text-dark-color has-text-color\">Skaidrs finansi\u0101ls ieguvums, ietaup\u012bjumi l\u012bdz \u20ac200 gad\u0101<\/p>\n<\/div>\n<div class=\"wp-block-group gruff-why-item\">\n<p class=\"gruff-icon-text\">wifi<\/p>\n<p class=\"has-text-dark-color has-text-color\">Ier\u012b\u010du att\u0101lin\u0101ta iesl\u0113g\u0161ana\/izsl\u0113g\u0161ana<\/p>\n<\/div>\n<\/div>\n<div class=\"wp-block-column\">\n<div class=\"wp-block-group gruff-why-item\">\n<p class=\"gruff-icon-text\">smart_toy<\/p>\n<p class=\"has-text-dark-color has-text-color\">Vieda ener\u0123ijas pat\u0113ri\u0146a optimiz\u0101cija<\/p>\n<\/div>\n<div class=\"wp-block-group gruff-why-item\">\n<p class=\"gruff-icon-text\">eco<\/p>\n<p class=\"has-text-dark-color has-text-color\">Palieliniet za\u013c\u0101s ener\u0123ijas \u012bpatsvaru<\/p>\n<\/div>\n<\/div>\n<div class=\"wp-block-column\">\n<div class=\"wp-block-group gruff-why-item\">\n<p class=\"gruff-icon-text\">phone_iphone<\/p>\n<p class=\"has-text-dark-color has-text-color\">Vienk\u0101r\u0161a un \u0113rta lieto\u0161ana ar mobilo lietotni<\/p>\n<\/div>\n<div class=\"wp-block-group gruff-why-item\">\n<p class=\"gruff-icon-text\">security<\/p>\n<p class=\"has-text-dark-color has-text-color\">Dro\u0161a programmat\u016bra, dati netiek koplietoti<\/p>\n<\/div>\n<\/div>\n<\/div>\n<\/div>\n<div class=\"wp-block-group gruff-section gruff-section--surface has-surface-background-color has-background\">\n<h2 class=\"wp-block-heading has-4-xl-font-size\">Tehnisk\u0101s specifik\u0101cijas<\/h2>\n<div class=\"wp-block-columns\">\n<div class=\"wp-block-column\">\n<div class=\"wp-block-group gruff-card\">\n<p class=\"gruff-icon-text\">wifi<\/p>\n<h3 class=\"wp-block-heading has-xl-font-size\">Wi-Fi sader\u012bba<\/h3>\n<p class=\"has-muted-color has-text-color has-small-font-size\">Relejs darbojas lok\u0101l\u0101 2,4 GHz Wi-Fi t\u012bkl\u0101.<\/p>\n<\/div>\n<\/div>\n<div class=\"wp-block-column\">\n<div class=\"wp-block-group gruff-card\">\n<p class=\"gruff-icon-text\">bolt<\/p>\n<h3 class=\"wp-block-heading has-xl-font-size\">Jaudas p\u0101rvald\u012bba<\/h3>\n<p class=\"has-muted-color has-text-color has-small-font-size\">Atbalsta l\u012bdz 64A str\u0101vu. Paredz\u0113ts lieljaudas ier\u012bc\u0113m, piem\u0113ram, gr\u012bdas apkurei, \u016bdens sild\u012bt\u0101jiem un elektroauto uzl\u0101d\u0113m.<\/p>\n<\/div>\n<\/div>\n<div class=\"wp-block-column\">\n<div class=\"wp-block-group gruff-card\">\n<p class=\"gruff-icon-text\">electrical_services<\/p>\n<h3 class=\"wp-block-heading has-xl-font-size\">Lieto\u0161ana<\/h3>\n<p class=\"has-muted-color has-text-color has-small-font-size\">Paredz\u0113ta lieto\u0161anai standarta elektrot\u012bklos.<\/p>\n<\/div>\n<\/div>\n<div class=\"wp-block-column\">\n<div class=\"wp-block-group gruff-card\">\n<p class=\"gruff-icon-text\">support_agent<\/p>\n<h3 class=\"wp-block-heading has-xl-font-size\">Programmat\u016bra un atbalsts<\/h3>\n<p class=\"has-muted-color has-text-color has-small-font-size\">Minim\u0101li atjaunin\u0101jumi, kas nodro\u0161ina bezprobl\u0113mu pieredzi. Gruff Technology pied\u0101v\u0101 visaptvero\u0161u bezmaksas klientu atbalstu.<\/p>\n<\/div>\n<\/div>\n<\/div>\n<\/div>\n<div class=\"wp-block-group gruff-section\">\n<h2 class=\"wp-block-heading has-4-xl-font-size\">Lieto\u0161anas gad\u012bjumi<\/h2>\n<div class=\"wp-block-columns\">\n<div class=\"wp-block-column\">\n<div class=\"wp-block-group gruff-card\">\n<p class=\"gruff-icon-circle-block\">water_drop<\/p>\n<h3 class=\"wp-block-heading has-xl-font-size\">Gr\u012bdas apkure<\/h3>\n<p class=\"has-small-font-size has-muted-color has-text-color\">Autom\u0101tiski kontrol\u0113jiet gr\u012bdas apkuri l\u0113t\u0101kaj\u0101s stund\u0101s<\/p>\n<\/div>\n<\/div>\n<div class=\"wp-block-column\">\n<div class=\"wp-block-group gruff-card\">\n<p class=\"gruff-icon-circle-block\">thermostat<\/p>\n<h3 class=\"wp-block-heading has-xl-font-size\">Apkures sist\u0113mas<\/h3>\n<p class=\"has-small-font-size has-muted-color has-text-color\">Optimiz\u0113jiet apkures sist\u0113mas ener\u0123ijas pat\u0113ri\u0146u<\/p>\n<\/div>\n<\/div>\n<div class=\"wp-block-column\">\n<div class=\"wp-block-group gruff-card\">\n<p class=\"gruff-icon-circle-block\">electric_car<\/p>\n<h3 class=\"wp-block-heading has-xl-font-size\">Elektroauto uzl\u0101de<\/h3>\n<p class=\"has-small-font-size has-muted-color has-text-color\">Uzl\u0101d\u0113jiet elektroauto l\u0113t\u0101kaj\u0101s stund\u0101s<\/p>\n<\/div>\n<\/div>\n<div class=\"wp-block-column\">\n<div class=\"wp-block-group gruff-card\">\n<p class=\"gruff-icon-circle-block\">hot_tub<\/p>\n<h3 class=\"wp-block-heading has-xl-font-size\">\u016adens sild\u012bt\u0101js<\/h3>\n<p class=\"has-small-font-size has-muted-color has-text-color\">Autom\u0101tiski sildiet \u016bdeni l\u0113t\u0101kaj\u0101s stund\u0101s<\/p>\n<\/div>\n<\/div>\n<\/div>\n<\/div>\n<div class=\"wp-block-group gruff-section gruff-section--surface has-surface-background-color has-background\">\n<h2 class=\"wp-block-heading has-text-align-center has-4-xl-font-size\">Gruff lietotne<\/h2>\n<p class=\"has-text-align-center has-muted-color has-text-color\">Gruff lietotne ir pieejama gan Android, gan iOS ier\u012bc\u0113m. Ar lietotni j\u016bs varat:<\/p>\n<ul class=\"gruff-checklist is-style-gruff-checklist has-text-dark-color has-text-color wp-block-list\">\n<li>Sekot Nord Pool cen\u0101m re\u0101llaik\u0101<\/li>\n<li>Iestat\u012bt cenu limitus un darb\u012bbas stundas<\/li>\n<li>Skat\u012bt ener\u0123ijas pat\u0113ri\u0146a v\u0113sturi<\/li>\n<li>Att\u0101lin\u0101ti iesl\u0113gt\/izsl\u0113gt ier\u012bces<\/li>\n<li>Sa\u0146emt pazi\u0146ojumus par cenu izmai\u0146\u0101m<\/li>\n<\/ul>\n<\/div>\n","protected":false},"excerpt":{"rendered":"<p>Gruff DIN sliedes relejs ir Wi-Fi t\u012bkl\u0101 str\u0101d\u0101jo\u0161a ier\u012bce, ar kuru var regul\u0113t elektroener\u0123ijas pat\u0113ri\u0146u. Ier\u012bce reizi dien\u0101 no servera sa\u0146em Nord Pool cenas, un j\u016bs varat iestat\u012bt maksim\u0101lo cenu, pie kuras, piem\u0113ram, darbosies silt\u0101 gr\u012bda.<\/p>\n<ul>\n<li>Ieg\u0101d\u0101jieties Gruff releju<\/li>\n<li>Iestatiet maksim\u0101lo cenu un nepiecie\u0161am\u0101s darba stundas<\/li>\n<li>Baudiet maz\u0101kus elektr\u012bbas r\u0113\u0137inus<\/li>\n<\/ul>\n<p>Izmantojiet, piem\u0113ram, silt\u0101s gr\u012bdas vai citas apkures ier\u012bces vad\u012bbai vai automa\u0161\u012bnas uzl\u0101dei. Cenu at\u0161\u0137ir\u012bba sal\u012bdzin\u0101jum\u0101 ar dienas augst\u0101kaj\u0101m cen\u0101m ir aptuveni tr\u012bsk\u0101r\u0161a, pat\u0113ri\u0146\u0161 nav j\u0101samazina!<\/p>\n<p>NB! Uzst\u0101d\u012b\u0161anu dr\u012bkst veikt tikai sertific\u0113ts elektri\u0137is.<\/p>\n","protected":false},"featured_media":2267,"comment_status":"closed","ping_status":"closed","template":"","meta":{"inline_featured_image":false},"product_brand":[],"product_cat":[74],"product_tag":[],"class_list":{"0":"post-1385","1":"product","2":"type-product","3":"status-publish","4":"has-post-thumbnail","6":"product_cat-vieda-maja","8":"first","9":"instock","10":"featured","11":"taxable","12":"shipping-taxable","13":"purchasable","14":"product-type-simple"},"yoast_head":"<!-- This site is optimized with the Yoast SEO plugin v27.2 - https:\/\/yoast.com\/product\/yoast-seo-wordpress\/ -->\n<title>64 A DIN sliedes relejs - Gruff Technology<\/title>\n<meta name=\"robots\" content=\"index, follow, max-snippet:-1, max-image-preview:large, max-video-preview:-1\" \/>\n<link rel=\"canonical\" href=\"https:\/\/grufftechnology.eu\/lv\/product\/64-a-din-sliedes-relejs\/\" \/>\n<meta property=\"og:locale\" content=\"lv_LV\" \/>\n<meta property=\"og:type\" content=\"article\" \/>\n<meta property=\"og:title\" content=\"64 A DIN sliedes relejs - Gruff Technology\" \/>\n<meta property=\"og:description\" content=\"Gruff DIN sliedes relejs ir Wi-Fi t\u012bkl\u0101 str\u0101d\u0101jo\u0161a ier\u012bce, ar kuru var regul\u0113t elektroener\u0123ijas pat\u0113ri\u0146u. Ier\u012bce reizi dien\u0101 no servera sa\u0146em Nord Pool cenas, un j\u016bs varat iestat\u012bt maksim\u0101lo cenu, pie kuras, piem\u0113ram, darbosies silt\u0101 gr\u012bda.   Ieg\u0101d\u0101jieties Gruff releju  Iestatiet maksim\u0101lo cenu un nepiecie\u0161am\u0101s darba stundas  Baudiet maz\u0101kus elektr\u012bbas r\u0113\u0137inus  Izmantojiet, piem\u0113ram, silt\u0101s gr\u012bdas vai citas apkures ier\u012bces vad\u012bbai vai automa\u0161\u012bnas uzl\u0101dei. Cenu at\u0161\u0137ir\u012bba sal\u012bdzin\u0101jum\u0101 ar dienas augst\u0101kaj\u0101m cen\u0101m ir aptuveni tr\u012bsk\u0101r\u0161a, pat\u0113ri\u0146\u0161 nav j\u0101samazina!  NB! Uzst\u0101d\u012b\u0161anu dr\u012bkst veikt tikai sertific\u0113ts elektri\u0137is.\" \/>\n<meta property=\"og:url\" content=\"https:\/\/grufftechnology.eu\/lv\/product\/64-a-din-sliedes-relejs\/\" \/>\n<meta property=\"og:site_name\" content=\"Gruff Technology\" \/>\n<meta property=\"article:publisher\" content=\"https:\/\/www.facebook.com\/Grufftechnology\" \/>\n<meta property=\"article:modified_time\" content=\"2026-03-17T18:12:59+00:00\" \/>\n<meta property=\"og:image\" content=\"https:\/\/grufftechnology.eu\/wp-content\/uploads\/2026\/03\/relee-taustata.png\" \/>\n\t<meta property=\"og:image:width\" content=\"579\" \/>\n\t<meta property=\"og:image:height\" content=\"938\" \/>\n\t<meta property=\"og:image:type\" content=\"image\/png\" \/>\n<meta name=\"twitter:card\" content=\"summary_large_image\" \/>\n<meta name=\"twitter:label1\" content=\"Est. reading time\" \/>\n\t<meta name=\"twitter:data1\" content=\"1 min\u016b\u0161u\" \/>\n<script type=\"application\/ld+json\" class=\"yoast-schema-graph\">{\"@context\":\"https:\/\/schema.org\",\"@graph\":[{\"@type\":\"WebPage\",\"@id\":\"https:\/\/grufftechnology.eu\/lv\/product\/64-a-din-sliedes-relejs\/\",\"url\":\"https:\/\/grufftechnology.eu\/lv\/product\/64-a-din-sliedes-relejs\/\",\"name\":\"64 A DIN sliedes relejs - Gruff Technology\",\"isPartOf\":{\"@id\":\"https:\/\/grufftechnology.eu\/lv\/#website\"},\"primaryImageOfPage\":{\"@id\":\"https:\/\/grufftechnology.eu\/lv\/product\/64-a-din-sliedes-relejs\/#primaryimage\"},\"image\":{\"@id\":\"https:\/\/grufftechnology.eu\/lv\/product\/64-a-din-sliedes-relejs\/#primaryimage\"},\"thumbnailUrl\":\"https:\/\/grufftechnology.eu\/wp-content\/uploads\/2026\/03\/relee-taustata.png\",\"datePublished\":\"2026-03-09T10:23:56+00:00\",\"dateModified\":\"2026-03-17T18:12:59+00:00\",\"breadcrumb\":{\"@id\":\"https:\/\/grufftechnology.eu\/lv\/product\/64-a-din-sliedes-relejs\/#breadcrumb\"},\"inLanguage\":\"lv-LV\",\"potentialAction\":[{\"@type\":\"ReadAction\",\"target\":[\"https:\/\/grufftechnology.eu\/lv\/product\/64-a-din-sliedes-relejs\/\"]}]},{\"@type\":\"ImageObject\",\"inLanguage\":\"lv-LV\",\"@id\":\"https:\/\/grufftechnology.eu\/lv\/product\/64-a-din-sliedes-relejs\/#primaryimage\",\"url\":\"https:\/\/grufftechnology.eu\/wp-content\/uploads\/2026\/03\/relee-taustata.png\",\"contentUrl\":\"https:\/\/grufftechnology.eu\/wp-content\/uploads\/2026\/03\/relee-taustata.png\",\"width\":579,\"height\":938},{\"@type\":\"BreadcrumbList\",\"@id\":\"https:\/\/grufftechnology.eu\/lv\/product\/64-a-din-sliedes-relejs\/#breadcrumb\",\"itemListElement\":[{\"@type\":\"ListItem\",\"position\":1,\"name\":\"Home\",\"item\":\"https:\/\/grufftechnology.eu\/lv\/gruff-tehnologija\/\"},{\"@type\":\"ListItem\",\"position\":2,\"name\":\"Veikals\",\"item\":\"https:\/\/grufftechnology.eu\/shop\/\"},{\"@type\":\"ListItem\",\"position\":3,\"name\":\"64 A DIN sliedes relejs\"}]},{\"@type\":\"WebSite\",\"@id\":\"https:\/\/grufftechnology.eu\/lv\/#website\",\"url\":\"https:\/\/grufftechnology.eu\/lv\/\",\"name\":\"Gruff Technology\",\"description\":\"Save your money with saver socket\",\"publisher\":{\"@id\":\"https:\/\/grufftechnology.eu\/lv\/#organization\"},\"alternateName\":\"Gruff\",\"potentialAction\":[{\"@type\":\"SearchAction\",\"target\":{\"@type\":\"EntryPoint\",\"urlTemplate\":\"https:\/\/grufftechnology.eu\/lv\/?s={search_term_string}\"},\"query-input\":{\"@type\":\"PropertyValueSpecification\",\"valueRequired\":true,\"valueName\":\"search_term_string\"}}],\"inLanguage\":\"lv-LV\"},{\"@type\":\"Organization\",\"@id\":\"https:\/\/grufftechnology.eu\/lv\/#organization\",\"name\":\"Gruff Technology\",\"url\":\"https:\/\/grufftechnology.eu\/lv\/\",\"logo\":{\"@type\":\"ImageObject\",\"inLanguage\":\"lv-LV\",\"@id\":\"https:\/\/grufftechnology.eu\/lv\/#\/schema\/logo\/image\/\",\"url\":\"https:\/\/grufftechnology.eu\/wp-content\/uploads\/2023\/03\/GRUFF-T.svg\",\"contentUrl\":\"https:\/\/grufftechnology.eu\/wp-content\/uploads\/2023\/03\/GRUFF-T.svg\",\"caption\":\"Gruff Technology\"},\"image\":{\"@id\":\"https:\/\/grufftechnology.eu\/lv\/#\/schema\/logo\/image\/\"},\"sameAs\":[\"https:\/\/www.facebook.com\/Grufftechnology\"]}]}<\/script>\n<!-- \/ Yoast SEO plugin. -->","yoast_head_json":{"title":"64 A DIN sliedes relejs - Gruff Technology","robots":{"index":"index","follow":"follow","max-snippet":"max-snippet:-1","max-image-preview":"max-image-preview:large","max-video-preview":"max-video-preview:-1"},"canonical":"https:\/\/grufftechnology.eu\/lv\/product\/64-a-din-sliedes-relejs\/","og_locale":"lv_LV","og_type":"article","og_title":"64 A DIN sliedes relejs - Gruff Technology","og_description":"Gruff DIN sliedes relejs ir Wi-Fi t\u012bkl\u0101 str\u0101d\u0101jo\u0161a ier\u012bce, ar kuru var regul\u0113t elektroener\u0123ijas pat\u0113ri\u0146u. Ier\u012bce reizi dien\u0101 no servera sa\u0146em Nord Pool cenas, un j\u016bs varat iestat\u012bt maksim\u0101lo cenu, pie kuras, piem\u0113ram, darbosies silt\u0101 gr\u012bda.   Ieg\u0101d\u0101jieties Gruff releju  Iestatiet maksim\u0101lo cenu un nepiecie\u0161am\u0101s darba stundas  Baudiet maz\u0101kus elektr\u012bbas r\u0113\u0137inus  Izmantojiet, piem\u0113ram, silt\u0101s gr\u012bdas vai citas apkures ier\u012bces vad\u012bbai vai automa\u0161\u012bnas uzl\u0101dei. Cenu at\u0161\u0137ir\u012bba sal\u012bdzin\u0101jum\u0101 ar dienas augst\u0101kaj\u0101m cen\u0101m ir aptuveni tr\u012bsk\u0101r\u0161a, pat\u0113ri\u0146\u0161 nav j\u0101samazina!  NB! Uzst\u0101d\u012b\u0161anu dr\u012bkst veikt tikai sertific\u0113ts elektri\u0137is.","og_url":"https:\/\/grufftechnology.eu\/lv\/product\/64-a-din-sliedes-relejs\/","og_site_name":"Gruff Technology","article_publisher":"https:\/\/www.facebook.com\/Grufftechnology","article_modified_time":"2026-03-17T18:12:59+00:00","og_image":[{"width":579,"height":938,"url":"https:\/\/grufftechnology.eu\/wp-content\/uploads\/2026\/03\/relee-taustata.png","type":"image\/png"}],"twitter_card":"summary_large_image","twitter_misc":{"Est. reading time":"1 min\u016b\u0161u"},"schema":{"@context":"https:\/\/schema.org","@graph":[{"@type":"WebPage","@id":"https:\/\/grufftechnology.eu\/lv\/product\/64-a-din-sliedes-relejs\/","url":"https:\/\/grufftechnology.eu\/lv\/product\/64-a-din-sliedes-relejs\/","name":"64 A DIN sliedes relejs - Gruff Technology","isPartOf":{"@id":"https:\/\/grufftechnology.eu\/lv\/#website"},"primaryImageOfPage":{"@id":"https:\/\/grufftechnology.eu\/lv\/product\/64-a-din-sliedes-relejs\/#primaryimage"},"image":{"@id":"https:\/\/grufftechnology.eu\/lv\/product\/64-a-din-sliedes-relejs\/#primaryimage"},"thumbnailUrl":"https:\/\/grufftechnology.eu\/wp-content\/uploads\/2026\/03\/relee-taustata.png","datePublished":"2026-03-09T10:23:56+00:00","dateModified":"2026-03-17T18:12:59+00:00","breadcrumb":{"@id":"https:\/\/grufftechnology.eu\/lv\/product\/64-a-din-sliedes-relejs\/#breadcrumb"},"inLanguage":"lv-LV","potentialAction":[{"@type":"ReadAction","target":["https:\/\/grufftechnology.eu\/lv\/product\/64-a-din-sliedes-relejs\/"]}]},{"@type":"ImageObject","inLanguage":"lv-LV","@id":"https:\/\/grufftechnology.eu\/lv\/product\/64-a-din-sliedes-relejs\/#primaryimage","url":"https:\/\/grufftechnology.eu\/wp-content\/uploads\/2026\/03\/relee-taustata.png","contentUrl":"https:\/\/grufftechnology.eu\/wp-content\/uploads\/2026\/03\/relee-taustata.png","width":579,"height":938},{"@type":"BreadcrumbList","@id":"https:\/\/grufftechnology.eu\/lv\/product\/64-a-din-sliedes-relejs\/#breadcrumb","itemListElement":[{"@type":"ListItem","position":1,"name":"Home","item":"https:\/\/grufftechnology.eu\/lv\/gruff-tehnologija\/"},{"@type":"ListItem","position":2,"name":"Veikals","item":"https:\/\/grufftechnology.eu\/shop\/"},{"@type":"ListItem","position":3,"name":"64 A DIN sliedes relejs"}]},{"@type":"WebSite","@id":"https:\/\/grufftechnology.eu\/lv\/#website","url":"https:\/\/grufftechnology.eu\/lv\/","name":"Gruff Technology","description":"Save your money with saver socket","publisher":{"@id":"https:\/\/grufftechnology.eu\/lv\/#organization"},"alternateName":"Gruff","potentialAction":[{"@type":"SearchAction","target":{"@type":"EntryPoint","urlTemplate":"https:\/\/grufftechnology.eu\/lv\/?s={search_term_string}"},"query-input":{"@type":"PropertyValueSpecification","valueRequired":true,"valueName":"search_term_string"}}],"inLanguage":"lv-LV"},{"@type":"Organization","@id":"https:\/\/grufftechnology.eu\/lv\/#organization","name":"Gruff Technology","url":"https:\/\/grufftechnology.eu\/lv\/","logo":{"@type":"ImageObject","inLanguage":"lv-LV","@id":"https:\/\/grufftechnology.eu\/lv\/#\/schema\/logo\/image\/","url":"https:\/\/grufftechnology.eu\/wp-content\/uploads\/2023\/03\/GRUFF-T.svg","contentUrl":"https:\/\/grufftechnology.eu\/wp-content\/uploads\/2023\/03\/GRUFF-T.svg","caption":"Gruff Technology"},"image":{"@id":"https:\/\/grufftechnology.eu\/lv\/#\/schema\/logo\/image\/"},"sameAs":["https:\/\/www.facebook.com\/Grufftechnology"]}]}},"_links":{"self":[{"href":"https:\/\/grufftechnology.eu\/lv\/wp-json\/wp\/v2\/product\/1385","targetHints":{"allow":["GET"]}}],"collection":[{"href":"https:\/\/grufftechnology.eu\/lv\/wp-json\/wp\/v2\/product"}],"about":[{"href":"https:\/\/grufftechnology.eu\/lv\/wp-json\/wp\/v2\/types\/product"}],"replies":[{"embeddable":true,"href":"https:\/\/grufftechnology.eu\/lv\/wp-json\/wp\/v2\/comments?post=1385"}],"wp:featuredmedia":[{"embeddable":true,"href":"https:\/\/grufftechnology.eu\/lv\/wp-json\/wp\/v2\/media\/2267"}],"wp:attachment":[{"href":"https:\/\/grufftechnology.eu\/lv\/wp-json\/wp\/v2\/media?parent=1385"}],"wp:term":[{"taxonomy":"product_brand","embeddable":true,"href":"https:\/\/grufftechnology.eu\/lv\/wp-json\/wp\/v2\/product_brand?post=1385"},{"taxonomy":"product_cat","embeddable":true,"href":"https:\/\/grufftechnology.eu\/lv\/wp-json\/wp\/v2\/product_cat?post=1385"},{"taxonomy":"product_tag","embeddable":true,"href":"https:\/\/grufftechnology.eu\/lv\/wp-json\/wp\/v2\/product_tag?post=1385"}],"curies":[{"name":"wp","href":"https:\/\/api.w.org\/{rel}","templated":true}]}}