{"id":2052,"date":"2026-03-06T20:35:36","date_gmt":"2026-03-06T18:35:36","guid":{"rendered":"https:\/\/grufftechnology.eu\/?page_id=2052"},"modified":"2026-03-13T19:31:29","modified_gmt":"2026-03-13T17:31:29","slug":"oppsett","status":"publish","type":"page","link":"https:\/\/grufftechnology.eu\/no\/oppsett\/","title":{"rendered":"Oppsett"},"content":{"rendered":"\n<div class=\"wp-block-group gruff-section has-global-padding is-layout-constrained wp-block-group-is-layout-constrained\">\n\n\n<h1 class=\"wp-block-heading has-text-align-center has-5-xl-font-size\" style=\"font-weight:800;letter-spacing:-0.025em;line-height:1.15;margin-bottom:var(--wp--preset--spacing--30)\">Slik setter du det opp<\/h1>\n\n\n\n<p class=\"has-text-align-center has-muted-color has-text-color\" style=\"margin-bottom:var(--wp--preset--spacing--40)\">\u00c5 sette opp Gruff smartkontakten er enkelt og raskt. F\u00f8lg trinnene nedenfor og begynn \u00e5 spare p\u00e5 under 5 minutter.<\/p>\n\n\n\n<div style=\"max-width:720px;margin:0 auto;aspect-ratio:16\/9\"><iframe loading=\"lazy\" data-cookieconsent=\"ignore\" width=\"100%\" height=\"100%\" src=\"https:\/\/www.youtube-nocookie.com\/embed\/tP-1Js7tPzI\" title=\"Gruff Technology\" frameborder=\"0\" allow=\"accelerometer; autoplay; clipboard-write; encrypted-media; gyroscope; picture-in-picture; web-share\" allowfullscreen style=\"border-radius:1rem\"><\/iframe><\/div>\n\n\n<\/div>\n\n\n\n<div class=\"wp-block-group gruff-section gruff-section--surface has-surface-background-color has-background has-global-padding is-layout-constrained wp-block-group-is-layout-constrained\">\n\n\n<h2 class=\"wp-block-heading has-text-align-center has-4-xl-font-size\" style=\"margin-bottom:var(--wp--preset--spacing--50)\">4 enkle trinn<\/h2>\n\n\n\n<div class=\"wp-block-group gruff-card has-global-padding is-layout-constrained wp-block-group-is-layout-constrained\">\n\n\n<div class=\"wp-block-group is-nowrap is-layout-flex wp-container-core-group-is-layout-6c531013 wp-block-group-is-layout-flex\">\n\n\n<div style=\"width:48px;height:48px;border-radius:50%;background:#14C546;color:#fff;display:flex;align-items:center;justify-content:center;font-weight:700;font-size:1.25rem;flex-shrink:0\">1<\/div>\n\n\n\n<div class=\"wp-block-group is-layout-flow wp-block-group-is-layout-flow\">\n\n\n<h3 class=\"wp-block-heading has-large-font-size\" style=\"font-weight:700\">Last ned Gruff-appen<\/h3>\n\n\n\n<p class=\"has-muted-color has-text-color has-small-font-size\">Last ned Gruff Technology-appen fra Google Play eller Apple App Store. Appen er gratis og krever ikke abonnement. S\u00f8k etter n\u00f8kkelordet <strong>GRUFF<\/strong>. Etter installasjon, gi appen tilgang til posisjonsdata.<\/p>\n\n\n\n<div style=\"display:flex;gap:0.75rem;flex-wrap:wrap;margin-top:0.5rem\">\n<a href=\"https:\/\/play.google.com\/store\/apps\/details?id=eu.grufftechnology.automation\" target=\"_blank\" rel=\"noopener noreferrer\" style=\"display:inline-flex;align-items:center;gap:0.5rem;background:#1a1d23;color:#fff;padding:0.6rem 1.5rem;border-radius:2rem;text-decoration:none;font-weight:500;font-size:0.875rem\">\n<svg width=\"20\" height=\"22\" viewBox=\"0 0 20 22\" fill=\"none\"><path d=\"M1.57 0.37C1.22 0.73 1 1.29 1 2v18c0 0.71 0.22 1.27 0.57 1.63L1.65 21.71 11.36 12l-9.71-9.71L1.57 0.37Z\" fill=\"#4285F4\"\/><path d=\"M14.68 15.32L11.36 12l3.32-3.32 3.74 2.12c1.07 0.61 1.07 1.6 0 2.2l-3.74 2.32Z\" fill=\"#FBBC04\"\/><path d=\"M14.68 15.32L11.36 12 1.65 21.71C2.12 22.21 2.9 22.27 3.79 21.77L14.68 15.32Z\" fill=\"#EA4335\"\/><path d=\"M14.68 6.68L3.79 0.23C2.9-0.27 2.12-0.21 1.65 0.29L11.36 12l3.32-3.32Z\" fill=\"#34A853\"\/><\/svg>\nGoogle Play\n<\/a>\n<a href=\"https:\/\/apps.apple.com\/ee\/app\/gruff-automation\/id6499204517\" target=\"_blank\" rel=\"noopener noreferrer\" style=\"display:inline-flex;align-items:center;gap:0.5rem;background:#1a1d23;color:#fff;padding:0.6rem 1.5rem;border-radius:2rem;text-decoration:none;font-weight:500;font-size:0.875rem\">\n<svg width=\"18\" height=\"22\" viewBox=\"0 0 18 22\" fill=\"currentColor\"><path d=\"M14.94 11.58c-.03-2.8 2.3-4.15 2.4-4.22-1.31-1.91-3.34-2.17-4.06-2.2-1.73-.18-3.38 1.02-4.26 1.02-.88 0-2.24-.99-3.68-.97-1.89.03-3.63 1.1-4.61 2.8-1.97 3.41-.5 8.47 1.41 11.24.94 1.36 2.06 2.88 3.53 2.83 1.41-.06 1.95-.91 3.66-.91 1.71 0 2.19.91 3.68.88 1.53-.03 2.49-1.38 3.42-2.75 1.08-1.58 1.52-3.11 1.55-3.19-.03-.01-2.97-1.14-3-4.53zM12.13 3.42C12.93 2.44 13.47 1.11 13.32 0c-1.12.05-2.56.78-3.37 1.74-.72.84-1.37 2.2-1.2 3.5 1.27.1 2.57-.64 3.38-1.82z\"\/><\/svg>\nApp Store\n<\/a>\n<\/div>\n\n\n<\/div>\n\n\n<\/div>\n\n\n<\/div>\n\n\n\n<div class=\"wp-block-group gruff-card has-global-padding is-layout-constrained wp-block-group-is-layout-constrained\">\n\n\n<div class=\"wp-block-group is-nowrap is-layout-flex wp-container-core-group-is-layout-6c531013 wp-block-group-is-layout-flex\">\n\n\n<div style=\"width:48px;height:48px;border-radius:50%;background:#14C546;color:#fff;display:flex;align-items:center;justify-content:center;font-weight:700;font-size:1.25rem;flex-shrink:0\">2<\/div>\n\n\n\n<div class=\"wp-block-group is-layout-flow wp-block-group-is-layout-flow\">\n\n\n<h3 class=\"wp-block-heading has-large-font-size\" style=\"font-weight:700\">Koble kontakten til Wi-Fi<\/h3>\n\n\n\n<p class=\"has-muted-color has-text-color has-small-font-size\">Sett smartkontakten i en stikkontakt og f\u00f8lg instruksjonene i appen for \u00e5 koble den til Wi-Fi-nettverket ditt. Kontakten opererer p\u00e5 et 2,4 GHz Wi-Fi-nettverk.<\/p>\n\n\n\n<div style=\"background:#FEF3C7;border-radius:0.75rem;padding:1rem 1.25rem;margin-top:0.5rem;display:flex;align-items:flex-start;gap:0.75rem\">\n<span class=\"material-icons\" style=\"color:#92400E;font-size:1.25rem;flex-shrink:0;margin-top:2px\">info<\/span>\n<p style=\"margin:0;color:#92400E;font-size:0.875rem\"><strong>NB!<\/strong> Ved oppsett, sl\u00e5 av mobildata og aktiver posisjonstjenester. Ved kj\u00f8p er kontakten sl\u00e5tt p\u00e5 \u2014 for \u00e5 styre enheten basert p\u00e5 priser, velg \u00abAutomatisk\u00bb modus i appen.<\/p>\n<\/div>\n\n\n<\/div>\n\n\n<\/div>\n\n\n<\/div>\n\n\n\n<div class=\"wp-block-group gruff-card has-global-padding is-layout-constrained wp-block-group-is-layout-constrained\">\n\n\n<div class=\"wp-block-group is-nowrap is-layout-flex wp-container-core-group-is-layout-6c531013 wp-block-group-is-layout-flex\">\n\n\n<div style=\"width:48px;height:48px;border-radius:50%;background:#14C546;color:#fff;display:flex;align-items:center;justify-content:center;font-weight:700;font-size:1.25rem;flex-shrink:0\">3<\/div>\n\n\n\n<div class=\"wp-block-group is-layout-flow wp-block-group-is-layout-flow\">\n\n\n<h3 class=\"wp-block-heading has-large-font-size\" style=\"font-weight:700\">Sett prisgrenser<\/h3>\n\n\n\n<p class=\"has-muted-color has-text-color has-small-font-size\">Sett maksimal str\u00f8mpris (\u00f8re\/kWh) i appen, under hvilken enheten din skal operere. Du kan ogs\u00e5 konfigurere kritiske timer da enheten alltid m\u00e5 kj\u00f8re.<\/p>\n\n\n<\/div>\n\n\n<\/div>\n\n\n<\/div>\n\n\n\n<div class=\"wp-block-group gruff-card has-global-padding is-layout-constrained wp-block-group-is-layout-constrained\">\n\n\n<div class=\"wp-block-group is-nowrap is-layout-flex wp-container-core-group-is-layout-6c531013 wp-block-group-is-layout-flex\">\n\n\n<div style=\"width:48px;height:48px;border-radius:50%;background:#14C546;color:#fff;display:flex;align-items:center;justify-content:center;font-weight:700;font-size:1.25rem;flex-shrink:0\">4<\/div>\n\n\n\n<div class=\"wp-block-group is-layout-flow wp-block-group-is-layout-flow\">\n\n\n<h3 class=\"wp-block-heading has-large-font-size\" style=\"font-weight:700\">Ferdig! Begynn \u00e5 spare<\/h3>\n\n\n\n<p class=\"has-muted-color has-text-color has-small-font-size\">Kontakten vil automatisk begynne \u00e5 f\u00f8lge Nord Pool-priser og sl\u00e5 p\u00e5 enheten din kun i de billigste timene. Du kan se besparelsene med en gang i appen.<\/p>\n\n\n<\/div>\n\n\n<\/div>\n\n\n<\/div>\n\n\n<\/div>\n\n\n\n<div class=\"wp-block-group gruff-section has-global-padding is-layout-constrained wp-block-group-is-layout-constrained\">\n\n\n<div class=\"wp-block-columns are-vertically-aligned-center is-layout-flex wp-container-core-columns-is-layout-28f84493 wp-block-columns-is-layout-flex\">\n\n\n<div class=\"wp-block-column is-vertically-aligned-center is-layout-flow wp-block-column-is-layout-flow\">\n\n\n<h2 class=\"wp-block-heading has-4-xl-font-size\" style=\"font-weight:800;margin-bottom:var(--wp--preset--spacing--30)\">Gruff-appen<\/h2>\n\n\n\n<p class=\"has-muted-color has-text-color\" style=\"margin-bottom:var(--wp--preset--spacing--40)\">Gruff-appen er tilgjengelig for b\u00e5de Android og iOS. Med appen kan du:<\/p>\n\n\n\n<ul class=\"has-muted-color has-text-color has-small-font-size is-style-gruff-checklist wp-block-list\">\n\n<li>F\u00f8lge Nord Pool-priser i sanntid<\/li>\n\n\n<li>Sette prisgrenser og arbeidstider<\/li>\n\n\n<li>Se energiforbrukshistorikk<\/li>\n\n\n<li>Sl\u00e5 enheter av\/p\u00e5 eksternt<\/li>\n\n\n<li>Motta varsler om prisendringer<\/li>\n\n<\/ul>\n\n\n\n<div style=\"display:flex;gap:0.75rem;flex-wrap:wrap\">\n<a href=\"https:\/\/play.google.com\/store\/apps\/details?id=eu.grufftechnology.automation\" target=\"_blank\" rel=\"noopener noreferrer\" style=\"display:inline-flex;align-items:center;gap:0.5rem;background:#1a1d23;color:#fff;padding:0.6rem 1.5rem;border-radius:2rem;text-decoration:none;font-weight:500;font-size:0.875rem\">\n<svg width=\"20\" height=\"22\" viewBox=\"0 0 20 22\" fill=\"none\"><path d=\"M1.57 0.37C1.22 0.73 1 1.29 1 2v18c0 0.71 0.22 1.27 0.57 1.63L1.65 21.71 11.36 12l-9.71-9.71L1.57 0.37Z\" fill=\"#4285F4\"\/><path d=\"M14.68 15.32L11.36 12l3.32-3.32 3.74 2.12c1.07 0.61 1.07 1.6 0 2.2l-3.74 2.32Z\" fill=\"#FBBC04\"\/><path d=\"M14.68 15.32L11.36 12 1.65 21.71C2.12 22.21 2.9 22.27 3.79 21.77L14.68 15.32Z\" fill=\"#EA4335\"\/><path d=\"M14.68 6.68L3.79 0.23C2.9-0.27 2.12-0.21 1.65 0.29L11.36 12l3.32-3.32Z\" fill=\"#34A853\"\/><\/svg>\nGoogle Play\n<\/a>\n<a href=\"https:\/\/apps.apple.com\/ee\/app\/gruff-automation\/id6499204517\" target=\"_blank\" rel=\"noopener noreferrer\" style=\"display:inline-flex;align-items:center;gap:0.5rem;background:#1a1d23;color:#fff;padding:0.6rem 1.5rem;border-radius:2rem;text-decoration:none;font-weight:500;font-size:0.875rem\">\n<svg width=\"18\" height=\"22\" viewBox=\"0 0 18 22\" fill=\"currentColor\"><path d=\"M14.94 11.58c-.03-2.8 2.3-4.15 2.4-4.22-1.31-1.91-3.34-2.17-4.06-2.2-1.73-.18-3.38 1.02-4.26 1.02-.88 0-2.24-.99-3.68-.97-1.89.03-3.63 1.1-4.61 2.8-1.97 3.41-.5 8.47 1.41 11.24.94 1.36 2.06 2.88 3.53 2.83 1.41-.06 1.95-.91 3.66-.91 1.71 0 2.19.91 3.68.88 1.53-.03 2.49-1.38 3.42-2.75 1.08-1.58 1.52-3.11 1.55-3.19-.03-.01-2.97-1.14-3-4.53zM12.13 3.42C12.93 2.44 13.47 1.11 13.32 0c-1.12.05-2.56.78-3.37 1.74-.72.84-1.37 2.2-1.2 3.5 1.27.1 2.57-.64 3.38-1.82z\"\/><\/svg>\nApp Store\n<\/a>\n<\/div>\n\n\n<\/div>\n\n\n\n<div class=\"wp-block-column is-vertically-aligned-center is-layout-flow wp-block-column-is-layout-flow\">\n\n\n<div style=\"display:flex;justify-content:center;\">\n\t<img decoding=\"async\" src=\"https:\/\/grufftechnology.eu\/wp-content\/uploads\/2026\/03\/boiler.jpg\" alt=\"Gruff app boiler screen\" class=\"gruff-phone-mockup-img\" style=\"max-width:320px;width:100%;height:auto;border-radius:2rem;\" \/>\n<\/div>\n\n\n<\/div>\n\n\n<\/div>\n\n\n<\/div>\n\n\n\n<div class=\"wp-block-group gruff-section gruff-section--surface has-surface-background-color has-background has-global-padding is-layout-constrained wp-block-group-is-layout-constrained\">\n\n\n<h2 class=\"wp-block-heading has-text-align-center has-4-xl-font-size\" style=\"margin-bottom:var(--wp--preset--spacing--50)\">Ofte stilte sp\u00f8rsm\u00e5l<\/h2>\n\n\n\n<div class=\"gruff-faq\" style=\"display:flex;flex-direction:column;gap:1rem;\"><details class=\"gruff-faq\"><summary>Fungerer kontakten med et 5 GHz Wi-Fi-nettverk?<span class=\"material-icons\">expand_more<\/span><\/summary><div class=\"gruff-faq__answer\">Nei, kontakten fungerer kun p\u00e5 et 2,4 GHz Wi-Fi-nettverk. De fleste rutere st\u00f8tter begge frekvensene.<\/div><\/details><details class=\"gruff-faq\"><summary>Er appen gratis?<span class=\"material-icons\">expand_more<\/span><\/summary><div class=\"gruff-faq__answer\">Ja, Gruff-appen er helt gratis uten m\u00e5nedlige avgifter.<\/div><\/details><details class=\"gruff-faq\"><summary>Hvor kraftig enhet kan kobles til?<span class=\"material-icons\">expand_more<\/span><\/summary><div class=\"gruff-faq__answer\">Den smarte kontakten st\u00f8tter enheter opp til 3,5 kW. For kraftigere enheter anbefaler vi DIN-skinne-releet.<\/div><\/details><details class=\"gruff-faq\"><summary>Er dataene mine sikre?<span class=\"material-icons\">expand_more<\/span><\/summary><div class=\"gruff-faq__answer\">Ja, alle beregninger skjer lokalt p\u00e5 enheten din. Vi samler ikke inn eller deler dine personopplysninger.<\/div><\/details><details class=\"gruff-faq\"><summary>Hva skjer hvis internett g\u00e5r ned?<span class=\"material-icons\">expand_more<\/span><\/summary><div class=\"gruff-faq__answer\">Enheten beholder sin siste tidsplan og fortsetter \u00e5 fungere. N\u00e5r internett er gjenopprettet, synkroniseres nye priser automatisk.<\/div><\/details><details class=\"gruff-faq\"><summary>Kan jeg bruke flere kontakter?<span class=\"material-icons\">expand_more<\/span><\/summary><div class=\"gruff-faq__answer\">Ja, du kan legge til og administrere s\u00e5 mange Gruff-kontakter som du trenger fra \u00e9n app.<\/div><\/details><\/div>\n\n\n<\/div>\n\n\n\n<div class=\"wp-block-group gruff-section gruff-section--dark has-dark-background-color has-background has-global-padding is-layout-constrained wp-block-group-is-layout-constrained\">\n\n\n<h2 class=\"wp-block-heading has-text-align-center has-white-color has-text-color has-4-xl-font-size\" style=\"margin-bottom:var(--wp--preset--spacing--30)\">Klar til \u00e5 begynne \u00e5 spare?<\/h2>\n\n\n\n<p class=\"has-text-align-center has-text-light-color has-text-color\" style=\"margin-bottom:var(--wp--preset--spacing--50)\">Oppsettet tar mindre enn 5 minutter. Begynn \u00e5 optimalisere energikostnadene dine i dag.<\/p>\n\n\n\n<div class=\"wp-block-buttons is-content-justification-center is-layout-flex wp-container-core-buttons-is-layout-a89b3969 wp-block-buttons-is-layout-flex\">\n\n<div class=\"wp-block-button is-style-gruff-cta\"><a class=\"wp-block-button__link has-primary-background-color has-background wp-element-button\" href=\"https:\/\/grufftechnology.eu\/product\/nutipistik\/\">Se produkter \u2192<\/a><\/div>\n\n<\/div>\n\n\n<\/div>\n","protected":false},"excerpt":{"rendered":"<p>Slik setter du det opp \u00c5 sette opp Gruff smartkontakten er enkelt og raskt. F\u00f8lg trinnene nedenfor og begynn \u00e5 spare p\u00e5 under 5 minutter. 4 enkle trinn 1 Last ned Gruff-appen Last ned Gruff Technology-appen fra Google Play eller Apple App Store. Appen er gratis og krever ikke abonnement. S\u00f8k etter n\u00f8kkelordet GRUFF. Etter [&hellip;]<\/p>\n","protected":false},"author":4,"featured_media":0,"parent":0,"menu_order":0,"comment_status":"closed","ping_status":"closed","template":"page-seadistamine","meta":{"inline_featured_image":false,"footnotes":""},"class_list":["post-2052","page","type-page","status-publish","hentry"],"yoast_head":"<!-- This site is optimized with the Yoast SEO plugin v27.2 - https:\/\/yoast.com\/product\/yoast-seo-wordpress\/ -->\n<title>Oppsett - Gruff Technology<\/title>\n<meta name=\"robots\" content=\"index, follow, max-snippet:-1, max-image-preview:large, max-video-preview:-1\" \/>\n<link rel=\"canonical\" href=\"https:\/\/grufftechnology.eu\/no\/oppsett\/\" \/>\n<meta property=\"og:locale\" content=\"nb_NO\" \/>\n<meta property=\"og:type\" content=\"article\" \/>\n<meta property=\"og:title\" content=\"Oppsett - Gruff Technology\" \/>\n<meta property=\"og:description\" content=\"Slik setter du det opp \u00c5 sette opp Gruff smartkontakten er enkelt og raskt. F\u00f8lg trinnene nedenfor og begynn \u00e5 spare p\u00e5 under 5 minutter. 4 enkle trinn 1 Last ned Gruff-appen Last ned Gruff Technology-appen fra Google Play eller Apple App Store. Appen er gratis og krever ikke abonnement. S\u00f8k etter n\u00f8kkelordet GRUFF. Etter [&hellip;]\" \/>\n<meta property=\"og:url\" content=\"https:\/\/grufftechnology.eu\/no\/oppsett\/\" \/>\n<meta property=\"og:site_name\" content=\"Gruff Technology\" \/>\n<meta property=\"article:publisher\" content=\"https:\/\/www.facebook.com\/Grufftechnology\" \/>\n<meta property=\"article:modified_time\" content=\"2026-03-13T17:31:29+00:00\" \/>\n<meta property=\"og:image\" content=\"https:\/\/grufftechnology.eu\/wp-content\/uploads\/2026\/03\/boiler.jpg\" \/>\n<meta name=\"twitter:card\" content=\"summary_large_image\" \/>\n<meta name=\"twitter:label1\" content=\"Ansl. lesetid\" \/>\n\t<meta name=\"twitter:data1\" content=\"2 minutter\" \/>\n<script type=\"application\/ld+json\" class=\"yoast-schema-graph\">{\"@context\":\"https:\/\/schema.org\",\"@graph\":[{\"@type\":\"WebPage\",\"@id\":\"https:\/\/grufftechnology.eu\/no\/oppsett\/\",\"url\":\"https:\/\/grufftechnology.eu\/no\/oppsett\/\",\"name\":\"Oppsett - Gruff Technology\",\"isPartOf\":{\"@id\":\"https:\/\/grufftechnology.eu\/no\/#website\"},\"primaryImageOfPage\":{\"@id\":\"https:\/\/grufftechnology.eu\/no\/oppsett\/#primaryimage\"},\"image\":{\"@id\":\"https:\/\/grufftechnology.eu\/no\/oppsett\/#primaryimage\"},\"thumbnailUrl\":\"https:\/\/grufftechnology.eu\/wp-content\/uploads\/2026\/03\/boiler.jpg\",\"datePublished\":\"2026-03-06T18:35:36+00:00\",\"dateModified\":\"2026-03-13T17:31:29+00:00\",\"breadcrumb\":{\"@id\":\"https:\/\/grufftechnology.eu\/no\/oppsett\/#breadcrumb\"},\"inLanguage\":\"nb-NO\",\"potentialAction\":[{\"@type\":\"ReadAction\",\"target\":[\"https:\/\/grufftechnology.eu\/no\/oppsett\/\"]}]},{\"@type\":\"ImageObject\",\"inLanguage\":\"nb-NO\",\"@id\":\"https:\/\/grufftechnology.eu\/no\/oppsett\/#primaryimage\",\"url\":\"https:\/\/grufftechnology.eu\/wp-content\/uploads\/2026\/03\/boiler.jpg\",\"contentUrl\":\"https:\/\/grufftechnology.eu\/wp-content\/uploads\/2026\/03\/boiler.jpg\"},{\"@type\":\"BreadcrumbList\",\"@id\":\"https:\/\/grufftechnology.eu\/no\/oppsett\/#breadcrumb\",\"itemListElement\":[{\"@type\":\"ListItem\",\"position\":1,\"name\":\"Home\",\"item\":\"https:\/\/grufftechnology.eu\/no\/gruff-technology\/\"},{\"@type\":\"ListItem\",\"position\":2,\"name\":\"Oppsett\"}]},{\"@type\":\"WebSite\",\"@id\":\"https:\/\/grufftechnology.eu\/no\/#website\",\"url\":\"https:\/\/grufftechnology.eu\/no\/\",\"name\":\"Gruff Technology\",\"description\":\"Save your money with saver socket\",\"publisher\":{\"@id\":\"https:\/\/grufftechnology.eu\/no\/#organization\"},\"alternateName\":\"Gruff\",\"potentialAction\":[{\"@type\":\"SearchAction\",\"target\":{\"@type\":\"EntryPoint\",\"urlTemplate\":\"https:\/\/grufftechnology.eu\/no\/?s={search_term_string}\"},\"query-input\":{\"@type\":\"PropertyValueSpecification\",\"valueRequired\":true,\"valueName\":\"search_term_string\"}}],\"inLanguage\":\"nb-NO\"},{\"@type\":\"Organization\",\"@id\":\"https:\/\/grufftechnology.eu\/no\/#organization\",\"name\":\"Gruff Technology\",\"url\":\"https:\/\/grufftechnology.eu\/no\/\",\"logo\":{\"@type\":\"ImageObject\",\"inLanguage\":\"nb-NO\",\"@id\":\"https:\/\/grufftechnology.eu\/no\/#\/schema\/logo\/image\/\",\"url\":\"https:\/\/grufftechnology.eu\/wp-content\/uploads\/2023\/03\/GRUFF-T.svg\",\"contentUrl\":\"https:\/\/grufftechnology.eu\/wp-content\/uploads\/2023\/03\/GRUFF-T.svg\",\"caption\":\"Gruff Technology\"},\"image\":{\"@id\":\"https:\/\/grufftechnology.eu\/no\/#\/schema\/logo\/image\/\"},\"sameAs\":[\"https:\/\/www.facebook.com\/Grufftechnology\"]}]}<\/script>\n<!-- \/ Yoast SEO plugin. -->","yoast_head_json":{"title":"Oppsett - Gruff Technology","robots":{"index":"index","follow":"follow","max-snippet":"max-snippet:-1","max-image-preview":"max-image-preview:large","max-video-preview":"max-video-preview:-1"},"canonical":"https:\/\/grufftechnology.eu\/no\/oppsett\/","og_locale":"nb_NO","og_type":"article","og_title":"Oppsett - Gruff Technology","og_description":"Slik setter du det opp \u00c5 sette opp Gruff smartkontakten er enkelt og raskt. F\u00f8lg trinnene nedenfor og begynn \u00e5 spare p\u00e5 under 5 minutter. 4 enkle trinn 1 Last ned Gruff-appen Last ned Gruff Technology-appen fra Google Play eller Apple App Store. Appen er gratis og krever ikke abonnement. S\u00f8k etter n\u00f8kkelordet GRUFF. Etter [&hellip;]","og_url":"https:\/\/grufftechnology.eu\/no\/oppsett\/","og_site_name":"Gruff Technology","article_publisher":"https:\/\/www.facebook.com\/Grufftechnology","article_modified_time":"2026-03-13T17:31:29+00:00","og_image":[{"url":"https:\/\/grufftechnology.eu\/wp-content\/uploads\/2026\/03\/boiler.jpg","type":"","width":"","height":""}],"twitter_card":"summary_large_image","twitter_misc":{"Ansl. lesetid":"2 minutter"},"schema":{"@context":"https:\/\/schema.org","@graph":[{"@type":"WebPage","@id":"https:\/\/grufftechnology.eu\/no\/oppsett\/","url":"https:\/\/grufftechnology.eu\/no\/oppsett\/","name":"Oppsett - Gruff Technology","isPartOf":{"@id":"https:\/\/grufftechnology.eu\/no\/#website"},"primaryImageOfPage":{"@id":"https:\/\/grufftechnology.eu\/no\/oppsett\/#primaryimage"},"image":{"@id":"https:\/\/grufftechnology.eu\/no\/oppsett\/#primaryimage"},"thumbnailUrl":"https:\/\/grufftechnology.eu\/wp-content\/uploads\/2026\/03\/boiler.jpg","datePublished":"2026-03-06T18:35:36+00:00","dateModified":"2026-03-13T17:31:29+00:00","breadcrumb":{"@id":"https:\/\/grufftechnology.eu\/no\/oppsett\/#breadcrumb"},"inLanguage":"nb-NO","potentialAction":[{"@type":"ReadAction","target":["https:\/\/grufftechnology.eu\/no\/oppsett\/"]}]},{"@type":"ImageObject","inLanguage":"nb-NO","@id":"https:\/\/grufftechnology.eu\/no\/oppsett\/#primaryimage","url":"https:\/\/grufftechnology.eu\/wp-content\/uploads\/2026\/03\/boiler.jpg","contentUrl":"https:\/\/grufftechnology.eu\/wp-content\/uploads\/2026\/03\/boiler.jpg"},{"@type":"BreadcrumbList","@id":"https:\/\/grufftechnology.eu\/no\/oppsett\/#breadcrumb","itemListElement":[{"@type":"ListItem","position":1,"name":"Home","item":"https:\/\/grufftechnology.eu\/no\/gruff-technology\/"},{"@type":"ListItem","position":2,"name":"Oppsett"}]},{"@type":"WebSite","@id":"https:\/\/grufftechnology.eu\/no\/#website","url":"https:\/\/grufftechnology.eu\/no\/","name":"Gruff Technology","description":"Save your money with saver socket","publisher":{"@id":"https:\/\/grufftechnology.eu\/no\/#organization"},"alternateName":"Gruff","potentialAction":[{"@type":"SearchAction","target":{"@type":"EntryPoint","urlTemplate":"https:\/\/grufftechnology.eu\/no\/?s={search_term_string}"},"query-input":{"@type":"PropertyValueSpecification","valueRequired":true,"valueName":"search_term_string"}}],"inLanguage":"nb-NO"},{"@type":"Organization","@id":"https:\/\/grufftechnology.eu\/no\/#organization","name":"Gruff Technology","url":"https:\/\/grufftechnology.eu\/no\/","logo":{"@type":"ImageObject","inLanguage":"nb-NO","@id":"https:\/\/grufftechnology.eu\/no\/#\/schema\/logo\/image\/","url":"https:\/\/grufftechnology.eu\/wp-content\/uploads\/2023\/03\/GRUFF-T.svg","contentUrl":"https:\/\/grufftechnology.eu\/wp-content\/uploads\/2023\/03\/GRUFF-T.svg","caption":"Gruff Technology"},"image":{"@id":"https:\/\/grufftechnology.eu\/no\/#\/schema\/logo\/image\/"},"sameAs":["https:\/\/www.facebook.com\/Grufftechnology"]}]}},"_links":{"self":[{"href":"https:\/\/grufftechnology.eu\/no\/wp-json\/wp\/v2\/pages\/2052","targetHints":{"allow":["GET"]}}],"collection":[{"href":"https:\/\/grufftechnology.eu\/no\/wp-json\/wp\/v2\/pages"}],"about":[{"href":"https:\/\/grufftechnology.eu\/no\/wp-json\/wp\/v2\/types\/page"}],"author":[{"embeddable":true,"href":"https:\/\/grufftechnology.eu\/no\/wp-json\/wp\/v2\/users\/4"}],"replies":[{"embeddable":true,"href":"https:\/\/grufftechnology.eu\/no\/wp-json\/wp\/v2\/comments?post=2052"}],"version-history":[{"count":3,"href":"https:\/\/grufftechnology.eu\/no\/wp-json\/wp\/v2\/pages\/2052\/revisions"}],"predecessor-version":[{"id":2200,"href":"https:\/\/grufftechnology.eu\/no\/wp-json\/wp\/v2\/pages\/2052\/revisions\/2200"}],"wp:attachment":[{"href":"https:\/\/grufftechnology.eu\/no\/wp-json\/wp\/v2\/media?parent=2052"}],"curies":[{"name":"wp","href":"https:\/\/api.w.org\/{rel}","templated":true}]}}