{"id":2056,"date":"2026-03-06T20:35:13","date_gmt":"2026-03-06T18:35:13","guid":{"rendered":"https:\/\/grufftechnology.eu\/?page_id=2056"},"modified":"2026-03-13T20:28:06","modified_gmt":"2026-03-13T18:28:06","slug":"bedriftskunder","status":"publish","type":"page","link":"https:\/\/grufftechnology.eu\/no\/bedriftskunder\/","title":{"rendered":"Bedriftskunder"},"content":{"rendered":"\n<div class=\"wp-block-group gruff-section has-global-padding is-layout-constrained wp-container-core-group-is-layout-3a4e4474 wp-block-group-is-layout-constrained\">\n\n<div class=\"wp-block-columns is-layout-flex wp-container-core-columns-is-layout-6b276c36 wp-block-columns-is-layout-flex\">\n\n<div class=\"wp-block-column is-layout-flow wp-block-column-is-layout-flow\" style=\"flex-basis:60%\">\n\n<p class=\"has-primary-color has-text-color has-small-font-size\" style=\"font-weight:600\">Bedrift<\/p>\n\n\n\n<h1 class=\"wp-block-heading has-5-xl-font-size\" style=\"font-weight:800;letter-spacing:-0.025em;line-height:1.15\">Bedriftsl\u00f8sninger for<br><mark style=\"background-color:transparent;color:#14C546\" class=\"has-inline-color\">energistyring<\/mark><\/h1>\n\n\n\n<p class=\"has-muted-color has-text-color\">Gruff Technology tilbyr skreddersydde energistyringsl\u00f8sninger for bedrifter. Reduser bedriftens str\u00f8mkostnader og administrer flere enheter fra ett kontrollpanel.<\/p>\n\n\n\n<ul class=\"has-muted-color has-text-color has-small-font-size wp-block-list\">\n<li>Skreddersydde l\u00f8sninger for kontorer og lagre<\/li>\n\n\n<li>Avansert API-tilgang og rapportering<\/li>\n\n\n<li>Administrasjonspanel for flere enheter<\/li>\n\n\n<li>Individuell prissetting<\/li>\n\n\n<li>Prioritert kundest\u00f8tte<\/li>\n<\/ul>\n\n\n\n<div class=\"wp-block-buttons is-layout-flex wp-block-buttons-is-layout-flex\">\n<div class=\"wp-block-button is-style-gruff-cta\"><a class=\"wp-block-button__link has-primary-background-color has-background wp-element-button\" href=\"\/no\/kontakt\/\">Kontakt oss<\/a><\/div>\n<\/div>\n\n<\/div>\n\n\n\n<div class=\"wp-block-column is-layout-flow wp-block-column-is-layout-flow\" style=\"flex-basis:40%\">\n\n<figure class=\"wp-block-image size-large\"><img decoding=\"async\" src=\"https:\/\/grufftechnology.eu\/wp-content\/uploads\/2024\/07\/pakend-automation.jpg\" alt=\"Business Solutions\"\/><\/figure>\n\n<\/div>\n\n<\/div>\n\n<\/div>\n\n\n\n<div class=\"wp-block-group gruff-section gruff-section--surface has-surface-background-color has-background has-global-padding is-layout-constrained wp-container-core-group-is-layout-3a4e4474 wp-block-group-is-layout-constrained\">\n\n<h2 class=\"wp-block-heading has-text-align-center has-4-xl-font-size\">Hvorfor velge en Gruff bedriftsl\u00f8sning?<\/h2>\n\n\n\n<div class=\"wp-block-columns is-layout-flex wp-container-core-columns-is-layout-e0bfaba5 wp-block-columns-is-layout-flex\">\n\n<div class=\"wp-block-column is-layout-flow wp-block-column-is-layout-flow\">\n\n<div class=\"wp-block-group gruff-card has-global-padding is-layout-constrained wp-block-group-is-layout-constrained\">\n\n<p class=\"gruff-icon-text\">trending_down<\/p>\n\n\n<h3 class=\"wp-block-heading has-xl-font-size\">Kostnadsreduksjon<\/h3>\n\n\n<p class=\"has-muted-color has-text-color has-small-font-size\">Automatisk optimalisering av energiforbruk basert p\u00e5 Nord Pool-priser reduserer bedriftens str\u00f8mkostnader betydelig.<\/p>\n\n<\/div>\n\n<\/div>\n\n\n\n<div class=\"wp-block-column is-layout-flow wp-block-column-is-layout-flow\">\n\n<div class=\"wp-block-group gruff-card has-global-padding is-layout-constrained wp-block-group-is-layout-constrained\">\n\n<p class=\"gruff-icon-text\">dashboard<\/p>\n\n\n<h3 class=\"wp-block-heading has-xl-font-size\">Sentralisert styring<\/h3>\n\n\n<p class=\"has-muted-color has-text-color has-small-font-size\">Administrer alle enheter fra ett kontrollpanel. Sanntidsoversikt over energiforbruk og kostnader.<\/p>\n\n<\/div>\n\n<\/div>\n\n\n\n<div class=\"wp-block-column is-layout-flow wp-block-column-is-layout-flow\">\n\n<div class=\"wp-block-group gruff-card has-global-padding is-layout-constrained wp-block-group-is-layout-constrained\">\n\n<p class=\"gruff-icon-text\">api<\/p>\n\n\n<h3 class=\"wp-block-heading has-xl-font-size\">API-integrasjon<\/h3>\n\n\n<p class=\"has-muted-color has-text-color has-small-font-size\">Avansert API muliggj\u00f8r integrering av energistyring i eksisterende systemer og opprettelse av tilpassede rapporter.<\/p>\n\n<\/div>\n\n<\/div>\n\n<\/div>\n\n<\/div>\n\n\n\n<div class=\"wp-block-group gruff-section has-global-padding is-layout-constrained wp-container-core-group-is-layout-3a4e4474 wp-block-group-is-layout-constrained\">\n\n<h2 class=\"wp-block-heading has-text-align-center has-4-xl-font-size\">Smarte l\u00f8sninger for ethvert behov<\/h2>\n\n\n\n<p class=\"has-text-align-center has-muted-color has-text-color\">Velg riktig energistyrer for ditt hjem eller din bedrift.<\/p>\n\n\n\n<div class=\"wp-block-columns is-layout-flex wp-container-core-columns-is-layout-6b276c36 wp-block-columns-is-layout-flex\">\n\n<div class=\"wp-block-column is-layout-flow wp-block-column-is-layout-flow\">\n\n<div class=\"wp-block-group gruff-product-card has-global-padding is-layout-constrained wp-block-group-is-layout-constrained\">\n\n<figure class=\"wp-block-image size-medium gruff-product-card__image\"><img decoding=\"async\" src=\"https:\/\/grufftechnology.eu\/wp-content\/uploads\/2026\/03\/Gruff-soc.png\" alt=\"Smartplugg\"\/><\/figure>\n\n\n<h3 class=\"wp-block-heading has-xl-font-size\" style=\"font-weight:700\">Smartplugg<\/h3>\n\n\n<ul class=\"has-muted-color has-text-color has-small-font-size wp-block-list\">\n<li>Plugges direkte inn i eksisterende stikkontakt<\/li>\n\n\n<li>Styrer enheter med h\u00f8yt forbruk opptil 3,5 kW<\/li>\n\n\n<li>Visuell prisindikator (gr\u00f8nn\/r\u00f8d LED)<\/li>\n<\/ul>\n\n<span class=\"woocommerce-Price-amount amount\">65,00&nbsp;<span class=\"woocommerce-Price-currencySymbol\">&euro;<\/span><\/span>\n\n<a href=\"https:\/\/grufftechnology.eu\/no\/handlekurv\/?add-to-cart=1379\" class=\"gruff-cta-link\" style=\"padding:0.5rem 1rem;border-radius:0.5rem;font-size:0.875rem;\">Legg i handlekurven <span class=\"material-icons\" style=\"font-size:1rem;\">add_shopping_cart<\/span><\/a>\n\n<\/div>\n\n<\/div>\n\n\n\n<div class=\"wp-block-column is-layout-flow wp-block-column-is-layout-flow\">\n\n<div class=\"wp-block-group gruff-product-card has-global-padding is-layout-constrained wp-block-group-is-layout-constrained\">\n\n<figure class=\"wp-block-image size-medium gruff-product-card__image\"><img decoding=\"async\" src=\"https:\/\/grufftechnology.eu\/wp-content\/uploads\/2026\/03\/relee-taustata.png\" alt=\"DIN-skinnerel\u00e9\"\/><\/figure>\n\n\n<h3 class=\"wp-block-heading has-xl-font-size\" style=\"font-weight:700\">DIN-skinnerel\u00e9<\/h3>\n\n\n<ul class=\"has-muted-color has-text-color has-small-font-size wp-block-list\">\n<li>Installeres direkte i sikringsskapet<\/li>\n\n\n<li>Ideell for varmtvannsberedere og gulvvarme<\/li>\n\n\n<li>Krever profesjonell installasjon<\/li>\n<\/ul>\n\n<span class=\"woocommerce-Price-amount amount\">95,00&nbsp;<span class=\"woocommerce-Price-currencySymbol\">&euro;<\/span><\/span>\n\n<a href=\"https:\/\/grufftechnology.eu\/no\/handlekurv\/?add-to-cart=1375\" class=\"gruff-cta-link\" style=\"padding:0.5rem 1rem;border-radius:0.5rem;font-size:0.875rem;\">Legg i handlekurven <span class=\"material-icons\" style=\"font-size:1rem;\">add_shopping_cart<\/span><\/a>\n\n<\/div>\n\n<\/div>\n\n\n\n<div class=\"wp-block-column is-layout-flow wp-block-column-is-layout-flow\">\n\n<div class=\"wp-block-group gruff-product-card has-global-padding is-layout-constrained wp-block-group-is-layout-constrained\">\n\n<figure class=\"wp-block-image size-medium gruff-product-card__image\"><img loading=\"lazy\" decoding=\"async\" width=\"300\" height=\"300\" src=\"https:\/\/grufftechnology.eu\/wp-content\/uploads\/2026\/03\/business-solutions-iredgUgEj2qwwVDYxLkBz2-300x300.webp\" alt=\"Gruff Business Solutions\" class=\"wp-image-1583\" srcset=\"https:\/\/grufftechnology.eu\/wp-content\/uploads\/2026\/03\/business-solutions-iredgUgEj2qwwVDYxLkBz2-300x300.webp 300w, https:\/\/grufftechnology.eu\/wp-content\/uploads\/2026\/03\/business-solutions-iredgUgEj2qwwVDYxLkBz2-100x100.webp 100w, https:\/\/grufftechnology.eu\/wp-content\/uploads\/2026\/03\/business-solutions-iredgUgEj2qwwVDYxLkBz2-600x600.webp 600w, https:\/\/grufftechnology.eu\/wp-content\/uploads\/2026\/03\/business-solutions-iredgUgEj2qwwVDYxLkBz2-1024x1024.webp 1024w, https:\/\/grufftechnology.eu\/wp-content\/uploads\/2026\/03\/business-solutions-iredgUgEj2qwwVDYxLkBz2-150x150.webp 150w, https:\/\/grufftechnology.eu\/wp-content\/uploads\/2026\/03\/business-solutions-iredgUgEj2qwwVDYxLkBz2-768x768.webp 768w, https:\/\/grufftechnology.eu\/wp-content\/uploads\/2026\/03\/business-solutions-iredgUgEj2qwwVDYxLkBz2-1536x1536.webp 1536w, https:\/\/grufftechnology.eu\/wp-content\/uploads\/2026\/03\/business-solutions-iredgUgEj2qwwVDYxLkBz2.webp 1920w\" sizes=\"auto, (max-width: 300px) 100vw, 300px\" \/><\/figure>\n\n\n<h3 class=\"wp-block-heading has-xl-font-size\" style=\"font-weight:700\">Bedriftsl\u00f8sninger<\/h3>\n\n\n<ul class=\"has-muted-color has-text-color has-small-font-size wp-block-list\">\n<li>Skreddersydde l\u00f8sninger for kontorer og lagre<\/li>\n\n\n<li>Avansert API-tilgang og rapportering<\/li>\n\n\n<li>Administrasjonspanel for flere enheter<\/li>\n<\/ul>\n\n\n<p class=\"has-muted-color has-text-color has-small-font-size\">Individuell prissetting<\/p>\n\n\n<div class=\"wp-block-buttons is-layout-flex wp-block-buttons-is-layout-flex\">\n<div class=\"wp-block-button is-style-outline is-style-outline--1\"><a class=\"wp-block-button__link wp-element-button\" href=\"\/no\/kontakt\/\">Kontakt oss<\/a><\/div>\n<\/div>\n\n<\/div>\n\n<\/div>\n\n<\/div>\n\n<\/div>\n\n\n\n<div class=\"wp-block-group gruff-section gruff-section--dark has-dark-background-color has-background has-global-padding is-layout-constrained wp-container-core-group-is-layout-985d9e89 wp-block-group-is-layout-constrained\">\n\n<h2 class=\"wp-block-heading has-text-align-center has-white-color has-text-color has-4-xl-font-size\">La oss snakke om dine behov<\/h2>\n\n\n<p class=\"has-text-align-center has-text-light-color has-text-color has-large-font-size\">Kontakt oss, s\u00e5 finner vi den rette l\u00f8sningen for din bedrift.<\/p>\n\n\n<div class=\"wp-block-buttons is-content-justification-center is-layout-flex wp-container-core-buttons-is-layout-a89b3969 wp-block-buttons-is-layout-flex\">\n\n<div class=\"wp-block-button is-style-gruff-cta\"><a class=\"wp-block-button__link has-primary-background-color has-background wp-element-button\" href=\"tel:+37253493962\">+372 53493962<\/a><\/div>\n\n\n<div class=\"wp-block-button is-style-outline is-style-outline--2\"><a class=\"wp-block-button__link wp-element-button\" href=\"mailto:info@grufftechnology.eu\">info@grufftechnology.eu<\/a><\/div>\n\n<\/div>\n\n<\/div>\n","protected":false},"excerpt":{"rendered":"<p>Bedrift Bedriftsl\u00f8sninger forenergistyring Gruff Technology tilbyr skreddersydde energistyringsl\u00f8sninger for bedrifter. Reduser bedriftens str\u00f8mkostnader og administrer flere enheter fra ett kontrollpanel. Hvorfor velge en Gruff bedriftsl\u00f8sning? trending_down Kostnadsreduksjon Automatisk optimalisering av energiforbruk basert p\u00e5 Nord Pool-priser reduserer bedriftens str\u00f8mkostnader betydelig. dashboard Sentralisert styring Administrer alle enheter fra ett kontrollpanel. Sanntidsoversikt over energiforbruk og kostnader. api API-integrasjon [&hellip;]<\/p>\n","protected":false},"author":4,"featured_media":0,"parent":0,"menu_order":0,"comment_status":"closed","ping_status":"closed","template":"page-arikliendile","meta":{"inline_featured_image":false,"footnotes":""},"class_list":["post-2056","page","type-page","status-publish","hentry"],"yoast_head":"<!-- This site is optimized with the Yoast SEO plugin v27.2 - https:\/\/yoast.com\/product\/yoast-seo-wordpress\/ -->\n<title>Bedriftskunder - Gruff Technology<\/title>\n<meta name=\"robots\" content=\"index, follow, max-snippet:-1, max-image-preview:large, max-video-preview:-1\" \/>\n<link rel=\"canonical\" href=\"https:\/\/grufftechnology.eu\/no\/bedriftskunder\/\" \/>\n<meta property=\"og:locale\" content=\"nb_NO\" \/>\n<meta property=\"og:type\" content=\"article\" \/>\n<meta property=\"og:title\" content=\"Bedriftskunder - Gruff Technology\" \/>\n<meta property=\"og:description\" content=\"Bedrift Bedriftsl\u00f8sninger forenergistyring Gruff Technology tilbyr skreddersydde energistyringsl\u00f8sninger for bedrifter. Reduser bedriftens str\u00f8mkostnader og administrer flere enheter fra ett kontrollpanel. Hvorfor velge en Gruff bedriftsl\u00f8sning? trending_down Kostnadsreduksjon Automatisk optimalisering av energiforbruk basert p\u00e5 Nord Pool-priser reduserer bedriftens str\u00f8mkostnader betydelig. dashboard Sentralisert styring Administrer alle enheter fra ett kontrollpanel. Sanntidsoversikt over energiforbruk og kostnader. api API-integrasjon [&hellip;]\" \/>\n<meta property=\"og:url\" content=\"https:\/\/grufftechnology.eu\/no\/bedriftskunder\/\" \/>\n<meta property=\"og:site_name\" content=\"Gruff Technology\" \/>\n<meta property=\"article:publisher\" content=\"https:\/\/www.facebook.com\/Grufftechnology\" \/>\n<meta property=\"article:modified_time\" content=\"2026-03-13T18:28:06+00:00\" \/>\n<meta property=\"og:image\" content=\"https:\/\/grufftechnology.eu\/wp-content\/uploads\/2024\/07\/pakend-automation.jpg\" \/>\n<meta name=\"twitter:card\" content=\"summary_large_image\" \/>\n<meta name=\"twitter:label1\" content=\"Ansl. lesetid\" \/>\n\t<meta name=\"twitter:data1\" content=\"1 minutt\" \/>\n<script type=\"application\/ld+json\" class=\"yoast-schema-graph\">{\"@context\":\"https:\/\/schema.org\",\"@graph\":[{\"@type\":\"WebPage\",\"@id\":\"https:\/\/grufftechnology.eu\/no\/bedriftskunder\/\",\"url\":\"https:\/\/grufftechnology.eu\/no\/bedriftskunder\/\",\"name\":\"Bedriftskunder - Gruff Technology\",\"isPartOf\":{\"@id\":\"https:\/\/grufftechnology.eu\/no\/#website\"},\"primaryImageOfPage\":{\"@id\":\"https:\/\/grufftechnology.eu\/no\/bedriftskunder\/#primaryimage\"},\"image\":{\"@id\":\"https:\/\/grufftechnology.eu\/no\/bedriftskunder\/#primaryimage\"},\"thumbnailUrl\":\"https:\/\/grufftechnology.eu\/wp-content\/uploads\/2024\/07\/pakend-automation.jpg\",\"datePublished\":\"2026-03-06T18:35:13+00:00\",\"dateModified\":\"2026-03-13T18:28:06+00:00\",\"breadcrumb\":{\"@id\":\"https:\/\/grufftechnology.eu\/no\/bedriftskunder\/#breadcrumb\"},\"inLanguage\":\"nb-NO\",\"potentialAction\":[{\"@type\":\"ReadAction\",\"target\":[\"https:\/\/grufftechnology.eu\/no\/bedriftskunder\/\"]}]},{\"@type\":\"ImageObject\",\"inLanguage\":\"nb-NO\",\"@id\":\"https:\/\/grufftechnology.eu\/no\/bedriftskunder\/#primaryimage\",\"url\":\"https:\/\/grufftechnology.eu\/wp-content\/uploads\/2024\/07\/pakend-automation.jpg\",\"contentUrl\":\"https:\/\/grufftechnology.eu\/wp-content\/uploads\/2024\/07\/pakend-automation.jpg\"},{\"@type\":\"BreadcrumbList\",\"@id\":\"https:\/\/grufftechnology.eu\/no\/bedriftskunder\/#breadcrumb\",\"itemListElement\":[{\"@type\":\"ListItem\",\"position\":1,\"name\":\"Home\",\"item\":\"https:\/\/grufftechnology.eu\/no\/gruff-technology\/\"},{\"@type\":\"ListItem\",\"position\":2,\"name\":\"Bedriftskunder\"}]},{\"@type\":\"WebSite\",\"@id\":\"https:\/\/grufftechnology.eu\/no\/#website\",\"url\":\"https:\/\/grufftechnology.eu\/no\/\",\"name\":\"Gruff Technology\",\"description\":\"Save your money with saver socket\",\"publisher\":{\"@id\":\"https:\/\/grufftechnology.eu\/no\/#organization\"},\"alternateName\":\"Gruff\",\"potentialAction\":[{\"@type\":\"SearchAction\",\"target\":{\"@type\":\"EntryPoint\",\"urlTemplate\":\"https:\/\/grufftechnology.eu\/no\/?s={search_term_string}\"},\"query-input\":{\"@type\":\"PropertyValueSpecification\",\"valueRequired\":true,\"valueName\":\"search_term_string\"}}],\"inLanguage\":\"nb-NO\"},{\"@type\":\"Organization\",\"@id\":\"https:\/\/grufftechnology.eu\/no\/#organization\",\"name\":\"Gruff Technology\",\"url\":\"https:\/\/grufftechnology.eu\/no\/\",\"logo\":{\"@type\":\"ImageObject\",\"inLanguage\":\"nb-NO\",\"@id\":\"https:\/\/grufftechnology.eu\/no\/#\/schema\/logo\/image\/\",\"url\":\"https:\/\/grufftechnology.eu\/wp-content\/uploads\/2023\/03\/GRUFF-T.svg\",\"contentUrl\":\"https:\/\/grufftechnology.eu\/wp-content\/uploads\/2023\/03\/GRUFF-T.svg\",\"caption\":\"Gruff Technology\"},\"image\":{\"@id\":\"https:\/\/grufftechnology.eu\/no\/#\/schema\/logo\/image\/\"},\"sameAs\":[\"https:\/\/www.facebook.com\/Grufftechnology\"]}]}<\/script>\n<!-- \/ Yoast SEO plugin. -->","yoast_head_json":{"title":"Bedriftskunder - Gruff Technology","robots":{"index":"index","follow":"follow","max-snippet":"max-snippet:-1","max-image-preview":"max-image-preview:large","max-video-preview":"max-video-preview:-1"},"canonical":"https:\/\/grufftechnology.eu\/no\/bedriftskunder\/","og_locale":"nb_NO","og_type":"article","og_title":"Bedriftskunder - Gruff Technology","og_description":"Bedrift Bedriftsl\u00f8sninger forenergistyring Gruff Technology tilbyr skreddersydde energistyringsl\u00f8sninger for bedrifter. Reduser bedriftens str\u00f8mkostnader og administrer flere enheter fra ett kontrollpanel. Hvorfor velge en Gruff bedriftsl\u00f8sning? trending_down Kostnadsreduksjon Automatisk optimalisering av energiforbruk basert p\u00e5 Nord Pool-priser reduserer bedriftens str\u00f8mkostnader betydelig. dashboard Sentralisert styring Administrer alle enheter fra ett kontrollpanel. Sanntidsoversikt over energiforbruk og kostnader. api API-integrasjon [&hellip;]","og_url":"https:\/\/grufftechnology.eu\/no\/bedriftskunder\/","og_site_name":"Gruff Technology","article_publisher":"https:\/\/www.facebook.com\/Grufftechnology","article_modified_time":"2026-03-13T18:28:06+00:00","og_image":[{"url":"https:\/\/grufftechnology.eu\/wp-content\/uploads\/2024\/07\/pakend-automation.jpg","type":"","width":"","height":""}],"twitter_card":"summary_large_image","twitter_misc":{"Ansl. lesetid":"1 minutt"},"schema":{"@context":"https:\/\/schema.org","@graph":[{"@type":"WebPage","@id":"https:\/\/grufftechnology.eu\/no\/bedriftskunder\/","url":"https:\/\/grufftechnology.eu\/no\/bedriftskunder\/","name":"Bedriftskunder - Gruff Technology","isPartOf":{"@id":"https:\/\/grufftechnology.eu\/no\/#website"},"primaryImageOfPage":{"@id":"https:\/\/grufftechnology.eu\/no\/bedriftskunder\/#primaryimage"},"image":{"@id":"https:\/\/grufftechnology.eu\/no\/bedriftskunder\/#primaryimage"},"thumbnailUrl":"https:\/\/grufftechnology.eu\/wp-content\/uploads\/2024\/07\/pakend-automation.jpg","datePublished":"2026-03-06T18:35:13+00:00","dateModified":"2026-03-13T18:28:06+00:00","breadcrumb":{"@id":"https:\/\/grufftechnology.eu\/no\/bedriftskunder\/#breadcrumb"},"inLanguage":"nb-NO","potentialAction":[{"@type":"ReadAction","target":["https:\/\/grufftechnology.eu\/no\/bedriftskunder\/"]}]},{"@type":"ImageObject","inLanguage":"nb-NO","@id":"https:\/\/grufftechnology.eu\/no\/bedriftskunder\/#primaryimage","url":"https:\/\/grufftechnology.eu\/wp-content\/uploads\/2024\/07\/pakend-automation.jpg","contentUrl":"https:\/\/grufftechnology.eu\/wp-content\/uploads\/2024\/07\/pakend-automation.jpg"},{"@type":"BreadcrumbList","@id":"https:\/\/grufftechnology.eu\/no\/bedriftskunder\/#breadcrumb","itemListElement":[{"@type":"ListItem","position":1,"name":"Home","item":"https:\/\/grufftechnology.eu\/no\/gruff-technology\/"},{"@type":"ListItem","position":2,"name":"Bedriftskunder"}]},{"@type":"WebSite","@id":"https:\/\/grufftechnology.eu\/no\/#website","url":"https:\/\/grufftechnology.eu\/no\/","name":"Gruff Technology","description":"Save your money with saver socket","publisher":{"@id":"https:\/\/grufftechnology.eu\/no\/#organization"},"alternateName":"Gruff","potentialAction":[{"@type":"SearchAction","target":{"@type":"EntryPoint","urlTemplate":"https:\/\/grufftechnology.eu\/no\/?s={search_term_string}"},"query-input":{"@type":"PropertyValueSpecification","valueRequired":true,"valueName":"search_term_string"}}],"inLanguage":"nb-NO"},{"@type":"Organization","@id":"https:\/\/grufftechnology.eu\/no\/#organization","name":"Gruff Technology","url":"https:\/\/grufftechnology.eu\/no\/","logo":{"@type":"ImageObject","inLanguage":"nb-NO","@id":"https:\/\/grufftechnology.eu\/no\/#\/schema\/logo\/image\/","url":"https:\/\/grufftechnology.eu\/wp-content\/uploads\/2023\/03\/GRUFF-T.svg","contentUrl":"https:\/\/grufftechnology.eu\/wp-content\/uploads\/2023\/03\/GRUFF-T.svg","caption":"Gruff Technology"},"image":{"@id":"https:\/\/grufftechnology.eu\/no\/#\/schema\/logo\/image\/"},"sameAs":["https:\/\/www.facebook.com\/Grufftechnology"]}]}},"_links":{"self":[{"href":"https:\/\/grufftechnology.eu\/no\/wp-json\/wp\/v2\/pages\/2056","targetHints":{"allow":["GET"]}}],"collection":[{"href":"https:\/\/grufftechnology.eu\/no\/wp-json\/wp\/v2\/pages"}],"about":[{"href":"https:\/\/grufftechnology.eu\/no\/wp-json\/wp\/v2\/types\/page"}],"author":[{"embeddable":true,"href":"https:\/\/grufftechnology.eu\/no\/wp-json\/wp\/v2\/users\/4"}],"replies":[{"embeddable":true,"href":"https:\/\/grufftechnology.eu\/no\/wp-json\/wp\/v2\/comments?post=2056"}],"version-history":[{"count":3,"href":"https:\/\/grufftechnology.eu\/no\/wp-json\/wp\/v2\/pages\/2056\/revisions"}],"predecessor-version":[{"id":2232,"href":"https:\/\/grufftechnology.eu\/no\/wp-json\/wp\/v2\/pages\/2056\/revisions\/2232"}],"wp:attachment":[{"href":"https:\/\/grufftechnology.eu\/no\/wp-json\/wp\/v2\/media?parent=2056"}],"curies":[{"name":"wp","href":"https:\/\/api.w.org\/{rel}","templated":true}]}}