{"id":2087,"date":"2026-03-09T14:35:37","date_gmt":"2026-03-09T12:35:37","guid":{"rendered":"https:\/\/www.grufftechnology.eu\/?page_id=2087"},"modified":"2026-03-12T09:22:31","modified_gmt":"2026-03-12T07:22:31","slug":"vilkar","status":"publish","type":"page","link":"https:\/\/grufftechnology.eu\/no\/vilkar\/","title":{"rendered":"Vilk\u00e5r"},"content":{"rendered":"\n<h2 class=\"wp-block-heading\">Salgs- og garantivilk\u00e5r<\/h2>\n\n\n\n<p>Nettbutikken grufftechnology.eu (heretter kalt nettbutikken) eies av Gruff Technology O\u00dc (registreringsnummer 16620414), med adresse Telliskivi 60, 10412 Tallinn, Estland.<\/p>\n\n\n\n<h3 class=\"wp-block-heading\">Salgsavtalens gyldighet, produkt- og prisinformasjon<\/h3>\n\n\n\n<p>Disse salgsvilk\u00e5rene gjelder ved kj\u00f8p av varer fra nettbutikken. Prisene p\u00e5 produkter som selges i nettbutikken vises ved hvert produkt. Produktinformasjon presenteres direkte ved produktet i nettbutikken.<\/p>\n\n\n\n<h3 class=\"wp-block-heading\">Bestilling<\/h3>\n\n\n\n<p>For \u00e5 bestille varer, legg til \u00f8nskede produkter i handlekurven. For \u00e5 fullf\u00f8re bestillingen, fyll ut de p\u00e5krevde feltene og velg en passende leveringsmetode. Totalbel\u00f8pet vises p\u00e5 skjermen og kan betales via banklenke eller annen betalingsl\u00f8sning. Alle betalinger behandles i euro.<\/p>\n\n\n\n<p>Betaling behandles gjennom Montonio betalingsl\u00f8sninger.<\/p>\n\n\n\n<p>Avtalen trer i kraft ved mottak av det betalbare bel\u00f8pet p\u00e5 nettbutikkens bankkonto.<\/p>\n\n\n\n<p>Hvis bestilte varer ikke kan leveres grunnet utsolgt lager eller andre \u00e5rsaker, vil kj\u00f8peren bli varslet s\u00e5 snart som mulig, og det betalte bel\u00f8pet (inkludert leveringskostnader) vil bli refundert uten forsinkelse, men senest 14 dager fra varselet.<\/p>\n\n\n\n<h3 class=\"wp-block-heading\">Levering<\/h3>\n\n\n\n<p>Varer sendes til f\u00f8lgende land: Estland og Finland. Innenlandsendinger innen Estland ankommer vanligvis kj\u00f8perens angitte destinasjon innen 2\u20133 virkedager fra datoen salgsavtalen trer i kraft, via Omniva pakkemaskiner. I unntakstilfeller kan leveringen ta opptil 45 kalenderdager.<\/p>\n\n\n\n<h3 class=\"wp-block-heading\">Angrerett<\/h3>\n\n\n\n<p>Etter mottak av bestillingen har kj\u00f8peren rett til \u00e5 trekke seg fra avtalen inng\u00e5tt i nettbutikken innen 14 dager. Angreretten gjelder ikke hvis kj\u00f8peren er en juridisk person.<\/p>\n\n\n\n<p>For \u00e5 benytte 14-dagers returrett, m\u00e5 de bestilte varene ikke ha blitt brukt p\u00e5 annen m\u00e5te enn det som er n\u00f8dvendig for \u00e5 verifisere varenes natur, egenskaper og funksjon, p\u00e5 samme m\u00e5te som ville v\u00e6rt tillatt for testing i en fysisk butikk.<\/p>\n\n\n\n<p>Hvis varene har blitt brukt til andre form\u00e5l eller viser tegn p\u00e5 bruk eller slitasje, har nettbutikken rett til \u00e5 redusere det refunderbare bel\u00f8pet i henhold til verdiforringelsen av varene.<\/p>\n\n\n\n<p>For \u00e5 returnere varene, send en fritt formulert angremelding til <a href=\"mailto:info@grufftechnology.eu\">info@grufftechnology.eu<\/a> senest 14 dager etter mottak av varene.<\/p>\n\n\n\n<p>Returkostnader b\u00e6res av kj\u00f8peren, med mindre \u00e5rsaken til returen er at varene ikke samsvarer med bestillingen (f.eks. feil eller defekt vare).<\/p>\n\n\n\n<p>Kj\u00f8peren m\u00e5 returnere varene innen 14 dager etter innsending av angremeldingen eller fremlegge bevis p\u00e5 at varene er overlevert til en transport\u00f8r innen denne perioden.<\/p>\n\n\n\n<p>Ved mottak av de returnerte varene vil nettbutikken refundere kj\u00f8peren uten forsinkelse, men senest 14 dager fra mottak av angremeldingen. Nettbutikken kan holde tilbake refusjonen til varene er returnert.<\/p>\n\n\n\n<p>Nettbutikken har rett til \u00e5 trekke seg fra salgstransaksjonen og kreve varene tilbake fra kj\u00f8peren hvis prisen i nettbutikken var feilaktig satt vesentlig under markedsprisen.<\/p>\n\n\n\n<h3 class=\"wp-block-heading\">Rett til \u00e5 klage<\/h3>\n\n\n\n<p>Nettbutikken er ansvarlig for manglende samsvar eller defekter i varer solgt til kj\u00f8peren som eksisterte ved overleveringstidspunktet og som viser seg innen to \u00e5r fra levering. I l\u00f8pet av de f\u00f8rste 12 m\u00e5nedene antas det at defekten eksisterte ved overleveringstidspunktet.<\/p>\n\n\n\n<p>Kj\u00f8peren har rett til \u00e5 kontakte nettbutikken innen to m\u00e5neder etter oppdagelsen av defekten ved \u00e5 sende en e-post til <a href=\"mailto:info@grufftechnology.eu\">info@grufftechnology.eu<\/a> eller ringe +372 53493962.<\/p>\n\n\n\n<p>Nettbutikken er ikke ansvarlig for defekter som oppst\u00e5r etter overlevering til kj\u00f8peren. Hvis varer har defekter som nettbutikken er ansvarlig for, vil nettbutikken reparere eller erstatte de defekte varene. Hvis reparasjon eller erstatning ikke er mulig, vil nettbutikken refundere alle bel\u00f8p betalt i henhold til salgsavtalen.<\/p>\n\n\n\n<p>Nettbutikken vil svare p\u00e5 forbrukerklager skriftlig eller i reproduserbar form innen 15 dager.<\/p>\n\n\n\n<h3 class=\"wp-block-heading\">Behandling av personopplysninger<\/h3>\n\n\n\n<p>Nettbutikken bruker personopplysninger oppgitt av kj\u00f8peren (inkludert navn, telefonnummer, adresse, e-postadresse, bankopplysninger) utelukkende for behandling av bestillinger og levering av varer. Nettbutikken deler personopplysninger med transportselskaper for levering av varer.<\/p>\n\n\n\n<h3 class=\"wp-block-heading\">Produktgaranti og returer<\/h3>\n\n\n\n<p>Gruff smartkontakt har en to\u00e5rig produsentgaranti fra kj\u00f8psdatoen. Ved produksjonsfeil kan du returnere produktet til butikken der det ble kj\u00f8pt. For nettbutikkkj\u00f8p, send produktet direkte til Gruff Technology O\u00dc p\u00e5 Telliskivi 60\/1, Tallinn 10412, eller til n\u00e6rmeste pakkemaskin. Under garantivilk\u00e5rene vil vi erstatte produktet eller kompensere kj\u00f8ps- og fraktprisen. Selgeren er ikke ansvarlig for skader for\u00e5rsaket av feil bruk eller feil i det elektriske systemet og vil ikke erstatte produkter skadet p\u00e5 grunn av feil bruk.<\/p>\n\n\n\n<h3 class=\"wp-block-heading\">Tvistel\u00f8sning<\/h3>\n\n\n\n<p>Hvis kj\u00f8peren har klager ang\u00e5ende nettbutikken, b\u00f8r de sendes til <a href=\"mailto:info@grufftechnology.eu\">info@grufftechnology.eu<\/a> eller ved \u00e5 ringe +372 6099005.<\/p>\n\n\n\n<p>Hvis kj\u00f8peren og nettbutikken ikke kan l\u00f8se en tvist ved avtale, kan kj\u00f8peren henvende seg til forbrukertvistutvalget. Utvalget har myndighet til \u00e5 l\u00f8se tvister som oppst\u00e5r fra avtaler mellom kj\u00f8peren og nettbutikken. Behandling av kj\u00f8perens klage er gratis.<\/p>\n\n\n\n<p>Kj\u00f8peren kan ogs\u00e5 henvende seg til <a href=\"https:\/\/ec.europa.eu\/consumers\/odr\" target=\"_blank\" rel=\"noopener noreferrer\">EUs plattform for nettbasert tvistel\u00f8sning<\/a>.<\/p>\n","protected":false},"excerpt":{"rendered":"<p>Salgs- og garantivilk\u00e5r Nettbutikken grufftechnology.eu (heretter kalt nettbutikken) eies av Gruff Technology O\u00dc (registreringsnummer 16620414), med adresse Telliskivi 60, 10412 Tallinn, Estland. Salgsavtalens gyldighet, produkt- og prisinformasjon Disse salgsvilk\u00e5rene gjelder ved kj\u00f8p av varer fra nettbutikken. Prisene p\u00e5 produkter som selges i nettbutikken vises ved hvert produkt. Produktinformasjon presenteres direkte ved produktet i nettbutikken. Bestilling [&hellip;]<\/p>\n","protected":false},"author":4,"featured_media":0,"parent":0,"menu_order":0,"comment_status":"closed","ping_status":"closed","template":"","meta":{"inline_featured_image":false,"footnotes":""},"class_list":["post-2087","page","type-page","status-publish","hentry"],"yoast_head":"<!-- This site is optimized with the Yoast SEO plugin v27.2 - https:\/\/yoast.com\/product\/yoast-seo-wordpress\/ -->\n<title>Vilk\u00e5r - Gruff Technology<\/title>\n<meta name=\"robots\" content=\"index, follow, max-snippet:-1, max-image-preview:large, max-video-preview:-1\" \/>\n<link rel=\"canonical\" href=\"https:\/\/grufftechnology.eu\/no\/vilkar\/\" \/>\n<meta property=\"og:locale\" content=\"nb_NO\" \/>\n<meta property=\"og:type\" content=\"article\" \/>\n<meta property=\"og:title\" content=\"Vilk\u00e5r - Gruff Technology\" \/>\n<meta property=\"og:description\" content=\"Salgs- og garantivilk\u00e5r Nettbutikken grufftechnology.eu (heretter kalt nettbutikken) eies av Gruff Technology O\u00dc (registreringsnummer 16620414), med adresse Telliskivi 60, 10412 Tallinn, Estland. Salgsavtalens gyldighet, produkt- og prisinformasjon Disse salgsvilk\u00e5rene gjelder ved kj\u00f8p av varer fra nettbutikken. Prisene p\u00e5 produkter som selges i nettbutikken vises ved hvert produkt. Produktinformasjon presenteres direkte ved produktet i nettbutikken. Bestilling [&hellip;]\" \/>\n<meta property=\"og:url\" content=\"https:\/\/grufftechnology.eu\/no\/vilkar\/\" \/>\n<meta property=\"og:site_name\" content=\"Gruff Technology\" \/>\n<meta property=\"article:publisher\" content=\"https:\/\/www.facebook.com\/Grufftechnology\" \/>\n<meta property=\"article:modified_time\" content=\"2026-03-12T07:22:31+00:00\" \/>\n<meta name=\"twitter:card\" content=\"summary_large_image\" \/>\n<meta name=\"twitter:label1\" content=\"Ansl. lesetid\" \/>\n\t<meta name=\"twitter:data1\" content=\"4 minutter\" \/>\n<script type=\"application\/ld+json\" class=\"yoast-schema-graph\">{\"@context\":\"https:\/\/schema.org\",\"@graph\":[{\"@type\":\"WebPage\",\"@id\":\"https:\/\/grufftechnology.eu\/no\/vilkar\/\",\"url\":\"https:\/\/grufftechnology.eu\/no\/vilkar\/\",\"name\":\"Vilk\u00e5r - Gruff Technology\",\"isPartOf\":{\"@id\":\"https:\/\/grufftechnology.eu\/no\/#website\"},\"datePublished\":\"2026-03-09T12:35:37+00:00\",\"dateModified\":\"2026-03-12T07:22:31+00:00\",\"breadcrumb\":{\"@id\":\"https:\/\/grufftechnology.eu\/no\/vilkar\/#breadcrumb\"},\"inLanguage\":\"nb-NO\",\"potentialAction\":[{\"@type\":\"ReadAction\",\"target\":[\"https:\/\/grufftechnology.eu\/no\/vilkar\/\"]}]},{\"@type\":\"BreadcrumbList\",\"@id\":\"https:\/\/grufftechnology.eu\/no\/vilkar\/#breadcrumb\",\"itemListElement\":[{\"@type\":\"ListItem\",\"position\":1,\"name\":\"Home\",\"item\":\"https:\/\/grufftechnology.eu\/no\/gruff-technology\/\"},{\"@type\":\"ListItem\",\"position\":2,\"name\":\"Vilk\u00e5r\"}]},{\"@type\":\"WebSite\",\"@id\":\"https:\/\/grufftechnology.eu\/no\/#website\",\"url\":\"https:\/\/grufftechnology.eu\/no\/\",\"name\":\"Gruff Technology\",\"description\":\"Save your money with saver socket\",\"publisher\":{\"@id\":\"https:\/\/grufftechnology.eu\/no\/#organization\"},\"alternateName\":\"Gruff\",\"potentialAction\":[{\"@type\":\"SearchAction\",\"target\":{\"@type\":\"EntryPoint\",\"urlTemplate\":\"https:\/\/grufftechnology.eu\/no\/?s={search_term_string}\"},\"query-input\":{\"@type\":\"PropertyValueSpecification\",\"valueRequired\":true,\"valueName\":\"search_term_string\"}}],\"inLanguage\":\"nb-NO\"},{\"@type\":\"Organization\",\"@id\":\"https:\/\/grufftechnology.eu\/no\/#organization\",\"name\":\"Gruff Technology\",\"url\":\"https:\/\/grufftechnology.eu\/no\/\",\"logo\":{\"@type\":\"ImageObject\",\"inLanguage\":\"nb-NO\",\"@id\":\"https:\/\/grufftechnology.eu\/no\/#\/schema\/logo\/image\/\",\"url\":\"https:\/\/grufftechnology.eu\/wp-content\/uploads\/2023\/03\/GRUFF-T.svg\",\"contentUrl\":\"https:\/\/grufftechnology.eu\/wp-content\/uploads\/2023\/03\/GRUFF-T.svg\",\"caption\":\"Gruff Technology\"},\"image\":{\"@id\":\"https:\/\/grufftechnology.eu\/no\/#\/schema\/logo\/image\/\"},\"sameAs\":[\"https:\/\/www.facebook.com\/Grufftechnology\"]}]}<\/script>\n<!-- \/ Yoast SEO plugin. -->","yoast_head_json":{"title":"Vilk\u00e5r - Gruff Technology","robots":{"index":"index","follow":"follow","max-snippet":"max-snippet:-1","max-image-preview":"max-image-preview:large","max-video-preview":"max-video-preview:-1"},"canonical":"https:\/\/grufftechnology.eu\/no\/vilkar\/","og_locale":"nb_NO","og_type":"article","og_title":"Vilk\u00e5r - Gruff Technology","og_description":"Salgs- og garantivilk\u00e5r Nettbutikken grufftechnology.eu (heretter kalt nettbutikken) eies av Gruff Technology O\u00dc (registreringsnummer 16620414), med adresse Telliskivi 60, 10412 Tallinn, Estland. Salgsavtalens gyldighet, produkt- og prisinformasjon Disse salgsvilk\u00e5rene gjelder ved kj\u00f8p av varer fra nettbutikken. Prisene p\u00e5 produkter som selges i nettbutikken vises ved hvert produkt. Produktinformasjon presenteres direkte ved produktet i nettbutikken. Bestilling [&hellip;]","og_url":"https:\/\/grufftechnology.eu\/no\/vilkar\/","og_site_name":"Gruff Technology","article_publisher":"https:\/\/www.facebook.com\/Grufftechnology","article_modified_time":"2026-03-12T07:22:31+00:00","twitter_card":"summary_large_image","twitter_misc":{"Ansl. lesetid":"4 minutter"},"schema":{"@context":"https:\/\/schema.org","@graph":[{"@type":"WebPage","@id":"https:\/\/grufftechnology.eu\/no\/vilkar\/","url":"https:\/\/grufftechnology.eu\/no\/vilkar\/","name":"Vilk\u00e5r - Gruff Technology","isPartOf":{"@id":"https:\/\/grufftechnology.eu\/no\/#website"},"datePublished":"2026-03-09T12:35:37+00:00","dateModified":"2026-03-12T07:22:31+00:00","breadcrumb":{"@id":"https:\/\/grufftechnology.eu\/no\/vilkar\/#breadcrumb"},"inLanguage":"nb-NO","potentialAction":[{"@type":"ReadAction","target":["https:\/\/grufftechnology.eu\/no\/vilkar\/"]}]},{"@type":"BreadcrumbList","@id":"https:\/\/grufftechnology.eu\/no\/vilkar\/#breadcrumb","itemListElement":[{"@type":"ListItem","position":1,"name":"Home","item":"https:\/\/grufftechnology.eu\/no\/gruff-technology\/"},{"@type":"ListItem","position":2,"name":"Vilk\u00e5r"}]},{"@type":"WebSite","@id":"https:\/\/grufftechnology.eu\/no\/#website","url":"https:\/\/grufftechnology.eu\/no\/","name":"Gruff Technology","description":"Save your money with saver socket","publisher":{"@id":"https:\/\/grufftechnology.eu\/no\/#organization"},"alternateName":"Gruff","potentialAction":[{"@type":"SearchAction","target":{"@type":"EntryPoint","urlTemplate":"https:\/\/grufftechnology.eu\/no\/?s={search_term_string}"},"query-input":{"@type":"PropertyValueSpecification","valueRequired":true,"valueName":"search_term_string"}}],"inLanguage":"nb-NO"},{"@type":"Organization","@id":"https:\/\/grufftechnology.eu\/no\/#organization","name":"Gruff Technology","url":"https:\/\/grufftechnology.eu\/no\/","logo":{"@type":"ImageObject","inLanguage":"nb-NO","@id":"https:\/\/grufftechnology.eu\/no\/#\/schema\/logo\/image\/","url":"https:\/\/grufftechnology.eu\/wp-content\/uploads\/2023\/03\/GRUFF-T.svg","contentUrl":"https:\/\/grufftechnology.eu\/wp-content\/uploads\/2023\/03\/GRUFF-T.svg","caption":"Gruff Technology"},"image":{"@id":"https:\/\/grufftechnology.eu\/no\/#\/schema\/logo\/image\/"},"sameAs":["https:\/\/www.facebook.com\/Grufftechnology"]}]}},"_links":{"self":[{"href":"https:\/\/grufftechnology.eu\/no\/wp-json\/wp\/v2\/pages\/2087","targetHints":{"allow":["GET"]}}],"collection":[{"href":"https:\/\/grufftechnology.eu\/no\/wp-json\/wp\/v2\/pages"}],"about":[{"href":"https:\/\/grufftechnology.eu\/no\/wp-json\/wp\/v2\/types\/page"}],"author":[{"embeddable":true,"href":"https:\/\/grufftechnology.eu\/no\/wp-json\/wp\/v2\/users\/4"}],"replies":[{"embeddable":true,"href":"https:\/\/grufftechnology.eu\/no\/wp-json\/wp\/v2\/comments?post=2087"}],"version-history":[{"count":2,"href":"https:\/\/grufftechnology.eu\/no\/wp-json\/wp\/v2\/pages\/2087\/revisions"}],"predecessor-version":[{"id":2098,"href":"https:\/\/grufftechnology.eu\/no\/wp-json\/wp\/v2\/pages\/2087\/revisions\/2098"}],"wp:attachment":[{"href":"https:\/\/grufftechnology.eu\/no\/wp-json\/wp\/v2\/media?parent=2087"}],"curies":[{"name":"wp","href":"https:\/\/api.w.org\/{rel}","templated":true}]}}