{"id":2112,"date":"2023-04-03T12:21:06","date_gmt":"2023-04-03T10:21:06","guid":{"rendered":"https:\/\/www.grufftechnology.eu\/?page_id=2112"},"modified":"2026-03-12T09:34:34","modified_gmt":"2026-03-12T07:34:34","slug":"personvernerklaering","status":"publish","type":"page","link":"https:\/\/grufftechnology.eu\/no\/personvernerklaering\/","title":{"rendered":"Personvernerkl\u00e6ring"},"content":{"rendered":"\n<h3 class=\"wp-block-heading\">1. Generelle bestemmelser<\/h3>\n\n\n\n<p>1.1. Denne personvernerkl\u00e6ringen regulerer prinsippene for innsamling, behandling og lagring av personopplysninger. Personopplysninger samles inn, behandles og lagres av Gruff Technology O\u00dc (registreringskode 16620414), med adresse Telliskivi 60, 10412 Tallinn, Estland (heretter kalt behandlingsansvarlig).<\/p>\n\n\n\n<p>1.2. I denne personvernerkl\u00e6ringen er en registrert person en kunde eller annen fysisk person hvis personopplysninger behandles av den behandlingsansvarlige.<\/p>\n\n\n\n<p>1.3. I denne personvernerkl\u00e6ringen er en kunde enhver person som kj\u00f8per varer eller tjenester fra den behandlingsansvarliges nettside eller bruker programvareapplikasjonen.<\/p>\n\n\n\n<p>1.4. Den behandlingsansvarlige f\u00f8lger prinsippene for databehandling fastsatt i lovgivningen; den behandlingsansvarlige behandler blant annet personopplysninger p\u00e5 lovlig, rettferdig og sikker m\u00e5te. Den behandlingsansvarlige kan bekrefte at personopplysninger er behandlet i samsvar med lovgivningen.<\/p>\n\n\n\n<h3 class=\"wp-block-heading\">2. Innsamling, behandling og lagring av personopplysninger<\/h3>\n\n\n\n<p>2.1. Personopplysninger som samles inn, behandles og lagres av den behandlingsansvarlige, innhentes elektronisk, hovedsakelig via nettsiden, programvareapplikasjonen og e-post.<\/p>\n\n\n\n<p>2.2. Ved \u00e5 dele sine personopplysninger gir den registrerte den behandlingsansvarlige rett til \u00e5 samle inn, organisere, bruke og administrere personopplysninger for form\u00e5lene som er definert i denne personvernerkl\u00e6ringen, som den registrerte deler direkte eller indirekte ved kj\u00f8p av varer eller tjenester p\u00e5 nettsiden eller ved bruk av programvareapplikasjonen.<\/p>\n\n\n\n<p>2.3. Den registrerte er ansvarlig for \u00e5 sikre at oppgitte opplysninger er n\u00f8yaktige, korrekte og fullstendige. Bevisst innsending av uriktige opplysninger anses som brudd p\u00e5 personvernerkl\u00e6ringen. Den registrerte er forpliktet til umiddelbart \u00e5 informere den behandlingsansvarlige om eventuelle endringer i innsendte opplysninger.<\/p>\n\n\n\n<p>2.4. Den behandlingsansvarlige er ikke ansvarlig for skade p\u00e5f\u00f8rt den registrerte eller tredjeparter som f\u00f8lge av innsending av uriktige opplysninger.<\/p>\n\n\n\n<h3 class=\"wp-block-heading\">3. Behandling av kunders personopplysninger<\/h3>\n\n\n\n<p>3.1. Den behandlingsansvarlige kan behandle f\u00f8lgende personopplysninger om den registrerte: fornavn og etternavn, f\u00f8dselsdato, personnummer, telefonnummer, e-postadresse, leveringsadresse, bankkontoopplysninger, betalingskortopplysninger og bruksdata fra programvareapplikasjonen.<\/p>\n\n\n\n<p>3.2. I tillegg har den behandlingsansvarlige rett til \u00e5 innhente opplysninger om kunden som er tilgjengelige i offentlige registre.<\/p>\n\n\n\n<p>3.3. Det rettslige grunnlaget for behandling av personopplysninger er artikkel 6 nr. 1 bokstav a, b, c og f i den generelle personvernforordningen (GDPR):<\/p>\n\n\n\n<ul class=\"wp-block-list\">\n<li>den registrerte har samtykket til behandling av sine personopplysninger for ett eller flere spesifikke form\u00e5l;<\/li>\n\n\n<li>behandlingen er n\u00f8dvendig for \u00e5 oppfylle en avtale eller for \u00e5 gjennomf\u00f8re tiltak p\u00e5 foresp\u00f8rsel fra den registrerte f\u00f8r inng\u00e5else av avtale;<\/li>\n\n\n<li>behandlingen er n\u00f8dvendig for \u00e5 oppfylle den behandlingsansvarliges rettslige forpliktelser;<\/li>\n\n\n<li>behandlingen er n\u00f8dvendig for \u00e5 ivareta den behandlingsansvarliges eller en tredjeparts berettigede interesser, med mindre den registrertes grunnleggende rettigheter og friheter g\u00e5r foran slike interesser.<\/li>\n<\/ul>\n\n\n\n<p>3.4. Form\u00e5l med behandling av personopplysninger og lagringsperioder:<\/p>\n\n\n\n<ul class=\"wp-block-list\">\n<li><strong>Sikkerhet og trygghet<\/strong> \u2014 i henhold til frister fastsatt ved lov<\/li>\n\n\n<li><strong>Ordrebehandling<\/strong> \u2014 360 dager<\/li>\n\n\n<li><strong>Sikre funksjonaliteten til nettbutikkens tjenester<\/strong> \u2014 360 dager<\/li>\n\n\n<li><strong>Kundeadministrasjon<\/strong> \u2014 360 dager<\/li>\n\n\n<li><strong>Finansielle aktiviteter, regnskap<\/strong> \u2014 i henhold til frister fastsatt ved lov<\/li>\n\n\n<li><strong>Markedsf\u00f8ring<\/strong> \u2014 360 dager<\/li>\n<\/ul>\n\n\n\n<p>3.5. Den behandlingsansvarlige har rett til \u00e5 dele personopplysninger med tredjeparter, som autoriserte databehandlere, regnskapsf\u00f8rere, transport- og budselskaper samt betalingstjenesteleverand\u00f8rer, dersom det er n\u00f8dvendig. Ved vanlig bruk av Gruff smartstikkontakt og Gruff-appen behandles ingen personopplysninger.<\/p>\n\n\n\n<p>3.6. Ved behandling og lagring av personopplysninger iverksetter den behandlingsansvarlige organisatoriske og tekniske tiltak for \u00e5 sikre beskyttelse mot utilsiktet eller ulovlig \u00f8deleggelse, endring, utlevering og enhver annen ulovlig behandling.<\/p>\n\n\n\n<p>3.7. Den behandlingsansvarlige oppbevarer data avhengig av behandlingsform\u00e5let, men ikke lenger enn 7 \u00e5r.<\/p>\n\n\n\n<h3 class=\"wp-block-heading\">4. Den registrertes rettigheter<\/h3>\n\n\n\n<p>4.1. Den registrerte har rett til \u00e5 f\u00e5 tilgang til og se sine personopplysninger.<\/p>\n\n\n\n<p>4.2. Den registrerte har rett til \u00e5 motta informasjon om behandlingen av sine personopplysninger.<\/p>\n\n\n\n<p>4.3. Den registrerte har rett til \u00e5 supplere eller korrigere un\u00f8yaktige opplysninger.<\/p>\n\n\n\n<p>4.4. Dersom den behandlingsansvarlige behandler personopplysninger p\u00e5 grunnlag av den registrertes samtykke, har den registrerte rett til \u00e5 trekke sitt samtykke tilbake n\u00e5r som helst.<\/p>\n\n\n\n<p>4.5. Den registrerte kan kontakte nettbutikkens kundesupport p\u00e5 <a href=\"mailto:info@grufftechnology.eu\">info@grufftechnology.eu<\/a> for \u00e5 ut\u00f8ve sine rettigheter.<\/p>\n\n\n\n<p>4.6. For \u00e5 ivareta sine rettigheter kan den registrerte sende en klage til <a href=\"https:\/\/www.datatilsynet.no\" target=\"_blank\" rel=\"noopener noreferrer\">Datatilsynet<\/a>.<\/p>\n\n\n\n<h3 class=\"wp-block-heading\">5. Avsluttende bestemmelser<\/h3>\n\n\n\n<p>5.1. Denne personvernerkl\u00e6ringen er utarbeidet i samsvar med forordning (EU) 2016\/679 (GDPR), den estiske personopplysningsloven og annen gjeldende lovgivning i Republikken Estland og Den europeiske union.<\/p>\n\n\n\n<p>5.2. Den behandlingsansvarlige har rett til \u00e5 endre personvernvilk\u00e5rene delvis eller fullstendig ved \u00e5 informere de registrerte om endringene via nettsiden <a href=\"https:\/\/grufftechnology.eu\">grufftechnology.eu<\/a>.<\/p>\n","protected":false},"excerpt":{"rendered":"<p>1. Generelle bestemmelser 1.1. Denne personvernerkl\u00e6ringen regulerer prinsippene for innsamling, behandling og lagring av personopplysninger. Personopplysninger samles inn, behandles og lagres av Gruff Technology O\u00dc (registreringskode 16620414), med adresse Telliskivi 60, 10412 Tallinn, Estland (heretter kalt behandlingsansvarlig). 1.2. I denne personvernerkl\u00e6ringen er en registrert person en kunde eller annen fysisk person hvis personopplysninger behandles av [&hellip;]<\/p>\n","protected":false},"author":4,"featured_media":0,"parent":0,"menu_order":0,"comment_status":"closed","ping_status":"closed","template":"","meta":{"inline_featured_image":false,"footnotes":""},"class_list":["post-2112","page","type-page","status-publish","hentry"],"yoast_head":"<!-- This site is optimized with the Yoast SEO plugin v27.2 - https:\/\/yoast.com\/product\/yoast-seo-wordpress\/ -->\n<title>Personvernerkl\u00e6ring - Gruff Technology<\/title>\n<meta name=\"robots\" content=\"index, follow, max-snippet:-1, max-image-preview:large, max-video-preview:-1\" \/>\n<link rel=\"canonical\" href=\"https:\/\/grufftechnology.eu\/no\/personvernerklaering\/\" \/>\n<meta property=\"og:locale\" content=\"nb_NO\" \/>\n<meta property=\"og:type\" content=\"article\" \/>\n<meta property=\"og:title\" content=\"Personvernerkl\u00e6ring - Gruff Technology\" \/>\n<meta property=\"og:description\" content=\"1. Generelle bestemmelser 1.1. Denne personvernerkl\u00e6ringen regulerer prinsippene for innsamling, behandling og lagring av personopplysninger. Personopplysninger samles inn, behandles og lagres av Gruff Technology O\u00dc (registreringskode 16620414), med adresse Telliskivi 60, 10412 Tallinn, Estland (heretter kalt behandlingsansvarlig). 1.2. I denne personvernerkl\u00e6ringen er en registrert person en kunde eller annen fysisk person hvis personopplysninger behandles av [&hellip;]\" \/>\n<meta property=\"og:url\" content=\"https:\/\/grufftechnology.eu\/no\/personvernerklaering\/\" \/>\n<meta property=\"og:site_name\" content=\"Gruff Technology\" \/>\n<meta property=\"article:publisher\" content=\"https:\/\/www.facebook.com\/Grufftechnology\" \/>\n<meta property=\"article:modified_time\" content=\"2026-03-12T07:34:34+00:00\" \/>\n<meta name=\"twitter:card\" content=\"summary_large_image\" \/>\n<meta name=\"twitter:label1\" content=\"Ansl. lesetid\" \/>\n\t<meta name=\"twitter:data1\" content=\"3 minutter\" \/>\n<script type=\"application\/ld+json\" class=\"yoast-schema-graph\">{\"@context\":\"https:\/\/schema.org\",\"@graph\":[{\"@type\":\"WebPage\",\"@id\":\"https:\/\/grufftechnology.eu\/no\/personvernerklaering\/\",\"url\":\"https:\/\/grufftechnology.eu\/no\/personvernerklaering\/\",\"name\":\"Personvernerkl\u00e6ring - Gruff Technology\",\"isPartOf\":{\"@id\":\"https:\/\/grufftechnology.eu\/no\/#website\"},\"datePublished\":\"2023-04-03T10:21:06+00:00\",\"dateModified\":\"2026-03-12T07:34:34+00:00\",\"breadcrumb\":{\"@id\":\"https:\/\/grufftechnology.eu\/no\/personvernerklaering\/#breadcrumb\"},\"inLanguage\":\"nb-NO\",\"potentialAction\":[{\"@type\":\"ReadAction\",\"target\":[\"https:\/\/grufftechnology.eu\/no\/personvernerklaering\/\"]}]},{\"@type\":\"BreadcrumbList\",\"@id\":\"https:\/\/grufftechnology.eu\/no\/personvernerklaering\/#breadcrumb\",\"itemListElement\":[{\"@type\":\"ListItem\",\"position\":1,\"name\":\"Home\",\"item\":\"https:\/\/grufftechnology.eu\/no\/gruff-technology\/\"},{\"@type\":\"ListItem\",\"position\":2,\"name\":\"Personvernerkl\u00e6ring\"}]},{\"@type\":\"WebSite\",\"@id\":\"https:\/\/grufftechnology.eu\/no\/#website\",\"url\":\"https:\/\/grufftechnology.eu\/no\/\",\"name\":\"Gruff Technology\",\"description\":\"Save your money with saver socket\",\"publisher\":{\"@id\":\"https:\/\/grufftechnology.eu\/no\/#organization\"},\"alternateName\":\"Gruff\",\"potentialAction\":[{\"@type\":\"SearchAction\",\"target\":{\"@type\":\"EntryPoint\",\"urlTemplate\":\"https:\/\/grufftechnology.eu\/no\/?s={search_term_string}\"},\"query-input\":{\"@type\":\"PropertyValueSpecification\",\"valueRequired\":true,\"valueName\":\"search_term_string\"}}],\"inLanguage\":\"nb-NO\"},{\"@type\":\"Organization\",\"@id\":\"https:\/\/grufftechnology.eu\/no\/#organization\",\"name\":\"Gruff Technology\",\"url\":\"https:\/\/grufftechnology.eu\/no\/\",\"logo\":{\"@type\":\"ImageObject\",\"inLanguage\":\"nb-NO\",\"@id\":\"https:\/\/grufftechnology.eu\/no\/#\/schema\/logo\/image\/\",\"url\":\"https:\/\/grufftechnology.eu\/wp-content\/uploads\/2023\/03\/GRUFF-T.svg\",\"contentUrl\":\"https:\/\/grufftechnology.eu\/wp-content\/uploads\/2023\/03\/GRUFF-T.svg\",\"caption\":\"Gruff Technology\"},\"image\":{\"@id\":\"https:\/\/grufftechnology.eu\/no\/#\/schema\/logo\/image\/\"},\"sameAs\":[\"https:\/\/www.facebook.com\/Grufftechnology\"]}]}<\/script>\n<!-- \/ Yoast SEO plugin. -->","yoast_head_json":{"title":"Personvernerkl\u00e6ring - Gruff Technology","robots":{"index":"index","follow":"follow","max-snippet":"max-snippet:-1","max-image-preview":"max-image-preview:large","max-video-preview":"max-video-preview:-1"},"canonical":"https:\/\/grufftechnology.eu\/no\/personvernerklaering\/","og_locale":"nb_NO","og_type":"article","og_title":"Personvernerkl\u00e6ring - Gruff Technology","og_description":"1. Generelle bestemmelser 1.1. Denne personvernerkl\u00e6ringen regulerer prinsippene for innsamling, behandling og lagring av personopplysninger. Personopplysninger samles inn, behandles og lagres av Gruff Technology O\u00dc (registreringskode 16620414), med adresse Telliskivi 60, 10412 Tallinn, Estland (heretter kalt behandlingsansvarlig). 1.2. I denne personvernerkl\u00e6ringen er en registrert person en kunde eller annen fysisk person hvis personopplysninger behandles av [&hellip;]","og_url":"https:\/\/grufftechnology.eu\/no\/personvernerklaering\/","og_site_name":"Gruff Technology","article_publisher":"https:\/\/www.facebook.com\/Grufftechnology","article_modified_time":"2026-03-12T07:34:34+00:00","twitter_card":"summary_large_image","twitter_misc":{"Ansl. lesetid":"3 minutter"},"schema":{"@context":"https:\/\/schema.org","@graph":[{"@type":"WebPage","@id":"https:\/\/grufftechnology.eu\/no\/personvernerklaering\/","url":"https:\/\/grufftechnology.eu\/no\/personvernerklaering\/","name":"Personvernerkl\u00e6ring - Gruff Technology","isPartOf":{"@id":"https:\/\/grufftechnology.eu\/no\/#website"},"datePublished":"2023-04-03T10:21:06+00:00","dateModified":"2026-03-12T07:34:34+00:00","breadcrumb":{"@id":"https:\/\/grufftechnology.eu\/no\/personvernerklaering\/#breadcrumb"},"inLanguage":"nb-NO","potentialAction":[{"@type":"ReadAction","target":["https:\/\/grufftechnology.eu\/no\/personvernerklaering\/"]}]},{"@type":"BreadcrumbList","@id":"https:\/\/grufftechnology.eu\/no\/personvernerklaering\/#breadcrumb","itemListElement":[{"@type":"ListItem","position":1,"name":"Home","item":"https:\/\/grufftechnology.eu\/no\/gruff-technology\/"},{"@type":"ListItem","position":2,"name":"Personvernerkl\u00e6ring"}]},{"@type":"WebSite","@id":"https:\/\/grufftechnology.eu\/no\/#website","url":"https:\/\/grufftechnology.eu\/no\/","name":"Gruff Technology","description":"Save your money with saver socket","publisher":{"@id":"https:\/\/grufftechnology.eu\/no\/#organization"},"alternateName":"Gruff","potentialAction":[{"@type":"SearchAction","target":{"@type":"EntryPoint","urlTemplate":"https:\/\/grufftechnology.eu\/no\/?s={search_term_string}"},"query-input":{"@type":"PropertyValueSpecification","valueRequired":true,"valueName":"search_term_string"}}],"inLanguage":"nb-NO"},{"@type":"Organization","@id":"https:\/\/grufftechnology.eu\/no\/#organization","name":"Gruff Technology","url":"https:\/\/grufftechnology.eu\/no\/","logo":{"@type":"ImageObject","inLanguage":"nb-NO","@id":"https:\/\/grufftechnology.eu\/no\/#\/schema\/logo\/image\/","url":"https:\/\/grufftechnology.eu\/wp-content\/uploads\/2023\/03\/GRUFF-T.svg","contentUrl":"https:\/\/grufftechnology.eu\/wp-content\/uploads\/2023\/03\/GRUFF-T.svg","caption":"Gruff Technology"},"image":{"@id":"https:\/\/grufftechnology.eu\/no\/#\/schema\/logo\/image\/"},"sameAs":["https:\/\/www.facebook.com\/Grufftechnology"]}]}},"_links":{"self":[{"href":"https:\/\/grufftechnology.eu\/no\/wp-json\/wp\/v2\/pages\/2112","targetHints":{"allow":["GET"]}}],"collection":[{"href":"https:\/\/grufftechnology.eu\/no\/wp-json\/wp\/v2\/pages"}],"about":[{"href":"https:\/\/grufftechnology.eu\/no\/wp-json\/wp\/v2\/types\/page"}],"author":[{"embeddable":true,"href":"https:\/\/grufftechnology.eu\/no\/wp-json\/wp\/v2\/users\/4"}],"replies":[{"embeddable":true,"href":"https:\/\/grufftechnology.eu\/no\/wp-json\/wp\/v2\/comments?post=2112"}],"version-history":[{"count":2,"href":"https:\/\/grufftechnology.eu\/no\/wp-json\/wp\/v2\/pages\/2112\/revisions"}],"predecessor-version":[{"id":2122,"href":"https:\/\/grufftechnology.eu\/no\/wp-json\/wp\/v2\/pages\/2112\/revisions\/2122"}],"wp:attachment":[{"href":"https:\/\/grufftechnology.eu\/no\/wp-json\/wp\/v2\/media?parent=2112"}],"curies":[{"name":"wp","href":"https:\/\/api.w.org\/{rel}","templated":true}]}}