{"id":1379,"date":"2026-03-09T12:23:56","date_gmt":"2026-03-09T10:23:56","guid":{"rendered":"https:\/\/grufftechnology.eu\/product\/smartplugg\/"},"modified":"2026-03-17T20:02:45","modified_gmt":"2026-03-17T18:02:45","slug":"smartplugg","status":"publish","type":"product","link":"https:\/\/grufftechnology.eu\/no\/product\/smartplugg\/","title":{"rendered":"Smartplugg"},"content":{"rendered":"<div class=\"wp-block-group gruff-section\">\n<h2 class=\"wp-block-heading has-4-xl-font-size\">Hvorfor velge Gruff smart stikkontakt?<\/h2>\n<div class=\"wp-block-columns\">\n<div class=\"wp-block-column\">\n<div class=\"wp-block-group gruff-why-item\">\n<p class=\"gruff-icon-text\">savings<\/p>\n<p class=\"has-text-dark-color has-text-color\">Tydelig \u00f8konomisk gevinst, opptil 2 000 kr per \u00e5r i besparelser<\/p>\n<\/div>\n<div class=\"wp-block-group gruff-why-item\">\n<p class=\"gruff-icon-text\">wifi<\/p>\n<p class=\"has-text-dark-color has-text-color\">Fjernstyr enheter av\/p\u00e5<\/p>\n<\/div>\n<\/div>\n<div class=\"wp-block-column\">\n<div class=\"wp-block-group gruff-why-item\">\n<p class=\"gruff-icon-text\">smart_toy<\/p>\n<p class=\"has-text-dark-color has-text-color\">Smart optimalisering av energiforbruk<\/p>\n<\/div>\n<div class=\"wp-block-group gruff-why-item\">\n<p class=\"gruff-icon-text\">eco<\/p>\n<p class=\"has-text-dark-color has-text-color\">\u00d8k andelen gr\u00f8nn energi<\/p>\n<\/div>\n<\/div>\n<div class=\"wp-block-column\">\n<div class=\"wp-block-group gruff-why-item\">\n<p class=\"gruff-icon-text\">phone_iphone<\/p>\n<p class=\"has-text-dark-color has-text-color\">Enkel og praktisk bruk via mobilapp<\/p>\n<\/div>\n<div class=\"wp-block-group gruff-why-item\">\n<p class=\"gruff-icon-text\">security<\/p>\n<p class=\"has-text-dark-color has-text-color\">Sikker programvare, data deles ikke<\/p>\n<\/div>\n<\/div>\n<\/div>\n<\/div>\n<div class=\"wp-block-group gruff-section gruff-section--surface has-surface-background-color has-background\">\n<h2 class=\"wp-block-heading has-4-xl-font-size\">Tekniske spesifikasjoner<\/h2>\n<div class=\"wp-block-columns\">\n<div class=\"wp-block-column\">\n<div class=\"wp-block-group gruff-card\">\n<p class=\"gruff-icon-text\">wifi<\/p>\n<h3 class=\"wp-block-heading has-xl-font-size\">Wi-Fi-kompatibilitet<\/h3>\n<p class=\"has-muted-color has-text-color has-small-font-size\">Stikkontakten opererer p\u00e5 et lokalt 2,4 GHz Wi-Fi-nettverk.<\/p>\n<\/div>\n<\/div>\n<div class=\"wp-block-column\">\n<div class=\"wp-block-group gruff-card\">\n<p class=\"gruff-icon-text\">bolt<\/p>\n<h3 class=\"wp-block-heading has-xl-font-size\">Str\u00f8mstyring<\/h3>\n<p class=\"has-muted-color has-text-color has-small-font-size\">Kan styre enheter opptil 3,5 kW effekt. Hvis den elektriske enhetens effekt er over 2,5 kW, anbefaler vi \u00e5 kontakte en elektriker.<\/p>\n<\/div>\n<\/div>\n<div class=\"wp-block-column\">\n<div class=\"wp-block-group gruff-card\">\n<p class=\"gruff-icon-text\">electrical_services<\/p>\n<h3 class=\"wp-block-heading has-xl-font-size\">Bruk<\/h3>\n<p class=\"has-muted-color has-text-color has-small-font-size\">Designet for bruk i standard elektriske nettverk.<\/p>\n<\/div>\n<\/div>\n<div class=\"wp-block-column\">\n<div class=\"wp-block-group gruff-card\">\n<p class=\"gruff-icon-text\">support_agent<\/p>\n<h3 class=\"wp-block-heading has-xl-font-size\">Programvare og support<\/h3>\n<p class=\"has-muted-color has-text-color has-small-font-size\">Minimale oppdateringer som sikrer problemfri opplevelse. Gruff Technology tilbyr omfattende gratis kundest\u00f8tte.<\/p>\n<\/div>\n<\/div>\n<\/div>\n<\/div>\n<div class=\"wp-block-group gruff-section\">\n<h2 class=\"wp-block-heading has-4-xl-font-size\">Bruksomr\u00e5der<\/h2>\n<div class=\"wp-block-columns\">\n<div class=\"wp-block-column\">\n<div class=\"wp-block-group gruff-card\">\n<p class=\"gruff-icon-circle-block\">water_drop<\/p>\n<h3 class=\"wp-block-heading has-xl-font-size\">Gulvvarme<\/h3>\n<p class=\"has-small-font-size has-muted-color has-text-color\">Styr gulvvarmen automatisk i de billigste timene<\/p>\n<\/div>\n<\/div>\n<div class=\"wp-block-column\">\n<div class=\"wp-block-group gruff-card\">\n<p class=\"gruff-icon-circle-block\">thermostat<\/p>\n<h3 class=\"wp-block-heading has-xl-font-size\">Varmesystemer<\/h3>\n<p class=\"has-small-font-size has-muted-color has-text-color\">Optimaliser energiforbruket til varmesystemet<\/p>\n<\/div>\n<\/div>\n<div class=\"wp-block-column\">\n<div class=\"wp-block-group gruff-card\">\n<p class=\"gruff-icon-circle-block\">electric_car<\/p>\n<h3 class=\"wp-block-heading has-xl-font-size\">Elbillading<\/h3>\n<p class=\"has-small-font-size has-muted-color has-text-color\">Lad elbilen i de billigste timene<\/p>\n<\/div>\n<\/div>\n<div class=\"wp-block-column\">\n<div class=\"wp-block-group gruff-card\">\n<p class=\"gruff-icon-circle-block\">hot_tub<\/p>\n<h3 class=\"wp-block-heading has-xl-font-size\">Varmtvannsbereder<\/h3>\n<p class=\"has-small-font-size has-muted-color has-text-color\">Varm opp vann automatisk i de billigste timene<\/p>\n<\/div>\n<\/div>\n<\/div>\n<\/div>\n<div class=\"wp-block-group gruff-section gruff-section--surface has-surface-background-color has-background\">\n<h2 class=\"wp-block-heading has-text-align-center has-4-xl-font-size\">Gruff-appen<\/h2>\n<p class=\"has-text-align-center has-muted-color has-text-color\">Gruff-appen er tilgjengelig for b\u00e5de Android og iOS. Med appen kan du:<\/p>\n<ul class=\"gruff-checklist is-style-gruff-checklist has-text-dark-color has-text-color wp-block-list\">\n<li>Overv\u00e5ke Nord Pool-priser i sanntid<\/li>\n<li>Sette prisgrenser og driftstimer<\/li>\n<li>Se historikk over energiforbruk<\/li>\n<li>Sl\u00e5 enheter av\/p\u00e5 eksternt<\/li>\n<li>F\u00e5 varsler om prisendringer<\/li>\n<\/ul>\n<\/div>\n","protected":false},"excerpt":{"rendered":"<p>Gruff smartplugg er en wifi-enhet som lar deg regulere str\u00f8mforbruket. Pluggen henter Nord Pool-priser daglig, slik at du kan angi en makspris for n\u00e5r for eksempel varmtvannsberederen skal kj\u00f8re.<\/p>\n<ul>\n<li>kj\u00f8p v\u00e5r smartplugg<\/li>\n<li>angi makspris og n\u00f8dvendige driftstimer<\/li>\n<li>f\u00e5 lavere str\u00f8mregninger<\/li>\n<\/ul>\n<p>Bruk den til oppvarming av vann, romoppvarming eller elbillading. Prisforskjellen fra topprisene er omtrent tre ganger s\u00e5 stor, uten at du m\u00e5 redusere forbruket!<\/p>\n","protected":false},"featured_media":2263,"comment_status":"closed","ping_status":"closed","template":"","meta":{"inline_featured_image":false},"product_brand":[],"product_cat":[77],"product_tag":[],"class_list":{"0":"post-1379","1":"product","2":"type-product","3":"status-publish","4":"has-post-thumbnail","6":"product_cat-smarthus","8":"first","9":"instock","10":"featured","11":"taxable","12":"shipping-taxable","13":"purchasable","14":"product-type-simple"},"yoast_head":"<!-- This site is optimized with the Yoast SEO plugin v27.2 - https:\/\/yoast.com\/product\/yoast-seo-wordpress\/ -->\n<title>Smartplugg - Gruff Technology<\/title>\n<meta name=\"robots\" content=\"index, follow, max-snippet:-1, max-image-preview:large, max-video-preview:-1\" \/>\n<link rel=\"canonical\" href=\"https:\/\/grufftechnology.eu\/no\/product\/smartplugg\/\" \/>\n<meta property=\"og:locale\" content=\"nb_NO\" \/>\n<meta property=\"og:type\" content=\"article\" \/>\n<meta property=\"og:title\" content=\"Smartplugg - Gruff Technology\" \/>\n<meta property=\"og:description\" content=\"Gruff smartplugg er en wifi-enhet som lar deg regulere str\u00f8mforbruket. Pluggen henter Nord Pool-priser daglig, slik at du kan angi en makspris for n\u00e5r for eksempel varmtvannsberederen skal kj\u00f8re.   kj\u00f8p v\u00e5r smartplugg  angi makspris og n\u00f8dvendige driftstimer  f\u00e5 lavere str\u00f8mregninger  Bruk den til oppvarming av vann, romoppvarming eller elbillading. Prisforskjellen fra topprisene er omtrent tre ganger s\u00e5 stor, uten at du m\u00e5 redusere forbruket!\" \/>\n<meta property=\"og:url\" content=\"https:\/\/grufftechnology.eu\/no\/product\/smartplugg\/\" \/>\n<meta property=\"og:site_name\" content=\"Gruff Technology\" \/>\n<meta property=\"article:publisher\" content=\"https:\/\/www.facebook.com\/Grufftechnology\" \/>\n<meta property=\"article:modified_time\" content=\"2026-03-17T18:02:45+00:00\" \/>\n<meta property=\"og:image\" content=\"https:\/\/grufftechnology.eu\/wp-content\/uploads\/2026\/03\/Gruff-soc.png\" \/>\n\t<meta property=\"og:image:width\" content=\"1200\" \/>\n\t<meta property=\"og:image:height\" content=\"1201\" \/>\n\t<meta property=\"og:image:type\" content=\"image\/png\" \/>\n<meta name=\"twitter:card\" content=\"summary_large_image\" \/>\n<meta name=\"twitter:label1\" content=\"Ansl. lesetid\" \/>\n\t<meta name=\"twitter:data1\" content=\"1 minutt\" \/>\n<script type=\"application\/ld+json\" class=\"yoast-schema-graph\">{\"@context\":\"https:\/\/schema.org\",\"@graph\":[{\"@type\":\"WebPage\",\"@id\":\"https:\/\/grufftechnology.eu\/no\/product\/smartplugg\/\",\"url\":\"https:\/\/grufftechnology.eu\/no\/product\/smartplugg\/\",\"name\":\"Smartplugg - Gruff Technology\",\"isPartOf\":{\"@id\":\"https:\/\/grufftechnology.eu\/no\/#website\"},\"primaryImageOfPage\":{\"@id\":\"https:\/\/grufftechnology.eu\/no\/product\/smartplugg\/#primaryimage\"},\"image\":{\"@id\":\"https:\/\/grufftechnology.eu\/no\/product\/smartplugg\/#primaryimage\"},\"thumbnailUrl\":\"https:\/\/grufftechnology.eu\/wp-content\/uploads\/2026\/03\/Gruff-soc.png\",\"datePublished\":\"2026-03-09T10:23:56+00:00\",\"dateModified\":\"2026-03-17T18:02:45+00:00\",\"breadcrumb\":{\"@id\":\"https:\/\/grufftechnology.eu\/no\/product\/smartplugg\/#breadcrumb\"},\"inLanguage\":\"nb-NO\",\"potentialAction\":[{\"@type\":\"ReadAction\",\"target\":[\"https:\/\/grufftechnology.eu\/no\/product\/smartplugg\/\"]}]},{\"@type\":\"ImageObject\",\"inLanguage\":\"nb-NO\",\"@id\":\"https:\/\/grufftechnology.eu\/no\/product\/smartplugg\/#primaryimage\",\"url\":\"https:\/\/grufftechnology.eu\/wp-content\/uploads\/2026\/03\/Gruff-soc.png\",\"contentUrl\":\"https:\/\/grufftechnology.eu\/wp-content\/uploads\/2026\/03\/Gruff-soc.png\",\"width\":1200,\"height\":1201},{\"@type\":\"BreadcrumbList\",\"@id\":\"https:\/\/grufftechnology.eu\/no\/product\/smartplugg\/#breadcrumb\",\"itemListElement\":[{\"@type\":\"ListItem\",\"position\":1,\"name\":\"Home\",\"item\":\"https:\/\/grufftechnology.eu\/no\/gruff-technology\/\"},{\"@type\":\"ListItem\",\"position\":2,\"name\":\"Butikk\",\"item\":\"https:\/\/grufftechnology.eu\/no\/butikk\/\"},{\"@type\":\"ListItem\",\"position\":3,\"name\":\"Smartplugg\"}]},{\"@type\":\"WebSite\",\"@id\":\"https:\/\/grufftechnology.eu\/no\/#website\",\"url\":\"https:\/\/grufftechnology.eu\/no\/\",\"name\":\"Gruff Technology\",\"description\":\"Save your money with saver socket\",\"publisher\":{\"@id\":\"https:\/\/grufftechnology.eu\/no\/#organization\"},\"alternateName\":\"Gruff\",\"potentialAction\":[{\"@type\":\"SearchAction\",\"target\":{\"@type\":\"EntryPoint\",\"urlTemplate\":\"https:\/\/grufftechnology.eu\/no\/?s={search_term_string}\"},\"query-input\":{\"@type\":\"PropertyValueSpecification\",\"valueRequired\":true,\"valueName\":\"search_term_string\"}}],\"inLanguage\":\"nb-NO\"},{\"@type\":\"Organization\",\"@id\":\"https:\/\/grufftechnology.eu\/no\/#organization\",\"name\":\"Gruff Technology\",\"url\":\"https:\/\/grufftechnology.eu\/no\/\",\"logo\":{\"@type\":\"ImageObject\",\"inLanguage\":\"nb-NO\",\"@id\":\"https:\/\/grufftechnology.eu\/no\/#\/schema\/logo\/image\/\",\"url\":\"https:\/\/grufftechnology.eu\/wp-content\/uploads\/2023\/03\/GRUFF-T.svg\",\"contentUrl\":\"https:\/\/grufftechnology.eu\/wp-content\/uploads\/2023\/03\/GRUFF-T.svg\",\"caption\":\"Gruff Technology\"},\"image\":{\"@id\":\"https:\/\/grufftechnology.eu\/no\/#\/schema\/logo\/image\/\"},\"sameAs\":[\"https:\/\/www.facebook.com\/Grufftechnology\"]}]}<\/script>\n<!-- \/ Yoast SEO plugin. -->","yoast_head_json":{"title":"Smartplugg - Gruff Technology","robots":{"index":"index","follow":"follow","max-snippet":"max-snippet:-1","max-image-preview":"max-image-preview:large","max-video-preview":"max-video-preview:-1"},"canonical":"https:\/\/grufftechnology.eu\/no\/product\/smartplugg\/","og_locale":"nb_NO","og_type":"article","og_title":"Smartplugg - Gruff Technology","og_description":"Gruff smartplugg er en wifi-enhet som lar deg regulere str\u00f8mforbruket. Pluggen henter Nord Pool-priser daglig, slik at du kan angi en makspris for n\u00e5r for eksempel varmtvannsberederen skal kj\u00f8re.   kj\u00f8p v\u00e5r smartplugg  angi makspris og n\u00f8dvendige driftstimer  f\u00e5 lavere str\u00f8mregninger  Bruk den til oppvarming av vann, romoppvarming eller elbillading. Prisforskjellen fra topprisene er omtrent tre ganger s\u00e5 stor, uten at du m\u00e5 redusere forbruket!","og_url":"https:\/\/grufftechnology.eu\/no\/product\/smartplugg\/","og_site_name":"Gruff Technology","article_publisher":"https:\/\/www.facebook.com\/Grufftechnology","article_modified_time":"2026-03-17T18:02:45+00:00","og_image":[{"width":1200,"height":1201,"url":"https:\/\/grufftechnology.eu\/wp-content\/uploads\/2026\/03\/Gruff-soc.png","type":"image\/png"}],"twitter_card":"summary_large_image","twitter_misc":{"Ansl. lesetid":"1 minutt"},"schema":{"@context":"https:\/\/schema.org","@graph":[{"@type":"WebPage","@id":"https:\/\/grufftechnology.eu\/no\/product\/smartplugg\/","url":"https:\/\/grufftechnology.eu\/no\/product\/smartplugg\/","name":"Smartplugg - Gruff Technology","isPartOf":{"@id":"https:\/\/grufftechnology.eu\/no\/#website"},"primaryImageOfPage":{"@id":"https:\/\/grufftechnology.eu\/no\/product\/smartplugg\/#primaryimage"},"image":{"@id":"https:\/\/grufftechnology.eu\/no\/product\/smartplugg\/#primaryimage"},"thumbnailUrl":"https:\/\/grufftechnology.eu\/wp-content\/uploads\/2026\/03\/Gruff-soc.png","datePublished":"2026-03-09T10:23:56+00:00","dateModified":"2026-03-17T18:02:45+00:00","breadcrumb":{"@id":"https:\/\/grufftechnology.eu\/no\/product\/smartplugg\/#breadcrumb"},"inLanguage":"nb-NO","potentialAction":[{"@type":"ReadAction","target":["https:\/\/grufftechnology.eu\/no\/product\/smartplugg\/"]}]},{"@type":"ImageObject","inLanguage":"nb-NO","@id":"https:\/\/grufftechnology.eu\/no\/product\/smartplugg\/#primaryimage","url":"https:\/\/grufftechnology.eu\/wp-content\/uploads\/2026\/03\/Gruff-soc.png","contentUrl":"https:\/\/grufftechnology.eu\/wp-content\/uploads\/2026\/03\/Gruff-soc.png","width":1200,"height":1201},{"@type":"BreadcrumbList","@id":"https:\/\/grufftechnology.eu\/no\/product\/smartplugg\/#breadcrumb","itemListElement":[{"@type":"ListItem","position":1,"name":"Home","item":"https:\/\/grufftechnology.eu\/no\/gruff-technology\/"},{"@type":"ListItem","position":2,"name":"Butikk","item":"https:\/\/grufftechnology.eu\/no\/butikk\/"},{"@type":"ListItem","position":3,"name":"Smartplugg"}]},{"@type":"WebSite","@id":"https:\/\/grufftechnology.eu\/no\/#website","url":"https:\/\/grufftechnology.eu\/no\/","name":"Gruff Technology","description":"Save your money with saver socket","publisher":{"@id":"https:\/\/grufftechnology.eu\/no\/#organization"},"alternateName":"Gruff","potentialAction":[{"@type":"SearchAction","target":{"@type":"EntryPoint","urlTemplate":"https:\/\/grufftechnology.eu\/no\/?s={search_term_string}"},"query-input":{"@type":"PropertyValueSpecification","valueRequired":true,"valueName":"search_term_string"}}],"inLanguage":"nb-NO"},{"@type":"Organization","@id":"https:\/\/grufftechnology.eu\/no\/#organization","name":"Gruff Technology","url":"https:\/\/grufftechnology.eu\/no\/","logo":{"@type":"ImageObject","inLanguage":"nb-NO","@id":"https:\/\/grufftechnology.eu\/no\/#\/schema\/logo\/image\/","url":"https:\/\/grufftechnology.eu\/wp-content\/uploads\/2023\/03\/GRUFF-T.svg","contentUrl":"https:\/\/grufftechnology.eu\/wp-content\/uploads\/2023\/03\/GRUFF-T.svg","caption":"Gruff Technology"},"image":{"@id":"https:\/\/grufftechnology.eu\/no\/#\/schema\/logo\/image\/"},"sameAs":["https:\/\/www.facebook.com\/Grufftechnology"]}]}},"_links":{"self":[{"href":"https:\/\/grufftechnology.eu\/no\/wp-json\/wp\/v2\/product\/1379","targetHints":{"allow":["GET"]}}],"collection":[{"href":"https:\/\/grufftechnology.eu\/no\/wp-json\/wp\/v2\/product"}],"about":[{"href":"https:\/\/grufftechnology.eu\/no\/wp-json\/wp\/v2\/types\/product"}],"replies":[{"embeddable":true,"href":"https:\/\/grufftechnology.eu\/no\/wp-json\/wp\/v2\/comments?post=1379"}],"wp:featuredmedia":[{"embeddable":true,"href":"https:\/\/grufftechnology.eu\/no\/wp-json\/wp\/v2\/media\/2263"}],"wp:attachment":[{"href":"https:\/\/grufftechnology.eu\/no\/wp-json\/wp\/v2\/media?parent=1379"}],"wp:term":[{"taxonomy":"product_brand","embeddable":true,"href":"https:\/\/grufftechnology.eu\/no\/wp-json\/wp\/v2\/product_brand?post=1379"},{"taxonomy":"product_cat","embeddable":true,"href":"https:\/\/grufftechnology.eu\/no\/wp-json\/wp\/v2\/product_cat?post=1379"},{"taxonomy":"product_tag","embeddable":true,"href":"https:\/\/grufftechnology.eu\/no\/wp-json\/wp\/v2\/product_tag?post=1379"}],"curies":[{"name":"wp","href":"https:\/\/api.w.org\/{rel}","templated":true}]}}