{"id":1394,"date":"2023-02-01T18:58:03","date_gmt":"2023-02-01T16:58:03","guid":{"rendered":"https:\/\/grufftechnology.eu\/gruff-technology\/"},"modified":"2026-03-13T20:30:19","modified_gmt":"2026-03-13T18:30:19","slug":"gruff-technology","status":"publish","type":"page","link":"https:\/\/grufftechnology.eu\/sv\/","title":{"rendered":"Gruff Technology"},"content":{"rendered":"\n<div class=\"wp-block-group gruff-section has-global-padding is-layout-constrained wp-container-core-group-is-layout-3a4e4474 wp-block-group-is-layout-constrained\">\n\n<div class=\"wp-block-columns is-layout-flex wp-container-core-columns-is-layout-6b276c36 wp-block-columns-is-layout-flex\">\n\n<div class=\"wp-block-column is-layout-flow wp-block-column-is-layout-flow\" style=\"flex-basis:60%\">\n\n<h1 class=\"wp-block-heading has-5-xl-font-size\" style=\"font-weight:800;letter-spacing:-0.025em;line-height:1.15\">Spara smart med v\u00e5r<br><mark style=\"background-color:transparent;color:#14C546\" class=\"has-inline-color\">energihanterare<\/mark><\/h1>\n\n\n\n<p class=\"has-muted-color has-text-color\">Gruff Technology erbjuder smarta uttag och rel\u00e4er som automatiskt optimerar din elf\u00f6rbrukning baserat p\u00e5 realtidspriser fr\u00e5n Nord Pool.<\/p>\n\n\n\n<div class=\"wp-block-buttons is-layout-flex wp-block-buttons-is-layout-flex\">\n\n<div class=\"wp-block-button is-style-gruff-cta\"><a class=\"wp-block-button__link has-primary-background-color has-background wp-element-button\" href=\"\/sv\/product\/smartplugg\/\">Visa produkter \u2192<\/a><\/div>\n\n\n<div class=\"wp-block-button is-style-outline is-style-outline--1\"><a class=\"wp-block-button__link wp-element-button\" href=\"\/sv\/installation\/\">S\u00e5 fungerar det<\/a><\/div>\n\n<\/div>\n\n<\/div>\n\n\n\n<div class=\"wp-block-column is-layout-flow wp-block-column-is-layout-flow\" style=\"flex-basis:40%\">\n\t<div class=\"gruff-nordpool-widget\">\n\t\t<div style=\"display:flex;align-items:center;justify-content:space-between;margin-bottom:0.25rem;\">\n\t\t\t<h3 style=\"font-size:0.75rem;font-weight:600;color:#6B7280;text-transform:uppercase;letter-spacing:0.05em;margin:0;\">Nord Pool price<\/h3>\n\t\t\t<span class=\"gruff-live-dot\">\n\t\t\t\t<span class=\"gruff-live-dot__ping\"><\/span>\n\t\t\t\t<span class=\"gruff-live-dot__dot\"><\/span>\n\t\t\t<\/span>\n\t\t<\/div>\n\t\t<p style=\"font-size:0.7rem;color:#9CA3AF;margin:0 0 0.75rem;\">Helsinki, FI<\/p>\n\t\t<div style=\"display:flex;align-items:baseline;gap:0.25rem;margin-bottom:0.25rem;\">\n\t\t\t<span style=\"font-size:2rem;font-weight:700;line-height:1;\">2.6<\/span>\n\t\t\t<span style=\"font-size:0.875rem;color:#6B7280;\">cents\/kWh<\/span>\n\t\t<\/div>\n\t\t<p style=\"font-size:0.65rem;color:#9CA3AF;margin:0 0 1rem;\">daily average<\/p>\n\t\t\t\t<div class=\"gruff-nordpool-chart\" style=\"position:relative;\">\n\t\t\t<svg preserveAspectRatio=\"none\" viewBox=\"0 0 100 40\" style=\"width:100%;height:60px;\">\n\t\t\t\t<defs>\n\t\t\t\t\t<linearGradient id=\"npGrad\" x1=\"0\" y1=\"0\" x2=\"0\" y2=\"1\">\n\t\t\t\t\t\t<stop offset=\"0%\" stop-color=\"#38D430\" stop-opacity=\"0.3\"\/>\n\t\t\t\t\t\t<stop offset=\"100%\" stop-color=\"#38D430\" stop-opacity=\"0\"\/>\n\t\t\t\t\t<\/linearGradient>\n\t\t\t\t<\/defs>\n\t\t\t\t<path d=\"M0,37.24 L1.05,37.24 L2.11,37.24 L3.16,37.24 L4.21,37.24 L5.26,37.24 L6.32,37.24 L7.37,37.24 L8.42,37.24 L9.47,36.25 L10.53,36.21 L11.58,36.1 L12.63,34.19 L13.68,32.63 L14.74,32.18 L15.79,31.84 L16.84,32.29 L17.89,31.72 L18.95,30.73 L20,28.33 L21.05,30.01 L22.11,28.98 L23.16,29.13 L24.21,28.94 L25.26,23.39 L26.32,29.25 L27.37,29.89 L28.42,29.89 L29.47,29.89 L30.53,29.44 L31.58,28.79 L32.63,31.34 L33.68,30.12 L34.74,33.17 L35.79,35.34 L36.84,36.21 L37.89,35.15 L38.95,35.72 L40,36.1 L41.05,36.14 L42.11,36.1 L43.16,36.1 L44.21,36.21 L45.26,36.25 L46.32,36.36 L47.37,36.36 L48.42,36.48 L49.47,36.52 L50.53,36.55 L51.58,36.55 L52.63,36.55 L53.68,36.55 L54.74,36.74 L55.79,36.63 L56.84,36.33 L57.89,36.33 L58.95,36.55 L60,36.25 L61.05,35.87 L62.11,33.59 L63.16,35.53 L64.21,32.22 L65.26,26.01 L66.32,17.3 L67.37,27.23 L68.42,17.34 L69.47,16.08 L70.53,3.9 L71.58,14.9 L72.63,14.06 L73.68,11.7 L74.74,8.74 L75.79,4.09 L76.84,7.71 L77.89,10.37 L78.95,14.22 L80,13.45 L81.05,13.95 L82.11,14.44 L83.16,17.07 L84.21,4.36 L85.26,8.58 L86.32,17.91 L87.37,24.11 L88.42,11.78 L89.47,18.97 L90.53,24.64 L91.58,28.11 L92.63,19.54 L93.68,19.89 L94.74,22.02 L95.79,26.58 L96.84,21.33 L97.89,24.87 L98.95,27.61 L100,32.14 L100,40 L0,40 Z\" fill=\"url(#npGrad)\"\/>\n\t\t\t\t<path d=\"M0,37.24 L1.05,37.24 L2.11,37.24 L3.16,37.24 L4.21,37.24 L5.26,37.24 L6.32,37.24 L7.37,37.24 L8.42,37.24 L9.47,36.25 L10.53,36.21 L11.58,36.1 L12.63,34.19 L13.68,32.63 L14.74,32.18 L15.79,31.84 L16.84,32.29 L17.89,31.72 L18.95,30.73 L20,28.33 L21.05,30.01 L22.11,28.98 L23.16,29.13 L24.21,28.94 L25.26,23.39 L26.32,29.25 L27.37,29.89 L28.42,29.89 L29.47,29.89 L30.53,29.44 L31.58,28.79 L32.63,31.34 L33.68,30.12 L34.74,33.17 L35.79,35.34 L36.84,36.21 L37.89,35.15 L38.95,35.72 L40,36.1 L41.05,36.14 L42.11,36.1 L43.16,36.1 L44.21,36.21 L45.26,36.25 L46.32,36.36 L47.37,36.36 L48.42,36.48 L49.47,36.52 L50.53,36.55 L51.58,36.55 L52.63,36.55 L53.68,36.55 L54.74,36.74 L55.79,36.63 L56.84,36.33 L57.89,36.33 L58.95,36.55 L60,36.25 L61.05,35.87 L62.11,33.59 L63.16,35.53 L64.21,32.22 L65.26,26.01 L66.32,17.3 L67.37,27.23 L68.42,17.34 L69.47,16.08 L70.53,3.9 L71.58,14.9 L72.63,14.06 L73.68,11.7 L74.74,8.74 L75.79,4.09 L76.84,7.71 L77.89,10.37 L78.95,14.22 L80,13.45 L81.05,13.95 L82.11,14.44 L83.16,17.07 L84.21,4.36 L85.26,8.58 L86.32,17.91 L87.37,24.11 L88.42,11.78 L89.47,18.97 L90.53,24.64 L91.58,28.11 L92.63,19.54 L93.68,19.89 L94.74,22.02 L95.79,26.58 L96.84,21.33 L97.89,24.87 L98.95,27.61 L100,32.14\" fill=\"none\" stroke=\"#38D430\" stroke-width=\"1.5\" vector-effect=\"non-scaling-stroke\"\/>\n\t\t\t\t<circle cx=\"63.16\" cy=\"35.53\" r=\"2\" fill=\"#38D430\" stroke=\"#fff\" stroke-width=\"1\"\/>\t\t\t<\/svg>\n\t\t\t<div style=\"display:flex;justify-content:space-between;font-size:0.6rem;color:#9CA3AF;margin-top:0.15rem;\">\n\t\t\t\t<span>00:00<\/span>\n\t\t\t\t<span>12:00<\/span>\n\t\t\t\t<span>23:00<\/span>\n\t\t\t<\/div>\n\t\t<\/div>\n\t\t\t<\/div>\n\t\n\n<\/div>\n\n<\/div>\n\n<\/div>\n\n\n\n<div class=\"wp-block-group gruff-section has-global-padding is-layout-constrained wp-container-core-group-is-layout-3a4e4474 wp-block-group-is-layout-constrained\">\n\n<h2 class=\"wp-block-heading has-text-align-center has-4-xl-font-size\">Smarta l\u00f6sningar f\u00f6r alla behov<\/h2>\n\n\n\n<p class=\"has-text-align-center has-muted-color has-text-color\">V\u00e4lj r\u00e4tt energihanterare f\u00f6r ditt hem eller f\u00f6retag.<\/p>\n\n\n\n<div class=\"wp-block-columns is-layout-flex wp-container-core-columns-is-layout-6b276c36 wp-block-columns-is-layout-flex\">\n\n<div class=\"wp-block-column is-layout-flow wp-block-column-is-layout-flow\">\n\n<div class=\"wp-block-group gruff-product-card has-global-padding is-layout-constrained wp-block-group-is-layout-constrained\">\n\n<figure class=\"wp-block-image size-medium gruff-product-card__image\"><img decoding=\"async\" src=\"https:\/\/grufftechnology.eu\/wp-content\/uploads\/2026\/03\/Gruff-soc.png\" alt=\"Smartplugg\"\/><\/figure>\n\n\n<h3 class=\"wp-block-heading has-xl-font-size\" style=\"font-weight:700\">Smartplugg<\/h3>\n\n\n<ul class=\"has-muted-color has-text-color has-small-font-size wp-block-list\">\n<li>Ansluts direkt till befintligt uttag<\/li>\n\n\n<li>Styr enheter med h\u00f6g f\u00f6rbrukning upp till 3,5 kW<\/li>\n\n\n<li>Visuell prisindikator (gr\u00f6n\/r\u00f6d LED)<\/li>\n<\/ul>\n\n<span class=\"woocommerce-Price-amount amount\">65,00&nbsp;<span class=\"woocommerce-Price-currencySymbol\">&euro;<\/span><\/span>\n\n<a href=\"https:\/\/grufftechnology.eu\/sv\/varukorg\/?add-to-cart=1365\" class=\"gruff-cta-link\" style=\"padding:0.5rem 1rem;border-radius:0.5rem;font-size:0.875rem;\">L\u00e4gg i varukorgen <span class=\"material-icons\" style=\"font-size:1rem;\">add_shopping_cart<\/span><\/a>\n\n<\/div>\n\n<\/div>\n\n\n\n<div class=\"wp-block-column is-layout-flow wp-block-column-is-layout-flow\">\n\n<div class=\"wp-block-group gruff-product-card has-global-padding is-layout-constrained wp-block-group-is-layout-constrained\">\n\n<figure class=\"wp-block-image size-medium gruff-product-card__image\"><img decoding=\"async\" src=\"https:\/\/grufftechnology.eu\/wp-content\/uploads\/2026\/03\/relee-taustata.png\" alt=\"DIN-skenrel\u00e4\"\/><\/figure>\n\n\n<h3 class=\"wp-block-heading has-xl-font-size\" style=\"font-weight:700\">DIN-skenrel\u00e4<\/h3>\n\n\n<ul class=\"has-muted-color has-text-color has-small-font-size wp-block-list\">\n<li>Installeras direkt i elcentralen<\/li>\n\n\n<li>Idealisk f\u00f6r varmvattenberedare och golvv\u00e4rme<\/li>\n\n\n<li>Kr\u00e4ver professionell installation<\/li>\n<\/ul>\n\n<span class=\"woocommerce-Price-amount amount\">95,00&nbsp;<span class=\"woocommerce-Price-currencySymbol\">&euro;<\/span><\/span>\n\n<a href=\"https:\/\/grufftechnology.eu\/sv\/varukorg\/?add-to-cart=1381\" class=\"gruff-cta-link\" style=\"padding:0.5rem 1rem;border-radius:0.5rem;font-size:0.875rem;\">L\u00e4gg i varukorgen <span class=\"material-icons\" style=\"font-size:1rem;\">add_shopping_cart<\/span><\/a>\n\n<\/div>\n\n<\/div>\n\n\n\n<div class=\"wp-block-column is-layout-flow wp-block-column-is-layout-flow\">\n\n<div class=\"wp-block-group gruff-product-card has-global-padding is-layout-constrained wp-block-group-is-layout-constrained\">\n\n<figure class=\"wp-block-image size-medium gruff-product-card__image\"><img loading=\"lazy\" decoding=\"async\" width=\"300\" height=\"300\" src=\"https:\/\/grufftechnology.eu\/wp-content\/uploads\/2026\/03\/business-solutions-iredgUgEj2qwwVDYxLkBz2-300x300.webp\" alt=\"Gruff Business Solutions\" class=\"wp-image-1583\" srcset=\"https:\/\/grufftechnology.eu\/wp-content\/uploads\/2026\/03\/business-solutions-iredgUgEj2qwwVDYxLkBz2-300x300.webp 300w, https:\/\/grufftechnology.eu\/wp-content\/uploads\/2026\/03\/business-solutions-iredgUgEj2qwwVDYxLkBz2-100x100.webp 100w, https:\/\/grufftechnology.eu\/wp-content\/uploads\/2026\/03\/business-solutions-iredgUgEj2qwwVDYxLkBz2-600x600.webp 600w, https:\/\/grufftechnology.eu\/wp-content\/uploads\/2026\/03\/business-solutions-iredgUgEj2qwwVDYxLkBz2-1024x1024.webp 1024w, https:\/\/grufftechnology.eu\/wp-content\/uploads\/2026\/03\/business-solutions-iredgUgEj2qwwVDYxLkBz2-150x150.webp 150w, https:\/\/grufftechnology.eu\/wp-content\/uploads\/2026\/03\/business-solutions-iredgUgEj2qwwVDYxLkBz2-768x768.webp 768w, https:\/\/grufftechnology.eu\/wp-content\/uploads\/2026\/03\/business-solutions-iredgUgEj2qwwVDYxLkBz2-1536x1536.webp 1536w, https:\/\/grufftechnology.eu\/wp-content\/uploads\/2026\/03\/business-solutions-iredgUgEj2qwwVDYxLkBz2.webp 1920w\" sizes=\"auto, (max-width: 300px) 100vw, 300px\" \/><\/figure>\n\n\n<h3 class=\"wp-block-heading has-xl-font-size\" style=\"font-weight:700\">F\u00f6retagsl\u00f6sningar<\/h3>\n\n\n<ul class=\"has-muted-color has-text-color has-small-font-size wp-block-list\">\n<li>Skr\u00e4ddarsydda l\u00f6sningar f\u00f6r kontor och lager<\/li>\n\n\n<li>Avancerad API-\u00e5tkomst och rapportering<\/li>\n\n\n<li>Hanteringspanel f\u00f6r flera enheter<\/li>\n<\/ul>\n\n\n<p class=\"has-muted-color has-text-color has-small-font-size\">Individuell priss\u00e4ttning<\/p>\n\n\n<div class=\"wp-block-buttons is-layout-flex wp-block-buttons-is-layout-flex\">\n<div class=\"wp-block-button is-style-outline is-style-outline--2\"><a class=\"wp-block-button__link wp-element-button\" href=\"\/sv\/kontakt\/\">Kontakta oss<\/a><\/div>\n<\/div>\n\n<\/div>\n\n<\/div>\n\n<\/div>\n\n<\/div>\n\n\n\n<div class=\"wp-block-group gruff-section gruff-section--surface has-surface-background-color has-background has-global-padding is-layout-constrained wp-container-core-group-is-layout-3a4e4474 wp-block-group-is-layout-constrained\">\n\n<div class=\"wp-block-columns is-layout-flex wp-container-core-columns-is-layout-1b715042 wp-block-columns-is-layout-flex\">\n\n<div class=\"wp-block-column is-layout-flow wp-block-column-is-layout-flow\" style=\"flex-basis:66.66%\">\n\n<h2 class=\"wp-block-heading has-4-xl-font-size\">Smartplugg f\u00f6ljer<br><mark style=\"background-color:transparent;color:#14C546\" class=\"has-inline-color\">Nord Pool-priser<\/mark><\/h2>\n\n\n\n<p class=\"has-muted-color has-text-color\">Uttaget sl\u00e5r automatiskt p\u00e5 och av dina enheter baserat p\u00e5 elmarknadspriset. Du s\u00e4tter maxpriset \u2014 uttaget g\u00f6r resten.<\/p>\n\n\n\n<div class=\"wp-block-columns is-layout-flex wp-container-core-columns-is-layout-28f84493 wp-block-columns-is-layout-flex\">\n\n<div class=\"wp-block-column is-layout-flow wp-block-column-is-layout-flow\">\n\n<div class=\"wp-block-group gruff-why-item is-nowrap is-layout-flex wp-container-core-group-is-layout-6a90dc5c wp-block-group-is-layout-flex\">\n\n<p class=\"gruff-icon-text\">eco<\/p>\n\n\n<div class=\"wp-block-group is-layout-flow wp-container-core-group-is-layout-a4d9b9e8 wp-block-group-is-layout-flow\">\n\n<h3 class=\"wp-block-heading has-large-font-size\" style=\"font-weight:600\">Gr\u00f6na timmar<\/h3>\n\n\n<p class=\"has-muted-color has-text-color has-small-font-size\">Uttaget sl\u00e5s automatiskt p\u00e5 under billiga timmar och sparar pengar medan du sover eller arbetar.<\/p>\n\n<\/div>\n\n<\/div>\n\n<\/div>\n\n\n\n<div class=\"wp-block-column is-layout-flow wp-block-column-is-layout-flow\">\n\n<div class=\"wp-block-group gruff-why-item is-nowrap is-layout-flex wp-container-core-group-is-layout-6a90dc5c wp-block-group-is-layout-flex\">\n\n<p class=\"gruff-icon-text\">block<\/p>\n\n\n<div class=\"wp-block-group is-layout-flow wp-container-core-group-is-layout-a4d9b9e8 wp-block-group-is-layout-flow\">\n\n<h3 class=\"wp-block-heading has-large-font-size\" style=\"font-weight:600\">R\u00f6da timmar<\/h3>\n\n\n<p class=\"has-muted-color has-text-color has-small-font-size\">Str\u00f6mmen st\u00e4ngs av under dyra topptimmar, vilket indikeras av den r\u00f6da LED-ringen p\u00e5 uttaget.<\/p>\n\n<\/div>\n\n<\/div>\n\n<\/div>\n\n<\/div>\n\n\n\n<p style=\"border-left-color:#14C546;border-left-width:3px;padding-left:1rem\">Med Gruff smartplugg kan du spara pengar och ha exakt kontroll \u00f6ver din elf\u00f6rbrukning hemma eller p\u00e5 f\u00f6retaget, samtidigt som du minskar n\u00e4tbelastningen under topptimmar.<\/p>\n\n<\/div>\n\n\n\n<div class=\"wp-block-column is-vertically-aligned-center is-layout-flex is-vertical is-content-justification-right wp-container-core-column-is-layout-a18aa0d7 wp-block-column-is-layout-flex\" style=\"flex-basis:50%;display:flex;flex-direction:column;align-items:flex-end\">\n\t<div style=\"display:flex;justify-content:center;\">\n\t\t<img decoding=\"async\" src=\"https:\/\/grufftechnology.eu\/wp-content\/uploads\/2026\/03\/boiler.jpg\" alt=\"Gruff app boiler screen\" class=\"gruff-phone-mockup-img\" style=\"max-width:320px;width:100%;height:auto;border-radius:2rem;\" \/>\n\t<\/div>\n\t\n\n<\/div>\n\n<\/div>\n\n<\/div>\n\n\n\n<div class=\"wp-block-group gruff-section has-global-padding is-layout-constrained wp-container-core-group-is-layout-3a4e4474 wp-block-group-is-layout-constrained\">\n\n<h2 class=\"wp-block-heading has-text-align-center has-4-xl-font-size\">Omd\u00f6men<\/h2>\n\n\n<div class=\"gruff-feedback-grid\" style=\"display:grid;grid-template-columns:repeat(auto-fit,minmax(300px,1fr));gap:1.5rem;\"><div class=\"gruff-testimonial\"><div class=\"gruff-testimonial__stars\">\u2605\u2605\u2605\u2605\u2605<\/div><p class=\"gruff-testimonial__text\">I originally had 4 sockets and gave one to a friend. Not only do I recommend your socket, I give it as gifts too. Made in Estonia and very cool.<\/p><p class=\"gruff-testimonial__name\">Erkki<\/p><\/div><div class=\"gruff-testimonial\"><div class=\"gruff-testimonial__stars\">\u2605\u2605\u2605\u2605\u2605<\/div><p class=\"gruff-testimonial__text\">Also kudos to you for the new app UI. Looks great and much more comfortable to use than the old version. Plus the Scheduling feature is a great addition!<\/p><p class=\"gruff-testimonial__name\">Argo<\/p><\/div><div class=\"gruff-testimonial\"><div class=\"gruff-testimonial__stars\">\u2605\u2605\u2605\u2605\u2605<\/div><p class=\"gruff-testimonial__text\">Got the socket, thanks! Setup and connection went well. Much simpler and more convenient than the previous version.<\/p><p class=\"gruff-testimonial__name\">Tiit<\/p><\/div><\/div>\n\n<\/div>\n\n\n\n<div class=\"wp-block-group gruff-section gruff-section--dark has-dark-background-color has-background has-global-padding is-layout-constrained wp-container-core-group-is-layout-985d9e89 wp-block-group-is-layout-constrained\">\n\n<h2 class=\"wp-block-heading has-text-align-center has-white-color has-text-color has-4-xl-font-size\">Fortfarande os\u00e4ker?<\/h2>\n\n\n\n<p class=\"has-text-align-center has-text-light-color has-text-color has-large-font-size\">Ring och r\u00e5dg\u00f6r med v\u00e5r specialist.<\/p>\n\n\n\n<div class=\"wp-block-buttons is-content-justification-center is-layout-flex wp-container-core-buttons-is-layout-a89b3969 wp-block-buttons-is-layout-flex\">\n\n<div class=\"wp-block-button is-style-gruff-cta\"><a class=\"wp-block-button__link has-primary-background-color has-background wp-element-button\" href=\"tel:+3726099005\">+372 6099005<\/a><\/div>\n\n<\/div>\n\n<\/div>\n","protected":false},"excerpt":{"rendered":"<p>Spara smart med v\u00e5renergihanterare Gruff Technology erbjuder smarta uttag och rel\u00e4er som automatiskt optimerar din elf\u00f6rbrukning baserat p\u00e5 realtidspriser fr\u00e5n Nord Pool. Smarta l\u00f6sningar f\u00f6r alla behov V\u00e4lj r\u00e4tt energihanterare f\u00f6r ditt hem eller f\u00f6retag. Smartplugg DIN-skenrel\u00e4 F\u00f6retagsl\u00f6sningar Individuell priss\u00e4ttning Smartplugg f\u00f6ljerNord Pool-priser Uttaget sl\u00e5r automatiskt p\u00e5 och av dina enheter baserat p\u00e5 elmarknadspriset. Du [&hellip;]<\/p>\n","protected":false},"author":1,"featured_media":0,"parent":0,"menu_order":0,"comment_status":"closed","ping_status":"closed","template":"","meta":{"inline_featured_image":false,"footnotes":""},"class_list":["post-1394","page","type-page","status-publish","hentry"],"yoast_head":"<!-- This site is optimized with the Yoast SEO plugin v27.2 - https:\/\/yoast.com\/product\/yoast-seo-wordpress\/ -->\n<title>Gruff Technology - Gruff Technology<\/title>\n<meta name=\"robots\" content=\"index, follow, max-snippet:-1, max-image-preview:large, max-video-preview:-1\" \/>\n<link rel=\"canonical\" href=\"https:\/\/grufftechnology.eu\/sv\/\" \/>\n<meta property=\"og:locale\" content=\"sv_SE\" \/>\n<meta property=\"og:type\" content=\"article\" \/>\n<meta property=\"og:title\" content=\"Gruff Technology - Gruff Technology\" \/>\n<meta property=\"og:description\" content=\"Spara smart med v\u00e5renergihanterare Gruff Technology erbjuder smarta uttag och rel\u00e4er som automatiskt optimerar din elf\u00f6rbrukning baserat p\u00e5 realtidspriser fr\u00e5n Nord Pool. Smarta l\u00f6sningar f\u00f6r alla behov V\u00e4lj r\u00e4tt energihanterare f\u00f6r ditt hem eller f\u00f6retag. Smartplugg DIN-skenrel\u00e4 F\u00f6retagsl\u00f6sningar Individuell priss\u00e4ttning Smartplugg f\u00f6ljerNord Pool-priser Uttaget sl\u00e5r automatiskt p\u00e5 och av dina enheter baserat p\u00e5 elmarknadspriset. Du [&hellip;]\" \/>\n<meta property=\"og:url\" content=\"https:\/\/grufftechnology.eu\/sv\/\" \/>\n<meta property=\"og:site_name\" content=\"Gruff Technology\" \/>\n<meta property=\"article:publisher\" content=\"https:\/\/www.facebook.com\/Grufftechnology\" \/>\n<meta property=\"article:modified_time\" content=\"2026-03-13T18:30:19+00:00\" \/>\n<meta property=\"og:image\" content=\"https:\/\/grufftechnology.eu\/wp-content\/uploads\/2026\/03\/Gruff-soc.png\" \/>\n<meta name=\"twitter:card\" content=\"summary_large_image\" \/>\n<meta name=\"twitter:label1\" content=\"Ber\u00e4knad l\u00e4stid\" \/>\n\t<meta name=\"twitter:data1\" content=\"1 minut\" \/>\n<script type=\"application\/ld+json\" class=\"yoast-schema-graph\">{\"@context\":\"https:\/\/schema.org\",\"@graph\":[{\"@type\":\"WebPage\",\"@id\":\"https:\/\/grufftechnology.eu\/sv\/\",\"url\":\"https:\/\/grufftechnology.eu\/sv\/\",\"name\":\"Gruff Technology - Gruff Technology\",\"isPartOf\":{\"@id\":\"https:\/\/grufftechnology.eu\/sv\/#website\"},\"primaryImageOfPage\":{\"@id\":\"https:\/\/grufftechnology.eu\/sv\/#primaryimage\"},\"image\":{\"@id\":\"https:\/\/grufftechnology.eu\/sv\/#primaryimage\"},\"thumbnailUrl\":\"https:\/\/grufftechnology.eu\/wp-content\/uploads\/2026\/03\/Gruff-soc.png\",\"datePublished\":\"2023-02-01T16:58:03+00:00\",\"dateModified\":\"2026-03-13T18:30:19+00:00\",\"breadcrumb\":{\"@id\":\"https:\/\/grufftechnology.eu\/sv\/#breadcrumb\"},\"inLanguage\":\"sv-SE\",\"potentialAction\":[{\"@type\":\"ReadAction\",\"target\":[\"https:\/\/grufftechnology.eu\/sv\/\"]}]},{\"@type\":\"ImageObject\",\"inLanguage\":\"sv-SE\",\"@id\":\"https:\/\/grufftechnology.eu\/sv\/#primaryimage\",\"url\":\"https:\/\/grufftechnology.eu\/wp-content\/uploads\/2026\/03\/Gruff-soc.png\",\"contentUrl\":\"https:\/\/grufftechnology.eu\/wp-content\/uploads\/2026\/03\/Gruff-soc.png\"},{\"@type\":\"BreadcrumbList\",\"@id\":\"https:\/\/grufftechnology.eu\/sv\/#breadcrumb\",\"itemListElement\":[{\"@type\":\"ListItem\",\"position\":1,\"name\":\"Home\",\"item\":\"https:\/\/grufftechnology.eu\/sv\/gruff-technology\/\"},{\"@type\":\"ListItem\",\"position\":2,\"name\":\"Gruff Technology\"}]},{\"@type\":\"WebSite\",\"@id\":\"https:\/\/grufftechnology.eu\/sv\/#website\",\"url\":\"https:\/\/grufftechnology.eu\/sv\/\",\"name\":\"Gruff Technology\",\"description\":\"Save your money with saver socket\",\"publisher\":{\"@id\":\"https:\/\/grufftechnology.eu\/sv\/#organization\"},\"alternateName\":\"Gruff\",\"potentialAction\":[{\"@type\":\"SearchAction\",\"target\":{\"@type\":\"EntryPoint\",\"urlTemplate\":\"https:\/\/grufftechnology.eu\/sv\/?s={search_term_string}\"},\"query-input\":{\"@type\":\"PropertyValueSpecification\",\"valueRequired\":true,\"valueName\":\"search_term_string\"}}],\"inLanguage\":\"sv-SE\"},{\"@type\":\"Organization\",\"@id\":\"https:\/\/grufftechnology.eu\/sv\/#organization\",\"name\":\"Gruff Technology\",\"url\":\"https:\/\/grufftechnology.eu\/sv\/\",\"logo\":{\"@type\":\"ImageObject\",\"inLanguage\":\"sv-SE\",\"@id\":\"https:\/\/grufftechnology.eu\/sv\/#\/schema\/logo\/image\/\",\"url\":\"https:\/\/grufftechnology.eu\/wp-content\/uploads\/2023\/03\/GRUFF-T.svg\",\"contentUrl\":\"https:\/\/grufftechnology.eu\/wp-content\/uploads\/2023\/03\/GRUFF-T.svg\",\"caption\":\"Gruff Technology\"},\"image\":{\"@id\":\"https:\/\/grufftechnology.eu\/sv\/#\/schema\/logo\/image\/\"},\"sameAs\":[\"https:\/\/www.facebook.com\/Grufftechnology\"]}]}<\/script>\n<!-- \/ Yoast SEO plugin. -->","yoast_head_json":{"title":"Gruff Technology - Gruff Technology","robots":{"index":"index","follow":"follow","max-snippet":"max-snippet:-1","max-image-preview":"max-image-preview:large","max-video-preview":"max-video-preview:-1"},"canonical":"https:\/\/grufftechnology.eu\/sv\/","og_locale":"sv_SE","og_type":"article","og_title":"Gruff Technology - Gruff Technology","og_description":"Spara smart med v\u00e5renergihanterare Gruff Technology erbjuder smarta uttag och rel\u00e4er som automatiskt optimerar din elf\u00f6rbrukning baserat p\u00e5 realtidspriser fr\u00e5n Nord Pool. Smarta l\u00f6sningar f\u00f6r alla behov V\u00e4lj r\u00e4tt energihanterare f\u00f6r ditt hem eller f\u00f6retag. Smartplugg DIN-skenrel\u00e4 F\u00f6retagsl\u00f6sningar Individuell priss\u00e4ttning Smartplugg f\u00f6ljerNord Pool-priser Uttaget sl\u00e5r automatiskt p\u00e5 och av dina enheter baserat p\u00e5 elmarknadspriset. Du [&hellip;]","og_url":"https:\/\/grufftechnology.eu\/sv\/","og_site_name":"Gruff Technology","article_publisher":"https:\/\/www.facebook.com\/Grufftechnology","article_modified_time":"2026-03-13T18:30:19+00:00","og_image":[{"url":"https:\/\/grufftechnology.eu\/wp-content\/uploads\/2026\/03\/Gruff-soc.png","type":"","width":"","height":""}],"twitter_card":"summary_large_image","twitter_misc":{"Ber\u00e4knad l\u00e4stid":"1 minut"},"schema":{"@context":"https:\/\/schema.org","@graph":[{"@type":"WebPage","@id":"https:\/\/grufftechnology.eu\/sv\/","url":"https:\/\/grufftechnology.eu\/sv\/","name":"Gruff Technology - Gruff Technology","isPartOf":{"@id":"https:\/\/grufftechnology.eu\/sv\/#website"},"primaryImageOfPage":{"@id":"https:\/\/grufftechnology.eu\/sv\/#primaryimage"},"image":{"@id":"https:\/\/grufftechnology.eu\/sv\/#primaryimage"},"thumbnailUrl":"https:\/\/grufftechnology.eu\/wp-content\/uploads\/2026\/03\/Gruff-soc.png","datePublished":"2023-02-01T16:58:03+00:00","dateModified":"2026-03-13T18:30:19+00:00","breadcrumb":{"@id":"https:\/\/grufftechnology.eu\/sv\/#breadcrumb"},"inLanguage":"sv-SE","potentialAction":[{"@type":"ReadAction","target":["https:\/\/grufftechnology.eu\/sv\/"]}]},{"@type":"ImageObject","inLanguage":"sv-SE","@id":"https:\/\/grufftechnology.eu\/sv\/#primaryimage","url":"https:\/\/grufftechnology.eu\/wp-content\/uploads\/2026\/03\/Gruff-soc.png","contentUrl":"https:\/\/grufftechnology.eu\/wp-content\/uploads\/2026\/03\/Gruff-soc.png"},{"@type":"BreadcrumbList","@id":"https:\/\/grufftechnology.eu\/sv\/#breadcrumb","itemListElement":[{"@type":"ListItem","position":1,"name":"Home","item":"https:\/\/grufftechnology.eu\/sv\/gruff-technology\/"},{"@type":"ListItem","position":2,"name":"Gruff Technology"}]},{"@type":"WebSite","@id":"https:\/\/grufftechnology.eu\/sv\/#website","url":"https:\/\/grufftechnology.eu\/sv\/","name":"Gruff Technology","description":"Save your money with saver socket","publisher":{"@id":"https:\/\/grufftechnology.eu\/sv\/#organization"},"alternateName":"Gruff","potentialAction":[{"@type":"SearchAction","target":{"@type":"EntryPoint","urlTemplate":"https:\/\/grufftechnology.eu\/sv\/?s={search_term_string}"},"query-input":{"@type":"PropertyValueSpecification","valueRequired":true,"valueName":"search_term_string"}}],"inLanguage":"sv-SE"},{"@type":"Organization","@id":"https:\/\/grufftechnology.eu\/sv\/#organization","name":"Gruff Technology","url":"https:\/\/grufftechnology.eu\/sv\/","logo":{"@type":"ImageObject","inLanguage":"sv-SE","@id":"https:\/\/grufftechnology.eu\/sv\/#\/schema\/logo\/image\/","url":"https:\/\/grufftechnology.eu\/wp-content\/uploads\/2023\/03\/GRUFF-T.svg","contentUrl":"https:\/\/grufftechnology.eu\/wp-content\/uploads\/2023\/03\/GRUFF-T.svg","caption":"Gruff Technology"},"image":{"@id":"https:\/\/grufftechnology.eu\/sv\/#\/schema\/logo\/image\/"},"sameAs":["https:\/\/www.facebook.com\/Grufftechnology"]}]}},"_links":{"self":[{"href":"https:\/\/grufftechnology.eu\/sv\/wp-json\/wp\/v2\/pages\/1394","targetHints":{"allow":["GET"]}}],"collection":[{"href":"https:\/\/grufftechnology.eu\/sv\/wp-json\/wp\/v2\/pages"}],"about":[{"href":"https:\/\/grufftechnology.eu\/sv\/wp-json\/wp\/v2\/types\/page"}],"author":[{"embeddable":true,"href":"https:\/\/grufftechnology.eu\/sv\/wp-json\/wp\/v2\/users\/1"}],"replies":[{"embeddable":true,"href":"https:\/\/grufftechnology.eu\/sv\/wp-json\/wp\/v2\/comments?post=1394"}],"version-history":[{"count":2,"href":"https:\/\/grufftechnology.eu\/sv\/wp-json\/wp\/v2\/pages\/1394\/revisions"}],"predecessor-version":[{"id":2239,"href":"https:\/\/grufftechnology.eu\/sv\/wp-json\/wp\/v2\/pages\/1394\/revisions\/2239"}],"wp:attachment":[{"href":"https:\/\/grufftechnology.eu\/sv\/wp-json\/wp\/v2\/media?parent=1394"}],"curies":[{"name":"wp","href":"https:\/\/api.w.org\/{rel}","templated":true}]}}