{"id":2030,"date":"2026-03-06T20:35:13","date_gmt":"2026-03-06T18:35:13","guid":{"rendered":"https:\/\/grufftechnology.eu\/?page_id=2030"},"modified":"2026-03-13T20:27:22","modified_gmt":"2026-03-13T18:27:22","slug":"foretagskunder","status":"publish","type":"page","link":"https:\/\/grufftechnology.eu\/sv\/foretagskunder\/","title":{"rendered":"F\u00f6retagskunder"},"content":{"rendered":"\n<div class=\"wp-block-group gruff-section has-global-padding is-layout-constrained wp-container-core-group-is-layout-3a4e4474 wp-block-group-is-layout-constrained\">\n\n<div class=\"wp-block-columns is-layout-flex wp-container-core-columns-is-layout-6b276c36 wp-block-columns-is-layout-flex\">\n\n<div class=\"wp-block-column is-layout-flow wp-block-column-is-layout-flow\" style=\"flex-basis:60%\">\n\n<p class=\"has-primary-color has-text-color has-small-font-size\" style=\"font-weight:600\">F\u00f6retag<\/p>\n\n\n\n<h1 class=\"wp-block-heading has-5-xl-font-size\" style=\"font-weight:800;letter-spacing:-0.025em;line-height:1.15\">F\u00f6retagsl\u00f6sningar f\u00f6r<br><mark style=\"background-color:transparent;color:#14C546\" class=\"has-inline-color\">energihantering<\/mark><\/h1>\n\n\n\n<p class=\"has-muted-color has-text-color\">Gruff Technology erbjuder skr\u00e4ddarsydda energihanteringsl\u00f6sningar f\u00f6r f\u00f6retag. Minska f\u00f6retagets elkostnader och hantera flera enheter fr\u00e5n en enda kontrollpanel.<\/p>\n\n\n\n<ul class=\"has-muted-color has-text-color has-small-font-size wp-block-list\">\n<li>Skr\u00e4ddarsydda l\u00f6sningar f\u00f6r kontor och lager<\/li>\n\n\n<li>Avancerad API-\u00e5tkomst och rapportering<\/li>\n\n\n<li>Hanteringspanel f\u00f6r flera enheter<\/li>\n\n\n<li>Individuell priss\u00e4ttning<\/li>\n\n\n<li>Prioriterad kundsupport<\/li>\n<\/ul>\n\n\n\n<div class=\"wp-block-buttons is-layout-flex wp-block-buttons-is-layout-flex\">\n<div class=\"wp-block-button is-style-gruff-cta\"><a class=\"wp-block-button__link has-primary-background-color has-background wp-element-button\" href=\"\/sv\/kontakt\/\">Kontakta oss<\/a><\/div>\n<\/div>\n\n<\/div>\n\n\n\n<div class=\"wp-block-column is-layout-flow wp-block-column-is-layout-flow\" style=\"flex-basis:40%\">\n\n<figure class=\"wp-block-image size-large\"><img decoding=\"async\" src=\"https:\/\/grufftechnology.eu\/wp-content\/uploads\/2024\/07\/pakend-automation.jpg\" alt=\"Business Solutions\"\/><\/figure>\n\n<\/div>\n\n<\/div>\n\n<\/div>\n\n\n\n<div class=\"wp-block-group gruff-section gruff-section--surface has-surface-background-color has-background has-global-padding is-layout-constrained wp-container-core-group-is-layout-3a4e4474 wp-block-group-is-layout-constrained\">\n\n<h2 class=\"wp-block-heading has-text-align-center has-4-xl-font-size\">Varf\u00f6r v\u00e4lja en Gruff f\u00f6retagsl\u00f6sning?<\/h2>\n\n\n\n<div class=\"wp-block-columns is-layout-flex wp-container-core-columns-is-layout-e0bfaba5 wp-block-columns-is-layout-flex\">\n\n<div class=\"wp-block-column is-layout-flow wp-block-column-is-layout-flow\">\n\n<div class=\"wp-block-group gruff-card has-global-padding is-layout-constrained wp-block-group-is-layout-constrained\">\n\n<p class=\"gruff-icon-text\">trending_down<\/p>\n\n\n<h3 class=\"wp-block-heading has-xl-font-size\">Kostnadsreduktion<\/h3>\n\n\n<p class=\"has-muted-color has-text-color has-small-font-size\">Automatisk optimering av energif\u00f6rbrukning baserat p\u00e5 Nord Pool-priser minskar f\u00f6retagets elkostnader avsev\u00e4rt.<\/p>\n\n<\/div>\n\n<\/div>\n\n\n\n<div class=\"wp-block-column is-layout-flow wp-block-column-is-layout-flow\">\n\n<div class=\"wp-block-group gruff-card has-global-padding is-layout-constrained wp-block-group-is-layout-constrained\">\n\n<p class=\"gruff-icon-text\">dashboard<\/p>\n\n\n<h3 class=\"wp-block-heading has-xl-font-size\">Central hantering<\/h3>\n\n\n<p class=\"has-muted-color has-text-color has-small-font-size\">Hantera alla enheter fr\u00e5n en enda kontrollpanel. Realtids\u00f6versikt \u00f6ver energif\u00f6rbrukning och kostnader.<\/p>\n\n<\/div>\n\n<\/div>\n\n\n\n<div class=\"wp-block-column is-layout-flow wp-block-column-is-layout-flow\">\n\n<div class=\"wp-block-group gruff-card has-global-padding is-layout-constrained wp-block-group-is-layout-constrained\">\n\n<p class=\"gruff-icon-text\">api<\/p>\n\n\n<h3 class=\"wp-block-heading has-xl-font-size\">API-integration<\/h3>\n\n\n<p class=\"has-muted-color has-text-color has-small-font-size\">Avancerat API m\u00f6jligg\u00f6r integration av energihantering i befintliga system och skapande av anpassade rapporter.<\/p>\n\n<\/div>\n\n<\/div>\n\n<\/div>\n\n<\/div>\n\n\n\n<div class=\"wp-block-group gruff-section has-global-padding is-layout-constrained wp-container-core-group-is-layout-3a4e4474 wp-block-group-is-layout-constrained\">\n\n<h2 class=\"wp-block-heading has-text-align-center has-4-xl-font-size\">Smarta l\u00f6sningar f\u00f6r alla behov<\/h2>\n\n\n\n<p class=\"has-text-align-center has-muted-color has-text-color\">V\u00e4lj r\u00e4tt energihanterare f\u00f6r ditt hem eller f\u00f6retag.<\/p>\n\n\n\n<div class=\"wp-block-columns is-layout-flex wp-container-core-columns-is-layout-6b276c36 wp-block-columns-is-layout-flex\">\n\n<div class=\"wp-block-column is-layout-flow wp-block-column-is-layout-flow\">\n\n<div class=\"wp-block-group gruff-product-card has-global-padding is-layout-constrained wp-block-group-is-layout-constrained\">\n\n<figure class=\"wp-block-image size-medium gruff-product-card__image\"><img decoding=\"async\" src=\"https:\/\/grufftechnology.eu\/wp-content\/uploads\/2026\/03\/Gruff-soc.png\" alt=\"Smartplugg\"\/><\/figure>\n\n\n<h3 class=\"wp-block-heading has-xl-font-size\" style=\"font-weight:700\">Smartplugg<\/h3>\n\n\n<ul class=\"has-muted-color has-text-color has-small-font-size wp-block-list\">\n<li>Ansluts direkt till befintligt uttag<\/li>\n\n\n<li>Styr enheter med h\u00f6g f\u00f6rbrukning upp till 3,5 kW<\/li>\n\n\n<li>Visuell prisindikator (gr\u00f6n\/r\u00f6d LED)<\/li>\n<\/ul>\n\n<span class=\"woocommerce-Price-amount amount\">65,00&nbsp;<span class=\"woocommerce-Price-currencySymbol\">&euro;<\/span><\/span>\n\n<a href=\"https:\/\/grufftechnology.eu\/sv\/varukorg\/?add-to-cart=1365\" class=\"gruff-cta-link\" style=\"padding:0.5rem 1rem;border-radius:0.5rem;font-size:0.875rem;\">L\u00e4gg i varukorgen <span class=\"material-icons\" style=\"font-size:1rem;\">add_shopping_cart<\/span><\/a>\n\n<\/div>\n\n<\/div>\n\n\n\n<div class=\"wp-block-column is-layout-flow wp-block-column-is-layout-flow\">\n\n<div class=\"wp-block-group gruff-product-card has-global-padding is-layout-constrained wp-block-group-is-layout-constrained\">\n\n<figure class=\"wp-block-image size-medium gruff-product-card__image\"><img decoding=\"async\" src=\"https:\/\/grufftechnology.eu\/wp-content\/uploads\/2026\/03\/relee-taustata.png\" alt=\"DIN-skenrel\u00e4\"\/><\/figure>\n\n\n<h3 class=\"wp-block-heading has-xl-font-size\" style=\"font-weight:700\">DIN-skenrel\u00e4<\/h3>\n\n\n<ul class=\"has-muted-color has-text-color has-small-font-size wp-block-list\">\n<li>Installeras direkt i elcentralen<\/li>\n\n\n<li>Idealisk f\u00f6r varmvattenberedare och golvv\u00e4rme<\/li>\n\n\n<li>Kr\u00e4ver professionell installation<\/li>\n<\/ul>\n\n<span class=\"woocommerce-Price-amount amount\">95,00&nbsp;<span class=\"woocommerce-Price-currencySymbol\">&euro;<\/span><\/span>\n\n<a href=\"https:\/\/grufftechnology.eu\/sv\/varukorg\/?add-to-cart=1381\" class=\"gruff-cta-link\" style=\"padding:0.5rem 1rem;border-radius:0.5rem;font-size:0.875rem;\">L\u00e4gg i varukorgen <span class=\"material-icons\" style=\"font-size:1rem;\">add_shopping_cart<\/span><\/a>\n\n<\/div>\n\n<\/div>\n\n\n\n<div class=\"wp-block-column is-layout-flow wp-block-column-is-layout-flow\">\n\n<div class=\"wp-block-group gruff-product-card has-global-padding is-layout-constrained wp-block-group-is-layout-constrained\">\n\n<figure class=\"wp-block-image size-medium gruff-product-card__image\"><img loading=\"lazy\" decoding=\"async\" width=\"300\" height=\"300\" src=\"https:\/\/grufftechnology.eu\/wp-content\/uploads\/2026\/03\/business-solutions-iredgUgEj2qwwVDYxLkBz2-300x300.webp\" alt=\"Gruff Business Solutions\" class=\"wp-image-1583\" srcset=\"https:\/\/grufftechnology.eu\/wp-content\/uploads\/2026\/03\/business-solutions-iredgUgEj2qwwVDYxLkBz2-300x300.webp 300w, https:\/\/grufftechnology.eu\/wp-content\/uploads\/2026\/03\/business-solutions-iredgUgEj2qwwVDYxLkBz2-100x100.webp 100w, https:\/\/grufftechnology.eu\/wp-content\/uploads\/2026\/03\/business-solutions-iredgUgEj2qwwVDYxLkBz2-600x600.webp 600w, https:\/\/grufftechnology.eu\/wp-content\/uploads\/2026\/03\/business-solutions-iredgUgEj2qwwVDYxLkBz2-1024x1024.webp 1024w, https:\/\/grufftechnology.eu\/wp-content\/uploads\/2026\/03\/business-solutions-iredgUgEj2qwwVDYxLkBz2-150x150.webp 150w, https:\/\/grufftechnology.eu\/wp-content\/uploads\/2026\/03\/business-solutions-iredgUgEj2qwwVDYxLkBz2-768x768.webp 768w, https:\/\/grufftechnology.eu\/wp-content\/uploads\/2026\/03\/business-solutions-iredgUgEj2qwwVDYxLkBz2-1536x1536.webp 1536w, https:\/\/grufftechnology.eu\/wp-content\/uploads\/2026\/03\/business-solutions-iredgUgEj2qwwVDYxLkBz2.webp 1920w\" sizes=\"auto, (max-width: 300px) 100vw, 300px\" \/><\/figure>\n\n\n<h3 class=\"wp-block-heading has-xl-font-size\" style=\"font-weight:700\">F\u00f6retagsl\u00f6sningar<\/h3>\n\n\n<ul class=\"has-muted-color has-text-color has-small-font-size wp-block-list\">\n<li>Skr\u00e4ddarsydda l\u00f6sningar f\u00f6r kontor och lager<\/li>\n\n\n<li>Avancerad API-\u00e5tkomst och rapportering<\/li>\n\n\n<li>Hanteringspanel f\u00f6r flera enheter<\/li>\n<\/ul>\n\n\n<p class=\"has-muted-color has-text-color has-small-font-size\">Individuell priss\u00e4ttning<\/p>\n\n\n<div class=\"wp-block-buttons is-layout-flex wp-block-buttons-is-layout-flex\">\n<div class=\"wp-block-button is-style-outline is-style-outline--1\"><a class=\"wp-block-button__link wp-element-button\" href=\"\/sv\/kontakt\/\">Kontakta oss<\/a><\/div>\n<\/div>\n\n<\/div>\n\n<\/div>\n\n<\/div>\n\n<\/div>\n\n\n\n<div class=\"wp-block-group gruff-section gruff-section--dark has-dark-background-color has-background has-global-padding is-layout-constrained wp-container-core-group-is-layout-985d9e89 wp-block-group-is-layout-constrained\">\n\n<h2 class=\"wp-block-heading has-text-align-center has-white-color has-text-color has-4-xl-font-size\">L\u00e5t oss prata om dina behov<\/h2>\n\n\n<p class=\"has-text-align-center has-text-light-color has-text-color has-large-font-size\">Kontakta oss s\u00e5 hittar vi r\u00e4tt l\u00f6sning f\u00f6r ditt f\u00f6retag.<\/p>\n\n\n<div class=\"wp-block-buttons is-content-justification-center is-layout-flex wp-container-core-buttons-is-layout-a89b3969 wp-block-buttons-is-layout-flex\">\n\n<div class=\"wp-block-button is-style-gruff-cta\"><a class=\"wp-block-button__link has-primary-background-color has-background wp-element-button\" href=\"tel:+37253493962\">+372 53493962<\/a><\/div>\n\n\n<div class=\"wp-block-button is-style-outline is-style-outline--2\"><a class=\"wp-block-button__link wp-element-button\" href=\"mailto:info@grufftechnology.eu\">info@grufftechnology.eu<\/a><\/div>\n\n<\/div>\n\n<\/div>\n","protected":false},"excerpt":{"rendered":"<p>F\u00f6retag F\u00f6retagsl\u00f6sningar f\u00f6renergihantering Gruff Technology erbjuder skr\u00e4ddarsydda energihanteringsl\u00f6sningar f\u00f6r f\u00f6retag. Minska f\u00f6retagets elkostnader och hantera flera enheter fr\u00e5n en enda kontrollpanel. Varf\u00f6r v\u00e4lja en Gruff f\u00f6retagsl\u00f6sning? trending_down Kostnadsreduktion Automatisk optimering av energif\u00f6rbrukning baserat p\u00e5 Nord Pool-priser minskar f\u00f6retagets elkostnader avsev\u00e4rt. dashboard Central hantering Hantera alla enheter fr\u00e5n en enda kontrollpanel. Realtids\u00f6versikt \u00f6ver energif\u00f6rbrukning och kostnader. [&hellip;]<\/p>\n","protected":false},"author":4,"featured_media":0,"parent":0,"menu_order":0,"comment_status":"closed","ping_status":"closed","template":"page-arikliendile","meta":{"inline_featured_image":false,"footnotes":""},"class_list":["post-2030","page","type-page","status-publish","hentry"],"yoast_head":"<!-- This site is optimized with the Yoast SEO plugin v27.2 - https:\/\/yoast.com\/product\/yoast-seo-wordpress\/ -->\n<title>F\u00f6retagskunder - Gruff Technology<\/title>\n<meta name=\"robots\" content=\"index, follow, max-snippet:-1, max-image-preview:large, max-video-preview:-1\" \/>\n<link rel=\"canonical\" href=\"https:\/\/grufftechnology.eu\/sv\/foretagskunder\/\" \/>\n<meta property=\"og:locale\" content=\"sv_SE\" \/>\n<meta property=\"og:type\" content=\"article\" \/>\n<meta property=\"og:title\" content=\"F\u00f6retagskunder - Gruff Technology\" \/>\n<meta property=\"og:description\" content=\"F\u00f6retag F\u00f6retagsl\u00f6sningar f\u00f6renergihantering Gruff Technology erbjuder skr\u00e4ddarsydda energihanteringsl\u00f6sningar f\u00f6r f\u00f6retag. Minska f\u00f6retagets elkostnader och hantera flera enheter fr\u00e5n en enda kontrollpanel. Varf\u00f6r v\u00e4lja en Gruff f\u00f6retagsl\u00f6sning? trending_down Kostnadsreduktion Automatisk optimering av energif\u00f6rbrukning baserat p\u00e5 Nord Pool-priser minskar f\u00f6retagets elkostnader avsev\u00e4rt. dashboard Central hantering Hantera alla enheter fr\u00e5n en enda kontrollpanel. Realtids\u00f6versikt \u00f6ver energif\u00f6rbrukning och kostnader. [&hellip;]\" \/>\n<meta property=\"og:url\" content=\"https:\/\/grufftechnology.eu\/sv\/foretagskunder\/\" \/>\n<meta property=\"og:site_name\" content=\"Gruff Technology\" \/>\n<meta property=\"article:publisher\" content=\"https:\/\/www.facebook.com\/Grufftechnology\" \/>\n<meta property=\"article:modified_time\" content=\"2026-03-13T18:27:22+00:00\" \/>\n<meta property=\"og:image\" content=\"https:\/\/grufftechnology.eu\/wp-content\/uploads\/2024\/07\/pakend-automation.jpg\" \/>\n<meta name=\"twitter:card\" content=\"summary_large_image\" \/>\n<meta name=\"twitter:label1\" content=\"Ber\u00e4knad l\u00e4stid\" \/>\n\t<meta name=\"twitter:data1\" content=\"1 minut\" \/>\n<script type=\"application\/ld+json\" class=\"yoast-schema-graph\">{\"@context\":\"https:\/\/schema.org\",\"@graph\":[{\"@type\":\"WebPage\",\"@id\":\"https:\/\/grufftechnology.eu\/sv\/foretagskunder\/\",\"url\":\"https:\/\/grufftechnology.eu\/sv\/foretagskunder\/\",\"name\":\"F\u00f6retagskunder - Gruff Technology\",\"isPartOf\":{\"@id\":\"https:\/\/grufftechnology.eu\/sv\/#website\"},\"primaryImageOfPage\":{\"@id\":\"https:\/\/grufftechnology.eu\/sv\/foretagskunder\/#primaryimage\"},\"image\":{\"@id\":\"https:\/\/grufftechnology.eu\/sv\/foretagskunder\/#primaryimage\"},\"thumbnailUrl\":\"https:\/\/grufftechnology.eu\/wp-content\/uploads\/2024\/07\/pakend-automation.jpg\",\"datePublished\":\"2026-03-06T18:35:13+00:00\",\"dateModified\":\"2026-03-13T18:27:22+00:00\",\"breadcrumb\":{\"@id\":\"https:\/\/grufftechnology.eu\/sv\/foretagskunder\/#breadcrumb\"},\"inLanguage\":\"sv-SE\",\"potentialAction\":[{\"@type\":\"ReadAction\",\"target\":[\"https:\/\/grufftechnology.eu\/sv\/foretagskunder\/\"]}]},{\"@type\":\"ImageObject\",\"inLanguage\":\"sv-SE\",\"@id\":\"https:\/\/grufftechnology.eu\/sv\/foretagskunder\/#primaryimage\",\"url\":\"https:\/\/grufftechnology.eu\/wp-content\/uploads\/2024\/07\/pakend-automation.jpg\",\"contentUrl\":\"https:\/\/grufftechnology.eu\/wp-content\/uploads\/2024\/07\/pakend-automation.jpg\"},{\"@type\":\"BreadcrumbList\",\"@id\":\"https:\/\/grufftechnology.eu\/sv\/foretagskunder\/#breadcrumb\",\"itemListElement\":[{\"@type\":\"ListItem\",\"position\":1,\"name\":\"Home\",\"item\":\"https:\/\/grufftechnology.eu\/sv\/gruff-technology\/\"},{\"@type\":\"ListItem\",\"position\":2,\"name\":\"F\u00f6retagskunder\"}]},{\"@type\":\"WebSite\",\"@id\":\"https:\/\/grufftechnology.eu\/sv\/#website\",\"url\":\"https:\/\/grufftechnology.eu\/sv\/\",\"name\":\"Gruff Technology\",\"description\":\"Save your money with saver socket\",\"publisher\":{\"@id\":\"https:\/\/grufftechnology.eu\/sv\/#organization\"},\"alternateName\":\"Gruff\",\"potentialAction\":[{\"@type\":\"SearchAction\",\"target\":{\"@type\":\"EntryPoint\",\"urlTemplate\":\"https:\/\/grufftechnology.eu\/sv\/?s={search_term_string}\"},\"query-input\":{\"@type\":\"PropertyValueSpecification\",\"valueRequired\":true,\"valueName\":\"search_term_string\"}}],\"inLanguage\":\"sv-SE\"},{\"@type\":\"Organization\",\"@id\":\"https:\/\/grufftechnology.eu\/sv\/#organization\",\"name\":\"Gruff Technology\",\"url\":\"https:\/\/grufftechnology.eu\/sv\/\",\"logo\":{\"@type\":\"ImageObject\",\"inLanguage\":\"sv-SE\",\"@id\":\"https:\/\/grufftechnology.eu\/sv\/#\/schema\/logo\/image\/\",\"url\":\"https:\/\/grufftechnology.eu\/wp-content\/uploads\/2023\/03\/GRUFF-T.svg\",\"contentUrl\":\"https:\/\/grufftechnology.eu\/wp-content\/uploads\/2023\/03\/GRUFF-T.svg\",\"caption\":\"Gruff Technology\"},\"image\":{\"@id\":\"https:\/\/grufftechnology.eu\/sv\/#\/schema\/logo\/image\/\"},\"sameAs\":[\"https:\/\/www.facebook.com\/Grufftechnology\"]}]}<\/script>\n<!-- \/ Yoast SEO plugin. -->","yoast_head_json":{"title":"F\u00f6retagskunder - Gruff Technology","robots":{"index":"index","follow":"follow","max-snippet":"max-snippet:-1","max-image-preview":"max-image-preview:large","max-video-preview":"max-video-preview:-1"},"canonical":"https:\/\/grufftechnology.eu\/sv\/foretagskunder\/","og_locale":"sv_SE","og_type":"article","og_title":"F\u00f6retagskunder - Gruff Technology","og_description":"F\u00f6retag F\u00f6retagsl\u00f6sningar f\u00f6renergihantering Gruff Technology erbjuder skr\u00e4ddarsydda energihanteringsl\u00f6sningar f\u00f6r f\u00f6retag. Minska f\u00f6retagets elkostnader och hantera flera enheter fr\u00e5n en enda kontrollpanel. Varf\u00f6r v\u00e4lja en Gruff f\u00f6retagsl\u00f6sning? trending_down Kostnadsreduktion Automatisk optimering av energif\u00f6rbrukning baserat p\u00e5 Nord Pool-priser minskar f\u00f6retagets elkostnader avsev\u00e4rt. dashboard Central hantering Hantera alla enheter fr\u00e5n en enda kontrollpanel. Realtids\u00f6versikt \u00f6ver energif\u00f6rbrukning och kostnader. [&hellip;]","og_url":"https:\/\/grufftechnology.eu\/sv\/foretagskunder\/","og_site_name":"Gruff Technology","article_publisher":"https:\/\/www.facebook.com\/Grufftechnology","article_modified_time":"2026-03-13T18:27:22+00:00","og_image":[{"url":"https:\/\/grufftechnology.eu\/wp-content\/uploads\/2024\/07\/pakend-automation.jpg","type":"","width":"","height":""}],"twitter_card":"summary_large_image","twitter_misc":{"Ber\u00e4knad l\u00e4stid":"1 minut"},"schema":{"@context":"https:\/\/schema.org","@graph":[{"@type":"WebPage","@id":"https:\/\/grufftechnology.eu\/sv\/foretagskunder\/","url":"https:\/\/grufftechnology.eu\/sv\/foretagskunder\/","name":"F\u00f6retagskunder - Gruff Technology","isPartOf":{"@id":"https:\/\/grufftechnology.eu\/sv\/#website"},"primaryImageOfPage":{"@id":"https:\/\/grufftechnology.eu\/sv\/foretagskunder\/#primaryimage"},"image":{"@id":"https:\/\/grufftechnology.eu\/sv\/foretagskunder\/#primaryimage"},"thumbnailUrl":"https:\/\/grufftechnology.eu\/wp-content\/uploads\/2024\/07\/pakend-automation.jpg","datePublished":"2026-03-06T18:35:13+00:00","dateModified":"2026-03-13T18:27:22+00:00","breadcrumb":{"@id":"https:\/\/grufftechnology.eu\/sv\/foretagskunder\/#breadcrumb"},"inLanguage":"sv-SE","potentialAction":[{"@type":"ReadAction","target":["https:\/\/grufftechnology.eu\/sv\/foretagskunder\/"]}]},{"@type":"ImageObject","inLanguage":"sv-SE","@id":"https:\/\/grufftechnology.eu\/sv\/foretagskunder\/#primaryimage","url":"https:\/\/grufftechnology.eu\/wp-content\/uploads\/2024\/07\/pakend-automation.jpg","contentUrl":"https:\/\/grufftechnology.eu\/wp-content\/uploads\/2024\/07\/pakend-automation.jpg"},{"@type":"BreadcrumbList","@id":"https:\/\/grufftechnology.eu\/sv\/foretagskunder\/#breadcrumb","itemListElement":[{"@type":"ListItem","position":1,"name":"Home","item":"https:\/\/grufftechnology.eu\/sv\/gruff-technology\/"},{"@type":"ListItem","position":2,"name":"F\u00f6retagskunder"}]},{"@type":"WebSite","@id":"https:\/\/grufftechnology.eu\/sv\/#website","url":"https:\/\/grufftechnology.eu\/sv\/","name":"Gruff Technology","description":"Save your money with saver socket","publisher":{"@id":"https:\/\/grufftechnology.eu\/sv\/#organization"},"alternateName":"Gruff","potentialAction":[{"@type":"SearchAction","target":{"@type":"EntryPoint","urlTemplate":"https:\/\/grufftechnology.eu\/sv\/?s={search_term_string}"},"query-input":{"@type":"PropertyValueSpecification","valueRequired":true,"valueName":"search_term_string"}}],"inLanguage":"sv-SE"},{"@type":"Organization","@id":"https:\/\/grufftechnology.eu\/sv\/#organization","name":"Gruff Technology","url":"https:\/\/grufftechnology.eu\/sv\/","logo":{"@type":"ImageObject","inLanguage":"sv-SE","@id":"https:\/\/grufftechnology.eu\/sv\/#\/schema\/logo\/image\/","url":"https:\/\/grufftechnology.eu\/wp-content\/uploads\/2023\/03\/GRUFF-T.svg","contentUrl":"https:\/\/grufftechnology.eu\/wp-content\/uploads\/2023\/03\/GRUFF-T.svg","caption":"Gruff Technology"},"image":{"@id":"https:\/\/grufftechnology.eu\/sv\/#\/schema\/logo\/image\/"},"sameAs":["https:\/\/www.facebook.com\/Grufftechnology"]}]}},"_links":{"self":[{"href":"https:\/\/grufftechnology.eu\/sv\/wp-json\/wp\/v2\/pages\/2030","targetHints":{"allow":["GET"]}}],"collection":[{"href":"https:\/\/grufftechnology.eu\/sv\/wp-json\/wp\/v2\/pages"}],"about":[{"href":"https:\/\/grufftechnology.eu\/sv\/wp-json\/wp\/v2\/types\/page"}],"author":[{"embeddable":true,"href":"https:\/\/grufftechnology.eu\/sv\/wp-json\/wp\/v2\/users\/4"}],"replies":[{"embeddable":true,"href":"https:\/\/grufftechnology.eu\/sv\/wp-json\/wp\/v2\/comments?post=2030"}],"version-history":[{"count":3,"href":"https:\/\/grufftechnology.eu\/sv\/wp-json\/wp\/v2\/pages\/2030\/revisions"}],"predecessor-version":[{"id":2231,"href":"https:\/\/grufftechnology.eu\/sv\/wp-json\/wp\/v2\/pages\/2030\/revisions\/2231"}],"wp:attachment":[{"href":"https:\/\/grufftechnology.eu\/sv\/wp-json\/wp\/v2\/media?parent=2030"}],"curies":[{"name":"wp","href":"https:\/\/api.w.org\/{rel}","templated":true}]}}