{"id":2085,"date":"2026-03-09T14:35:37","date_gmt":"2026-03-09T12:35:37","guid":{"rendered":"https:\/\/www.grufftechnology.eu\/?page_id=2085"},"modified":"2026-03-12T09:21:55","modified_gmt":"2026-03-12T07:21:55","slug":"villkor","status":"publish","type":"page","link":"https:\/\/grufftechnology.eu\/sv\/villkor\/","title":{"rendered":"Villkor"},"content":{"rendered":"\n<h2 class=\"wp-block-heading\">F\u00f6rs\u00e4ljnings- och garantivillkor<\/h2>\n\n\n\n<p>N\u00e4tbutiken grufftechnology.eu (nedan kallad n\u00e4tbutiken) \u00e4gs av Gruff Technology O\u00dc (registreringsnummer 16620414), med adress Telliskivi 60, 10412 Tallinn, Estland.<\/p>\n\n\n\n<h3 class=\"wp-block-heading\">F\u00f6rs\u00e4ljningsavtalets giltighet, produkt- och prisinformation<\/h3>\n\n\n\n<p>Dessa f\u00f6rs\u00e4ljningsvillkor g\u00e4ller vid k\u00f6p av varor fr\u00e5n n\u00e4tbutiken. Priserna p\u00e5 produkter som s\u00e4ljs i n\u00e4tbutiken visas vid varje produkt. Produktinformation presenteras direkt vid produkten i n\u00e4tbutiken.<\/p>\n\n\n\n<h3 class=\"wp-block-heading\">Best\u00e4llning<\/h3>\n\n\n\n<p>F\u00f6r att best\u00e4lla varor, l\u00e4gg till \u00f6nskade produkter i varukorgen. F\u00f6r att slutf\u00f6ra best\u00e4llningen, fyll i de obligatoriska f\u00e4lten och v\u00e4lj en l\u00e4mplig leveransmetod. Det totala beloppet visas p\u00e5 sk\u00e4rmen och kan betalas via bankl\u00e4nk eller annan betalningsl\u00f6sning. Alla betalningar behandlas i euro.<\/p>\n\n\n\n<p>Betalning behandlas genom Montonio betalningsl\u00f6sningar.<\/p>\n\n\n\n<p>Avtalet tr\u00e4der i kraft vid mottagande av det betalningsbara beloppet p\u00e5 n\u00e4tbutikens bankkonto.<\/p>\n\n\n\n<p>Om best\u00e4llda varor inte kan levereras p\u00e5 grund av sluts\u00e5lt lager eller andra sk\u00e4l, kommer k\u00f6paren att meddelas s\u00e5 snart som m\u00f6jligt och det betalade beloppet (inklusive leveranskostnader) \u00e5terbetalas utan dr\u00f6jsm\u00e5l, dock senast 14 dagar fr\u00e5n meddelandet.<\/p>\n\n\n\n<h3 class=\"wp-block-heading\">Leverans<\/h3>\n\n\n\n<p>Varor skickas till f\u00f6ljande l\u00e4nder: Estland och Finland. Inrikes leveranser inom Estland anl\u00e4nder vanligtvis till k\u00f6parens angivna destination inom 2\u20133 arbetsdagar fr\u00e5n det att f\u00f6rs\u00e4ljningsavtalet tr\u00e4der i kraft, via Omniva paketautomater. I undantagsfall kan leveransen ta upp till 45 kalenderdagar.<\/p>\n\n\n\n<h3 class=\"wp-block-heading\">\u00c5ngerr\u00e4tt<\/h3>\n\n\n\n<p>Efter mottagande av best\u00e4llningen har k\u00f6paren r\u00e4tt att fr\u00e5ntr\u00e4da avtalet som ing\u00e5tts i n\u00e4tbutiken inom 14 dagar. \u00c5ngerr\u00e4tten g\u00e4ller inte om k\u00f6paren \u00e4r en juridisk person.<\/p>\n\n\n\n<p>F\u00f6r att utnyttja 14-dagars returr\u00e4tten f\u00e5r de best\u00e4llda varorna inte ha anv\u00e4nts p\u00e5 annat s\u00e4tt \u00e4n vad som \u00e4r n\u00f6dv\u00e4ndigt f\u00f6r att verifiera varornas natur, egenskaper och funktion, p\u00e5 samma s\u00e4tt som skulle till\u00e5tas vid testning i en fysisk butik.<\/p>\n\n\n\n<p>Om varorna har anv\u00e4nts f\u00f6r andra \u00e4ndam\u00e5l eller visar tecken p\u00e5 anv\u00e4ndning eller slitage, har n\u00e4tbutiken r\u00e4tt att minska det \u00e5terbetalningsbara beloppet i enlighet med varornas v\u00e4rdeminskning.<\/p>\n\n\n\n<p>F\u00f6r att returnera varorna, skicka ett fritt formulerat \u00e5ngermeddelande till <a href=\"mailto:info@grufftechnology.eu\">info@grufftechnology.eu<\/a> senast 14 dagar efter mottagandet av varorna.<\/p>\n\n\n\n<p>Returfraktkostnader b\u00e4rs av k\u00f6paren, om inte orsaken till returen \u00e4r att varorna inte st\u00e4mmer \u00f6verens med best\u00e4llningen (t.ex. fel eller defekt vara).<\/p>\n\n\n\n<p>K\u00f6paren m\u00e5ste returnera varorna inom 14 dagar efter att \u00e5ngermeddelandet skickats eller tillhandah\u00e5lla bevis p\u00e5 att varorna \u00f6verl\u00e4mnats till en transport\u00f6r inom denna period.<\/p>\n\n\n\n<p>Vid mottagande av de returnerade varorna \u00e5terbetalar n\u00e4tbutiken k\u00f6paren utan dr\u00f6jsm\u00e5l, dock senast 14 dagar fr\u00e5n mottagande av \u00e5ngermeddelandet. N\u00e4tbutiken kan h\u00e5lla inne \u00e5terbetalningen tills varorna har returnerats.<\/p>\n\n\n\n<p>N\u00e4tbutiken har r\u00e4tt att fr\u00e5ntr\u00e4da f\u00f6rs\u00e4ljningstransaktionen och \u00e5terkr\u00e4va varorna fr\u00e5n k\u00f6paren om priset i n\u00e4tbutiken felaktigt satts betydligt under marknadspriset.<\/p>\n\n\n\n<h3 class=\"wp-block-heading\">R\u00e4tt att l\u00e4mna klagom\u00e5l<\/h3>\n\n\n\n<p>N\u00e4tbutiken ansvarar f\u00f6r bristande \u00f6verensst\u00e4mmelse eller defekter i varor som s\u00e5lts till k\u00f6paren som existerade vid \u00f6verl\u00e4mningstillf\u00e4llet och som visar sig inom tv\u00e5 \u00e5r fr\u00e5n leveransen. Under de f\u00f6rsta 12 m\u00e5naderna antas det att defekten existerade vid \u00f6verl\u00e4mningstillf\u00e4llet.<\/p>\n\n\n\n<p>K\u00f6paren har r\u00e4tt att kontakta n\u00e4tbutiken inom tv\u00e5 m\u00e5nader efter att defekten uppt\u00e4ckts genom att skicka ett e-postmeddelande till <a href=\"mailto:info@grufftechnology.eu\">info@grufftechnology.eu<\/a> eller ringa +372 53493962.<\/p>\n\n\n\n<p>N\u00e4tbutiken ansvarar inte f\u00f6r defekter som uppst\u00e5r efter \u00f6verl\u00e4mnandet till k\u00f6paren. Om varor har defekter som n\u00e4tbutiken ansvarar f\u00f6r, reparerar eller byter n\u00e4tbutiken ut de defekta varorna. Om reparation eller byte inte \u00e4r m\u00f6jligt \u00e5terbetalar n\u00e4tbutiken alla belopp som betalats enligt f\u00f6rs\u00e4ljningsavtalet.<\/p>\n\n\n\n<p>N\u00e4tbutiken svarar p\u00e5 konsumentklagom\u00e5l skriftligt eller i reproducerbar form inom 15 dagar.<\/p>\n\n\n\n<h3 class=\"wp-block-heading\">Behandling av personuppgifter<\/h3>\n\n\n\n<p>N\u00e4tbutiken anv\u00e4nder personuppgifter som k\u00f6paren angett (inklusive namn, telefonnummer, adress, e-postadress, bankuppgifter) uteslutande f\u00f6r att behandla best\u00e4llningar och leverera varor. N\u00e4tbutiken delar personuppgifter med transportf\u00f6retag i syfte att leverera varor.<\/p>\n\n\n\n<h3 class=\"wp-block-heading\">Produktgaranti och returer<\/h3>\n\n\n\n<p>Gruff smartkontakt har en tv\u00e5\u00e5rig tillverkargaranti fr\u00e5n ink\u00f6psdatumet. Vid tillverkningsfel kan du returnera produkten till butiken d\u00e4r den k\u00f6ptes. F\u00f6r k\u00f6p i n\u00e4tbutiken, skicka produkten direkt till Gruff Technology O\u00dc p\u00e5 Telliskivi 60\/1, Tallinn 10412, eller till n\u00e4rmaste paketautomat. Under garantivillkoren byter vi ut produkten eller kompenserar ink\u00f6ps- och fraktpriset. S\u00e4ljaren ansvarar inte f\u00f6r skador orsakade av felaktig anv\u00e4ndning eller fel i elsystemet och byter inte ut produkter som skadats p\u00e5 grund av felaktig anv\u00e4ndning.<\/p>\n\n\n\n<h3 class=\"wp-block-heading\">Tvistl\u00f6sning<\/h3>\n\n\n\n<p>Om k\u00f6paren har klagom\u00e5l ang\u00e5ende n\u00e4tbutiken ska de skickas till <a href=\"mailto:info@grufftechnology.eu\">info@grufftechnology.eu<\/a> eller genom att ringa +372 6099005.<\/p>\n\n\n\n<p>Om k\u00f6paren och n\u00e4tbutiken inte kan l\u00f6sa en tvist genom \u00f6verenskommelse, kan k\u00f6paren v\u00e4nda sig till konsumenttvistkommitt\u00e9n. Kommitt\u00e9n har befogenhet att l\u00f6sa tvister som uppst\u00e5r fr\u00e5n avtal mellan k\u00f6paren och n\u00e4tbutiken. Granskning av k\u00f6parens klagom\u00e5l \u00e4r kostnadsfri.<\/p>\n\n\n\n<p>K\u00f6paren kan \u00e4ven v\u00e4nda sig till <a href=\"https:\/\/ec.europa.eu\/consumers\/odr\" target=\"_blank\" rel=\"noopener noreferrer\">Europeiska unionens plattform f\u00f6r tvistl\u00f6sning online<\/a>.<\/p>\n","protected":false},"excerpt":{"rendered":"<p>F\u00f6rs\u00e4ljnings- och garantivillkor N\u00e4tbutiken grufftechnology.eu (nedan kallad n\u00e4tbutiken) \u00e4gs av Gruff Technology O\u00dc (registreringsnummer 16620414), med adress Telliskivi 60, 10412 Tallinn, Estland. F\u00f6rs\u00e4ljningsavtalets giltighet, produkt- och prisinformation Dessa f\u00f6rs\u00e4ljningsvillkor g\u00e4ller vid k\u00f6p av varor fr\u00e5n n\u00e4tbutiken. Priserna p\u00e5 produkter som s\u00e4ljs i n\u00e4tbutiken visas vid varje produkt. Produktinformation presenteras direkt vid produkten i n\u00e4tbutiken. Best\u00e4llning [&hellip;]<\/p>\n","protected":false},"author":4,"featured_media":0,"parent":0,"menu_order":0,"comment_status":"closed","ping_status":"closed","template":"","meta":{"inline_featured_image":false,"footnotes":""},"class_list":["post-2085","page","type-page","status-publish","hentry"],"yoast_head":"<!-- This site is optimized with the Yoast SEO plugin v27.2 - https:\/\/yoast.com\/product\/yoast-seo-wordpress\/ -->\n<title>Villkor - Gruff Technology<\/title>\n<meta name=\"robots\" content=\"index, follow, max-snippet:-1, max-image-preview:large, max-video-preview:-1\" \/>\n<link rel=\"canonical\" href=\"https:\/\/grufftechnology.eu\/sv\/villkor\/\" \/>\n<meta property=\"og:locale\" content=\"sv_SE\" \/>\n<meta property=\"og:type\" content=\"article\" \/>\n<meta property=\"og:title\" content=\"Villkor - Gruff Technology\" \/>\n<meta property=\"og:description\" content=\"F\u00f6rs\u00e4ljnings- och garantivillkor N\u00e4tbutiken grufftechnology.eu (nedan kallad n\u00e4tbutiken) \u00e4gs av Gruff Technology O\u00dc (registreringsnummer 16620414), med adress Telliskivi 60, 10412 Tallinn, Estland. F\u00f6rs\u00e4ljningsavtalets giltighet, produkt- och prisinformation Dessa f\u00f6rs\u00e4ljningsvillkor g\u00e4ller vid k\u00f6p av varor fr\u00e5n n\u00e4tbutiken. Priserna p\u00e5 produkter som s\u00e4ljs i n\u00e4tbutiken visas vid varje produkt. Produktinformation presenteras direkt vid produkten i n\u00e4tbutiken. Best\u00e4llning [&hellip;]\" \/>\n<meta property=\"og:url\" content=\"https:\/\/grufftechnology.eu\/sv\/villkor\/\" \/>\n<meta property=\"og:site_name\" content=\"Gruff Technology\" \/>\n<meta property=\"article:publisher\" content=\"https:\/\/www.facebook.com\/Grufftechnology\" \/>\n<meta property=\"article:modified_time\" content=\"2026-03-12T07:21:55+00:00\" \/>\n<meta name=\"twitter:card\" content=\"summary_large_image\" \/>\n<meta name=\"twitter:label1\" content=\"Ber\u00e4knad l\u00e4stid\" \/>\n\t<meta name=\"twitter:data1\" content=\"4 minuter\" \/>\n<script type=\"application\/ld+json\" class=\"yoast-schema-graph\">{\"@context\":\"https:\/\/schema.org\",\"@graph\":[{\"@type\":\"WebPage\",\"@id\":\"https:\/\/grufftechnology.eu\/sv\/villkor\/\",\"url\":\"https:\/\/grufftechnology.eu\/sv\/villkor\/\",\"name\":\"Villkor - Gruff Technology\",\"isPartOf\":{\"@id\":\"https:\/\/grufftechnology.eu\/sv\/#website\"},\"datePublished\":\"2026-03-09T12:35:37+00:00\",\"dateModified\":\"2026-03-12T07:21:55+00:00\",\"breadcrumb\":{\"@id\":\"https:\/\/grufftechnology.eu\/sv\/villkor\/#breadcrumb\"},\"inLanguage\":\"sv-SE\",\"potentialAction\":[{\"@type\":\"ReadAction\",\"target\":[\"https:\/\/grufftechnology.eu\/sv\/villkor\/\"]}]},{\"@type\":\"BreadcrumbList\",\"@id\":\"https:\/\/grufftechnology.eu\/sv\/villkor\/#breadcrumb\",\"itemListElement\":[{\"@type\":\"ListItem\",\"position\":1,\"name\":\"Home\",\"item\":\"https:\/\/grufftechnology.eu\/sv\/gruff-technology\/\"},{\"@type\":\"ListItem\",\"position\":2,\"name\":\"Villkor\"}]},{\"@type\":\"WebSite\",\"@id\":\"https:\/\/grufftechnology.eu\/sv\/#website\",\"url\":\"https:\/\/grufftechnology.eu\/sv\/\",\"name\":\"Gruff Technology\",\"description\":\"Save your money with saver socket\",\"publisher\":{\"@id\":\"https:\/\/grufftechnology.eu\/sv\/#organization\"},\"alternateName\":\"Gruff\",\"potentialAction\":[{\"@type\":\"SearchAction\",\"target\":{\"@type\":\"EntryPoint\",\"urlTemplate\":\"https:\/\/grufftechnology.eu\/sv\/?s={search_term_string}\"},\"query-input\":{\"@type\":\"PropertyValueSpecification\",\"valueRequired\":true,\"valueName\":\"search_term_string\"}}],\"inLanguage\":\"sv-SE\"},{\"@type\":\"Organization\",\"@id\":\"https:\/\/grufftechnology.eu\/sv\/#organization\",\"name\":\"Gruff Technology\",\"url\":\"https:\/\/grufftechnology.eu\/sv\/\",\"logo\":{\"@type\":\"ImageObject\",\"inLanguage\":\"sv-SE\",\"@id\":\"https:\/\/grufftechnology.eu\/sv\/#\/schema\/logo\/image\/\",\"url\":\"https:\/\/grufftechnology.eu\/wp-content\/uploads\/2023\/03\/GRUFF-T.svg\",\"contentUrl\":\"https:\/\/grufftechnology.eu\/wp-content\/uploads\/2023\/03\/GRUFF-T.svg\",\"caption\":\"Gruff Technology\"},\"image\":{\"@id\":\"https:\/\/grufftechnology.eu\/sv\/#\/schema\/logo\/image\/\"},\"sameAs\":[\"https:\/\/www.facebook.com\/Grufftechnology\"]}]}<\/script>\n<!-- \/ Yoast SEO plugin. -->","yoast_head_json":{"title":"Villkor - Gruff Technology","robots":{"index":"index","follow":"follow","max-snippet":"max-snippet:-1","max-image-preview":"max-image-preview:large","max-video-preview":"max-video-preview:-1"},"canonical":"https:\/\/grufftechnology.eu\/sv\/villkor\/","og_locale":"sv_SE","og_type":"article","og_title":"Villkor - Gruff Technology","og_description":"F\u00f6rs\u00e4ljnings- och garantivillkor N\u00e4tbutiken grufftechnology.eu (nedan kallad n\u00e4tbutiken) \u00e4gs av Gruff Technology O\u00dc (registreringsnummer 16620414), med adress Telliskivi 60, 10412 Tallinn, Estland. F\u00f6rs\u00e4ljningsavtalets giltighet, produkt- och prisinformation Dessa f\u00f6rs\u00e4ljningsvillkor g\u00e4ller vid k\u00f6p av varor fr\u00e5n n\u00e4tbutiken. Priserna p\u00e5 produkter som s\u00e4ljs i n\u00e4tbutiken visas vid varje produkt. Produktinformation presenteras direkt vid produkten i n\u00e4tbutiken. Best\u00e4llning [&hellip;]","og_url":"https:\/\/grufftechnology.eu\/sv\/villkor\/","og_site_name":"Gruff Technology","article_publisher":"https:\/\/www.facebook.com\/Grufftechnology","article_modified_time":"2026-03-12T07:21:55+00:00","twitter_card":"summary_large_image","twitter_misc":{"Ber\u00e4knad l\u00e4stid":"4 minuter"},"schema":{"@context":"https:\/\/schema.org","@graph":[{"@type":"WebPage","@id":"https:\/\/grufftechnology.eu\/sv\/villkor\/","url":"https:\/\/grufftechnology.eu\/sv\/villkor\/","name":"Villkor - Gruff Technology","isPartOf":{"@id":"https:\/\/grufftechnology.eu\/sv\/#website"},"datePublished":"2026-03-09T12:35:37+00:00","dateModified":"2026-03-12T07:21:55+00:00","breadcrumb":{"@id":"https:\/\/grufftechnology.eu\/sv\/villkor\/#breadcrumb"},"inLanguage":"sv-SE","potentialAction":[{"@type":"ReadAction","target":["https:\/\/grufftechnology.eu\/sv\/villkor\/"]}]},{"@type":"BreadcrumbList","@id":"https:\/\/grufftechnology.eu\/sv\/villkor\/#breadcrumb","itemListElement":[{"@type":"ListItem","position":1,"name":"Home","item":"https:\/\/grufftechnology.eu\/sv\/gruff-technology\/"},{"@type":"ListItem","position":2,"name":"Villkor"}]},{"@type":"WebSite","@id":"https:\/\/grufftechnology.eu\/sv\/#website","url":"https:\/\/grufftechnology.eu\/sv\/","name":"Gruff Technology","description":"Save your money with saver socket","publisher":{"@id":"https:\/\/grufftechnology.eu\/sv\/#organization"},"alternateName":"Gruff","potentialAction":[{"@type":"SearchAction","target":{"@type":"EntryPoint","urlTemplate":"https:\/\/grufftechnology.eu\/sv\/?s={search_term_string}"},"query-input":{"@type":"PropertyValueSpecification","valueRequired":true,"valueName":"search_term_string"}}],"inLanguage":"sv-SE"},{"@type":"Organization","@id":"https:\/\/grufftechnology.eu\/sv\/#organization","name":"Gruff Technology","url":"https:\/\/grufftechnology.eu\/sv\/","logo":{"@type":"ImageObject","inLanguage":"sv-SE","@id":"https:\/\/grufftechnology.eu\/sv\/#\/schema\/logo\/image\/","url":"https:\/\/grufftechnology.eu\/wp-content\/uploads\/2023\/03\/GRUFF-T.svg","contentUrl":"https:\/\/grufftechnology.eu\/wp-content\/uploads\/2023\/03\/GRUFF-T.svg","caption":"Gruff Technology"},"image":{"@id":"https:\/\/grufftechnology.eu\/sv\/#\/schema\/logo\/image\/"},"sameAs":["https:\/\/www.facebook.com\/Grufftechnology"]}]}},"_links":{"self":[{"href":"https:\/\/grufftechnology.eu\/sv\/wp-json\/wp\/v2\/pages\/2085","targetHints":{"allow":["GET"]}}],"collection":[{"href":"https:\/\/grufftechnology.eu\/sv\/wp-json\/wp\/v2\/pages"}],"about":[{"href":"https:\/\/grufftechnology.eu\/sv\/wp-json\/wp\/v2\/types\/page"}],"author":[{"embeddable":true,"href":"https:\/\/grufftechnology.eu\/sv\/wp-json\/wp\/v2\/users\/4"}],"replies":[{"embeddable":true,"href":"https:\/\/grufftechnology.eu\/sv\/wp-json\/wp\/v2\/comments?post=2085"}],"version-history":[{"count":2,"href":"https:\/\/grufftechnology.eu\/sv\/wp-json\/wp\/v2\/pages\/2085\/revisions"}],"predecessor-version":[{"id":2097,"href":"https:\/\/grufftechnology.eu\/sv\/wp-json\/wp\/v2\/pages\/2085\/revisions\/2097"}],"wp:attachment":[{"href":"https:\/\/grufftechnology.eu\/sv\/wp-json\/wp\/v2\/media?parent=2085"}],"curies":[{"name":"wp","href":"https:\/\/api.w.org\/{rel}","templated":true}]}}