{"id":2114,"date":"2023-04-03T12:21:06","date_gmt":"2023-04-03T10:21:06","guid":{"rendered":"https:\/\/www.grufftechnology.eu\/?page_id=2114"},"modified":"2026-03-12T09:34:18","modified_gmt":"2026-03-12T07:34:18","slug":"integritetspolicy","status":"publish","type":"page","link":"https:\/\/grufftechnology.eu\/sv\/integritetspolicy\/","title":{"rendered":"Integritetspolicy"},"content":{"rendered":"\n<h3 class=\"wp-block-heading\">1. Allm\u00e4nna best\u00e4mmelser<\/h3>\n\n\n\n<p>1.1. Denna integritetspolicy reglerar principerna f\u00f6r insamling, behandling och lagring av personuppgifter. Personuppgifter samlas in, behandlas och lagras av Gruff Technology O\u00dc (registreringskod 16620414), med adress Telliskivi 60, 10412 Tallinn, Estland (nedan kallad Personuppgiftsansvarig).<\/p>\n\n\n\n<p>1.2. I denna integritetspolicy avses med registrerad en kund eller annan fysisk person vars personuppgifter behandlas av Personuppgiftsansvarig.<\/p>\n\n\n\n<p>1.3. I denna integritetspolicy avses med kund den som k\u00f6per varor eller tj\u00e4nster fr\u00e5n Personuppgiftsansvarigs webbplats eller anv\u00e4nder programapplikationen.<\/p>\n\n\n\n<p>1.4. Personuppgiftsansvarig f\u00f6ljer de principer f\u00f6r databehandling som anges i lagstiftningen; bland annat behandlar Personuppgiftsansvarig personuppgifter p\u00e5 ett lagligt, r\u00e4ttvist och s\u00e4kert s\u00e4tt. Personuppgiftsansvarig kan bekr\u00e4fta att personuppgifter har behandlats i enlighet med lagstiftningen.<\/p>\n\n\n\n<h3 class=\"wp-block-heading\">2. Insamling, behandling och lagring av personuppgifter<\/h3>\n\n\n\n<p>2.1. De personuppgifter som samlas in, behandlas och lagras av Personuppgiftsansvarig samlas in elektroniskt, huvudsakligen via webbplatsen, programapplikationen och e-post.<\/p>\n\n\n\n<p>2.2. Genom att dela med sig av sina personuppgifter ger den registrerade Personuppgiftsansvarig r\u00e4tt att samla in, organisera, anv\u00e4nda och hantera personuppgifter f\u00f6r de \u00e4ndam\u00e5l som anges i denna integritetspolicy, vilka den registrerade delar direkt eller indirekt vid k\u00f6p av varor eller tj\u00e4nster p\u00e5 webbplatsen eller vid anv\u00e4ndning av programapplikationen.<\/p>\n\n\n\n<p>2.3. Den registrerade ansvarar f\u00f6r att de uppgifter som l\u00e4mnas \u00e4r korrekta, riktiga och fullst\u00e4ndiga. Att medvetet l\u00e4mna falska uppgifter anses vara en \u00f6vertr\u00e4delse av integritetspolicyn. Den registrerade \u00e4r skyldig att omedelbart informera Personuppgiftsansvarig om eventuella \u00e4ndringar i de l\u00e4mnade uppgifterna.<\/p>\n\n\n\n<p>2.4. Personuppgiftsansvarig ansvarar inte f\u00f6r eventuella skador som orsakas den registrerade eller tredje part till f\u00f6ljd av att felaktiga uppgifter l\u00e4mnats.<\/p>\n\n\n\n<h3 class=\"wp-block-heading\">3. Behandling av kunders personuppgifter<\/h3>\n\n\n\n<p>3.1. Personuppgiftsansvarig kan behandla f\u00f6ljande personuppgifter om den registrerade: f\u00f6rnamn och efternamn, f\u00f6delsedatum, personnummer, telefonnummer, e-postadress, leveransadress, bankkontouppgifter, betalkortsuppgifter samt anv\u00e4ndningsdata fr\u00e5n programapplikationen.<\/p>\n\n\n\n<p>3.2. Personuppgiftsansvarig har dessutom r\u00e4tt att samla in uppgifter om kunden som finns i offentliga register.<\/p>\n\n\n\n<p>3.3. Den r\u00e4ttsliga grunden f\u00f6r behandling av personuppgifter \u00e4r artikel 6.1 a, b, c och f i den allm\u00e4nna dataskyddsf\u00f6rordningen (GDPR):<\/p>\n\n\n\n<ul class=\"wp-block-list\">\n<li>den registrerade har samtyckt till behandlingen av sina personuppgifter f\u00f6r ett eller flera specifika \u00e4ndam\u00e5l;<\/li>\n\n\n<li>behandlingen \u00e4r n\u00f6dv\u00e4ndig f\u00f6r fullg\u00f6randet av ett avtal eller f\u00f6r att vidta \u00e5tg\u00e4rder p\u00e5 beg\u00e4ran av den registrerade innan ett avtal ing\u00e5s;<\/li>\n\n\n<li>behandlingen \u00e4r n\u00f6dv\u00e4ndig f\u00f6r att fullg\u00f6ra Personuppgiftsansvarigs r\u00e4ttsliga f\u00f6rpliktelser;<\/li>\n\n\n<li>behandlingen \u00e4r n\u00f6dv\u00e4ndig f\u00f6r de legitima intressen som efterstr\u00e4vas av Personuppgiftsansvarig eller en tredje part, om inte den registrerades grundl\u00e4ggande r\u00e4ttigheter och friheter v\u00e4ger tyngre.<\/li>\n<\/ul>\n\n\n\n<p>3.4. \u00c4ndam\u00e5l f\u00f6r behandling av personuppgifter och lagringstider:<\/p>\n\n\n\n<ul class=\"wp-block-list\">\n<li><strong>S\u00e4kerhet och trygghet<\/strong> \u2014 enligt lagenliga tidsfrister<\/li>\n\n\n<li><strong>Orderhantering<\/strong> \u2014 360 dagar<\/li>\n\n\n<li><strong>S\u00e4kerst\u00e4llande av n\u00e4tbutikstj\u00e4nsternas funktionalitet<\/strong> \u2014 360 dagar<\/li>\n\n\n<li><strong>Kundhantering<\/strong> \u2014 360 dagar<\/li>\n\n\n<li><strong>Ekonomisk verksamhet, bokf\u00f6ring<\/strong> \u2014 enligt lagenliga tidsfrister<\/li>\n\n\n<li><strong>Marknadsf\u00f6ring<\/strong> \u2014 360 dagar<\/li>\n<\/ul>\n\n\n\n<p>3.5. Personuppgiftsansvarig har r\u00e4tt att dela personuppgifter med tredje parter, s\u00e5som auktoriserade personuppgiftsbitr\u00e4den, revisorer, transport- och kurirf\u00f6retag samt betaltj\u00e4nstleverant\u00f6rer, om det beh\u00f6vs. Vid normal anv\u00e4ndning av Gruff smart socket och Gruff-appen behandlas inga personuppgifter.<\/p>\n\n\n\n<p>3.6. Vid behandling och lagring av personuppgifter vidtar Personuppgiftsansvarig organisatoriska och tekniska \u00e5tg\u00e4rder f\u00f6r att s\u00e4kerst\u00e4lla skydd mot oavsiktlig eller otill\u00e5ten f\u00f6rst\u00f6ring, \u00e4ndring, r\u00f6jande och all annan otill\u00e5ten behandling.<\/p>\n\n\n\n<p>3.7. Personuppgiftsansvarig lagrar uppgifter beroende p\u00e5 behandlingens syfte, men inte l\u00e4ngre \u00e4n 7 \u00e5r.<\/p>\n\n\n\n<h3 class=\"wp-block-heading\">4. Den registrerades r\u00e4ttigheter<\/h3>\n\n\n\n<p>4.1. Den registrerade har r\u00e4tt att f\u00e5 tillg\u00e5ng till och granska sina personuppgifter.<\/p>\n\n\n\n<p>4.2. Den registrerade har r\u00e4tt att f\u00e5 information om behandlingen av sina personuppgifter.<\/p>\n\n\n\n<p>4.3. Den registrerade har r\u00e4tt att komplettera eller korrigera felaktiga uppgifter.<\/p>\n\n\n\n<p>4.4. Om Personuppgiftsansvarig behandlar personuppgifter p\u00e5 grundval av den registrerades samtycke har den registrerade r\u00e4tt att n\u00e4r som helst \u00e5terkalla sitt samtycke.<\/p>\n\n\n\n<p>4.5. Den registrerade kan kontakta n\u00e4tbutikens kundtj\u00e4nst p\u00e5 <a href=\"mailto:info@grufftechnology.eu\">info@grufftechnology.eu<\/a> f\u00f6r att ut\u00f6va sina r\u00e4ttigheter.<\/p>\n\n\n\n<p>4.6. F\u00f6r att skydda sina r\u00e4ttigheter kan den registrerade l\u00e4mna in ett klagom\u00e5l till <a href=\"https:\/\/www.imy.se\" target=\"_blank\" rel=\"noopener noreferrer\">Integritetsskyddsmyndigheten (IMY)<\/a>.<\/p>\n\n\n\n<h3 class=\"wp-block-heading\">5. Slutbest\u00e4mmelser<\/h3>\n\n\n\n<p>5.1. Denna integritetspolicy har uppr\u00e4ttats i enlighet med f\u00f6rordning (EU) 2016\/679 (GDPR), Republiken Estlands personuppgiftslag samt annan till\u00e4mplig lagstiftning i Republiken Estland och Europeiska unionen.<\/p>\n\n\n\n<p>5.2. Personuppgiftsansvarig har r\u00e4tt att delvis eller helt \u00e4ndra dataskyddsvillkoren genom att informera de registrerade om \u00e4ndringarna via webbplatsen <a href=\"https:\/\/grufftechnology.eu\">grufftechnology.eu<\/a>.<\/p>\n","protected":false},"excerpt":{"rendered":"<p>1. Allm\u00e4nna best\u00e4mmelser 1.1. Denna integritetspolicy reglerar principerna f\u00f6r insamling, behandling och lagring av personuppgifter. Personuppgifter samlas in, behandlas och lagras av Gruff Technology O\u00dc (registreringskod 16620414), med adress Telliskivi 60, 10412 Tallinn, Estland (nedan kallad Personuppgiftsansvarig). 1.2. I denna integritetspolicy avses med registrerad en kund eller annan fysisk person vars personuppgifter behandlas av Personuppgiftsansvarig. [&hellip;]<\/p>\n","protected":false},"author":4,"featured_media":0,"parent":0,"menu_order":0,"comment_status":"closed","ping_status":"closed","template":"","meta":{"inline_featured_image":false,"footnotes":""},"class_list":["post-2114","page","type-page","status-publish","hentry"],"yoast_head":"<!-- This site is optimized with the Yoast SEO plugin v27.2 - https:\/\/yoast.com\/product\/yoast-seo-wordpress\/ -->\n<title>Integritetspolicy - Gruff Technology<\/title>\n<meta name=\"robots\" content=\"index, follow, max-snippet:-1, max-image-preview:large, max-video-preview:-1\" \/>\n<link rel=\"canonical\" href=\"https:\/\/grufftechnology.eu\/sv\/integritetspolicy\/\" \/>\n<meta property=\"og:locale\" content=\"sv_SE\" \/>\n<meta property=\"og:type\" content=\"article\" \/>\n<meta property=\"og:title\" content=\"Integritetspolicy - Gruff Technology\" \/>\n<meta property=\"og:description\" content=\"1. Allm\u00e4nna best\u00e4mmelser 1.1. Denna integritetspolicy reglerar principerna f\u00f6r insamling, behandling och lagring av personuppgifter. Personuppgifter samlas in, behandlas och lagras av Gruff Technology O\u00dc (registreringskod 16620414), med adress Telliskivi 60, 10412 Tallinn, Estland (nedan kallad Personuppgiftsansvarig). 1.2. I denna integritetspolicy avses med registrerad en kund eller annan fysisk person vars personuppgifter behandlas av Personuppgiftsansvarig. [&hellip;]\" \/>\n<meta property=\"og:url\" content=\"https:\/\/grufftechnology.eu\/sv\/integritetspolicy\/\" \/>\n<meta property=\"og:site_name\" content=\"Gruff Technology\" \/>\n<meta property=\"article:publisher\" content=\"https:\/\/www.facebook.com\/Grufftechnology\" \/>\n<meta property=\"article:modified_time\" content=\"2026-03-12T07:34:18+00:00\" \/>\n<meta name=\"twitter:card\" content=\"summary_large_image\" \/>\n<meta name=\"twitter:label1\" content=\"Ber\u00e4knad l\u00e4stid\" \/>\n\t<meta name=\"twitter:data1\" content=\"4 minuter\" \/>\n<script type=\"application\/ld+json\" class=\"yoast-schema-graph\">{\"@context\":\"https:\/\/schema.org\",\"@graph\":[{\"@type\":\"WebPage\",\"@id\":\"https:\/\/grufftechnology.eu\/sv\/integritetspolicy\/\",\"url\":\"https:\/\/grufftechnology.eu\/sv\/integritetspolicy\/\",\"name\":\"Integritetspolicy - Gruff Technology\",\"isPartOf\":{\"@id\":\"https:\/\/grufftechnology.eu\/sv\/#website\"},\"datePublished\":\"2023-04-03T10:21:06+00:00\",\"dateModified\":\"2026-03-12T07:34:18+00:00\",\"breadcrumb\":{\"@id\":\"https:\/\/grufftechnology.eu\/sv\/integritetspolicy\/#breadcrumb\"},\"inLanguage\":\"sv-SE\",\"potentialAction\":[{\"@type\":\"ReadAction\",\"target\":[\"https:\/\/grufftechnology.eu\/sv\/integritetspolicy\/\"]}]},{\"@type\":\"BreadcrumbList\",\"@id\":\"https:\/\/grufftechnology.eu\/sv\/integritetspolicy\/#breadcrumb\",\"itemListElement\":[{\"@type\":\"ListItem\",\"position\":1,\"name\":\"Home\",\"item\":\"https:\/\/grufftechnology.eu\/sv\/gruff-technology\/\"},{\"@type\":\"ListItem\",\"position\":2,\"name\":\"Integritetspolicy\"}]},{\"@type\":\"WebSite\",\"@id\":\"https:\/\/grufftechnology.eu\/sv\/#website\",\"url\":\"https:\/\/grufftechnology.eu\/sv\/\",\"name\":\"Gruff Technology\",\"description\":\"Save your money with saver socket\",\"publisher\":{\"@id\":\"https:\/\/grufftechnology.eu\/sv\/#organization\"},\"alternateName\":\"Gruff\",\"potentialAction\":[{\"@type\":\"SearchAction\",\"target\":{\"@type\":\"EntryPoint\",\"urlTemplate\":\"https:\/\/grufftechnology.eu\/sv\/?s={search_term_string}\"},\"query-input\":{\"@type\":\"PropertyValueSpecification\",\"valueRequired\":true,\"valueName\":\"search_term_string\"}}],\"inLanguage\":\"sv-SE\"},{\"@type\":\"Organization\",\"@id\":\"https:\/\/grufftechnology.eu\/sv\/#organization\",\"name\":\"Gruff Technology\",\"url\":\"https:\/\/grufftechnology.eu\/sv\/\",\"logo\":{\"@type\":\"ImageObject\",\"inLanguage\":\"sv-SE\",\"@id\":\"https:\/\/grufftechnology.eu\/sv\/#\/schema\/logo\/image\/\",\"url\":\"https:\/\/grufftechnology.eu\/wp-content\/uploads\/2023\/03\/GRUFF-T.svg\",\"contentUrl\":\"https:\/\/grufftechnology.eu\/wp-content\/uploads\/2023\/03\/GRUFF-T.svg\",\"caption\":\"Gruff Technology\"},\"image\":{\"@id\":\"https:\/\/grufftechnology.eu\/sv\/#\/schema\/logo\/image\/\"},\"sameAs\":[\"https:\/\/www.facebook.com\/Grufftechnology\"]}]}<\/script>\n<!-- \/ Yoast SEO plugin. -->","yoast_head_json":{"title":"Integritetspolicy - Gruff Technology","robots":{"index":"index","follow":"follow","max-snippet":"max-snippet:-1","max-image-preview":"max-image-preview:large","max-video-preview":"max-video-preview:-1"},"canonical":"https:\/\/grufftechnology.eu\/sv\/integritetspolicy\/","og_locale":"sv_SE","og_type":"article","og_title":"Integritetspolicy - Gruff Technology","og_description":"1. Allm\u00e4nna best\u00e4mmelser 1.1. Denna integritetspolicy reglerar principerna f\u00f6r insamling, behandling och lagring av personuppgifter. Personuppgifter samlas in, behandlas och lagras av Gruff Technology O\u00dc (registreringskod 16620414), med adress Telliskivi 60, 10412 Tallinn, Estland (nedan kallad Personuppgiftsansvarig). 1.2. I denna integritetspolicy avses med registrerad en kund eller annan fysisk person vars personuppgifter behandlas av Personuppgiftsansvarig. [&hellip;]","og_url":"https:\/\/grufftechnology.eu\/sv\/integritetspolicy\/","og_site_name":"Gruff Technology","article_publisher":"https:\/\/www.facebook.com\/Grufftechnology","article_modified_time":"2026-03-12T07:34:18+00:00","twitter_card":"summary_large_image","twitter_misc":{"Ber\u00e4knad l\u00e4stid":"4 minuter"},"schema":{"@context":"https:\/\/schema.org","@graph":[{"@type":"WebPage","@id":"https:\/\/grufftechnology.eu\/sv\/integritetspolicy\/","url":"https:\/\/grufftechnology.eu\/sv\/integritetspolicy\/","name":"Integritetspolicy - Gruff Technology","isPartOf":{"@id":"https:\/\/grufftechnology.eu\/sv\/#website"},"datePublished":"2023-04-03T10:21:06+00:00","dateModified":"2026-03-12T07:34:18+00:00","breadcrumb":{"@id":"https:\/\/grufftechnology.eu\/sv\/integritetspolicy\/#breadcrumb"},"inLanguage":"sv-SE","potentialAction":[{"@type":"ReadAction","target":["https:\/\/grufftechnology.eu\/sv\/integritetspolicy\/"]}]},{"@type":"BreadcrumbList","@id":"https:\/\/grufftechnology.eu\/sv\/integritetspolicy\/#breadcrumb","itemListElement":[{"@type":"ListItem","position":1,"name":"Home","item":"https:\/\/grufftechnology.eu\/sv\/gruff-technology\/"},{"@type":"ListItem","position":2,"name":"Integritetspolicy"}]},{"@type":"WebSite","@id":"https:\/\/grufftechnology.eu\/sv\/#website","url":"https:\/\/grufftechnology.eu\/sv\/","name":"Gruff Technology","description":"Save your money with saver socket","publisher":{"@id":"https:\/\/grufftechnology.eu\/sv\/#organization"},"alternateName":"Gruff","potentialAction":[{"@type":"SearchAction","target":{"@type":"EntryPoint","urlTemplate":"https:\/\/grufftechnology.eu\/sv\/?s={search_term_string}"},"query-input":{"@type":"PropertyValueSpecification","valueRequired":true,"valueName":"search_term_string"}}],"inLanguage":"sv-SE"},{"@type":"Organization","@id":"https:\/\/grufftechnology.eu\/sv\/#organization","name":"Gruff Technology","url":"https:\/\/grufftechnology.eu\/sv\/","logo":{"@type":"ImageObject","inLanguage":"sv-SE","@id":"https:\/\/grufftechnology.eu\/sv\/#\/schema\/logo\/image\/","url":"https:\/\/grufftechnology.eu\/wp-content\/uploads\/2023\/03\/GRUFF-T.svg","contentUrl":"https:\/\/grufftechnology.eu\/wp-content\/uploads\/2023\/03\/GRUFF-T.svg","caption":"Gruff Technology"},"image":{"@id":"https:\/\/grufftechnology.eu\/sv\/#\/schema\/logo\/image\/"},"sameAs":["https:\/\/www.facebook.com\/Grufftechnology"]}]}},"_links":{"self":[{"href":"https:\/\/grufftechnology.eu\/sv\/wp-json\/wp\/v2\/pages\/2114","targetHints":{"allow":["GET"]}}],"collection":[{"href":"https:\/\/grufftechnology.eu\/sv\/wp-json\/wp\/v2\/pages"}],"about":[{"href":"https:\/\/grufftechnology.eu\/sv\/wp-json\/wp\/v2\/types\/page"}],"author":[{"embeddable":true,"href":"https:\/\/grufftechnology.eu\/sv\/wp-json\/wp\/v2\/users\/4"}],"replies":[{"embeddable":true,"href":"https:\/\/grufftechnology.eu\/sv\/wp-json\/wp\/v2\/comments?post=2114"}],"version-history":[{"count":2,"href":"https:\/\/grufftechnology.eu\/sv\/wp-json\/wp\/v2\/pages\/2114\/revisions"}],"predecessor-version":[{"id":2121,"href":"https:\/\/grufftechnology.eu\/sv\/wp-json\/wp\/v2\/pages\/2114\/revisions\/2121"}],"wp:attachment":[{"href":"https:\/\/grufftechnology.eu\/sv\/wp-json\/wp\/v2\/media?parent=2114"}],"curies":[{"name":"wp","href":"https:\/\/api.w.org\/{rel}","templated":true}]}}