{"id":1381,"date":"2026-03-09T12:23:56","date_gmt":"2026-03-09T10:23:56","guid":{"rendered":"https:\/\/grufftechnology.eu\/product\/64-a-din-skenrela\/"},"modified":"2026-03-17T20:14:03","modified_gmt":"2026-03-17T18:14:03","slug":"64-a-din-skenrela","status":"publish","type":"product","link":"https:\/\/grufftechnology.eu\/sv\/product\/64-a-din-skenrela\/","title":{"rendered":"64 A DIN-skenrel\u00e4"},"content":{"rendered":"<div class=\"wp-block-group gruff-section\">\n<h2 class=\"wp-block-heading has-4-xl-font-size\">Varf\u00f6r v\u00e4lja Gruff DIN-skenerel\u00e4?<\/h2>\n<div class=\"wp-block-columns\">\n<div class=\"wp-block-column\">\n<div class=\"wp-block-group gruff-why-item\">\n<p class=\"gruff-icon-text\">savings<\/p>\n<p class=\"has-text-dark-color has-text-color\">Tydlig ekonomisk f\u00f6rdel, upp till 2 000 kr per \u00e5r i besparingar<\/p>\n<\/div>\n<div class=\"wp-block-group gruff-why-item\">\n<p class=\"gruff-icon-text\">wifi<\/p>\n<p class=\"has-text-dark-color has-text-color\">Fj\u00e4rrstyr enheter p\u00e5\/av<\/p>\n<\/div>\n<\/div>\n<div class=\"wp-block-column\">\n<div class=\"wp-block-group gruff-why-item\">\n<p class=\"gruff-icon-text\">smart_toy<\/p>\n<p class=\"has-text-dark-color has-text-color\">Smart optimering av energif\u00f6rbrukning<\/p>\n<\/div>\n<div class=\"wp-block-group gruff-why-item\">\n<p class=\"gruff-icon-text\">eco<\/p>\n<p class=\"has-text-dark-color has-text-color\">\u00d6ka andelen gr\u00f6n energi<\/p>\n<\/div>\n<\/div>\n<div class=\"wp-block-column\">\n<div class=\"wp-block-group gruff-why-item\">\n<p class=\"gruff-icon-text\">phone_iphone<\/p>\n<p class=\"has-text-dark-color has-text-color\">Enkel och bekv\u00e4m anv\u00e4ndning via mobilapp<\/p>\n<\/div>\n<div class=\"wp-block-group gruff-why-item\">\n<p class=\"gruff-icon-text\">security<\/p>\n<p class=\"has-text-dark-color has-text-color\">S\u00e4ker programvara, data delas inte<\/p>\n<\/div>\n<\/div>\n<\/div>\n<\/div>\n<div class=\"wp-block-group gruff-section gruff-section--surface has-surface-background-color has-background\">\n<h2 class=\"wp-block-heading has-4-xl-font-size\">Tekniska specifikationer<\/h2>\n<div class=\"wp-block-columns\">\n<div class=\"wp-block-column\">\n<div class=\"wp-block-group gruff-card\">\n<p class=\"gruff-icon-text\">wifi<\/p>\n<h3 class=\"wp-block-heading has-xl-font-size\">Wi-Fi-kompatibilitet<\/h3>\n<p class=\"has-muted-color has-text-color has-small-font-size\">Rel\u00e4et fungerar p\u00e5 ett lokalt 2,4 GHz Wi-Fi-n\u00e4tverk.<\/p>\n<\/div>\n<\/div>\n<div class=\"wp-block-column\">\n<div class=\"wp-block-group gruff-card\">\n<p class=\"gruff-icon-text\">bolt<\/p>\n<h3 class=\"wp-block-heading has-xl-font-size\">Effekthantering<\/h3>\n<p class=\"has-muted-color has-text-color has-small-font-size\">St\u00f6der upp till 64A str\u00f6m. Designad f\u00f6r h\u00f6geffektenheter som golvv\u00e4rme, varmvattenberedare och elbilsladdare.<\/p>\n<\/div>\n<\/div>\n<div class=\"wp-block-column\">\n<div class=\"wp-block-group gruff-card\">\n<p class=\"gruff-icon-text\">electrical_services<\/p>\n<h3 class=\"wp-block-heading has-xl-font-size\">Anv\u00e4ndning<\/h3>\n<p class=\"has-muted-color has-text-color has-small-font-size\">Designad f\u00f6r anv\u00e4ndning i vanliga eln\u00e4t.<\/p>\n<\/div>\n<\/div>\n<div class=\"wp-block-column\">\n<div class=\"wp-block-group gruff-card\">\n<p class=\"gruff-icon-text\">support_agent<\/p>\n<h3 class=\"wp-block-heading has-xl-font-size\">Programvara och support<\/h3>\n<p class=\"has-muted-color has-text-color has-small-font-size\">Minimala uppdateringar som s\u00e4kerst\u00e4ller en problemfri upplevelse. Gruff Technology erbjuder omfattande gratis kundsupport.<\/p>\n<\/div>\n<\/div>\n<\/div>\n<\/div>\n<div class=\"wp-block-group gruff-section\">\n<h2 class=\"wp-block-heading has-4-xl-font-size\">Anv\u00e4ndningsomr\u00e5den<\/h2>\n<div class=\"wp-block-columns\">\n<div class=\"wp-block-column\">\n<div class=\"wp-block-group gruff-card\">\n<p class=\"gruff-icon-circle-block\">water_drop<\/p>\n<h3 class=\"wp-block-heading has-xl-font-size\">Golvv\u00e4rme<\/h3>\n<p class=\"has-small-font-size has-muted-color has-text-color\">Styr golvv\u00e4rmen automatiskt under billiga timmar<\/p>\n<\/div>\n<\/div>\n<div class=\"wp-block-column\">\n<div class=\"wp-block-group gruff-card\">\n<p class=\"gruff-icon-circle-block\">thermostat<\/p>\n<h3 class=\"wp-block-heading has-xl-font-size\">V\u00e4rmesystem<\/h3>\n<p class=\"has-small-font-size has-muted-color has-text-color\">Optimera v\u00e4rmesystemets energif\u00f6rbrukning<\/p>\n<\/div>\n<\/div>\n<div class=\"wp-block-column\">\n<div class=\"wp-block-group gruff-card\">\n<p class=\"gruff-icon-circle-block\">electric_car<\/p>\n<h3 class=\"wp-block-heading has-xl-font-size\">Elbilsladdning<\/h3>\n<p class=\"has-small-font-size has-muted-color has-text-color\">Ladda din elbil under de billigaste timmarna<\/p>\n<\/div>\n<\/div>\n<div class=\"wp-block-column\">\n<div class=\"wp-block-group gruff-card\">\n<p class=\"gruff-icon-circle-block\">hot_tub<\/p>\n<h3 class=\"wp-block-heading has-xl-font-size\">Varmvattenberedare<\/h3>\n<p class=\"has-small-font-size has-muted-color has-text-color\">V\u00e4rm vatten automatiskt under billiga timmar<\/p>\n<\/div>\n<\/div>\n<\/div>\n<\/div>\n<div class=\"wp-block-group gruff-section gruff-section--surface has-surface-background-color has-background\">\n<h2 class=\"wp-block-heading has-text-align-center has-4-xl-font-size\">Gruff-appen<\/h2>\n<p class=\"has-text-align-center has-muted-color has-text-color\">Gruff-appen finns tillg\u00e4nglig f\u00f6r b\u00e5de Android och iOS. Med appen kan du:<\/p>\n<ul class=\"gruff-checklist is-style-gruff-checklist has-text-dark-color has-text-color wp-block-list\">\n<li>\u00d6vervaka Nord Pool-priser i realtid<\/li>\n<li>St\u00e4lla in prisgr\u00e4nser och driftstider<\/li>\n<li>Se historik \u00f6ver energif\u00f6rbrukning<\/li>\n<li>Sl\u00e5 p\u00e5\/av enheter p\u00e5 distans<\/li>\n<li>F\u00e5 notifieringar om pris\u00e4ndringar<\/li>\n<\/ul>\n<\/div>\n","protected":false},"excerpt":{"rendered":"<p>Gruff DIN-skenrel\u00e4 \u00e4r en enhet som fungerar via Wi-Fi-n\u00e4tverket, med vilken du kan reglera elf\u00f6rbrukningen. Uttaget h\u00e4mtar Nord Pool-priser fr\u00e5n servern en g\u00e5ng om dagen, och du kan st\u00e4lla in ett maxpris f\u00f6r n\u00e4r till exempel golvv\u00e4rmen ska vara ig\u00e5ng.<\/p>\n<ul>\n<li>k\u00f6p Gruff-rel\u00e4et<\/li>\n<li>st\u00e4ll in h\u00f6gsta pris och n\u00f6dv\u00e4ndiga drifttimmar<\/li>\n<li>njut av l\u00e4gre elr\u00e4kningar<\/li>\n<\/ul>\n<p>Anv\u00e4nd den till exempel f\u00f6r att styra golvv\u00e4rme eller annan uppv\u00e4rmningsutrustning, eller f\u00f6r att ladda bilen. Prisskillnaden j\u00e4mf\u00f6rt med dagens topppriser \u00e4r cirka tre g\u00e5nger, du beh\u00f6ver inte minska f\u00f6rbrukningen!<\/p>\n<p>OBS! Installeras endast av certifierad elektriker.<\/p>\n","protected":false},"featured_media":2269,"comment_status":"closed","ping_status":"closed","template":"","meta":{"inline_featured_image":false},"product_brand":[],"product_cat":[73],"product_tag":[],"class_list":{"0":"post-1381","1":"product","2":"type-product","3":"status-publish","4":"has-post-thumbnail","6":"product_cat-smart-hem","8":"first","9":"instock","10":"featured","11":"taxable","12":"shipping-taxable","13":"purchasable","14":"product-type-simple"},"yoast_head":"<!-- This site is optimized with the Yoast SEO plugin v27.2 - https:\/\/yoast.com\/product\/yoast-seo-wordpress\/ -->\n<title>64 A DIN-skenrel\u00e4 - Gruff Technology<\/title>\n<meta name=\"robots\" content=\"index, follow, max-snippet:-1, max-image-preview:large, max-video-preview:-1\" \/>\n<link rel=\"canonical\" href=\"https:\/\/grufftechnology.eu\/sv\/product\/64-a-din-skenrela\/\" \/>\n<meta property=\"og:locale\" content=\"sv_SE\" \/>\n<meta property=\"og:type\" content=\"article\" \/>\n<meta property=\"og:title\" content=\"64 A DIN-skenrel\u00e4 - Gruff Technology\" \/>\n<meta property=\"og:description\" content=\"Gruff DIN-skenrel\u00e4 \u00e4r en enhet som fungerar via Wi-Fi-n\u00e4tverket, med vilken du kan reglera elf\u00f6rbrukningen. Uttaget h\u00e4mtar Nord Pool-priser fr\u00e5n servern en g\u00e5ng om dagen, och du kan st\u00e4lla in ett maxpris f\u00f6r n\u00e4r till exempel golvv\u00e4rmen ska vara ig\u00e5ng.   k\u00f6p Gruff-rel\u00e4et  st\u00e4ll in h\u00f6gsta pris och n\u00f6dv\u00e4ndiga drifttimmar  njut av l\u00e4gre elr\u00e4kningar  Anv\u00e4nd den till exempel f\u00f6r att styra golvv\u00e4rme eller annan uppv\u00e4rmningsutrustning, eller f\u00f6r att ladda bilen. Prisskillnaden j\u00e4mf\u00f6rt med dagens topppriser \u00e4r cirka tre g\u00e5nger, du beh\u00f6ver inte minska f\u00f6rbrukningen!  OBS! Installeras endast av certifierad elektriker.\" \/>\n<meta property=\"og:url\" content=\"https:\/\/grufftechnology.eu\/sv\/product\/64-a-din-skenrela\/\" \/>\n<meta property=\"og:site_name\" content=\"Gruff Technology\" \/>\n<meta property=\"article:publisher\" content=\"https:\/\/www.facebook.com\/Grufftechnology\" \/>\n<meta property=\"article:modified_time\" content=\"2026-03-17T18:14:03+00:00\" \/>\n<meta property=\"og:image\" content=\"https:\/\/grufftechnology.eu\/wp-content\/uploads\/2026\/03\/relee-taustata.png\" \/>\n\t<meta property=\"og:image:width\" content=\"579\" \/>\n\t<meta property=\"og:image:height\" content=\"938\" \/>\n\t<meta property=\"og:image:type\" content=\"image\/png\" \/>\n<meta name=\"twitter:card\" content=\"summary_large_image\" \/>\n<meta name=\"twitter:label1\" content=\"Ber\u00e4knad l\u00e4stid\" \/>\n\t<meta name=\"twitter:data1\" content=\"1 minut\" \/>\n<script type=\"application\/ld+json\" class=\"yoast-schema-graph\">{\"@context\":\"https:\/\/schema.org\",\"@graph\":[{\"@type\":\"WebPage\",\"@id\":\"https:\/\/grufftechnology.eu\/sv\/product\/64-a-din-skenrela\/\",\"url\":\"https:\/\/grufftechnology.eu\/sv\/product\/64-a-din-skenrela\/\",\"name\":\"64 A DIN-skenrel\u00e4 - Gruff Technology\",\"isPartOf\":{\"@id\":\"https:\/\/grufftechnology.eu\/sv\/#website\"},\"primaryImageOfPage\":{\"@id\":\"https:\/\/grufftechnology.eu\/sv\/product\/64-a-din-skenrela\/#primaryimage\"},\"image\":{\"@id\":\"https:\/\/grufftechnology.eu\/sv\/product\/64-a-din-skenrela\/#primaryimage\"},\"thumbnailUrl\":\"https:\/\/grufftechnology.eu\/wp-content\/uploads\/2026\/03\/relee-taustata.png\",\"datePublished\":\"2026-03-09T10:23:56+00:00\",\"dateModified\":\"2026-03-17T18:14:03+00:00\",\"breadcrumb\":{\"@id\":\"https:\/\/grufftechnology.eu\/sv\/product\/64-a-din-skenrela\/#breadcrumb\"},\"inLanguage\":\"sv-SE\",\"potentialAction\":[{\"@type\":\"ReadAction\",\"target\":[\"https:\/\/grufftechnology.eu\/sv\/product\/64-a-din-skenrela\/\"]}]},{\"@type\":\"ImageObject\",\"inLanguage\":\"sv-SE\",\"@id\":\"https:\/\/grufftechnology.eu\/sv\/product\/64-a-din-skenrela\/#primaryimage\",\"url\":\"https:\/\/grufftechnology.eu\/wp-content\/uploads\/2026\/03\/relee-taustata.png\",\"contentUrl\":\"https:\/\/grufftechnology.eu\/wp-content\/uploads\/2026\/03\/relee-taustata.png\",\"width\":579,\"height\":938},{\"@type\":\"BreadcrumbList\",\"@id\":\"https:\/\/grufftechnology.eu\/sv\/product\/64-a-din-skenrela\/#breadcrumb\",\"itemListElement\":[{\"@type\":\"ListItem\",\"position\":1,\"name\":\"Home\",\"item\":\"https:\/\/grufftechnology.eu\/sv\/gruff-technology\/\"},{\"@type\":\"ListItem\",\"position\":2,\"name\":\"Butik\",\"item\":\"https:\/\/grufftechnology.eu\/sv\/butik\/\"},{\"@type\":\"ListItem\",\"position\":3,\"name\":\"64 A DIN-skenrel\u00e4\"}]},{\"@type\":\"WebSite\",\"@id\":\"https:\/\/grufftechnology.eu\/sv\/#website\",\"url\":\"https:\/\/grufftechnology.eu\/sv\/\",\"name\":\"Gruff Technology\",\"description\":\"Save your money with saver socket\",\"publisher\":{\"@id\":\"https:\/\/grufftechnology.eu\/sv\/#organization\"},\"alternateName\":\"Gruff\",\"potentialAction\":[{\"@type\":\"SearchAction\",\"target\":{\"@type\":\"EntryPoint\",\"urlTemplate\":\"https:\/\/grufftechnology.eu\/sv\/?s={search_term_string}\"},\"query-input\":{\"@type\":\"PropertyValueSpecification\",\"valueRequired\":true,\"valueName\":\"search_term_string\"}}],\"inLanguage\":\"sv-SE\"},{\"@type\":\"Organization\",\"@id\":\"https:\/\/grufftechnology.eu\/sv\/#organization\",\"name\":\"Gruff Technology\",\"url\":\"https:\/\/grufftechnology.eu\/sv\/\",\"logo\":{\"@type\":\"ImageObject\",\"inLanguage\":\"sv-SE\",\"@id\":\"https:\/\/grufftechnology.eu\/sv\/#\/schema\/logo\/image\/\",\"url\":\"https:\/\/grufftechnology.eu\/wp-content\/uploads\/2023\/03\/GRUFF-T.svg\",\"contentUrl\":\"https:\/\/grufftechnology.eu\/wp-content\/uploads\/2023\/03\/GRUFF-T.svg\",\"caption\":\"Gruff Technology\"},\"image\":{\"@id\":\"https:\/\/grufftechnology.eu\/sv\/#\/schema\/logo\/image\/\"},\"sameAs\":[\"https:\/\/www.facebook.com\/Grufftechnology\"]}]}<\/script>\n<!-- \/ Yoast SEO plugin. -->","yoast_head_json":{"title":"64 A DIN-skenrel\u00e4 - Gruff Technology","robots":{"index":"index","follow":"follow","max-snippet":"max-snippet:-1","max-image-preview":"max-image-preview:large","max-video-preview":"max-video-preview:-1"},"canonical":"https:\/\/grufftechnology.eu\/sv\/product\/64-a-din-skenrela\/","og_locale":"sv_SE","og_type":"article","og_title":"64 A DIN-skenrel\u00e4 - Gruff Technology","og_description":"Gruff DIN-skenrel\u00e4 \u00e4r en enhet som fungerar via Wi-Fi-n\u00e4tverket, med vilken du kan reglera elf\u00f6rbrukningen. Uttaget h\u00e4mtar Nord Pool-priser fr\u00e5n servern en g\u00e5ng om dagen, och du kan st\u00e4lla in ett maxpris f\u00f6r n\u00e4r till exempel golvv\u00e4rmen ska vara ig\u00e5ng.   k\u00f6p Gruff-rel\u00e4et  st\u00e4ll in h\u00f6gsta pris och n\u00f6dv\u00e4ndiga drifttimmar  njut av l\u00e4gre elr\u00e4kningar  Anv\u00e4nd den till exempel f\u00f6r att styra golvv\u00e4rme eller annan uppv\u00e4rmningsutrustning, eller f\u00f6r att ladda bilen. Prisskillnaden j\u00e4mf\u00f6rt med dagens topppriser \u00e4r cirka tre g\u00e5nger, du beh\u00f6ver inte minska f\u00f6rbrukningen!  OBS! Installeras endast av certifierad elektriker.","og_url":"https:\/\/grufftechnology.eu\/sv\/product\/64-a-din-skenrela\/","og_site_name":"Gruff Technology","article_publisher":"https:\/\/www.facebook.com\/Grufftechnology","article_modified_time":"2026-03-17T18:14:03+00:00","og_image":[{"width":579,"height":938,"url":"https:\/\/grufftechnology.eu\/wp-content\/uploads\/2026\/03\/relee-taustata.png","type":"image\/png"}],"twitter_card":"summary_large_image","twitter_misc":{"Ber\u00e4knad l\u00e4stid":"1 minut"},"schema":{"@context":"https:\/\/schema.org","@graph":[{"@type":"WebPage","@id":"https:\/\/grufftechnology.eu\/sv\/product\/64-a-din-skenrela\/","url":"https:\/\/grufftechnology.eu\/sv\/product\/64-a-din-skenrela\/","name":"64 A DIN-skenrel\u00e4 - Gruff Technology","isPartOf":{"@id":"https:\/\/grufftechnology.eu\/sv\/#website"},"primaryImageOfPage":{"@id":"https:\/\/grufftechnology.eu\/sv\/product\/64-a-din-skenrela\/#primaryimage"},"image":{"@id":"https:\/\/grufftechnology.eu\/sv\/product\/64-a-din-skenrela\/#primaryimage"},"thumbnailUrl":"https:\/\/grufftechnology.eu\/wp-content\/uploads\/2026\/03\/relee-taustata.png","datePublished":"2026-03-09T10:23:56+00:00","dateModified":"2026-03-17T18:14:03+00:00","breadcrumb":{"@id":"https:\/\/grufftechnology.eu\/sv\/product\/64-a-din-skenrela\/#breadcrumb"},"inLanguage":"sv-SE","potentialAction":[{"@type":"ReadAction","target":["https:\/\/grufftechnology.eu\/sv\/product\/64-a-din-skenrela\/"]}]},{"@type":"ImageObject","inLanguage":"sv-SE","@id":"https:\/\/grufftechnology.eu\/sv\/product\/64-a-din-skenrela\/#primaryimage","url":"https:\/\/grufftechnology.eu\/wp-content\/uploads\/2026\/03\/relee-taustata.png","contentUrl":"https:\/\/grufftechnology.eu\/wp-content\/uploads\/2026\/03\/relee-taustata.png","width":579,"height":938},{"@type":"BreadcrumbList","@id":"https:\/\/grufftechnology.eu\/sv\/product\/64-a-din-skenrela\/#breadcrumb","itemListElement":[{"@type":"ListItem","position":1,"name":"Home","item":"https:\/\/grufftechnology.eu\/sv\/gruff-technology\/"},{"@type":"ListItem","position":2,"name":"Butik","item":"https:\/\/grufftechnology.eu\/sv\/butik\/"},{"@type":"ListItem","position":3,"name":"64 A DIN-skenrel\u00e4"}]},{"@type":"WebSite","@id":"https:\/\/grufftechnology.eu\/sv\/#website","url":"https:\/\/grufftechnology.eu\/sv\/","name":"Gruff Technology","description":"Save your money with saver socket","publisher":{"@id":"https:\/\/grufftechnology.eu\/sv\/#organization"},"alternateName":"Gruff","potentialAction":[{"@type":"SearchAction","target":{"@type":"EntryPoint","urlTemplate":"https:\/\/grufftechnology.eu\/sv\/?s={search_term_string}"},"query-input":{"@type":"PropertyValueSpecification","valueRequired":true,"valueName":"search_term_string"}}],"inLanguage":"sv-SE"},{"@type":"Organization","@id":"https:\/\/grufftechnology.eu\/sv\/#organization","name":"Gruff Technology","url":"https:\/\/grufftechnology.eu\/sv\/","logo":{"@type":"ImageObject","inLanguage":"sv-SE","@id":"https:\/\/grufftechnology.eu\/sv\/#\/schema\/logo\/image\/","url":"https:\/\/grufftechnology.eu\/wp-content\/uploads\/2023\/03\/GRUFF-T.svg","contentUrl":"https:\/\/grufftechnology.eu\/wp-content\/uploads\/2023\/03\/GRUFF-T.svg","caption":"Gruff Technology"},"image":{"@id":"https:\/\/grufftechnology.eu\/sv\/#\/schema\/logo\/image\/"},"sameAs":["https:\/\/www.facebook.com\/Grufftechnology"]}]}},"_links":{"self":[{"href":"https:\/\/grufftechnology.eu\/sv\/wp-json\/wp\/v2\/product\/1381","targetHints":{"allow":["GET"]}}],"collection":[{"href":"https:\/\/grufftechnology.eu\/sv\/wp-json\/wp\/v2\/product"}],"about":[{"href":"https:\/\/grufftechnology.eu\/sv\/wp-json\/wp\/v2\/types\/product"}],"replies":[{"embeddable":true,"href":"https:\/\/grufftechnology.eu\/sv\/wp-json\/wp\/v2\/comments?post=1381"}],"wp:featuredmedia":[{"embeddable":true,"href":"https:\/\/grufftechnology.eu\/sv\/wp-json\/wp\/v2\/media\/2269"}],"wp:attachment":[{"href":"https:\/\/grufftechnology.eu\/sv\/wp-json\/wp\/v2\/media?parent=1381"}],"wp:term":[{"taxonomy":"product_brand","embeddable":true,"href":"https:\/\/grufftechnology.eu\/sv\/wp-json\/wp\/v2\/product_brand?post=1381"},{"taxonomy":"product_cat","embeddable":true,"href":"https:\/\/grufftechnology.eu\/sv\/wp-json\/wp\/v2\/product_cat?post=1381"},{"taxonomy":"product_tag","embeddable":true,"href":"https:\/\/grufftechnology.eu\/sv\/wp-json\/wp\/v2\/product_tag?post=1381"}],"curies":[{"name":"wp","href":"https:\/\/api.w.org\/{rel}","templated":true}]}}